

{"id":37434,"date":"2023-11-28T09:03:50","date_gmt":"2023-11-28T12:03:50","guid":{"rendered":"https:\/\/siteshom.goias.gov.br\/saude\/?page_id=37434"},"modified":"2025-12-03T09:05:39","modified_gmt":"2025-12-03T12:05:39","slug":"gerencia-de-transplantes","status":"publish","type":"page","link":"https:\/\/goias.gov.br\/saude\/gerencia-de-transplantes\/","title":{"rendered":"Ger\u00eancia de Transplantes"},"content":{"rendered":"\t\t<div data-elementor-type=\"wp-page\" data-elementor-id=\"37434\" class=\"elementor elementor-37434\">\n\t\t\t\t<div class=\"elementor-element elementor-element-3db8ca5 e-flex e-con-boxed e-con e-parent\" data-id=\"3db8ca5\" data-element_type=\"container\" data-e-type=\"container\">\n\t\t\t\t\t<div class=\"e-con-inner\">\n\t\t<div class=\"elementor-element elementor-element-19d1031 e-con-full e-flex e-con e-child\" data-id=\"19d1031\" data-element_type=\"container\" data-e-type=\"container\">\n\t\t\t\t<div class=\"elementor-element elementor-element-3f96ee3 elementor-widget elementor-widget-text-editor\" data-id=\"3f96ee3\" data-element_type=\"widget\" data-e-type=\"widget\" data-widget_type=\"text-editor.default\">\n\t\t\t\t\t\t\t\t\t<h3 class=\"sppb-addon-title\">Gerente<\/h3><div class=\"sppb-addon-content\"><p><strong><span class=\"st\">Katiuscia Christiane Freitas<br \/><\/span><\/strong>(62) 3201-2200 \/ 3201-3956<br \/><a href=\"https:\/\/maps.app.goo.gl\/LRdppQNeVLxmLrKg8\">transplantes.saude@goias.gov.br<\/a><\/p><\/div><p><strong>Localiza\u00e7\u00e3o:<\/strong><br \/><a href=\"https:\/\/maps.app.goo.gl\/61CbhVGdmNxfPJrT6\">Rua 94, qd. F-13, lt. 24 &#8211; St. Sul<br \/>Goi\u00e2nia &#8211; GO<br \/>CEP: 74083-105<\/a><\/p>\t\t\t\t\t\t\t\t<\/div>\n\t\t\t\t<\/div>\n\t\t<div class=\"elementor-element elementor-element-ec9db59 e-con-full e-flex e-con e-child\" data-id=\"ec9db59\" data-element_type=\"container\" data-e-type=\"container\">\n\t\t\t\t<div class=\"elementor-element elementor-element-762f7d4 elementor-widget elementor-widget-text-editor\" data-id=\"762f7d4\" data-element_type=\"widget\" data-e-type=\"widget\" data-widget_type=\"text-editor.default\">\n\t\t\t\t\t\t\t\t\t<p style=\"text-align: justify;\">O Brasil possui o maior programa p\u00fablico de transplante de \u00f3rg\u00e3os, tecidos e c\u00e9lulas do mundo, que \u00e9 garantido a toda a popula\u00e7\u00e3o por meio do SUS, respons\u00e1vel pelo financiamento de cerca de 88% dos transplantes no pa\u00eds. Apesar do grande volume de procedimentos de transplantes realizados, a quantidade de pessoas em lista de espera para receber um \u00f3rg\u00e3o ainda \u00e9 grande.<\/p><p style=\"text-align: justify;\">Em Goi\u00e1s,\u00a0 a Ger\u00eancia de Transplantes coordena as atividades da Central Estadual de Transplantes (CET), que \u00e9 a representa\u00e7\u00e3o regional do Sistema Nacional de Transplantes (SNT), tamb\u00e9m formado pelo Minist\u00e9rio da Sa\u00fade, Secretarias Estaduais e Municipais de Sa\u00fade, Hospitais autorizados e pela rede de servi\u00e7os auxiliares. Essas entidades formam a organiza\u00e7\u00e3o que gerencia executa a pol\u00edtica de transplantes de \u00f3rg\u00e3os e tecidos no Brasil.<\/p>\t\t\t\t\t\t\t\t<\/div>\n\t\t\t\t<\/div>\n\t\t\t\t\t<\/div>\n\t\t\t\t<\/div>\n\t\t<div class=\"elementor-element elementor-element-0e95b3f e-flex e-con-boxed e-con e-parent\" data-id=\"0e95b3f\" data-element_type=\"container\" data-e-type=\"container\">\n\t\t\t\t\t<div class=\"e-con-inner\">\n\t\t\t\t<div class=\"elementor-element elementor-element-59b46da elementor-widget elementor-widget-html\" data-id=\"59b46da\" data-element_type=\"widget\" data-e-type=\"widget\" data-widget_type=\"html.default\">\n\t\t\t\t\t<!DOCTYPE html>\r\n<html lang=\"pt-br\" dir=\"ltr\">\r\n<head>\r\n  <meta http-equiv=\"Content-Type\" content=\"text\/html; charset=UTF-8\" \/>\r\n  <style>\r\n    \/* Estilos para desktop *\/\r\n    .container {\r\n      padding: 20px;\r\n    }\r\n\r\n    .section {\r\n      margin-bottom: 40px;\r\n    }\r\n\r\n    .title {\r\n      text-align: center;\r\n      margin: 0 0 24px;\r\n      color: #0c326f;\r\n      font-weight: 600;\r\n      font-size: 2.7rem;\r\n      line-height: 1.5;\r\n    }\r\n\r\n    .cards {\r\n      display: flex;\r\n      justify-content: space-evenly;\r\n      flex-wrap: wrap;\r\n      margin: 0;\r\n      padding: 0;\r\n      list-style: none;\r\n    }\r\n\r\n    .cards li {\r\n      background-color: #ededed;\r\n      box-shadow: 0 3px 6px 0 rgba(0, 0, 0, 0.16);\r\n      text-align: center;\r\n      flex-basis: 23%;\r\n      box-sizing: border-box;\r\n      min-height: 230px;\r\n      margin-bottom: 1.2em;\r\n      line-height: 1.5em;\r\n      display: list-item;\r\n    }\r\n\r\n    .cards li a {\r\n      display: flex;\r\n      justify-content: center;\r\n      align-items: center;\r\n      flex-direction: column;\r\n      width: 100%;\r\n      height: 100%;\r\n      color: #1351b4;\r\n      font-weight: 500;\r\n      text-decoration: none;\r\n    }\r\n\r\n    .cards li i,\r\n    .cards li span {\r\n      font-size: 50px;\r\n      margin-bottom: 30px;\r\n      color: #0c326f;\r\n      width: auto;\r\n      font-weight: 900;\r\n    }\r\n\r\n    .cards li .title {\r\n      font-size: 20px;\r\n      color: #0c326f;\r\n      font-weight: 600;\r\n      margin: 0;\r\n      text-transform: uppercase;\r\n    }\r\n\r\n    \/* Estilos para telas menores *\/\r\n    @media screen and (max-width: 768px) {\r\n      .cards {\r\n        gap: 20px; \/* Espa\u00e7amento entre os cards *\/\r\n        margin-top: 20px; margin-bottom: 20px;\/* Margem superior para os cards *\/\r\n      }\r\n      .cards li {\r\n        flex-basis: calc(50% - 20px); \/* Tamanho dos cards com espa\u00e7amento *\/\r\n      }\r\n    }\r\n\r\n    @media screen and (max-width: 480px) {\r\n      .cards {\r\n        gap: 15px; \/* Espa\u00e7amento menor entre os cards *\/\r\n        margin-top: 15px; margin-bottom: 20px; \/* Margem superior menor para os cards *\/\r\n      }\r\n      .cards li {\r\n        flex-basis: calc(100% - 30px); \/* Tamanho dos cards com espa\u00e7amento menor *\/\r\n      }\r\n    }\r\n  <\/style>\r\n\t<div class=\"container\">\r\n        <div class=\"transplante\">\r\n            \r\n            <div class=\"title-header\">\r\n               \r\n            <\/div>\r\n            <ul class=\"cards\">\r\n                <li>\r\n                    <a href=\"https:\/\/goias.gov.br\/saude\/gerencia-de-transplantes\/informacoes\/\" target=\"_blank\" rel=\"noopener\">\r\n                        <span class=\"fa-solid fa-circle-info\"><\/span>\r\n                        <div class=\"title\">Informa\u00e7\u00f5es<\/div>\r\n                    <\/a>\r\n                <\/li>\r\n                <li>\r\n                    <a href=\"https:\/\/goias.gov.br\/saude\/analise-situacional-e-estatisticas-de-transplantes\/\" target=\"_blank\" rel=\"noopener\">\r\n                        <span class=\"fa-solid fa-square-poll-vertical\"><\/span>\r\n                        <div class=\"title\">an\u00e1lise situacional e Estat\u00edsticas<\/div>\r\n                    <\/a>\r\n                <\/li>\r\n\r\n       <li>\r\n                    <a href=\"https:\/\/goias.gov.br\/saude\/gerencia-de-transplantes\/equipes\/\" target=\"_blank\" rel=\"noopener\">\r\n                        <span class=\"fa-solid fa-people-group\"><\/span>\r\n                        <div class=\"title\">equipes de transplantes<\/div>\r\n                    <\/a>\r\n                <\/li>\r\n\r\n <li>\r\n                    <a href=\"https:\/\/goias.gov.br\/saude\/regulacao-de-transplantes\/\" target=\"_blank\" rel=\"noopener\">\r\n                        <span class=\"fa-solid fa-hand-holding-heart\"><\/span>\r\n                        <div class=\"title\">Regula\u00e7\u00e3o de Transplantes<\/div>\r\n                    <\/a>\r\n                <\/li>\r\n                <li>\r\n                    <a href=\"https:\/\/goias.gov.br\/saude\/gerencia-de-transplantes\/credenciamento\/\" target=\"_blank\" rel=\"noopener\">\r\n                        <span class=\"fa-solid fa-rectangle-list\"><\/span>\r\n                        <div class=\"title\">Credenciamento<\/div>\r\n                    <\/a>\r\n                <\/li>\r\n    \r\n         <li>\r\n                    <a href=\"https:\/\/goias.gov.br\/saude\/gerencia-de-transplantes\/formularios-para-comissoes-intra-hospitalares\/\" target=\"_blank\" rel=\"noopener\">\r\n                        <span class=\"fa-solid fa-file-export\"><\/span>\r\n                        <div class=\"title\">formul\u00e1rios para comiss\u00f5es intra-hospitalares<\/div>\r\n                    <\/a>\r\n                <\/li>\r\n\r\n       <li>\r\n                    <a href=\"https:\/\/snt.saude.gov.br\/Links.aspx\" target=\"_blank\" rel=\"noopener\">\r\n                        <span class=\"fa-solid fa-heart\"><\/span>\r\n                        <div class=\"title\">consultar lista de espera por transplante<\/div>\r\n                    <\/a>\r\n                <\/li>\r\n\r\n<li>\r\n                    <a href=\"https:\/\/goias.gov.br\/saude\/wp-content\/uploads\/sites\/34\/2024\/01\/manual-e-fluxograma-transplantes.pdf\" target=\"_blank\" rel=\"noopener\">\r\n                        <span class=\"fa-solid fa-hand-holding-dollar\"><\/span>\r\n                        <div class=\"title\">faturamento<\/div>\r\n                    <\/a>\r\n                <\/li>\r\n\r\n <li>\r\n                    <a href=\"https:\/\/goias.gov.br\/saude\/boletins-informativos\/\" target=\"_blank\" rel=\"noopener\">\r\n                        <span class=\"fa-solid fa-laptop-medical\"><\/span>\r\n                        <div class=\"title\">Boletins informativos<\/div>\r\n                    <\/a>\r\n                <\/li>\r\n\r\n<li>\r\n                    <a href=\"https:\/\/goias.gov.br\/saude\/legislacao-transplante\/\" target=\"_blank\" rel=\"noopener\">\r\n                        <span class=\"fa-solid fa-gavel\"><\/span>\r\n                        <div class=\"title\">legisla\u00e7\u00e3o<\/div>\r\n                    <\/a>\r\n                <\/li>\r\n      \r\n            <\/ul>\r\n        <\/div>\r\n\t<\/div>\r\n\t\t\t\t<\/div>\n\t\t\t\t\t<\/div>\n\t\t\t\t<\/div>\n\t\t\t\t<\/div>\n\t\t","protected":false},"excerpt":{"rendered":"<p>Gerente Katiuscia Christiane Freitas(62) 3201-2200 \/ 3201-3956transplantes.saude@goias.gov.br Localiza\u00e7\u00e3o:Rua 94, qd. F-13, lt. 24 &#8211; St. SulGoi\u00e2nia &#8211; GOCEP: 74083-105 O Brasil possui o maior programa p\u00fablico de transplante de \u00f3rg\u00e3os, tecidos e c\u00e9lulas do mundo, que \u00e9 garantido a toda a popula\u00e7\u00e3o por meio do SUS, respons\u00e1vel pelo financiamento de cerca de 88% dos transplantes [&hellip;]<\/p>\n","protected":false},"author":7,"featured_media":0,"parent":0,"menu_order":0,"comment_status":"closed","ping_status":"closed","template":"wppb_theme_template","meta":{"footnotes":""},"class_list":["post-37434","page","type-page","status-publish","hentry"],"rttpg_featured_image_url":null,"rttpg_author":{"display_name":"gustavogoncalves","author_link":"https:\/\/goias.gov.br\/saude\/author\/gustavogoncalves\/"},"rttpg_comment":0,"rttpg_category":null,"rttpg_excerpt":"Gerente Katiuscia Christiane Freitas(62) 3201-2200 \/ 3201-3956transplantes.saude@goias.gov.br Localiza\u00e7\u00e3o:Rua 94, qd. F-13, lt. 24 &#8211; St. SulGoi\u00e2nia &#8211; GOCEP: 74083-105 O Brasil possui o maior programa p\u00fablico de transplante de \u00f3rg\u00e3os, tecidos e c\u00e9lulas do mundo, que \u00e9 garantido a toda a popula\u00e7\u00e3o por meio do SUS, respons\u00e1vel pelo financiamento de cerca de 88% dos transplantes&hellip;","_links":{"self":[{"href":"https:\/\/goias.gov.br\/saude\/wp-json\/wp\/v2\/pages\/37434","targetHints":{"allow":["GET"]}}],"collection":[{"href":"https:\/\/goias.gov.br\/saude\/wp-json\/wp\/v2\/pages"}],"about":[{"href":"https:\/\/goias.gov.br\/saude\/wp-json\/wp\/v2\/types\/page"}],"author":[{"embeddable":true,"href":"https:\/\/goias.gov.br\/saude\/wp-json\/wp\/v2\/users\/7"}],"replies":[{"embeddable":true,"href":"https:\/\/goias.gov.br\/saude\/wp-json\/wp\/v2\/comments?post=37434"}],"version-history":[{"count":3,"href":"https:\/\/goias.gov.br\/saude\/wp-json\/wp\/v2\/pages\/37434\/revisions"}],"predecessor-version":[{"id":629408,"href":"https:\/\/goias.gov.br\/saude\/wp-json\/wp\/v2\/pages\/37434\/revisions\/629408"}],"wp:attachment":[{"href":"https:\/\/goias.gov.br\/saude\/wp-json\/wp\/v2\/media?parent=37434"}],"curies":[{"name":"wp","href":"https:\/\/api.w.org\/{rel}","templated":true}]}}