

{"id":37422,"date":"2023-11-28T08:42:27","date_gmt":"2023-11-28T11:42:27","guid":{"rendered":"https:\/\/siteshom.goias.gov.br\/saude\/?page_id=37422"},"modified":"2025-12-02T14:57:05","modified_gmt":"2025-12-02T17:57:05","slug":"acesso-ambulatorial","status":"publish","type":"page","link":"https:\/\/goias.gov.br\/saude\/regulacao-estadual\/acesso-ambulatorial\/","title":{"rendered":"Acesso Ambulatorial"},"content":{"rendered":"\t\t<div data-elementor-type=\"wp-page\" data-elementor-id=\"37422\" class=\"elementor elementor-37422\">\n\t\t\t\t<div class=\"elementor-element elementor-element-835db28 e-flex e-con-boxed e-con e-parent\" data-id=\"835db28\" data-element_type=\"container\" data-e-type=\"container\">\n\t\t\t\t\t<div class=\"e-con-inner\">\n\t\t<div class=\"elementor-element elementor-element-4e5f692 e-con-full e-flex e-con e-child\" data-id=\"4e5f692\" data-element_type=\"container\" data-e-type=\"container\">\n\t\t\t\t<div class=\"elementor-element elementor-element-c17c7c1 elementor-widget elementor-widget-text-editor\" data-id=\"c17c7c1\" data-element_type=\"widget\" data-e-type=\"widget\" data-widget_type=\"text-editor.default\">\n\t\t\t\t\t\t\t\t\t<div style=\"padding: 10px; background-color: #ededed; border-radius: 4px;\"><h4 style=\"background-color: #2da44a; color: #ffffff; margin: -10px -10px 0px; border-top-right-radius: 4px; border-top-left-radius: 4px; padding: 10px 0px; text-align: center;\"><i class=\"fa fa-phone\" aria-hidden=\"true\"><\/i>\u00a0Fale com a Rede de Apoio Usu\u00e1rio (RAU)<\/h4><p style=\"text-align: center;\">Entre em contato com a Rede de Apoio Usu\u00e1rio (RAU) da Regula\u00e7\u00e3o Estadual pelo WhatsApp<a href=\"https:\/\/wa.me\/556232013797\" target=\"_blank\" rel=\"noopener\"> (62) 3201 3797<\/a>, telefone (62) 3201 3768 ou e-mail <a id=\"OWA18f414fe-5031-1620-7ffc-f8a197df1ef7\" class=\"x_OWAAutoLink\" title=\"mailto:rededeapoioaousuario.regulacao@goias.gov.br\" href=\"mailto:rededeapoioaousuario.regulacao@goias.gov.br\" target=\"_blank\" rel=\"noopener noreferrer\">rededeapoioaousuario.regulacao@goias.gov.br<\/a>.<\/p><p>Devido \u00e0 implanta\u00e7\u00e3o de um novo sistema de atendimento, informamos que pode ocorrer lentid\u00e3o tempor\u00e1ria nos nossos canais de comunica\u00e7\u00e3o.<\/p><\/div>\t\t\t\t\t\t\t\t<\/div>\n\t\t\t\t<\/div>\n\t\t\t\t\t<\/div>\n\t\t\t\t<\/div>\n\t\t<div class=\"elementor-element elementor-element-63efe6c e-flex e-con-boxed e-con e-parent\" data-id=\"63efe6c\" data-element_type=\"container\" data-e-type=\"container\">\n\t\t\t\t\t<div class=\"e-con-inner\">\n\t\t<div class=\"elementor-element elementor-element-3214a52 e-con-full e-flex e-con e-child\" data-id=\"3214a52\" data-element_type=\"container\" data-e-type=\"container\">\n\t\t\t\t<div class=\"elementor-element elementor-element-59c4f21 elementor-widget elementor-widget-text-editor\" data-id=\"59c4f21\" data-element_type=\"widget\" data-e-type=\"widget\" data-widget_type=\"text-editor.default\">\n\t\t\t\t\t\t\t\t\t<div style=\"text-align: justify;\"><p>O <strong>Protocolo Estadual de Regula\u00e7\u00e3o do Acesso Ambulatorial<\/strong> \u00e9 um conjunto de diretrizes destinado a subsidiar a organiza\u00e7\u00e3o do processo de regula\u00e7\u00e3o do acesso, promovendo a utiliza\u00e7\u00e3o adequada e racional das a\u00e7\u00f5es e servi\u00e7os de sa\u00fade, nos diversos n\u00edveis de aten\u00e7\u00e3o, sendo composto por crit\u00e9rios de encaminhamento, classifica\u00e7\u00e3o de prioridades e fluxo de acesso, para aplica\u00e7\u00e3o no \u00e2mbito dos servi\u00e7os ambulatoriais das unidades de sa\u00fade sob regula\u00e7\u00e3o estadual.<\/p><p><strong>P\u00fablico Alvo<\/strong><\/p><p>Profissionais de sa\u00fade t\u00e9cnicos e administrativos envolvidos direta ou indiretamente na assist\u00eancia ou no processo de regula\u00e7\u00e3o do acesso para encaminhamento da Aten\u00e7\u00e3o Prim\u00e1ria \u00e0 servi\u00e7os de sa\u00fade de maior complexidade, sejam SOLICITANTES, REGULADORES ou EXECUTANTES, no \u00e2mbito do servi\u00e7o p\u00fablico de sa\u00fade no Estado de Goi\u00e1s.<\/p><p><strong>Da periodicidade de atualiza\u00e7\u00e3o<\/strong><\/p><\/div><div style=\"text-align: justify;\">O Protocolo de Regula\u00e7\u00e3o do Acesso Ambulatorial ser\u00e1 submetido a atualiza\u00e7\u00e3o:<\/div><div style=\"text-align: justify;\"><ul><li>peri\u00f3dica (obrigatoriamente a cada 2 anos);<\/li><li>instant\u00e2nea (sempre que o grupo elaborador recuperar informa\u00e7\u00f5es importantes que exijam mudan\u00e7as fundamentais) e devido a incorre\u00e7\u00f5es (percebidas pelo p\u00fablico leitor ou outros profissionais), que dever\u00e3o ser inseridas a qualquer momento.<\/li><\/ul><p>Um canal de comunica\u00e7\u00e3o ser\u00e1 criado para receber sugest\u00f5es e cr\u00edticas, as quais ser\u00e3o analisadas pelo grupo elaborador para subsidiar tal atualiza\u00e7\u00e3o.<\/p><\/div>\t\t\t\t\t\t\t\t<\/div>\n\t\t\t\t<\/div>\n\t\t\t\t\t<\/div>\n\t\t\t\t<\/div>\n\t\t<div class=\"elementor-element elementor-element-48ba8a9 e-flex e-con-boxed e-con e-parent\" data-id=\"48ba8a9\" data-element_type=\"container\" data-e-type=\"container\">\n\t\t\t\t\t<div class=\"e-con-inner\">\n\t\t\t\t<div class=\"elementor-element elementor-element-1ee8501 elementor-widget elementor-widget-html\" data-id=\"1ee8501\" data-element_type=\"widget\" data-e-type=\"widget\" data-widget_type=\"html.default\">\n\t\t\t\t\t<!DOCTYPE html>\r\n<html lang=\"pt-br\" dir=\"ltr\">\r\n<head>\r\n  <meta http-equiv=\"Content-Type\" content=\"text\/html; charset=UTF-8\" \/>\r\n  <style>\r\n    \/* Estilos para desktop *\/\r\n    .container {\r\n      padding: 10px;\r\n    }\r\n\r\n    .section {\r\n      margin-bottom: 10px;\r\n    }\r\n\r\n    .title {\r\n      text-align: center;\r\n      margin: 0 0 24px;\r\n      color: #0c326f;\r\n      font-weight: 600;\r\n      font-size: 2.2rem;\r\n      line-height: 1.5;\r\n    }\r\n\r\n    .cards {\r\n      display: flex;\r\n      justify-content: space-evenly;\r\n      flex-wrap: wrap;\r\n      margin: 0;\r\n      padding: 0;\r\n      list-style: none;\r\n    }\r\n\r\n    .cards li {\r\n      background-color: #ededed;\r\n      box-shadow: 0 3px 6px 0 rgba(0, 0, 0, 0.16);\r\n      text-align: center;\r\n      flex-basis: 23%;\r\n      box-sizing: border-box;\r\n      min-height: 60px;\r\n      margin-bottom: 0.9em;\r\n      line-height: 1.2em;\r\n      display: list-item;\r\n    }\r\n\r\n    .cards li a {\r\n      display: flex;\r\n      justify-content: center;\r\n      align-items: center;\r\n      flex-direction: column;\r\n      width: 100%;\r\n      height: 100%;\r\n      color: #1351b4;\r\n      font-weight: 600;\r\n      text-decoration: none;\r\n    }\r\n\r\n    .cards li i,\r\n    .cards li span {\r\n      font-size: 10px;\r\n      margin-bottom: 30px;\r\n      color: #0c326f;\r\n      width: auto;\r\n      font-weight: 200;\r\n    }\r\n\r\n    .cards li .title {\r\n      font-size: 15px;\r\n      color: #0c326f;\r\n      font-weight: 500;\r\n      margin: 5px;\r\n      text-transform: uppercase;\r\n    }\r\n\r\n    \/* Estilos para telas menores *\/\r\n    @media screen and (max-width: 768px) {\r\n      .cards {\r\n        gap: 20px; \/* Espa\u00e7amento entre os cards *\/\r\n        margin-top: 20px; \/* Margem superior para os cards *\/\r\n      }\r\n      .cards li {\r\n        flex-basis: calc(50% - 20px); \/* Tamanho dos cards com espa\u00e7amento *\/\r\n      }\r\n    }\r\n\r\n    @media screen and (max-width: 480px) {\r\n      .cards {\r\n        gap: 15px; \/* Espa\u00e7amento menor entre os cards *\/\r\n        margin-top: 15px; \/* Margem superior menor para os cards *\/\r\n      }\r\n      .cards li {\r\n        flex-basis: calc(100% - 30px); \/* Tamanho dos cards com espa\u00e7amento menor *\/\r\n      }\r\n    }\r\n  <\/style>\r\n<\/head>\r\n<body>\r\n  <div class=\"container\">\r\n    <div class=\"section\">\r\n      <div class=\"suvisa\">\r\n        \r\n        <ul class=\"cards\">\r\n<li>\r\n    <a href=\"https:\/\/goias.gov.br\/saude\/fluxos-de-acesso-ao-sistema-de-regulacao-estadual\/\" target=\"_blank\">\r\n      <div class=\"title\"> fluxos de acesso ao sistema de regula\u00e7\u00e3o estadual <\/div>\r\n    <\/a>\r\n  <\/li>\r\n          <li>\r\n                     <a href=\"https:\/\/docs.google.com\/spreadsheets\/d\/1woddfwHLPLXZHDZI4msO4skEwWIhcSKFlr_4snWrW9M\/edit?gid=632060667#gid=632060667\/\" target=\"_blank\">\r\n\r\n                        <div class=\"title\">regula\u00e7\u00e3o do acesso ambulatorial e eletivo<\/div>\r\n                    <\/a>\r\n                <\/li>\r\n                <li>\r\n                    <a href=\"https:\/\/goiasgovbr-my.sharepoint.com\/:w:\/g\/personal\/bruna_fernandes_goias_gov_br\/EXY9GCNnR4VOg90QhfYAS3ABvvmj48cEopV0Ug-X7Duyjg?e=u0jbHU\/\" target=\"_blank\">\r\n\r\n                        <div class=\"title\">protocolo de acesso ambulatorial<\/div>\r\n                    <\/a>\r\n                <\/li>\r\n               \r\n\r\n  \r\n        <\/ul>\r\n      <\/div>\r\n    <\/div>\r\n  <\/div>\r\n<\/body>\r\n<\/html>\r\n\t\t\t\t<\/div>\n\t\t\t\t\t<\/div>\n\t\t\t\t<\/div>\n\t\t\t\t<\/div>\n\t\t","protected":false},"excerpt":{"rendered":"<p>\u00a0Fale com a Rede de Apoio Usu\u00e1rio (RAU) Entre em contato com a Rede de Apoio Usu\u00e1rio (RAU) da Regula\u00e7\u00e3o Estadual pelo WhatsApp (62) 3201 3797, telefone (62) 3201 3768 ou e-mail rededeapoioaousuario.regulacao@goias.gov.br. Devido \u00e0 implanta\u00e7\u00e3o de um novo sistema de atendimento, informamos que pode ocorrer lentid\u00e3o tempor\u00e1ria nos nossos canais de comunica\u00e7\u00e3o. O Protocolo [&hellip;]<\/p>\n","protected":false},"author":7,"featured_media":0,"parent":37689,"menu_order":0,"comment_status":"closed","ping_status":"closed","template":"","meta":{"footnotes":""},"class_list":["post-37422","page","type-page","status-publish","hentry"],"rttpg_featured_image_url":null,"rttpg_author":{"display_name":"gustavogoncalves","author_link":"https:\/\/goias.gov.br\/saude\/author\/gustavogoncalves\/"},"rttpg_comment":0,"rttpg_category":null,"rttpg_excerpt":"\u00a0Fale com a Rede de Apoio Usu\u00e1rio (RAU) Entre em contato com a Rede de Apoio Usu\u00e1rio (RAU) da Regula\u00e7\u00e3o Estadual pelo WhatsApp (62) 3201 3797, telefone (62) 3201 3768 ou e-mail rededeapoioaousuario.regulacao@goias.gov.br. Devido \u00e0 implanta\u00e7\u00e3o de um novo sistema de atendimento, informamos que pode ocorrer lentid\u00e3o tempor\u00e1ria nos nossos canais de comunica\u00e7\u00e3o. O Protocolo&hellip;","_links":{"self":[{"href":"https:\/\/goias.gov.br\/saude\/wp-json\/wp\/v2\/pages\/37422","targetHints":{"allow":["GET"]}}],"collection":[{"href":"https:\/\/goias.gov.br\/saude\/wp-json\/wp\/v2\/pages"}],"about":[{"href":"https:\/\/goias.gov.br\/saude\/wp-json\/wp\/v2\/types\/page"}],"author":[{"embeddable":true,"href":"https:\/\/goias.gov.br\/saude\/wp-json\/wp\/v2\/users\/7"}],"replies":[{"embeddable":true,"href":"https:\/\/goias.gov.br\/saude\/wp-json\/wp\/v2\/comments?post=37422"}],"version-history":[{"count":2,"href":"https:\/\/goias.gov.br\/saude\/wp-json\/wp\/v2\/pages\/37422\/revisions"}],"predecessor-version":[{"id":625425,"href":"https:\/\/goias.gov.br\/saude\/wp-json\/wp\/v2\/pages\/37422\/revisions\/625425"}],"up":[{"embeddable":true,"href":"https:\/\/goias.gov.br\/saude\/wp-json\/wp\/v2\/pages\/37689"}],"wp:attachment":[{"href":"https:\/\/goias.gov.br\/saude\/wp-json\/wp\/v2\/media?parent=37422"}],"curies":[{"name":"wp","href":"https:\/\/api.w.org\/{rel}","templated":true}]}}