

{"id":37408,"date":"2023-11-27T17:46:31","date_gmt":"2023-11-27T20:46:31","guid":{"rendered":"https:\/\/siteshom.goias.gov.br\/saude\/?page_id=37408"},"modified":"2025-12-03T10:37:34","modified_gmt":"2025-12-03T13:37:34","slug":"cemac-juarez-barbosa","status":"publish","type":"page","link":"https:\/\/goias.gov.br\/saude\/cemac-juarez-barbosa\/","title":{"rendered":"CEMAC JB \u2013 Centro Estadual de Medica\u00e7\u00e3o de Alto Custo Juarez Barbosa"},"content":{"rendered":"\t\t<div data-elementor-type=\"wp-page\" data-elementor-id=\"37408\" class=\"elementor elementor-37408\">\n\t\t\t\t<div class=\"elementor-element elementor-element-d0fd2c3 e-flex e-con-boxed e-con e-parent\" data-id=\"d0fd2c3\" data-element_type=\"container\" data-e-type=\"container\">\n\t\t\t\t\t<div class=\"e-con-inner\">\n\t\t\t\t<div class=\"elementor-element elementor-element-03d9876 elementor-hidden-desktop elementor-hidden-tablet elementor-hidden-mobile elementor-widget elementor-widget-text-editor\" data-id=\"03d9876\" data-element_type=\"widget\" data-e-type=\"widget\" data-widget_type=\"text-editor.default\">\n\t\t\t\t\t\t\t\t\t<div style=\"padding: 10px; background-color: #ededed; border-radius: 4px;\"><h4 style=\"text-align: center; background-color: #2da44a; color: #fff; margin: -10px -10px 0 -10px; border-top-right-radius: 4px; border-top-left-radius: 4px; padding: 10px 0;\"><i class=\"fa fa-exclamation-triangle\" aria-hidden=\"true\"><\/i> Aten\u00e7\u00e3o<\/h4><p style=\"text-align: center;\">O Centro Estadual de Medica\u00e7\u00e3o de Alto Custo Juarez Barbosa (Cemac JB) informa que a unidade\u00a0interromper\u00e1 suas atividades durante o feriado de Corpus Christi e ponto facultativo (30 e 31 de maio), reabrindo para atendimento na segunda-feira (03 de junho).<\/p><p style=\"text-align: center;\">Informamos que n\u00e3o h\u00e1 pacientes agendados para atendimento no dia do feriado e no ponto facultativo.<\/p><\/div>\t\t\t\t\t\t\t\t<\/div>\n\t\t\t\t\t<\/div>\n\t\t\t\t<\/div>\n\t\t<div class=\"elementor-element elementor-element-2405448 e-flex e-con-boxed e-con e-parent\" data-id=\"2405448\" data-element_type=\"container\" data-e-type=\"container\">\n\t\t\t\t\t<div class=\"e-con-inner\">\n\t\t<div class=\"elementor-element elementor-element-639c4e4 e-con-full e-flex e-con e-child\" data-id=\"639c4e4\" data-element_type=\"container\" data-e-type=\"container\">\n\t\t\t\t<div class=\"elementor-element elementor-element-da107f3 elementor-widget elementor-widget-text-editor\" data-id=\"da107f3\" data-element_type=\"widget\" data-e-type=\"widget\" data-widget_type=\"text-editor.default\">\n\t\t\t\t\t\t\t\t\t<p class=\"sppb-addon-title\"><strong>Dire\u00e7\u00e3o Geral<br \/><\/strong><span class=\"st\">Viviane de C\u00e1ssia Troncha Martins<br \/><\/span><a href=\"mailto:viviane.martins@goias.gov.br\">viviane.martins@goias.gov.br<\/a><\/p><div class=\"sppb-addon-content\"><p class=\"sppb-addon-title\"><strong>Dire\u00e7\u00e3o T\u00e9cnica<br \/><\/strong><span class=\"st\">Vivianne Vieira de Melo<br \/><a href=\"mailto:vivianne.melo@goias.gov.br\">vivianne.melo@goias.gov.br<\/a><br \/><\/span><\/p><div class=\"sppb-addon-content\"><p class=\"sppb-addon-title\"><strong>Dire\u00e7\u00e3o Administrativa<br \/><\/strong><span class=\"st\">Romens Macedo Reis<br \/><\/span><a href=\"mailto:romens.reis@goias.gov.br\">romens.reis@goias.gov.br<\/a><\/p><\/div><p>(62) 3201-7446 \/ 7450 \/ 7453<\/p><\/div><p><strong>Localiza\u00e7\u00e3o:<\/strong><br \/><a href=\"https:\/\/maps.app.goo.gl\/gJKSsNRAozmqkrX99\">R. 16, 97 &#8211; St. Central, Goi\u00e2nia &#8211; GO<br \/>CEP: 74015-020<\/a><\/p>\t\t\t\t\t\t\t\t<\/div>\n\t\t\t\t<\/div>\n\t\t<div class=\"elementor-element elementor-element-db7d50c e-con-full e-flex e-con e-child\" data-id=\"db7d50c\" data-element_type=\"container\" data-e-type=\"container\">\n\t\t\t\t<div class=\"elementor-element elementor-element-d5f65bd elementor-widget elementor-widget-text-editor\" data-id=\"d5f65bd\" data-element_type=\"widget\" data-e-type=\"widget\" data-widget_type=\"text-editor.default\">\n\t\t\t\t\t\t\t\t\t<p style=\"text-align: justify;\">\u00a0<\/p><p style=\"text-align: justify;\">O Centro Estadual de Medica\u00e7\u00e3o de Alto Custo Juarez Barbosa (Cemac JB) \u00e9 o Centro de Refer\u00eancia Estadual na dispensa\u00e7\u00e3o de medicamentos constantes no Componente Especializado da Assist\u00eancia Farmac\u00eautica (CEAF), de uso ambulatorial.<\/p><p style=\"text-align: justify;\">As dispensa\u00e7\u00f5es dos medicamentos seguem crit\u00e9rios de diagn\u00f3stico, indica\u00e7\u00e3o e tratamento, inclus\u00e3o e exclus\u00e3o, esquemas terap\u00eauticos, monitoriza\u00e7\u00e3o, acompanhamentos e demais par\u00e2metros contidos nos Protocolos Cl\u00ednicos e Diretrizes Terap\u00eauticas do Minist\u00e9rio da Sa\u00fade (PCDT).<\/p><p style=\"text-align: justify;\">O Cemac JB atende as necessidades espec\u00edficas de pacientes que requerem tratamentos caros e muitas vezes cr\u00f4nicos. Desempenha um papel crucial no fornecimento de acesso a medicamentos essenciais para pessoas que enfrentam condi\u00e7\u00f5es de sa\u00fade graves ou raras. Os medicamentos de alto custo podem incluir terapias biol\u00f3gicas, medicamentos para c\u00e2ncer, tratamentos para doen\u00e7as autoimunes, entre outros.<\/p>\t\t\t\t\t\t\t\t<\/div>\n\t\t\t\t<\/div>\n\t\t\t\t\t<\/div>\n\t\t\t\t<\/div>\n\t\t<div class=\"elementor-element elementor-element-b5babd3 e-flex e-con-boxed e-con e-parent\" data-id=\"b5babd3\" data-element_type=\"container\" data-e-type=\"container\">\n\t\t\t\t\t<div class=\"e-con-inner\">\n\t\t\t\t<div class=\"elementor-element elementor-element-7500847 elementor-widget elementor-widget-html\" data-id=\"7500847\" data-element_type=\"widget\" data-e-type=\"widget\" data-widget_type=\"html.default\">\n\t\t\t\t\t<!DOCTYPE html>\r\n<html lang=\"pt-br\" dir=\"ltr\">\r\n<head>\r\n  <meta http-equiv=\"Content-Type\" content=\"text\/html; charset=UTF-8\" \/>\r\n  <style>\r\n    \/* Estilos para desktop *\/\r\n    .container {\r\n      padding: 20px;\r\n    }\r\n\r\n    .section {\r\n      margin-bottom: 40px;\r\n    }\r\n\r\n    .title {\r\n      text-align: center;\r\n      margin: 0 0 24px;\r\n      color: #0c326f;\r\n      font-weight: 600;\r\n      font-size: 2.7rem;\r\n      line-height: 1.5;\r\n    }\r\n\r\n    .cards {\r\n      display: flex;\r\n      justify-content: space-evenly;\r\n      flex-wrap: wrap;\r\n      margin: 0;\r\n      padding: 0;\r\n      list-style: none;\r\n    }\r\n\r\n    .cards li {\r\n      background-color: #ededed;\r\n      box-shadow: 0 3px 6px 0 rgba(0, 0, 0, 0.16);\r\n      text-align: center;\r\n      flex-basis: 23%;\r\n      box-sizing: border-box;\r\n      min-height: 230px;\r\n      margin-bottom: 1.2em;\r\n      line-height: 1.5em;\r\n      display: list-item;\r\n    }\r\n\r\n    .cards li a {\r\n      display: flex;\r\n      justify-content: center;\r\n      align-items: center;\r\n      flex-direction: column;\r\n      width: 100%;\r\n      height: 100%;\r\n      color: #1351b4;\r\n      font-weight: 500;\r\n      text-decoration: none;\r\n    }\r\n\r\n    .cards li i,\r\n    .cards li span {\r\n      font-size: 50px;\r\n      margin-bottom: 30px;\r\n      color: #0c326f;\r\n      width: auto;\r\n      font-weight: 900;\r\n    }\r\n\r\n    .cards li .title {\r\n      font-size: 20px;\r\n      color: #0c326f;\r\n      font-weight: 600;\r\n      margin: 0;\r\n      text-transform: uppercase;\r\n    }\r\n\r\n    \/* Estilos para telas menores *\/\r\n    @media screen and (max-width: 768px) {\r\n      .cards {\r\n        gap: 20px; \/* Espa\u00e7amento entre os cards *\/\r\n        margin-top: 20px; margin-bottom: 20px;\/* Margem superior para os cards *\/\r\n      }\r\n      .cards li {\r\n        flex-basis: calc(50% - 20px); \/* Tamanho dos cards com espa\u00e7amento *\/\r\n      }\r\n    }\r\n\r\n    @media screen and (max-width: 480px) {\r\n      .cards {\r\n        gap: 15px; \/* Espa\u00e7amento menor entre os cards *\/\r\n        margin-top: 15px; margin-bottom: 20px; \/* Margem superior menor para os cards *\/\r\n      }\r\n      .cards li {\r\n        flex-basis: calc(100% - 30px); \/* Tamanho dos cards com espa\u00e7amento menor *\/\r\n      }\r\n    }\r\n  <\/style>\r\n\t<div class=\"container\">\r\n        <div class=\"cemac\">\r\n            \r\n            <div class=\"title-header\">\r\n               \r\n            <\/div>\r\n            <ul class=\"cards\">\r\n               \r\n\r\n<li>\r\n                    <a href=\"https:\/\/goias.gov.br\/saude\/cemac-juarez-barbosa\/passo-a-passo-para-abertura-de-processo-ou-alteracao-e-ou-inclusao-de-medicamentos\/\">\r\n                        <span class=\"fa-solid fa-diagram-project\"><\/span>\r\n                        <div class=\"title\">consulte o passo a passo<\/div>\r\n                    <\/a>\r\n                <\/li>\r\n <li>\r\n                    <a href=\"https:\/\/goias.gov.br\/saude\/cemac-juarez-barbosa\/relacao-de-medicamentos-doencas-e-agravos\/\">\r\n                        <span class=\"fa-solid fa-folder-open\"><\/span>\r\n                        <div class=\"title\">Solicitar Abertura de processo<\/div>\r\n                    <\/a>\r\n                <\/li>\r\n                <li>\r\n                    <a href=\"https:\/\/goias.gov.br\/saude\/cemac-juarez-barbosa\/renovacao-de-processos\/\">\r\n                        <span class=\"fa-solid fa-retweet\"><\/span>\r\n                        <div class=\"title\">solicitar renova\u00e7\u00e3o de processo<\/div>\r\n                    <\/a>\r\n                <\/li>\r\n                <li>\r\n                    <a href=\"https:\/\/www.go.gov.br\/tela-orgao\/servico\/solicitar-abertura-de-processo-ou-alteracao-eou-inclusao-de-medicamentos-de-alto-custo--cemac-jb#\/meusProcessos\/meus-processos\">\r\n                        <span class=\"fa-solid fa-list-check\"><\/span>\r\n                        <div class=\"title\">Consultar andamento de processo<\/div>\r\n                    <\/a>\r\n                <\/li>\r\n     <li>\r\n                    <a href=\"https:\/\/www.go.gov.br\/tela-orgao\/servico\/solicitar-abertura-de-processo-ou-alteracao-eou-inclusao-de-medicamentos-de-alto-custo--cemac-jb#\/minhasSolicitacoes\/minhas-solicitacoes\">\r\n                        <span class=\"fa-solid fa-laptop-medical\"><\/span>\r\n                        <div class=\"title\">Acompanhar minhas solicita\u00e7\u00f5es<\/div>\r\n                    <\/a>\r\n                <\/li>\r\n\r\n<li>\r\n                    <a href=\"https:\/\/goias.gov.br\/saude\/cemac-juarez-barbosa\/solicitar-cadastro-de-pessoas-autorizadas\/\">\r\n                        <span class=\"fa-solid fa-file-medical\"><\/span>\r\n                        <div class=\"title\">solicitar cadastro de pessoas autorizadas<\/div>\r\n                    <\/a>\r\n                <\/li>\r\n\r\n<li>\r\n                    <a href=\"https:\/\/goias.gov.br\/saude\/cemac-juarez-barbosa\/farmacovigilancia\/\">\r\n                        <span class=\"fa-solid fa-capsules\"><\/span>\r\n                        <div class=\"title\">farmacovigil\u00e2ncia<\/div>\r\n                    <\/a>\r\n                <\/li>\r\n<li>\r\n                    <a href=\"https:\/\/goias.gov.br\/saude\/notas-tecnicas-e-informativas-cemac\/\">\r\n                        <span class=\"fa-solid fa-file-medical\"><\/span>\r\n                        <div class=\"title\">notas t\u00e9cnicas e informativas<\/div>\r\n                    <\/a>\r\n                <\/li>\r\n      \r\n            <\/ul>\r\n        <\/div>\r\n\t<\/div>\r\n\t\t\t\t<\/div>\n\t\t\t\t\t<\/div>\n\t\t\t\t<\/div>\n\t\t\t\t<\/div>\n\t\t","protected":false},"excerpt":{"rendered":"<p>Aten\u00e7\u00e3o O Centro Estadual de Medica\u00e7\u00e3o de Alto Custo Juarez Barbosa (Cemac JB) informa que a unidade\u00a0interromper\u00e1 suas atividades durante o feriado de Corpus Christi e ponto facultativo (30 e 31 de maio), reabrindo para atendimento na segunda-feira (03 de junho). Informamos que n\u00e3o h\u00e1 pacientes agendados para atendimento no dia do feriado e no [&hellip;]<\/p>\n","protected":false},"author":7,"featured_media":0,"parent":0,"menu_order":0,"comment_status":"closed","ping_status":"closed","template":"","meta":{"footnotes":""},"class_list":["post-37408","page","type-page","status-publish","hentry"],"rttpg_featured_image_url":null,"rttpg_author":{"display_name":"gustavogoncalves","author_link":"https:\/\/goias.gov.br\/saude\/author\/gustavogoncalves\/"},"rttpg_comment":0,"rttpg_category":null,"rttpg_excerpt":"Aten\u00e7\u00e3o O Centro Estadual de Medica\u00e7\u00e3o de Alto Custo Juarez Barbosa (Cemac JB) informa que a unidade\u00a0interromper\u00e1 suas atividades durante o feriado de Corpus Christi e ponto facultativo (30 e 31 de maio), reabrindo para atendimento na segunda-feira (03 de junho). Informamos que n\u00e3o h\u00e1 pacientes agendados para atendimento no dia do feriado e no&hellip;","_links":{"self":[{"href":"https:\/\/goias.gov.br\/saude\/wp-json\/wp\/v2\/pages\/37408","targetHints":{"allow":["GET"]}}],"collection":[{"href":"https:\/\/goias.gov.br\/saude\/wp-json\/wp\/v2\/pages"}],"about":[{"href":"https:\/\/goias.gov.br\/saude\/wp-json\/wp\/v2\/types\/page"}],"author":[{"embeddable":true,"href":"https:\/\/goias.gov.br\/saude\/wp-json\/wp\/v2\/users\/7"}],"replies":[{"embeddable":true,"href":"https:\/\/goias.gov.br\/saude\/wp-json\/wp\/v2\/comments?post=37408"}],"version-history":[{"count":3,"href":"https:\/\/goias.gov.br\/saude\/wp-json\/wp\/v2\/pages\/37408\/revisions"}],"predecessor-version":[{"id":631674,"href":"https:\/\/goias.gov.br\/saude\/wp-json\/wp\/v2\/pages\/37408\/revisions\/631674"}],"wp:attachment":[{"href":"https:\/\/goias.gov.br\/saude\/wp-json\/wp\/v2\/media?parent=37408"}],"curies":[{"name":"wp","href":"https:\/\/api.w.org\/{rel}","templated":true}]}}