

{"id":37397,"date":"2023-11-27T16:40:15","date_gmt":"2023-11-27T19:40:15","guid":{"rendered":"https:\/\/siteshom.goias.gov.br\/saude\/?page_id=37397"},"modified":"2025-12-02T11:28:47","modified_gmt":"2025-12-02T14:28:47","slug":"paineis-informativos","status":"publish","type":"page","link":"https:\/\/goias.gov.br\/saude\/paineis-informativos\/","title":{"rendered":"Pain\u00e9is Informativos"},"content":{"rendered":"\t\t<div data-elementor-type=\"wp-page\" data-elementor-id=\"37397\" class=\"elementor elementor-37397\">\n\t\t\t\t<div class=\"elementor-element elementor-element-535ca90 e-flex e-con-boxed e-con e-parent\" data-id=\"535ca90\" data-element_type=\"container\" data-e-type=\"container\">\n\t\t\t\t\t<div class=\"e-con-inner\">\n\t\t\t\t<div class=\"elementor-element elementor-element-9a7b5f3 elementor-widget elementor-widget-text-editor\" data-id=\"9a7b5f3\" data-element_type=\"widget\" data-e-type=\"widget\" data-widget_type=\"text-editor.default\">\n\t\t\t\t\t\t\t\t\t<div style=\"padding: 10px; background-color: #ededed; border-radius: 4px;\"><h4 style=\"text-align: center; background-color: #00549a; color: #fff; margin: -10px -10px 0 -10px; border-top-right-radius: 4px; border-top-left-radius: 4px; padding: 10px 0;\">Importante!<\/h4><p>Os Pain\u00e9is Informativos s\u00e3o publica\u00e7\u00f5es e instrumentos de gest\u00e3o utilizados para o acompanhamento, an\u00e1lise e monitoramento de doen\u00e7as\/agravos em todo Estado de Goi\u00e1s. A estrat\u00e9gia permite mensurar tend\u00eancias, assim como avaliar os riscos inerentes \u00e0 essa doen\u00e7a\/agravo nos munic\u00edpios goianos.\u00a0<\/p><\/div>\t\t\t\t\t\t\t\t<\/div>\n\t\t\t\t\t<\/div>\n\t\t\t\t<\/div>\n\t\t<div class=\"elementor-element elementor-element-80ac26f e-flex e-con-boxed e-con e-parent\" data-id=\"80ac26f\" data-element_type=\"container\" data-e-type=\"container\">\n\t\t\t\t\t<div class=\"e-con-inner\">\n\t\t\t\t<div class=\"elementor-element elementor-element-401ff14 elementor-widget elementor-widget-html\" data-id=\"401ff14\" data-element_type=\"widget\" data-e-type=\"widget\" data-widget_type=\"html.default\">\n\t\t\t\t\t<!DOCTYPE html>\r\n<html lang=\"pt-br\" dir=\"ltr\">\r\n<head>\r\n  <meta http-equiv=\"Content-Type\" content=\"text\/html; charset=UTF-8\" \/>\r\n  <style>\r\n    \/* Estilos para desktop *\/\r\n    .container {\r\n      padding: 10px;\r\n    }\r\n\r\n    .section {\r\n      margin-bottom: 10px;\r\n    }\r\n\r\n    .title {\r\n      text-align: center;\r\n      margin: 0 0 24px;\r\n      color: #0c326f;\r\n      font-weight: 600;\r\n      font-size: 2.2rem;\r\n      line-height: 1.5;\r\n    }\r\n\r\n    .cards {\r\n      display: flex;\r\n      justify-content: space-evenly;\r\n      flex-wrap: wrap;\r\n      margin: 0;\r\n      padding: 0;\r\n      list-style: none;\r\n    }\r\n\r\n    .cards li {\r\n      background-color: #ededed;\r\n      box-shadow: 0 3px 6px 0 rgba(0, 0, 0, 0.16);\r\n      text-align: center;\r\n      flex-basis: 23%;\r\n      box-sizing: border-box;\r\n      min-height: 60px;\r\n      margin-bottom: 0.9em;\r\n      line-height: 1.2em;\r\n      display: list-item;\r\n    }\r\n\r\n    .cards li a {\r\n      display: flex;\r\n      justify-content: center;\r\n      align-items: center;\r\n      flex-direction: column;\r\n      width: 100%;\r\n      height: 100%;\r\n      color: #1351b4;\r\n      font-weight: 600;\r\n      text-decoration: none;\r\n    }\r\n\r\n    .cards li i,\r\n    .cards li span {\r\n      font-size: 10px;\r\n      margin-bottom: 30px;\r\n      color: #0c326f;\r\n      width: auto;\r\n      font-weight: 200;\r\n    }\r\n\r\n    .cards li .title {\r\n      font-size: 15px;\r\n      color: #0c326f;\r\n      font-weight: 500;\r\n      margin: 0;\r\n      text-transform: uppercase;\r\n    }\r\n\r\n    \/* Estilos para telas menores *\/\r\n    @media screen and (max-width: 768px) {\r\n      .cards {\r\n        gap: 20px; \/* Espa\u00e7amento entre os cards *\/\r\n        margin-top: 20px; \/* Margem superior para os cards *\/\r\n      }\r\n      .cards li {\r\n        flex-basis: calc(50% - 20px); \/* Tamanho dos cards com espa\u00e7amento *\/\r\n      }\r\n    }\r\n\r\n    @media screen and (max-width: 480px) {\r\n      .cards {\r\n        gap: 15px; \/* Espa\u00e7amento menor entre os cards *\/\r\n        margin-top: 15px; \/* Margem superior menor para os cards *\/\r\n      }\r\n      .cards li {\r\n        flex-basis: calc(100% - 30px); \/* Tamanho dos cards com espa\u00e7amento menor *\/\r\n      }\r\n    }\r\n  <\/style>\r\n<\/head>\r\n<body>\r\n  <div class=\"container\">\r\n    <div class=\"section\">\r\n      <div class=\"paineis\">\r\n        \r\n        <ul class=\"cards\">\r\n          <li>\r\n                    <a href=\"https:\/\/indicadores.saude.go.gov.br\/public\/dengue.html\" target= blanc\">\r\n\r\n                        <div class=\"title\">painel da dengue<\/div>\r\n                    <\/a>\r\n                <\/li>\r\n                <li>\r\n                    <a href=\"https:\/\/indicadores.saude.go.gov.br\/public\/aedes.html\" target= blanc\">\r\n\r\n                        <div class=\"title\">painel chikungunya e zika<\/div>\r\n                    <\/a>\r\n                <\/li>\r\n\r\n     <li>\r\n                    <a href=\"https:\/\/indicadores.saude.go.gov.br\/pentaho\/api\/repos\/:coronavirus:paineis:painel.wcdf\/generatedContent\" target= blanc\">\r\n\r\n                        <div class=\"title\">painel covid-19<\/div>\r\n                    <\/a>\r\n                <\/li>\r\n               \r\n  <li>\r\n                    <a href=\"https:\/\/indicadores.saude.go.gov.br\/public\/ist.html\" target= blanc\">\r\n\r\n                        <div class=\"title\">painel ists<\/div>\r\n                    <\/a>\r\n                <\/li>\r\n\r\n<li>\r\n                    <a href=\"https:\/\/indicadores.saude.go.gov.br\/public\/srag.html\" target= blanc\">\r\n\r\n                        <div class=\"title\">painel srag<\/div>\r\n                    <\/a>\r\n                <\/li>\r\n\r\n<li>\r\n                    <a href=\"https:\/\/indicadores.saude.go.gov.br\/public\/microcefalia.html\" target= blanc\">\r\n\r\n                        <div class=\"title\">painel microcefalia<\/div>\r\n                    <\/a>\r\n                <\/li>\r\n  \r\n  \r\n        <\/ul>\r\n      <\/div>\r\n    <\/div>\r\n  <\/div>\r\n<\/body>\r\n<\/html>\r\n\t\t\t\t<\/div>\n\t\t\t\t\t<\/div>\n\t\t\t\t<\/div>\n\t\t\t\t<\/div>\n\t\t","protected":false},"excerpt":{"rendered":"<p>Importante! Os Pain\u00e9is Informativos s\u00e3o publica\u00e7\u00f5es e instrumentos de gest\u00e3o utilizados para o acompanhamento, an\u00e1lise e monitoramento de doen\u00e7as\/agravos em todo Estado de Goi\u00e1s. A estrat\u00e9gia permite mensurar tend\u00eancias, assim como avaliar os riscos inerentes \u00e0 essa doen\u00e7a\/agravo nos munic\u00edpios goianos.\u00a0 painel chikungunya e zika painel ists painel microcefalia<\/p>\n","protected":false},"author":7,"featured_media":0,"parent":0,"menu_order":0,"comment_status":"closed","ping_status":"closed","template":"","meta":{"footnotes":""},"class_list":["post-37397","page","type-page","status-publish","hentry"],"rttpg_featured_image_url":null,"rttpg_author":{"display_name":"gustavogoncalves","author_link":"https:\/\/goias.gov.br\/saude\/author\/gustavogoncalves\/"},"rttpg_comment":0,"rttpg_category":null,"rttpg_excerpt":"Importante! Os Pain\u00e9is Informativos s\u00e3o publica\u00e7\u00f5es e instrumentos de gest\u00e3o utilizados para o acompanhamento, an\u00e1lise e monitoramento de doen\u00e7as\/agravos em todo Estado de Goi\u00e1s. A estrat\u00e9gia permite mensurar tend\u00eancias, assim como avaliar os riscos inerentes \u00e0 essa doen\u00e7a\/agravo nos munic\u00edpios goianos.\u00a0 painel chikungunya e zika painel ists painel microcefalia","_links":{"self":[{"href":"https:\/\/goias.gov.br\/saude\/wp-json\/wp\/v2\/pages\/37397","targetHints":{"allow":["GET"]}}],"collection":[{"href":"https:\/\/goias.gov.br\/saude\/wp-json\/wp\/v2\/pages"}],"about":[{"href":"https:\/\/goias.gov.br\/saude\/wp-json\/wp\/v2\/types\/page"}],"author":[{"embeddable":true,"href":"https:\/\/goias.gov.br\/saude\/wp-json\/wp\/v2\/users\/7"}],"replies":[{"embeddable":true,"href":"https:\/\/goias.gov.br\/saude\/wp-json\/wp\/v2\/comments?post=37397"}],"version-history":[{"count":2,"href":"https:\/\/goias.gov.br\/saude\/wp-json\/wp\/v2\/pages\/37397\/revisions"}],"predecessor-version":[{"id":623451,"href":"https:\/\/goias.gov.br\/saude\/wp-json\/wp\/v2\/pages\/37397\/revisions\/623451"}],"wp:attachment":[{"href":"https:\/\/goias.gov.br\/saude\/wp-json\/wp\/v2\/media?parent=37397"}],"curies":[{"name":"wp","href":"https:\/\/api.w.org\/{rel}","templated":true}]}}