

{"id":37349,"date":"2023-11-27T08:36:55","date_gmt":"2023-11-27T11:36:55","guid":{"rendered":"https:\/\/siteshom.goias.gov.br\/saude\/?page_id=37349"},"modified":"2025-12-03T09:29:42","modified_gmt":"2025-12-03T12:29:42","slug":"fale-conosco","status":"publish","type":"page","link":"https:\/\/goias.gov.br\/saude\/fale-conosco\/","title":{"rendered":"Fale Conosco"},"content":{"rendered":"\t\t<div data-elementor-type=\"wp-page\" data-elementor-id=\"37349\" class=\"elementor elementor-37349\">\n\t\t\t\t<div class=\"elementor-element elementor-element-e02c2bf e-flex e-con-boxed e-con e-parent\" data-id=\"e02c2bf\" data-element_type=\"container\" data-e-type=\"container\">\n\t\t\t\t\t<div class=\"e-con-inner\">\n\t\t<div class=\"elementor-element elementor-element-9910e04 e-con-full e-flex e-con e-child\" data-id=\"9910e04\" data-element_type=\"container\" data-e-type=\"container\">\n\t\t\t\t<div class=\"elementor-element elementor-element-cd95cb6 elementor-widget elementor-widget-shortcode\" data-id=\"cd95cb6\" data-element_type=\"widget\" data-e-type=\"widget\" data-widget_type=\"shortcode.default\">\n\t\t\t\t\t\t\t<div class=\"elementor-shortcode\">\n<div class=\"wpcf7 no-js\" id=\"wpcf7-f37351-o1\" lang=\"pt-BR\" dir=\"ltr\" data-wpcf7-id=\"37351\">\n<div class=\"screen-reader-response\"><p role=\"status\" aria-live=\"polite\" aria-atomic=\"true\"><\/p> <ul><\/ul><\/div>\n<form action=\"\/saude\/wp-json\/wp\/v2\/pages\/37349#wpcf7-f37351-o1\" method=\"post\" class=\"wpcf7-form init\" aria-label=\"Formul\u00e1rios de contato\" novalidate=\"novalidate\" data-status=\"init\">\n<fieldset class=\"hidden-fields-container\"><input type=\"hidden\" name=\"_wpcf7\" value=\"37351\" \/><input type=\"hidden\" name=\"_wpcf7_version\" value=\"6.1.5\" \/><input type=\"hidden\" name=\"_wpcf7_locale\" value=\"pt_BR\" \/><input type=\"hidden\" name=\"_wpcf7_unit_tag\" value=\"wpcf7-f37351-o1\" \/><input type=\"hidden\" name=\"_wpcf7_container_post\" value=\"0\" \/><input type=\"hidden\" name=\"_wpcf7_posted_data_hash\" value=\"\" \/>\n<\/fieldset>\n<p><label> Nome*<br \/>\n<span class=\"wpcf7-form-control-wrap\" data-name=\"your-name\"><input size=\"40\" maxlength=\"400\" class=\"wpcf7-form-control wpcf7-text wpcf7-validates-as-required\" autocomplete=\"name\" aria-required=\"true\" aria-invalid=\"false\" value=\"\" type=\"text\" name=\"your-name\" \/><\/span> <\/label>\n<\/p>\n<p><label> E-mail*<br \/>\n<span class=\"wpcf7-form-control-wrap\" data-name=\"your-email\"><input size=\"40\" maxlength=\"400\" class=\"wpcf7-form-control wpcf7-email wpcf7-validates-as-required wpcf7-text wpcf7-validates-as-email\" autocomplete=\"email\" aria-required=\"true\" aria-invalid=\"false\" value=\"\" type=\"email\" name=\"your-email\" \/><\/span> <\/label>\n<\/p>\n<p><label> Assunto*<br \/>\n<span class=\"wpcf7-form-control-wrap\" data-name=\"your-subject\"><input size=\"40\" maxlength=\"400\" class=\"wpcf7-form-control wpcf7-text wpcf7-validates-as-required\" aria-required=\"true\" aria-invalid=\"false\" value=\"\" type=\"text\" name=\"your-subject\" \/><\/span> <\/label>\n<\/p>\n<p><label> Mensagem*<br \/>\n<span class=\"wpcf7-form-control-wrap\" data-name=\"your-message\"><textarea cols=\"40\" rows=\"10\" maxlength=\"2000\" class=\"wpcf7-form-control wpcf7-textarea wpcf7-validates-as-required\" aria-required=\"true\" aria-invalid=\"false\" name=\"your-message\"><\/textarea><\/span> <\/label>\n<\/p>\n<p><input class=\"wpcf7-form-control wpcf7-submit has-spinner\" type=\"submit\" value=\"Enviar\" \/>\n<\/p><div class=\"wpcf7-response-output\" aria-hidden=\"true\"><\/div>\n<\/form>\n<\/div>\n<\/div>\n\t\t\t\t\t\t<\/div>\n\t\t\t\t<\/div>\n\t\t<div class=\"elementor-element elementor-element-1a8d5c9 e-con-full e-flex e-con e-child\" data-id=\"1a8d5c9\" data-element_type=\"container\" data-e-type=\"container\">\n\t\t\t\t<div class=\"elementor-element elementor-element-05eba9a elementor-widget elementor-widget-shortcode\" data-id=\"05eba9a\" data-element_type=\"widget\" data-e-type=\"widget\" data-widget_type=\"shortcode.default\">\n\t\t\t\t\t\t\t<div class=\"elementor-shortcode\"><div data-post-id=\"18\" class=\"insert-page insert-page-18 \"><p>Atendimento presencial: <strong>08h \u00e0s 12h<\/strong>\u00a0e\u00a0<strong>14h \u00e0s 18h, de segunda \u00e0 sexta.<\/strong><\/p>\n<p><strong>Recep\u00e7\u00e3o: <\/strong>(62) 3201-3479<br \/>\n<strong>Ouvidoria:<\/strong>\u00a00800 643 3700<br \/>\n<strong>E-mail Protocolo:<\/strong>\u00a0<a href=\"mailto:protocolo.saude@goias.gov.br\">protocolo.saude@goias.gov.br<\/a><br \/>\n<strong>E-mail Gabinete:<\/strong> <a href=\"mailto:secretario.saude@goias.gov.br\">secretario.saude@goias.gov.br<\/a><br \/>\n<strong>Endere\u00e7o:<\/strong>\u00a0Avenida SC1 n\u00b0 299, Parque Santa Cruz &#8211; Goi\u00e2nia &#8211; GO. CEP: 74860-260<\/p>\n<p><span id=\"more-18\"><\/span><\/p>\n<hr \/>\n<p>Para informa\u00e7\u00f5es de imprensa, entre em contato com a <a href=\"https:\/\/goias.gov.br\/saude\/equipe-sala-de-imprensa\/\" target=\"_blank\" rel=\"noopener\">Comunica\u00e7\u00e3o Setorial<\/a>.<\/p>\n<p><a href=\"https:\/\/goias.gov.br\/saude\/enderecos-telefones-e-mails-e-horarios-de-atendimento\/\" target=\"_blank\" rel=\"noopener\">Telefones, endere\u00e7os e hor\u00e1rios de atendimentos das unidades<\/a>.<\/p>\n<p>Caso queria fazer algum pedido de informa\u00e7\u00e3o, elogios ou reclama\u00e7\u00f5es,\u00a0<a href=\"https:\/\/www.go.gov.br\/servicos-digitais\/cge\/nova-ouvidoria\/nova-manifestacao?orgao=43\" target=\"_blank\" rel=\"noopener\">acesse a p\u00e1gina de ouvidoria da CGE<\/a>.<\/p>\n<\/div><\/div>\n\t\t\t\t\t\t<\/div>\n\t\t\t\t<\/div>\n\t\t\t\t\t<\/div>\n\t\t\t\t<\/div>\n\t\t\t\t<\/div>\n\t\t","protected":false},"excerpt":{"rendered":"","protected":false},"author":7,"featured_media":0,"parent":0,"menu_order":0,"comment_status":"closed","ping_status":"closed","template":"","meta":{"footnotes":""},"class_list":["post-37349","page","type-page","status-publish","hentry"],"rttpg_featured_image_url":null,"rttpg_author":{"display_name":"gustavogoncalves","author_link":"https:\/\/goias.gov.br\/saude\/author\/gustavogoncalves\/"},"rttpg_comment":0,"rttpg_category":"","rttpg_excerpt":null,"_links":{"self":[{"href":"https:\/\/goias.gov.br\/saude\/wp-json\/wp\/v2\/pages\/37349","targetHints":{"allow":["GET"]}}],"collection":[{"href":"https:\/\/goias.gov.br\/saude\/wp-json\/wp\/v2\/pages"}],"about":[{"href":"https:\/\/goias.gov.br\/saude\/wp-json\/wp\/v2\/types\/page"}],"author":[{"embeddable":true,"href":"https:\/\/goias.gov.br\/saude\/wp-json\/wp\/v2\/users\/7"}],"replies":[{"embeddable":true,"href":"https:\/\/goias.gov.br\/saude\/wp-json\/wp\/v2\/comments?post=37349"}],"version-history":[{"count":2,"href":"https:\/\/goias.gov.br\/saude\/wp-json\/wp\/v2\/pages\/37349\/revisions"}],"predecessor-version":[{"id":630010,"href":"https:\/\/goias.gov.br\/saude\/wp-json\/wp\/v2\/pages\/37349\/revisions\/630010"}],"wp:attachment":[{"href":"https:\/\/goias.gov.br\/saude\/wp-json\/wp\/v2\/media?parent=37349"}],"curies":[{"name":"wp","href":"https:\/\/api.w.org\/{rel}","templated":true}]}}