

{"id":37330,"date":"2023-11-24T15:39:33","date_gmt":"2023-11-24T18:39:33","guid":{"rendered":"https:\/\/siteshom.goias.gov.br\/saude\/?page_id=37330"},"modified":"2025-12-03T10:35:21","modified_gmt":"2025-12-03T13:35:21","slug":"farmacovigilancia","status":"publish","type":"page","link":"https:\/\/goias.gov.br\/saude\/cemac-juarez-barbosa\/farmacovigilancia\/","title":{"rendered":"Farmacovigil\u00e2ncia"},"content":{"rendered":"\t\t<div data-elementor-type=\"wp-page\" data-elementor-id=\"37330\" class=\"elementor elementor-37330\">\n\t\t\t\t<div class=\"elementor-element elementor-element-52c9bbd e-flex e-con-boxed e-con e-parent\" data-id=\"52c9bbd\" data-element_type=\"container\" data-e-type=\"container\">\n\t\t\t\t\t<div class=\"e-con-inner\">\n\t\t\t\t<div class=\"elementor-element elementor-element-586f1fa elementor-widget elementor-widget-text-editor\" data-id=\"586f1fa\" data-element_type=\"widget\" data-e-type=\"widget\" data-widget_type=\"text-editor.default\">\n\t\t\t\t\t\t\t\t\t<div style=\"padding: 10px; background-color: #ededed; border-radius: 4px;\"><h4 style=\"text-align: center; background-color: #00549a; color: #fff; margin: -10px -10px 0 -10px; border-top-right-radius: 4px; border-top-left-radius: 4px; padding: 10px 0;\">Orienta\u00e7\u00f5es<\/h4><p>Caso voc\u00ea tenha algum tipo de evento adverso ou mesmo uma queixa t\u00e9cnica em rela\u00e7\u00e3o ao medicamento que faz uso, estes fatos poder\u00e3o ser relatados em \u201cFarmacovigil\u00e2ncia\u201d.<\/p><p>Ser\u00e1 necess\u00e1rio inserir o n\u00famero de processo e a data de nascimento do paciente.<\/p><p>Para que fique claro, os conceitos que devem ser aplicados s\u00e3o:<\/p><p><strong>O que \u00e9 evento adverso?<\/strong><br \/>Evento adverso ou rea\u00e7\u00e3o adversa a medicamentos \u00e9 uma resposta desfavor\u00e1vel e n\u00e3o prevista que podem ocorrer durante o tratamento com um medicamento em doses normalmente utilizadas.<\/p><p><strong>O que \u00e9 queixa t\u00e9cnica?<\/strong><br \/>Queixa t\u00e9cnica a medicamentos \u00e9 quando se observa qualquer suspeita de altera\u00e7\u00e3o ou irregularidade de um medicamento ou empresa relacionada a aspectos t\u00e9cnicos ou legais, como, por exemplo, embalagem faltando um comprimido, subst\u00e2ncia estranha em um l\u00edquido e outros.<\/p><p><strong>O que notificar?<\/strong><br \/>Notificar toda suspeita de evento adverso ou queixa t\u00e9cnica relacionada ao medicamento. Deve ser notificada qualquer altera\u00e7\u00e3o do produto (como aus\u00eancia de informa\u00e7\u00f5es na rotulagem e\/ou bula, altera\u00e7\u00f5es no aspecto, aus\u00eancia de efeito desejado, comprimido faltando no bl\u00edster, presen\u00e7a de part\u00edculas em medicamentos, r\u00f3tulo ileg\u00edvel, etc.), e eventos adversos observados ap\u00f3s o uso do medicamento.<\/p><\/div>\t\t\t\t\t\t\t\t<\/div>\n\t\t\t\t\t<\/div>\n\t\t\t\t<\/div>\n\t\t<div class=\"elementor-element elementor-element-e5016b3 e-flex e-con-boxed e-con e-parent\" data-id=\"e5016b3\" data-element_type=\"container\" data-e-type=\"container\">\n\t\t\t\t\t<div class=\"e-con-inner\">\n\t\t\t\t<div class=\"elementor-element elementor-element-e270424 elementor-widget elementor-widget-html\" data-id=\"e270424\" data-element_type=\"widget\" data-e-type=\"widget\" data-widget_type=\"html.default\">\n\t\t\t\t\t<!DOCTYPE html>\r\n<html lang=\"pt-br\" dir=\"ltr\">\r\n<head>\r\n  <meta http-equiv=\"Content-Type\" content=\"text\/html; charset=UTF-8\" \/>\r\n  <style>\r\n    \/* Estilos para desktop *\/\r\n    .container {\r\n      padding: 10px;\r\n    }\r\n\r\n    .section {\r\n      margin-bottom: 10px;\r\n    }\r\n\r\n    .title {\r\n      text-align: center;\r\n      margin: 0 0 24px;\r\n      color: #0c326f;\r\n      font-weight: 600;\r\n      font-size: 2.2rem;\r\n      line-height: 1.5;\r\n    }\r\n\r\n    .cards {\r\n      display: flex;\r\n      justify-content: space-evenly;\r\n      flex-wrap: wrap;\r\n      margin: 0;\r\n      padding: 0;\r\n      list-style: none;\r\n    }\r\n\r\n    .cards li {\r\n      background-color: #ededed;\r\n      box-shadow: 0 3px 6px 0 rgba(0, 0, 0, 0.16);\r\n      text-align: center;\r\n      flex-basis: 23%;\r\n      box-sizing: border-box;\r\n      min-height: 60px;\r\n      margin-bottom: 0.9em;\r\n      line-height: 1.2em;\r\n      display: list-item;\r\n    }\r\n\r\n    .cards li a {\r\n      display: flex;\r\n      justify-content: center;\r\n      align-items: center;\r\n      flex-direction: column;\r\n      width: 100%;\r\n      height: 100%;\r\n      color: #1351b4;\r\n      font-weight: 600;\r\n      text-decoration: none;\r\n    }\r\n\r\n    .cards li i,\r\n    .cards li span {\r\n      font-size: 10px;\r\n      margin-bottom: 30px;\r\n      color: #0c326f;\r\n      width: auto;\r\n      font-weight: 200;\r\n    }\r\n\r\n    .cards li .title {\r\n      font-size: 15px;\r\n      color: #0c326f;\r\n      font-weight: 500;\r\n      margin: 0;\r\n      text-transform: uppercase;\r\n    }\r\n\r\n    \/* Estilos para telas menores *\/\r\n    @media screen and (max-width: 768px) {\r\n      .cards {\r\n        gap: 20px; \/* Espa\u00e7amento entre os cards *\/\r\n        margin-top: 20px; \/* Margem superior para os cards *\/\r\n      }\r\n      .cards li {\r\n        flex-basis: calc(50% - 20px); \/* Tamanho dos cards com espa\u00e7amento *\/\r\n      }\r\n    }\r\n\r\n    @media screen and (max-width: 480px) {\r\n      .cards {\r\n        gap: 15px; \/* Espa\u00e7amento menor entre os cards *\/\r\n        margin-top: 15px; \/* Margem superior menor para os cards *\/\r\n      }\r\n      .cards li {\r\n        flex-basis: calc(100% - 30px); \/* Tamanho dos cards com espa\u00e7amento menor *\/\r\n      }\r\n    }\r\n  <\/style>\r\n<\/head>\r\n<body>\r\n  <div class=\"container\">\r\n    <div class=\"section\">\r\n      <div class=\"suvisa\">\r\n        \r\n        <ul class=\"cards\">\r\n     \r\n                <li>\r\n                    <a href=\"https:\/\/www.go.gov.br\/tela-orgao\/servico\/solicitar-abertura-de-processo-ou-alteracao-eou-inclusao-de-medicamentos-de-alto-custo--cemac-jb#\/farmacovigilancia\/farmacovigilancia\">\r\n\r\n                        <div class=\"title\">registrar notifica\u00e7\u00e3o<\/div>\r\n                    <\/a>\r\n                <\/li>\r\n               \r\n\r\n  \r\n        <\/ul>\r\n      <\/div>\r\n    <\/div>\r\n  <\/div>\r\n<\/body>\r\n<\/html>\r\n\t\t\t\t<\/div>\n\t\t\t\t\t<\/div>\n\t\t\t\t<\/div>\n\t\t\t\t<\/div>\n\t\t","protected":false},"excerpt":{"rendered":"<p>Orienta\u00e7\u00f5es Caso voc\u00ea tenha algum tipo de evento adverso ou mesmo uma queixa t\u00e9cnica em rela\u00e7\u00e3o ao medicamento que faz uso, estes fatos poder\u00e3o ser relatados em \u201cFarmacovigil\u00e2ncia\u201d. Ser\u00e1 necess\u00e1rio inserir o n\u00famero de processo e a data de nascimento do paciente. Para que fique claro, os conceitos que devem ser aplicados s\u00e3o: O que [&hellip;]<\/p>\n","protected":false},"author":7,"featured_media":0,"parent":37408,"menu_order":0,"comment_status":"closed","ping_status":"closed","template":"","meta":{"footnotes":""},"class_list":["post-37330","page","type-page","status-publish","hentry"],"rttpg_featured_image_url":null,"rttpg_author":{"display_name":"gustavogoncalves","author_link":"https:\/\/goias.gov.br\/saude\/author\/gustavogoncalves\/"},"rttpg_comment":0,"rttpg_category":null,"rttpg_excerpt":"Orienta\u00e7\u00f5es Caso voc\u00ea tenha algum tipo de evento adverso ou mesmo uma queixa t\u00e9cnica em rela\u00e7\u00e3o ao medicamento que faz uso, estes fatos poder\u00e3o ser relatados em \u201cFarmacovigil\u00e2ncia\u201d. Ser\u00e1 necess\u00e1rio inserir o n\u00famero de processo e a data de nascimento do paciente. Para que fique claro, os conceitos que devem ser aplicados s\u00e3o: O que&hellip;","_links":{"self":[{"href":"https:\/\/goias.gov.br\/saude\/wp-json\/wp\/v2\/pages\/37330","targetHints":{"allow":["GET"]}}],"collection":[{"href":"https:\/\/goias.gov.br\/saude\/wp-json\/wp\/v2\/pages"}],"about":[{"href":"https:\/\/goias.gov.br\/saude\/wp-json\/wp\/v2\/types\/page"}],"author":[{"embeddable":true,"href":"https:\/\/goias.gov.br\/saude\/wp-json\/wp\/v2\/users\/7"}],"replies":[{"embeddable":true,"href":"https:\/\/goias.gov.br\/saude\/wp-json\/wp\/v2\/comments?post=37330"}],"version-history":[{"count":2,"href":"https:\/\/goias.gov.br\/saude\/wp-json\/wp\/v2\/pages\/37330\/revisions"}],"predecessor-version":[{"id":631618,"href":"https:\/\/goias.gov.br\/saude\/wp-json\/wp\/v2\/pages\/37330\/revisions\/631618"}],"up":[{"embeddable":true,"href":"https:\/\/goias.gov.br\/saude\/wp-json\/wp\/v2\/pages\/37408"}],"wp:attachment":[{"href":"https:\/\/goias.gov.br\/saude\/wp-json\/wp\/v2\/media?parent=37330"}],"curies":[{"name":"wp","href":"https:\/\/api.w.org\/{rel}","templated":true}]}}