

{"id":37322,"date":"2023-11-24T15:24:02","date_gmt":"2023-11-24T18:24:02","guid":{"rendered":"https:\/\/siteshom.goias.gov.br\/saude\/?page_id=37322"},"modified":"2025-12-03T09:18:09","modified_gmt":"2025-12-03T12:18:09","slug":"gabinete-do-secretario-adjunto","status":"publish","type":"page","link":"https:\/\/goias.gov.br\/saude\/gabinete-do-secretario-adjunto\/","title":{"rendered":"Gabinete do Secret\u00e1rio-Adjunto"},"content":{"rendered":"\t\t<div data-elementor-type=\"wp-page\" data-elementor-id=\"37322\" class=\"elementor elementor-37322\">\n\t\t\t\t<div class=\"elementor-element elementor-element-13deb0a e-flex e-con-boxed e-con e-parent\" data-id=\"13deb0a\" data-element_type=\"container\" data-e-type=\"container\">\n\t\t\t\t\t<div class=\"e-con-inner\">\n\t\t<div class=\"elementor-element elementor-element-d16819c e-con-full e-flex e-con e-child\" data-id=\"d16819c\" data-element_type=\"container\" data-e-type=\"container\">\n\t\t\t\t<div class=\"elementor-element elementor-element-2ac5d5d elementor-widget elementor-widget-text-editor\" data-id=\"2ac5d5d\" data-element_type=\"widget\" data-e-type=\"widget\" data-widget_type=\"text-editor.default\">\n\t\t\t\t\t\t\t\t\t<h3 class=\"sppb-addon-title\">Secret\u00e1rio-Adjunto<\/h3><div class=\"sppb-addon-content\"><p><strong><span class=\"st\">S\u00e9rgio Alberto Cunha Vencio<br \/><\/span><\/strong>(62) 3201-3471<br \/><a href=\"mailto:sergio.vencio@goias.gov.br\">sergio.vencio@goias.gov.br<\/a><\/p><p><strong>Localiza\u00e7\u00e3o:<br \/><\/strong><a href=\"https:\/\/maps.app.goo.gl\/PgPGUEBjn4Faj9iW7\" target=\"_blank\" rel=\"noopener\">Av. SC 1 n\u00ba 299 &#8211; Parque Santa Cruz <br \/>Goi\u00e2nia &#8211; GO<br \/>CEP: 74.860-260<\/a><\/p><\/div>\t\t\t\t\t\t\t\t<\/div>\n\t\t\t\t<\/div>\n\t\t<div class=\"elementor-element elementor-element-1e3bb7c e-con-full e-flex e-con e-child\" data-id=\"1e3bb7c\" data-element_type=\"container\" data-e-type=\"container\">\n\t\t\t\t<div class=\"elementor-element elementor-element-fc79cd9 elementor-widget elementor-widget-text-editor\" data-id=\"fc79cd9\" data-element_type=\"widget\" data-e-type=\"widget\" data-widget_type=\"text-editor.default\">\n\t\t\t\t\t\t\t\t\t<p>O Gabinete do Secret\u00e1rio-Adjunto tem como fun\u00e7\u00e3o, dentre outras, auxiliar o Secret\u00e1rio de Estado da Sa\u00fade na estrutura\u00e7\u00e3o de pol\u00edticas concernentes \u00e0s \u00e1reas da sa\u00fade, assistindo e auxiliando na dire\u00e7\u00e3o, organiza\u00e7\u00e3o, orienta\u00e7\u00e3o, coordena\u00e7\u00e3o e controle das atividades da Pasta, bem como propondo diretrizes e estrat\u00e9gias para subsidiar a tomada de decis\u00e3o do Secret\u00e1rio de Estado da Sa\u00fade.<\/p><p>O Gabinete do Secret\u00e1rio-Adjunto tamb\u00e9m \u00e9 respons\u00e1vel por integrar as atividades das Subsecretarias, fomentando a troca de informa\u00e7\u00f5es e o compartilhamento de boas pr\u00e1ticas, al\u00e9m de supervisionar, monitorar e acompanhar a execu\u00e7\u00e3o dos programas, processos e projetos estrat\u00e9gicos da SES\/GO.<\/p>\t\t\t\t\t\t\t\t<\/div>\n\t\t\t\t<\/div>\n\t\t\t\t\t<\/div>\n\t\t\t\t<\/div>\n\t\t\t\t<\/div>\n\t\t","protected":false},"excerpt":{"rendered":"<p>Secret\u00e1rio-Adjunto S\u00e9rgio Alberto Cunha Vencio(62) 3201-3471sergio.vencio@goias.gov.br Localiza\u00e7\u00e3o:Av. SC 1 n\u00ba 299 &#8211; Parque Santa Cruz Goi\u00e2nia &#8211; GOCEP: 74.860-260 O Gabinete do Secret\u00e1rio-Adjunto tem como fun\u00e7\u00e3o, dentre outras, auxiliar o Secret\u00e1rio de Estado da Sa\u00fade na estrutura\u00e7\u00e3o de pol\u00edticas concernentes \u00e0s \u00e1reas da sa\u00fade, assistindo e auxiliando na dire\u00e7\u00e3o, organiza\u00e7\u00e3o, orienta\u00e7\u00e3o, coordena\u00e7\u00e3o e controle das [&hellip;]<\/p>\n","protected":false},"author":7,"featured_media":0,"parent":0,"menu_order":0,"comment_status":"closed","ping_status":"closed","template":"","meta":{"footnotes":""},"class_list":["post-37322","page","type-page","status-publish","hentry"],"rttpg_featured_image_url":null,"rttpg_author":{"display_name":"gustavogoncalves","author_link":"https:\/\/goias.gov.br\/saude\/author\/gustavogoncalves\/"},"rttpg_comment":0,"rttpg_category":null,"rttpg_excerpt":"Secret\u00e1rio-Adjunto S\u00e9rgio Alberto Cunha Vencio(62) 3201-3471sergio.vencio@goias.gov.br Localiza\u00e7\u00e3o:Av. SC 1 n\u00ba 299 &#8211; Parque Santa Cruz Goi\u00e2nia &#8211; GOCEP: 74.860-260 O Gabinete do Secret\u00e1rio-Adjunto tem como fun\u00e7\u00e3o, dentre outras, auxiliar o Secret\u00e1rio de Estado da Sa\u00fade na estrutura\u00e7\u00e3o de pol\u00edticas concernentes \u00e0s \u00e1reas da sa\u00fade, assistindo e auxiliando na dire\u00e7\u00e3o, organiza\u00e7\u00e3o, orienta\u00e7\u00e3o, coordena\u00e7\u00e3o e controle das&hellip;","_links":{"self":[{"href":"https:\/\/goias.gov.br\/saude\/wp-json\/wp\/v2\/pages\/37322","targetHints":{"allow":["GET"]}}],"collection":[{"href":"https:\/\/goias.gov.br\/saude\/wp-json\/wp\/v2\/pages"}],"about":[{"href":"https:\/\/goias.gov.br\/saude\/wp-json\/wp\/v2\/types\/page"}],"author":[{"embeddable":true,"href":"https:\/\/goias.gov.br\/saude\/wp-json\/wp\/v2\/users\/7"}],"replies":[{"embeddable":true,"href":"https:\/\/goias.gov.br\/saude\/wp-json\/wp\/v2\/comments?post=37322"}],"version-history":[{"count":2,"href":"https:\/\/goias.gov.br\/saude\/wp-json\/wp\/v2\/pages\/37322\/revisions"}],"predecessor-version":[{"id":629737,"href":"https:\/\/goias.gov.br\/saude\/wp-json\/wp\/v2\/pages\/37322\/revisions\/629737"}],"wp:attachment":[{"href":"https:\/\/goias.gov.br\/saude\/wp-json\/wp\/v2\/media?parent=37322"}],"curies":[{"name":"wp","href":"https:\/\/api.w.org\/{rel}","templated":true}]}}