

{"id":37319,"date":"2023-11-24T14:26:52","date_gmt":"2023-11-24T17:26:52","guid":{"rendered":"https:\/\/siteshom.goias.gov.br\/saude\/?page_id=37319"},"modified":"2025-12-02T11:00:12","modified_gmt":"2025-12-02T14:00:12","slug":"institucional","status":"publish","type":"page","link":"https:\/\/goias.gov.br\/saude\/institucional\/","title":{"rendered":"Institucional"},"content":{"rendered":"\t\t<div data-elementor-type=\"wp-page\" data-elementor-id=\"37319\" class=\"elementor elementor-37319\">\n\t\t\t\t<div class=\"elementor-element elementor-element-a870bf8 e-flex e-con-boxed e-con e-parent\" data-id=\"a870bf8\" data-element_type=\"container\" data-e-type=\"container\">\n\t\t\t\t\t<div class=\"e-con-inner\">\n\t\t\t\t<div class=\"elementor-element elementor-element-89ab913 elementor-widget elementor-widget-shortcode\" data-id=\"89ab913\" data-element_type=\"widget\" data-e-type=\"widget\" data-widget_type=\"shortcode.default\">\n\t\t\t\t\t\t\t<div class=\"elementor-shortcode\"><div data-post-id=\"9\" class=\"insert-page insert-page-9 \"><h1 class='insert-page-title'>A Secretaria<\/h1><p>A Secretaria de Estado da Sa\u00fade (SES-GO) \u00e9 um \u00f3rg\u00e3o da administra\u00e7\u00e3o direta do Poder Executivo do Estado de Goi\u00e1s, criado pela Lei no 3.999, de 14 de novembro de 1961, item 2, inciso I, art. 6\u00ba.<\/p>\n<p>Compete \u00e0 Secretaria de Estado da Sa\u00fade:<\/p>\n<p>I &#8211; a formula\u00e7\u00e3o e a execu\u00e7\u00e3o da pol\u00edtica estadual de sa\u00fade p\u00fablica;<br \/>\nII &#8211; o exerc\u00edcio do poder de pol\u00edcia sobre as atividades relacionadas com servi\u00e7os de sa\u00fade, produ\u00e7\u00e3o de alimentos, drogas e medicamentos;<br \/>\nIII &#8211; a gest\u00e3o, a coordena\u00e7\u00e3o e a fiscaliza\u00e7\u00e3o do Sistema \u00danico de Sa\u00fade \u2013 SUS no Estado de Goi\u00e1s;<br \/>\nIV &#8211; a administra\u00e7\u00e3o dos sistemas de vigil\u00e2ncia epidemiol\u00f3gica, sanit\u00e1ria, ambiental em sa\u00fade, de sa\u00fade do trabalhador e da rede estadual de laborat\u00f3rios de sa\u00fade p\u00fablica; e<br \/>\nV &#8211; a promo\u00e7\u00e3o da pesquisa cient\u00edfica e da educa\u00e7\u00e3o profissional e tecnol\u00f3gica, em busca da forma\u00e7\u00e3o, da capacita\u00e7\u00e3o e da qualifica\u00e7\u00e3o para o servi\u00e7o p\u00fablico na \u00e1rea da sa\u00fade.<\/p>\n<p style=\"text-align: right;\">(DECRETO N\u00ba 10.687, DE 25 DE ABRIL DE 2025)<\/p>\n<p><strong>Planejamento Estrat\u00e9gico 2024-2027<\/strong><\/p>\n<ul>\n<li><strong>MISS\u00c3O:\u00a0<\/strong>Liderar a Pol\u00edtica Estadual de Sa\u00fade com \u00eanfase na regionaliza\u00e7\u00e3o, promovendo maior satisfa\u00e7\u00e3o e melhoria da sa\u00fade da popula\u00e7\u00e3o no Estado de Goi\u00e1s.<\/li>\n<li><strong>VIS\u00c3O:\u00a0<\/strong>Ser refer\u00eancia na regionaliza\u00e7\u00e3o, na regula\u00e7\u00e3o do acesso e na efici\u00eancia operacional e financeira em sa\u00fade at\u00e9 2027.<\/li>\n<li><strong>VALORES: <\/strong>Esp\u00edrito de Corpo, Transpar\u00eancia, Empatia, Excel\u00eancia e Inova\u00e7\u00e3o.<\/li>\n<\/ul>\n<p><strong><a href=\"https:\/\/goias.gov.br\/saude\/wp-content\/uploads\/sites\/34\/2025\/04\/regulamento-ses-go.pdf\" target=\"_blank\" rel=\"noopener\">Regulamento da Secretaria de Estado da Sa\u00fade<\/a><\/strong><\/p>\n<ul class='post-meta'>\n<li><span class='post-meta-key'>author_alias:<\/span> Joomla<\/li>\n<li><span class='post-meta-key'>rank_math_og_content_image:<\/span> a:2:{s:5:\"check\";s:32:\"f93233498495afafaf0ed65f705630b2\";s:6:\"images\";a:1:{i:0;i:7;}}<\/li>\n<li><span class='post-meta-key'>tpg-post-view-count:<\/span> 1256<\/li>\n<li><span class='post-meta-key'>rank_math_primary_category:<\/span> 2<\/li>\n<li><span class='post-meta-key'>rank_math_seo_score:<\/span> 9<\/li>\n<li><span class='post-meta-key'>rank_math_internal_links_processed:<\/span> 1<\/li>\n<\/ul>\n<\/div><\/div>\n\t\t\t\t\t\t<\/div>\n\t\t\t\t\t<\/div>\n\t\t\t\t<\/div>\n\t\t<div class=\"elementor-element elementor-element-33ff3a0 e-flex e-con-boxed e-con e-parent\" data-id=\"33ff3a0\" data-element_type=\"container\" data-e-type=\"container\">\n\t\t\t\t\t<div class=\"e-con-inner\">\n\t\t<div class=\"elementor-element elementor-element-2110155 e-con-full e-flex e-con e-child\" data-id=\"2110155\" data-element_type=\"container\" data-e-type=\"container\">\n\t\t\t\t<div class=\"elementor-element elementor-element-3504764 elementor-widget elementor-widget-shortcode\" data-id=\"3504764\" data-element_type=\"widget\" data-e-type=\"widget\" data-widget_type=\"shortcode.default\">\n\t\t\t\t\t\t\t<div class=\"elementor-shortcode\"><div data-post-id=\"18\" class=\"insert-page insert-page-18 \"><h1 class='insert-page-title'>Canais de Atendimento<\/h1><p>Atendimento presencial: <strong>08h \u00e0s 12h<\/strong>\u00a0e\u00a0<strong>14h \u00e0s 18h, de segunda \u00e0 sexta.<\/strong><\/p>\n<p><strong>Recep\u00e7\u00e3o: <\/strong>(62) 3201-3479<br \/>\n<strong>Ouvidoria:<\/strong>\u00a00800 643 3700<br \/>\n<strong>E-mail Protocolo:<\/strong>\u00a0<a href=\"mailto:protocolo.saude@goias.gov.br\">protocolo.saude@goias.gov.br<\/a><br \/>\n<strong>E-mail Gabinete:<\/strong> <a href=\"mailto:secretario.saude@goias.gov.br\">secretario.saude@goias.gov.br<\/a><br \/>\n<strong>Endere\u00e7o:<\/strong>\u00a0Avenida SC1 n\u00b0 299, Parque Santa Cruz &#8211; Goi\u00e2nia &#8211; GO. CEP: 74860-260<\/p>\n<p><span id=\"more-18\"><\/span><\/p>\n<hr \/>\n<p>Para informa\u00e7\u00f5es de imprensa, entre em contato com a <a href=\"https:\/\/goias.gov.br\/saude\/equipe-sala-de-imprensa\/\" target=\"_blank\" rel=\"noopener\">Comunica\u00e7\u00e3o Setorial<\/a>.<\/p>\n<p><a href=\"https:\/\/goias.gov.br\/saude\/enderecos-telefones-e-mails-e-horarios-de-atendimento\/\" target=\"_blank\" rel=\"noopener\">Telefones, endere\u00e7os e hor\u00e1rios de atendimentos das unidades<\/a>.<\/p>\n<p>Caso queria fazer algum pedido de informa\u00e7\u00e3o, elogios ou reclama\u00e7\u00f5es,\u00a0<a href=\"https:\/\/www.go.gov.br\/servicos-digitais\/cge\/nova-ouvidoria\/nova-manifestacao?orgao=43\" target=\"_blank\" rel=\"noopener\">acesse a p\u00e1gina de ouvidoria da CGE<\/a>.<\/p>\n<ul class='post-meta'>\n<li><span class='post-meta-key'>tpg-post-view-count:<\/span> 672<\/li>\n<li><span class='post-meta-key'>footnotes:<\/span> <\/li>\n<\/ul>\n<\/div><\/div>\n\t\t\t\t\t\t<\/div>\n\t\t\t\t<div class=\"elementor-element elementor-element-a990bd7 elementor-widget elementor-widget-text-editor\" data-id=\"a990bd7\" data-element_type=\"widget\" data-e-type=\"widget\" data-widget_type=\"text-editor.default\">\n\t\t\t\t\t\t\t\t\t<h3 class=\"sppb-addon-title\">Estrutura Organizacional<\/h3><p style=\"text-align: justify;\">A Secretaria de Estado da Sa\u00fade (SES-GO) conta com o gabinete do secret\u00e1rio, gabinete do secret\u00e1rio-adjunto, tr\u00eas subsecretarias e treze superintend\u00eancias respons\u00e1veis por planejar, organizar e coordenar as pol\u00edticas de sa\u00fade da administra\u00e7\u00e3o p\u00fablica estadual, garantindo aten\u00e7\u00e3o integral \u00e0 sa\u00fade da popula\u00e7\u00e3o, por meio de a\u00e7\u00f5es de preven\u00e7\u00e3o, promo\u00e7\u00e3o, assist\u00eancia e reabilita\u00e7\u00e3o.<\/p><h4 class=\"entry-title\"><a title=\"Superintend\u00eancia de Gest\u00e3o Integrada\" href=\"https:\/\/goias.gov.br\/saude\/superintendencia-de-gestao-integrada\/\" target=\"_blank\" rel=\"noopener\">Superintend\u00eancia de Gest\u00e3o Integrada<\/a><\/h4><h4 class=\"sppb-addon-title sppb-feature-box-title\"><a href=\"https:\/\/goias.gov.br\/saude\/gabinete-do-secretario-adjunto\/\" target=\"_blank\" rel=\"noopener\">Gabinete do Secret\u00e1rio-Adjunto<\/a><\/h4><h4 class=\"sppb-addon-title sppb-feature-box-title\"><a href=\"https:\/\/goias.gov.br\/saude\/subsecretaria-de-vigilancia-em-saude-suvisa\/\" target=\"_blank\" rel=\"noopener\">Subsecretaria de Vigil\u00e2ncia em Sa\u00fade<\/a><\/h4><ul><li><a href=\"https:\/\/goias.gov.br\/saude\/superintendencia-de-vigilancia-epidemiologica-e-imunizacao\/\" target=\"_blank\" rel=\"noopener\">Superintend\u00eancia de Vigil\u00e2ncia Epidemiol\u00f3gica e Imuniza\u00e7\u00e3o<\/a><\/li><li><a href=\"https:\/\/goias.gov.br\/saude\/superintendencia-de-vigilancia-sanitaria-ambiental-e-saude-do-trabalhador\/\" target=\"_blank\" rel=\"noopener\">Superintend\u00eancia de Vigil\u00e2ncia Sanit\u00e1ria, Ambiental e de Sa\u00fade do Trabalhador<\/a><\/li><\/ul><h4 class=\"sppb-addon-title sppb-feature-box-title\"><a href=\"https:\/\/goias.gov.br\/saude\/subsecretaria-de-politicas-e-acoes-em-saude\/\" target=\"_blank\" rel=\"noopener\">Subsecretaria de Pol\u00edticas e A\u00e7\u00f5es em Sa\u00fade<\/a><\/h4><ul><li><a class=\"\" href=\"https:\/\/goias.gov.br\/saude\/superintendencia-de-regulacao-controle-e-avaliacao\/\">Superintend\u00eancia de Regula\u00e7\u00e3o, Controle e Avalia\u00e7\u00e3o<\/a><\/li><li><a href=\"https:\/\/goias.gov.br\/saude\/superintendencia-de-politicas-e-atencao-integral-a-saude\/\" target=\"_blank\" rel=\"noopener\">Superintend\u00eancia de Pol\u00edticas e Aten\u00e7\u00e3o Integral \u00e0 Sa\u00fade<\/a><\/li><li><a class=\"\" href=\"https:\/\/goias.gov.br\/saude\/superintendencia-de-monitoramento-dos-contratos-de-gestao-e-convenios\/\">Superintend\u00eancia de Monitoramento dos Contratos de Gest\u00e3o e Conv\u00eanios<\/a><\/li><li><a href=\"https:\/\/goias.gov.br\/saude\/superintendencia-de-regionalizacao\/\" target=\"_blank\" rel=\"noopener\">Superintend\u00eancia de Regionaliza\u00e7\u00e3o<\/a><\/li><\/ul><h4 class=\"sppb-addon-title sppb-feature-box-title\"><a href=\"https:\/\/goias.gov.br\/saude\/subsecretaria-de-inovacao-planejamento-educacao-e-infraestrutura-subipei\/\" target=\"_blank\" rel=\"noopener\">Subsecretaria de Inova\u00e7\u00e3o, Planejamento, Educa\u00e7\u00e3o e Infraestrutura<\/a><\/h4><ul><li><a href=\"https:\/\/goias.gov.br\/saude\/superintendencia-de-tecnologia-inovacao-e-saude-digital\/\" target=\"_blank\" rel=\"noopener\">Superintend\u00eancia de Tecnologia, Inova\u00e7\u00e3o e Sa\u00fade Digital<\/a><\/li><li><a href=\"https:\/\/goias.gov.br\/saude\/superintendencia-de-planejamento\/\">Superintend\u00eancia de Planejamento<\/a><\/li><li><a href=\"https:\/\/goias.gov.br\/saude\/superintendencia-da-escola-de-saude-de-goias\/\" target=\"_blank\" rel=\"noopener\">Superintend\u00eancia da Escola de Sa\u00fade de Goi\u00e1s<\/a><\/li><li><a href=\"https:\/\/goias.gov.br\/saude\/superintendencia-de-infraestrutura\/\">Superintend\u00eancia de Infraestrutura<\/a><\/li><\/ul><h4 class=\"sppb-addon-title sppb-feature-box-title\"><a href=\"https:\/\/goias.gov.br\/saude\/subsecretaria-de-controle-interno-e-compliance-subcic\/\" target=\"_blank\" rel=\"noopener\">Subsecretaria de Controle Interno e Compliance<\/a><\/h4><ul><li><a href=\"https:\/\/goias.gov.br\/saude\/superintendencia-de-governo-aberto-e-participacao-cidada\/\" target=\"_blank\" rel=\"noopener\">Superintend\u00eancia de Governo Aberto e Participa\u00e7\u00e3o Cidad\u00e3<\/a><\/li><li><a href=\"https:\/\/goias.gov.br\/saude\/superintendencia-de-controle-interno-e-correicao\/\">Superintend\u00eancia de Controle Interno e Correi\u00e7\u00e3o<\/a><\/li><\/ul><p><a href=\"https:\/\/goias.gov.br\/administracao\/wp-content\/uploads\/sites\/27\/2024\/11\/SES-4-15-2.pdf\" target=\"_blank\" rel=\"noopener\">Conhe\u00e7a tamb\u00e9m o nosso organograma<\/a><br \/><a href=\"https:\/\/goias.gov.br\/saude\/cargos-e-seus-ocupantes\/\" target=\"_blank\" rel=\"noopener\" data-cke-saved-href=\"a-secretaria\/cargos-e-seus-ocupantes\">Saiba quem \u00e9 quem em cargos e seus ocupantes<\/a><\/p>\t\t\t\t\t\t\t\t<\/div>\n\t\t\t\t<\/div>\n\t\t<div class=\"elementor-element elementor-element-7f5bc3c e-con-full e-flex e-con e-child\" data-id=\"7f5bc3c\" data-element_type=\"container\" data-e-type=\"container\">\n\t\t\t\t<div class=\"elementor-element elementor-element-a88b8ef elementor-widget elementor-widget-shortcode\" data-id=\"a88b8ef\" data-element_type=\"widget\" data-e-type=\"widget\" data-widget_type=\"shortcode.default\">\n\t\t\t\t\t\t\t<div class=\"elementor-shortcode\"><div data-post-id=\"20\" class=\"insert-page insert-page-20 \"><h1 class='insert-page-title'>Perfil do Secret\u00e1rio<\/h1><p><img fetchpriority=\"high\" fetchpriority=\"high\" decoding=\"async\" id=\"\" class=\"aligncenter wp-image-40957 size-full\" src=\"https:\/\/goias.gov.br\/saude\/wp-content\/uploads\/sites\/34\/2018\/07\/secretario-rasivel-scaled.jpg\" alt=\"\" width=\"1706\" height=\"2560\" srcset=\"https:\/\/goias.gov.br\/saude\/wp-content\/uploads\/sites\/34\/2018\/07\/secretario-rasivel-scaled.jpg 1706w, https:\/\/goias.gov.br\/saude\/wp-content\/uploads\/sites\/34\/2018\/07\/secretario-rasivel-200x300.jpg 200w, https:\/\/goias.gov.br\/saude\/wp-content\/uploads\/sites\/34\/2018\/07\/secretario-rasivel-683x1024.jpg 683w, https:\/\/goias.gov.br\/saude\/wp-content\/uploads\/sites\/34\/2018\/07\/secretario-rasivel-768x1152.jpg 768w, https:\/\/goias.gov.br\/saude\/wp-content\/uploads\/sites\/34\/2018\/07\/secretario-rasivel-1024x1536.jpg 1024w, https:\/\/goias.gov.br\/saude\/wp-content\/uploads\/sites\/34\/2018\/07\/secretario-rasivel-1365x2048.jpg 1365w\" sizes=\"(max-width: 1706px) 100vw, 1706px\" \/><\/p>\n<h2><strong>Ras\u00edvel Santos<\/strong><\/h2>\n<p>Secret\u00e1rio de Estado da Sa\u00fade de Goi\u00e1s<\/p>\n<p style=\"text-align: justify;\" data-start=\"261\" data-end=\"492\">Natural de S\u00e3o Roque de Minas (MG), o m\u00e9dico emergencista Rasivel dos Reis Santos J\u00fanior est\u00e1 \u00e0 frente da Secretaria de Estado da Sa\u00fade de Goi\u00e1s desde janeiro de 2022. Em 2024, tamb\u00e9m passou a integrar o conselho fiscal da Saneago.<\/p>\n<p data-start=\"494\" data-end=\"519\"><strong data-start=\"494\" data-end=\"519\">Forma\u00e7\u00e3o profissional<\/strong><\/p>\n<p style=\"text-align: justify;\" data-start=\"521\" data-end=\"772\">Rasivel Santos tem ampla experi\u00eancia na gest\u00e3o p\u00fablica em sa\u00fade e na medicina de emerg\u00eancia. Atuou como secret\u00e1rio de Sa\u00fade do munic\u00edpio de Betim (MG), subsecret\u00e1rio de Estado da Sa\u00fade de Minas Gerais e coordenador estadual de Urg\u00eancia e Emerg\u00eancia.<\/p>\n<p style=\"text-align: justify;\" data-start=\"774\" data-end=\"1005\">Foi m\u00e9dico da Sala de Emerg\u00eancia do Hospital das Cl\u00ednicas da UFMG e da Unimed Aerom\u00e9dica. No Hospital S\u00edrio-Liban\u00eas, em S\u00e3o Paulo, atuou no Projeto Lean nas Emerg\u00eancias como m\u00e9dico s\u00eanior e, posteriormente, como coordenador m\u00e9dico.<\/p>\n<p style=\"text-align: justify;\" data-start=\"1007\" data-end=\"1342\">Entre os principais resultados de sua carreira est\u00e3o a idealiza\u00e7\u00e3o e lideran\u00e7a nacional na implanta\u00e7\u00e3o do Projeto Lean nas Emerg\u00eancias em mais de 200 hospitais, al\u00e9m da atua\u00e7\u00e3o estrat\u00e9gica durante a pandemia de Covid-19, com a cria\u00e7\u00e3o de Gabinetes de Crise em todos os estados e em mais de 300 hospitais.<\/p>\n<p style=\"text-align: justify;\" data-start=\"1344\" data-end=\"1566\">Tamb\u00e9m coordenou a implanta\u00e7\u00e3o do SAMU Regional e das Redes de Urg\u00eancia e Emerg\u00eancia em Minas Gerais, al\u00e9m da cria\u00e7\u00e3o do Suporte Aerom\u00e9dico Avan\u00e7ado de Vida (SAAV) no estado, com a aquisi\u00e7\u00e3o de helic\u00f3ptero biturbina H-145.<\/p>\n<p data-start=\"1568\" data-end=\"1590\"><strong data-start=\"1568\" data-end=\"1590\">Forma\u00e7\u00e3o acad\u00eamica<\/strong><\/p>\n<p style=\"text-align: justify;\" data-start=\"1592\" data-end=\"2013\">\u00c9 graduado em Medicina pela Universidade Federal de Minas Gerais (UFMG) e especialista em Medicina de Emerg\u00eancia. Tamb\u00e9m \u00e9 Executivo em Sa\u00fade pela Funda\u00e7\u00e3o Get\u00falio Vargas (FGV), possui certifica\u00e7\u00e3o Green Belt em Lean Six Sigma pela Funda\u00e7\u00e3o Vanzolini e forma\u00e7\u00e3o em Gest\u00e3o Avan\u00e7ada pela Amana-Key. Em 2009, participou do programa <em data-start=\"1921\" data-end=\"1956\">Management of Health Care Systems<\/em> na Universidade Eberhard Karls de T\u00fcbingen, na Alemanha.<\/p>\n<p style=\"text-align: justify;\">\n<ul class='post-meta'>\n<li><span class='post-meta-key'>tpg-post-view-count:<\/span> 1001<\/li>\n<li><span class='post-meta-key'>rank_math_seo_score:<\/span> 8<\/li>\n<li><span class='post-meta-key'>rank_math_primary_category:<\/span> 2<\/li>\n<li><span class='post-meta-key'>rank_math_og_content_image:<\/span> a:2:{s:5:\"check\";s:32:\"31de6b633edc1b936ac31ec8fa1f71a1\";s:6:\"images\";a:1:{i:0;i:40957;}}<\/li>\n<li><span class='post-meta-key'>rank_math_internal_links_processed:<\/span> 1<\/li>\n<li><span class='post-meta-key'>ao_post_optimize:<\/span> a:6:{s:16:\"ao_post_optimize\";s:2:\"on\";s:19:\"ao_post_js_optimize\";s:2:\"on\";s:20:\"ao_post_css_optimize\";s:2:\"on\";s:12:\"ao_post_ccss\";s:2:\"on\";s:16:\"ao_post_lazyload\";s:2:\"on\";s:15:\"ao_post_preload\";s:0:\"\";}<\/li>\n<\/ul>\n<\/div><\/div>\n\t\t\t\t\t\t<\/div>\n\t\t\t\t<\/div>\n\t\t\t\t\t<\/div>\n\t\t\t\t<\/div>\n\t\t\t\t<\/div>\n\t\t","protected":false},"excerpt":{"rendered":"<p>Estrutura Organizacional A Secretaria de Estado da Sa\u00fade (SES-GO) conta com o gabinete do secret\u00e1rio, gabinete do secret\u00e1rio-adjunto, tr\u00eas subsecretarias e treze superintend\u00eancias respons\u00e1veis por planejar, organizar e coordenar as pol\u00edticas de sa\u00fade da administra\u00e7\u00e3o p\u00fablica estadual, garantindo aten\u00e7\u00e3o integral \u00e0 sa\u00fade da popula\u00e7\u00e3o, por meio de a\u00e7\u00f5es de preven\u00e7\u00e3o, promo\u00e7\u00e3o, assist\u00eancia e reabilita\u00e7\u00e3o. Superintend\u00eancia [&hellip;]<\/p>\n","protected":false},"author":7,"featured_media":0,"parent":0,"menu_order":0,"comment_status":"closed","ping_status":"closed","template":"wppb_theme_template","meta":{"footnotes":""},"class_list":["post-37319","page","type-page","status-publish","hentry"],"rttpg_featured_image_url":null,"rttpg_author":{"display_name":"gustavogoncalves","author_link":"https:\/\/goias.gov.br\/saude\/author\/gustavogoncalves\/"},"rttpg_comment":0,"rttpg_category":"","rttpg_excerpt":"Estrutura Organizacional A Secretaria de Estado da Sa\u00fade (SES-GO) conta com o gabinete do secret\u00e1rio, gabinete do secret\u00e1rio-adjunto, tr\u00eas subsecretarias e treze superintend\u00eancias respons\u00e1veis por planejar, organizar e coordenar as pol\u00edticas de sa\u00fade da administra\u00e7\u00e3o p\u00fablica estadual, garantindo aten\u00e7\u00e3o integral \u00e0 sa\u00fade da popula\u00e7\u00e3o, por meio de a\u00e7\u00f5es de preven\u00e7\u00e3o, promo\u00e7\u00e3o, assist\u00eancia e reabilita\u00e7\u00e3o. Superintend\u00eancia&hellip;","_links":{"self":[{"href":"https:\/\/goias.gov.br\/saude\/wp-json\/wp\/v2\/pages\/37319","targetHints":{"allow":["GET"]}}],"collection":[{"href":"https:\/\/goias.gov.br\/saude\/wp-json\/wp\/v2\/pages"}],"about":[{"href":"https:\/\/goias.gov.br\/saude\/wp-json\/wp\/v2\/types\/page"}],"author":[{"embeddable":true,"href":"https:\/\/goias.gov.br\/saude\/wp-json\/wp\/v2\/users\/7"}],"replies":[{"embeddable":true,"href":"https:\/\/goias.gov.br\/saude\/wp-json\/wp\/v2\/comments?post=37319"}],"version-history":[{"count":3,"href":"https:\/\/goias.gov.br\/saude\/wp-json\/wp\/v2\/pages\/37319\/revisions"}],"predecessor-version":[{"id":622822,"href":"https:\/\/goias.gov.br\/saude\/wp-json\/wp\/v2\/pages\/37319\/revisions\/622822"}],"wp:attachment":[{"href":"https:\/\/goias.gov.br\/saude\/wp-json\/wp\/v2\/media?parent=37319"}],"curies":[{"name":"wp","href":"https:\/\/api.w.org\/{rel}","templated":true}]}}