

{"id":309622,"date":"2025-04-01T07:59:19","date_gmt":"2025-04-01T10:59:19","guid":{"rendered":"https:\/\/goias.gov.br\/saude\/?page_id=309622"},"modified":"2025-12-03T09:35:30","modified_gmt":"2025-12-03T12:35:30","slug":"ecopis-2025","status":"publish","type":"page","link":"https:\/\/goias.gov.br\/saude\/ecopis-2025\/","title":{"rendered":"Encontro Centro-Oeste de Pr\u00e1ticas Integrativas em Sa\u00fade &#8211; ECOPIS"},"content":{"rendered":"\t\t<div data-elementor-type=\"wp-page\" data-elementor-id=\"309622\" class=\"elementor elementor-309622\">\n\t\t\t\t<div class=\"elementor-element elementor-element-cc2ef0b e-flex e-con-boxed e-con e-parent\" data-id=\"cc2ef0b\" data-element_type=\"container\" data-e-type=\"container\">\n\t\t\t\t\t<div class=\"e-con-inner\">\n\t\t\t\t<div class=\"elementor-element elementor-element-95b6c27 elementor-widget elementor-widget-image\" data-id=\"95b6c27\" data-element_type=\"widget\" data-e-type=\"widget\" data-widget_type=\"image.default\">\n\t\t\t\t\t\t\t\t\t\t\t\t\t\t\t<img fetchpriority=\"high\" decoding=\"async\" width=\"1600\" height=\"343\" src=\"https:\/\/goias.gov.br\/saude\/wp-content\/uploads\/sites\/34\/2025\/08\/0608-banner-ecopis.jpeg\" class=\"attachment-full size-full wp-image-459210\" alt=\"\" srcset=\"https:\/\/goias.gov.br\/saude\/wp-content\/uploads\/sites\/34\/2025\/08\/0608-banner-ecopis.jpeg 1600w, https:\/\/goias.gov.br\/saude\/wp-content\/uploads\/sites\/34\/2025\/08\/0608-banner-ecopis-300x64.jpeg 300w, https:\/\/goias.gov.br\/saude\/wp-content\/uploads\/sites\/34\/2025\/08\/0608-banner-ecopis-1024x220.jpeg 1024w, https:\/\/goias.gov.br\/saude\/wp-content\/uploads\/sites\/34\/2025\/08\/0608-banner-ecopis-768x165.jpeg 768w, https:\/\/goias.gov.br\/saude\/wp-content\/uploads\/sites\/34\/2025\/08\/0608-banner-ecopis-1536x329.jpeg 1536w\" sizes=\"(max-width: 1600px) 100vw, 1600px\" \/>\t\t\t\t\t\t\t\t\t\t\t\t\t\t\t<\/div>\n\t\t\t\t\t<\/div>\n\t\t\t\t<\/div>\n\t\t<div class=\"elementor-element elementor-element-a0c68a4 e-flex e-con-boxed e-con e-parent\" data-id=\"a0c68a4\" data-element_type=\"container\" data-e-type=\"container\">\n\t\t\t\t\t<div class=\"e-con-inner\">\n\t\t\t\t<div class=\"elementor-element elementor-element-8dcd567 elementor-widget elementor-widget-text-editor\" data-id=\"8dcd567\" data-element_type=\"widget\" data-e-type=\"widget\" data-widget_type=\"text-editor.default\">\n\t\t\t\t\t\t\t\t\t<div style=\"padding: 10px; background-color: #ededed; border-radius: 4px;\"><h4 style=\"text-align: center; background-color: #00549a; color: #fff; margin: -10px -10px 0 -10px; border-top-right-radius: 4px; border-top-left-radius: 4px; padding: 10px 0;\">Sejam bem-vindos ao ECOPIS 2025!<\/h4><p style=\"text-align: center;\">Um encontro no cora\u00e7\u00e3o do Brasil, onde a sa\u00fade \u00e9 cuidada com afeto, saber ci\u00eancia e integra\u00e7\u00e3o.<\/p><p style=\"text-align: justify;\">Com aten\u00e7\u00e3o \u00e0s vozes dos territ\u00f3rios e compromisso com o cuidado integral, celebramos a chegada do 3\u00ba Encontro Centro-Oeste de Pr\u00e1ticas Integrativas em Sa\u00fade (ECOPIS) \u2014 um espa\u00e7o constru\u00eddo para o fortalecimento de v\u00ednculos, a troca de saberes e a reafirma\u00e7\u00e3o de uma sa\u00fade mais humana, integrada e enraizada nas realidades locais.<\/p><div style=\"text-align: justify;\"><b>Sobre o evento<\/b><\/div><div style=\"text-align: justify;\">\u00c9 com grande alegria que recebemos voc\u00ea no 3\u00ba ECOPIS, realizado em solo goiano \u2013 terra de gente acolhedora, de sabores marcantes e da for\u00e7a viva do Cerrado brasileiro.<\/div><div style=\"text-align: justify;\">\u00a0<\/div><div style=\"text-align: justify;\">Este evento do Planalto Central, ber\u00e7o das nascentes que alimentam os principais rios do Brasil, e que, assim como as Pr\u00e1ticas Integrativas e Complementares em Sa\u00fade (PICS), simboliza o fluir da vida, da cura e da conex\u00e3o com a natureza.<\/div><div style=\"text-align: justify;\">\u00a0<\/div><div style=\"text-align: justify;\"><b>Nosso objetivo<\/b><\/div><div style=\"text-align: justify;\">Fortalecer a Pol\u00edtica Nacional de Pr\u00e1ticas Integrativas e Complementares no SUS (PNPIC), promovendo o di\u00e1logo entre saberes, a forma\u00e7\u00e3o de redes de cuidado e a qualifica\u00e7\u00e3o de profissionais de sa\u00fade, gestores, acad\u00eamicos e demais parceiros. Atuamos de forma colaborativa, com foco nos estados de Goi\u00e1s, Mato Grosso, Mato Grosso do Sul e Distrito Federal, ampliando pr\u00e1ticas que contribuem para um modelo de aten\u00e7\u00e3o mais sens\u00edvel \u00e0s pessoas e aos territ\u00f3rios.<\/div><div style=\"text-align: justify;\">\u00a0<\/div><div style=\"text-align: justify;\">Mais que um evento t\u00e9cnico-cient\u00edfico, o ECOPIS \u00e9 um convite ao reencontro com pr\u00e1ticas que unem ci\u00eancia, tradi\u00e7\u00e3o e humanidade \u2014 numa regi\u00e3o onde a natureza inspira e a cultura acolhe.<\/div><div style=\"text-align: justify;\">\u00a0<\/div><div style=\"text-align: justify;\"><b>Por que participar?<\/b><\/div><div style=\"text-align: justify;\">Porque acreditamos que cuidar da sa\u00fade tamb\u00e9m \u00e9 cuidar das rela\u00e7\u00f5es, do ambiente e da espiritualidade. E aqui, no cora\u00e7\u00e3o do Brasil, queremos construir juntos novos caminhos para uma sa\u00fade mais afetiva, integral e sustent\u00e1vel.<\/div><div style=\"text-align: justify;\">\u00a0<\/div><div style=\"text-align: justify;\"><b>Sobre as PICS<\/b><\/div><div style=\"text-align: justify;\">As Pr\u00e1ticas Integrativas e Complementares em Sa\u00fade (PICS) s\u00e3o recursos terap\u00eauticos voltados \u00e0 preven\u00e7\u00e3o de agravos, promo\u00e7\u00e3o e recupera\u00e7\u00e3o da sa\u00fade, com \u00eanfase na escuta acolhedora, no cuidado continuado e na valoriza\u00e7\u00e3o do v\u00ednculo entre o ser humano, o ambiente e a sociedade.<\/div><div style=\"text-align: justify;\">\u00a0<\/div><div style=\"text-align: justify;\">Oferecidas no SUS, por meio da PNPIC, as PICS ampliam as possibilidades de cuidado, trazendo pr\u00e1ticas como a fitoterapia, a medita\u00e7\u00e3o, a acupuntura, o reiki, a aromaterapia, entre outras. Elas s\u00e3o transversais, podendo ser implementadas em todos os n\u00edveis de aten\u00e7\u00e3o, com destaque para a Aten\u00e7\u00e3o Prim\u00e1ria \u00e0 Sa\u00fade.<\/div><\/div>\t\t\t\t\t\t\t\t<\/div>\n\t\t\t\t\t<\/div>\n\t\t\t\t<\/div>\n\t\t<div class=\"elementor-element elementor-element-be90bf6 e-flex e-con-boxed e-con e-parent\" data-id=\"be90bf6\" data-element_type=\"container\" data-e-type=\"container\">\n\t\t\t\t\t<div class=\"e-con-inner\">\n\t\t\t\t<div class=\"elementor-element elementor-element-025f787 elementor-widget elementor-widget-html\" data-id=\"025f787\" data-element_type=\"widget\" data-e-type=\"widget\" data-widget_type=\"html.default\">\n\t\t\t\t\t<!DOCTYPE html>\r\n<html lang=\"pt-br\" dir=\"ltr\">\r\n<head>\r\n  <meta http-equiv=\"Content-Type\" content=\"text\/html; charset=UTF-8\" \/>\r\n  <style>\r\n    \/* Estilos para desktop *\/\r\n    .container {\r\n      padding: 20px;\r\n    }\r\n\r\n    .section {\r\n      margin-bottom: 40px;\r\n    }\r\n\r\n    .title {\r\n      text-align: center;\r\n      margin: 0 0 24px;\r\n      color: #0c326f;\r\n      font-weight: 600;\r\n      font-size: 2.7rem;\r\n      line-height: 1.5;\r\n    }\r\n\r\n    .cards {\r\n      display: flex;\r\n      justify-content: space-evenly;\r\n      flex-wrap: wrap;\r\n      margin: 0;\r\n      padding: 0;\r\n      list-style: none;\r\n    }\r\n\r\n    .cards li {\r\n      background-color: #ededed;\r\n      box-shadow: 0 3px 6px 0 rgba(0, 0, 0, 0.16);\r\n      text-align: center;\r\n      flex-basis: 23%;\r\n      box-sizing: border-box;\r\n      min-height: 230px;\r\n      margin-bottom: 1.2em;\r\n      line-height: 1.5em;\r\n      display: list-item;\r\n    }\r\n\r\n    .cards li a {\r\n      display: flex;\r\n      justify-content: center;\r\n      align-items: center;\r\n      flex-direction: column;\r\n      width: 100%;\r\n      height: 100%;\r\n      color: #1351b4;\r\n      font-weight: 500;\r\n      text-decoration: none;\r\n    }\r\n\r\n    .cards li i,\r\n    .cards li span {\r\n      font-size: 50px;\r\n      margin-bottom: 30px;\r\n      color: #0c326f;\r\n      width: auto;\r\n      font-weight: 900;\r\n    }\r\n\r\n    .cards li .title {\r\n      font-size: 20px;\r\n      color: #0c326f;\r\n      font-weight: 600;\r\n      margin: 0;\r\n      text-transform: uppercase;\r\n    }\r\n\r\n    \/* Estilos para telas menores *\/\r\n    @media screen and (max-width: 768px) {\r\n      .cards {\r\n        gap: 20px; \/* Espa\u00e7amento entre os cards *\/\r\n        margin-top: 20px; margin-bottom: 20px;\/* Margem superior para os cards *\/\r\n      }\r\n      .cards li {\r\n        flex-basis: calc(50% - 20px); \/* Tamanho dos cards com espa\u00e7amento *\/\r\n      }\r\n    }\r\n\r\n    @media screen and (max-width: 480px) {\r\n      .cards {\r\n        gap: 15px; \/* Espa\u00e7amento menor entre os cards *\/\r\n        margin-top: 15px; margin-bottom: 20px; \/* Margem superior menor para os cards *\/\r\n      }\r\n      .cards li {\r\n        flex-basis: calc(100% - 30px); \/* Tamanho dos cards com espa\u00e7amento menor *\/\r\n      }\r\n    }\r\n  <\/style>\r\n\t<div class=\"container\">\r\n        <div class=\"gabinete dengue\">\r\n            \r\n            <div class=\"title-header\">\r\n               \r\n            <\/div>\r\n            <ul class=\"cards\">\r\n                \r\n\r\n<li>\r\n                    <a href=\"https:\/\/goias.gov.br\/saude\/wp-content\/uploads\/sites\/34\/ecopis\/ecopis-programacao-final.pdf\" target=\"_blank\">\r\n                        <span class=\"fa-solid fa-calendar-check\"><\/span>\r\n                        <div class=\"title\">programa\u00e7\u00e3o<\/div>\r\n                    <\/a>\r\n                <\/li>\r\n\r\n<li>\r\n                    <a href=\"https:\/\/extranet.saude.go.gov.br\/ecopis\" target=\"_blank\">\r\n                        <span class=\"fa-solid fa-rectangle-list\"><\/span>\r\n                        <div class=\"title\">inscri\u00e7\u00e3o<\/div>\r\n                    <\/a>\r\n                <\/li>\r\n<li>\r\n                    <a href=\"https:\/\/goias.gov.br\/saude\" target=\"_blank\">\r\n                        <span class=\"fa-solid fa-people-group\"><\/span>\r\n                        <div class=\"title\">palestrantes e convidados<\/div>\r\n                    <\/a>\r\n                <\/li>\r\n\r\n<li>\r\n                    <a href=\"https:\/\/goias.gov.br\/saude\/integrantes-da-comissao-organizadora-ecopis\/\" target=\"_blank\">\r\n                        <span class=\"fa-solid fa-users\"><\/span>\r\n                        <div class=\"title\">integrantes da comiss\u00e3o<\/div>\r\n                    <\/a>\r\n                <\/li>\r\n\r\n\r\n<li>\r\n                    <a href=\"https:\/\/goias.gov.br\/saude\/localizacao-hoteis-e-restaurantes-ecopis\/\" target=\"_blank\">\r\n                        <span class=\"fa-solid fa-location-dot\"><\/span>\r\n                        <div class=\"title\">localiza\u00e7\u00e3o<\/div>\r\n                    <\/a>\r\n                <\/li>\r\n\r\n\r\n<li>\r\n                    <a href=\"https:\/\/goias.gov.br\/saude\/proposta-de-atividades-ecopis\/\" target=\"_blank\">\r\n                        <span class=\"fa-solid fa-file-signature\"><\/span>\r\n                        <div class=\"title\">proposta de atividades<\/div>\r\n                    <\/a>\r\n                <\/li>\r\n\r\n<li>\r\n                    <a href=\"https:\/\/goias.gov.br\/saude\/resultado-dos-trabalhos-selecionados-ecopis\/\" target=\"_blank\">\r\n                        <span class=\"fa-solid fa-file-circle-check\"><\/span>\r\n                        <div class=\"title\">resultado dos trabalhos selecionados <\/div>\r\n                    <\/a>\r\n                <\/li>\r\n\r\n  <li>\r\n                    <a href=\"https:\/\/drive.google.com\/drive\/folders\/1_O34BiVVI8QMcDFMgjhekJ5MadOWA8tC\" target=\"_blank\">\r\n                        <span class=\"fa-solid fa-image\"><\/span>\r\n                        <div class=\"title\">fotos do evento<\/div>\r\n                    <\/a>\r\n                <\/li>\r\n                <li>\r\n                    <a href=\"https:\/\/goias.gov.br\/saude\/apresentacoes-ecopis\/\" target=\"_blank\">\r\n                        <span class=\"fa-solid fa-laptop-file\"><\/span>\r\n                        <div class=\"title\">apresenta\u00e7\u00f5es<\/div>\r\n                    <\/a>\r\n                <\/li>\r\n\r\n \r\n                <li>\r\n                    <a href=\"https:\/\/goias.gov.br\/saude\" target=\"_blank\">\r\n                        <span class=\"fa-solid fa-certificate\"><\/span>\r\n                        <div class=\"title\">certificados<\/div>\r\n                    <\/a>\r\n                <\/li>\r\n\r\n<li>\r\n                    <a href=\"https:\/\/goias.gov.br\/saude\/fale-conosco-ecopis\/\" target=\"_blank\">\r\n                        <span class=\"fa-solid fa-phone\"><\/span>\r\n                        <div class=\"title\">fale conosco<\/div>\r\n                    <\/a>\r\n                <\/li>\r\n               \r\n\r\n \r\n\r\n\r\n            <\/ul>\r\n        <\/div>\r\n\t<\/div>\r\n\t\t\t\t<\/div>\n\t\t\t\t\t<\/div>\n\t\t\t\t<\/div>\n\t\t\t\t<\/div>\n\t\t","protected":false},"excerpt":{"rendered":"<p>Sejam bem-vindos ao ECOPIS 2025! Um encontro no cora\u00e7\u00e3o do Brasil, onde a sa\u00fade \u00e9 cuidada com afeto, saber ci\u00eancia e integra\u00e7\u00e3o. Com aten\u00e7\u00e3o \u00e0s vozes dos territ\u00f3rios e compromisso com o cuidado integral, celebramos a chegada do 3\u00ba Encontro Centro-Oeste de Pr\u00e1ticas Integrativas em Sa\u00fade (ECOPIS) \u2014 um espa\u00e7o constru\u00eddo para o fortalecimento de [&hellip;]<\/p>\n","protected":false},"author":164,"featured_media":0,"parent":0,"menu_order":0,"comment_status":"closed","ping_status":"closed","template":"","meta":{"footnotes":""},"class_list":["post-309622","page","type-page","status-publish","hentry"],"rttpg_featured_image_url":null,"rttpg_author":{"display_name":"isabelamelo","author_link":"https:\/\/goias.gov.br\/saude\/author\/isabelamelo\/"},"rttpg_comment":0,"rttpg_category":null,"rttpg_excerpt":"Sejam bem-vindos ao ECOPIS 2025! Um encontro no cora\u00e7\u00e3o do Brasil, onde a sa\u00fade \u00e9 cuidada com afeto, saber ci\u00eancia e integra\u00e7\u00e3o. Com aten\u00e7\u00e3o \u00e0s vozes dos territ\u00f3rios e compromisso com o cuidado integral, celebramos a chegada do 3\u00ba Encontro Centro-Oeste de Pr\u00e1ticas Integrativas em Sa\u00fade (ECOPIS) \u2014 um espa\u00e7o constru\u00eddo para o fortalecimento de&hellip;","_links":{"self":[{"href":"https:\/\/goias.gov.br\/saude\/wp-json\/wp\/v2\/pages\/309622","targetHints":{"allow":["GET"]}}],"collection":[{"href":"https:\/\/goias.gov.br\/saude\/wp-json\/wp\/v2\/pages"}],"about":[{"href":"https:\/\/goias.gov.br\/saude\/wp-json\/wp\/v2\/types\/page"}],"author":[{"embeddable":true,"href":"https:\/\/goias.gov.br\/saude\/wp-json\/wp\/v2\/users\/164"}],"replies":[{"embeddable":true,"href":"https:\/\/goias.gov.br\/saude\/wp-json\/wp\/v2\/comments?post=309622"}],"version-history":[{"count":3,"href":"https:\/\/goias.gov.br\/saude\/wp-json\/wp\/v2\/pages\/309622\/revisions"}],"predecessor-version":[{"id":630167,"href":"https:\/\/goias.gov.br\/saude\/wp-json\/wp\/v2\/pages\/309622\/revisions\/630167"}],"wp:attachment":[{"href":"https:\/\/goias.gov.br\/saude\/wp-json\/wp\/v2\/media?parent=309622"}],"curies":[{"name":"wp","href":"https:\/\/api.w.org\/{rel}","templated":true}]}}