

{"id":274713,"date":"2025-02-28T15:49:58","date_gmt":"2025-02-28T18:49:58","guid":{"rendered":"https:\/\/goias.gov.br\/saude\/?page_id=274713"},"modified":"2026-03-11T10:32:18","modified_gmt":"2026-03-11T13:32:18","slug":"gerencia-de-auditoria-do-sus","status":"publish","type":"page","link":"https:\/\/goias.gov.br\/saude\/gerencia-de-auditoria-do-sus\/","title":{"rendered":"Ger\u00eancia de Auditoria do SUS"},"content":{"rendered":"\t\t<div data-elementor-type=\"wp-page\" data-elementor-id=\"274713\" class=\"elementor elementor-274713\">\n\t\t\t\t<div class=\"elementor-element elementor-element-c52df29 e-flex e-con-boxed e-con e-parent\" data-id=\"c52df29\" data-element_type=\"container\" data-e-type=\"container\">\n\t\t\t\t\t<div class=\"e-con-inner\">\n\t\t<div class=\"elementor-element elementor-element-7c50bef e-con-full e-flex e-con e-child\" data-id=\"7c50bef\" data-element_type=\"container\" data-e-type=\"container\">\n\t\t\t\t<div class=\"elementor-element elementor-element-199ab94 elementor-widget elementor-widget-text-editor\" data-id=\"199ab94\" data-element_type=\"widget\" data-e-type=\"widget\" data-widget_type=\"text-editor.default\">\n\t\t\t\t\t\t\t\t\t<h3 class=\"sppb-addon-title\">Gerente<\/h3><div class=\"sppb-addon-content\"><p><strong>J\u00falia Elisa Willik<\/strong><br \/>(62) 3201-4994<br \/><a href=\"http:\/\/julia.willik@goias.gov.br\" data-cke-saved-href=\"https:\/\/suellen.ravazzi@goias.gov.br\">julia.willik@goias.gov.br<\/a><\/p><p><strong>Localiza\u00e7\u00e3o:<br \/><\/strong><a href=\"https:\/\/maps.app.goo.gl\/PgPGUEBjn4Faj9iW7\" target=\"_blank\" rel=\"noopener\">Av. SC 1 n\u00ba 299 &#8211; Parque Santa Cruz <br \/>Goi\u00e2nia &#8211; GO<br \/>CEP: 74.860-260<\/a><\/p><\/div>\t\t\t\t\t\t\t\t<\/div>\n\t\t\t\t<\/div>\n\t\t<div class=\"elementor-element elementor-element-babdd1b e-con-full e-flex e-con e-child\" data-id=\"babdd1b\" data-element_type=\"container\" data-e-type=\"container\">\n\t\t\t\t<div class=\"elementor-element elementor-element-eb7c1e9 elementor-widget elementor-widget-text-editor\" data-id=\"eb7c1e9\" data-element_type=\"widget\" data-e-type=\"widget\" data-widget_type=\"text-editor.default\">\n\t\t\t\t\t\t\t\t\t<p style=\"text-align: justify;\">A\u00a0Ger\u00eancia de Auditoria do SUS\u00a0(GEAUD-SUS) da\u00a0Secretaria de Estado da Sa\u00fade de Goi\u00e1s\u00a0constitui-se como componente estadual do\u00a0Sistema Nacional de Auditoria\u00a0(SNA) do SUS, o qual \u00e9 composto pelas unidades de auditoria institu\u00eddas em cada n\u00edvel de governo (uni\u00e3o, estados e munic\u00edpios), que atuam na consecu\u00e7\u00e3o dos mesmos objetivos previstos para sua esfera de atua\u00e7\u00e3o, conforme preconizado no Decreto Federal n\u00ba 1.651, de 28 de setembro de 1995.<\/p><p style=\"text-align: justify;\">A\u00a0GEAUD-SUS\u00a0trabalha para o fortalecimento do SUS, contribuindo para a aloca\u00e7\u00e3o e utiliza\u00e7\u00e3o adequada dos recursos, para a garantia de acesso e para a qualidade da aten\u00e7\u00e3o \u00e0 sa\u00fade ofertada aos cidad\u00e3os, atuando fortemente nas pol\u00edticas de sa\u00fade de forma macro, primando por contemplar, nas a\u00e7\u00f5es de controle realizadas, o maior n\u00famero poss\u00edvel de cidad\u00e3os daquele territ\u00f3rio.<\/p>\t\t\t\t\t\t\t\t<\/div>\n\t\t\t\t<\/div>\n\t\t\t\t\t<\/div>\n\t\t\t\t<\/div>\n\t\t<div class=\"elementor-element elementor-element-fdd7aa9 e-flex e-con-boxed e-con e-parent\" data-id=\"fdd7aa9\" data-element_type=\"container\" data-e-type=\"container\">\n\t\t\t\t\t<div class=\"e-con-inner\">\n\t\t\t\t<div class=\"elementor-element elementor-element-1da445a elementor-widget elementor-widget-html\" data-id=\"1da445a\" data-element_type=\"widget\" data-e-type=\"widget\" data-widget_type=\"html.default\">\n\t\t\t\t\t<!DOCTYPE html>\r\n<html lang=\"pt-br\" dir=\"ltr\">\r\n<head>\r\n  <meta http-equiv=\"Content-Type\" content=\"text\/html; charset=UTF-8\" \/>\r\n  <style>\r\n    \/* Estilos para desktop *\/\r\n    .container {\r\n      padding: 10px;\r\n    }\r\n\r\n    .section {\r\n      margin-bottom: 10px;\r\n    }\r\n\r\n    .title {\r\n      text-align: center;\r\n      margin: 0 0 24px;\r\n      color: #0c326f;\r\n      font-weight: 600;\r\n      font-size: 2.2rem;\r\n      line-height: 1.5;\r\n    }\r\n\r\n    .cards {\r\n      display: flex;\r\n      justify-content: space-evenly;\r\n      flex-wrap: wrap;\r\n      margin: 0;\r\n      padding: 0;\r\n      list-style: none;\r\n    }\r\n\r\n    .cards li {\r\n      background-color: #ededed;\r\n      box-shadow: 0 3px 6px 0 rgba(0, 0, 0, 0.16);\r\n      text-align: center;\r\n      flex-basis: 23%;\r\n      box-sizing: border-box;\r\n      min-height: 60px;\r\n      margin-bottom: 0.9em;\r\n      line-height: 1.2em;\r\n      display: list-item;\r\n    }\r\n\r\n    .cards li a {\r\n      display: flex;\r\n      justify-content: center;\r\n      align-items: center;\r\n      flex-direction: column;\r\n      width: 100%;\r\n      height: 100%;\r\n      color: #1351b4;\r\n      font-weight: 600;\r\n      text-decoration: none;\r\n    }\r\n\r\n    .cards li i,\r\n    .cards li span {\r\n      font-size: 10px;\r\n      margin-bottom: 30px;\r\n      color: #0c326f;\r\n      width: auto;\r\n      font-weight: 200;\r\n    }\r\n\r\n    .cards li .title {\r\n      font-size: 15px;\r\n      color: #0c326f;\r\n      font-weight: 500;\r\n      margin: 0;\r\n      text-transform: uppercase;\r\n    }\r\n\r\n    \/* Estilos para telas menores *\/\r\n    @media screen and (max-width: 768px) {\r\n      .cards {\r\n        gap: 20px; \/* Espa\u00e7amento entre os cards *\/\r\n        margin-top: 20px; \/* Margem superior para os cards *\/\r\n      }\r\n      .cards li {\r\n        flex-basis: calc(50% - 20px); \/* Tamanho dos cards com espa\u00e7amento *\/\r\n      }\r\n    }\r\n\r\n    @media screen and (max-width: 480px) {\r\n      .cards {\r\n        gap: 15px; \/* Espa\u00e7amento menor entre os cards *\/\r\n        margin-top: 15px; \/* Margem superior menor para os cards *\/\r\n      }\r\n      .cards li {\r\n        flex-basis: calc(100% - 30px); \/* Tamanho dos cards com espa\u00e7amento menor *\/\r\n      }\r\n    }\r\n  <\/style>\r\n<\/head>\r\n<body>\r\n  <div class=\"container\">\r\n    <div class=\"section\">\r\n      <div class=\"regulacao eletivas\">\r\n        \r\n        <ul class=\"cards\">\r\n          <li>\r\n                    <a href=\"https:\/\/goias.gov.br\/saude\/wp-content\/uploads\/sites\/34\/subcic\/geaudsus\/orientacoes-renovacao-frota-samu.pdf\" target=\"_blank\">\r\n\r\n                        <div class=\"title\">Infogr\u00e1fico - Edi\u00e7\u00e3o n\u00ba 01\/2025 - 1\u00aa edi\u00e7\u00e3o - orienta\u00e7\u00f5es para renova\u00e7\u00e3o de frota do Samu<\/div>\r\n                    <\/a>\r\n                <\/li>\r\n                <li>\r\n                    <a href=\"https:\/\/goias.gov.br\/saude\/wp-content\/uploads\/sites\/34\/subcic\/geaudsus\/folheto-CNES.pdf\" target=\"_blank\">\r\n\r\n                        <div class=\"title\">folheto - cadastro nacional de estabelecimentos de sa\u00fade - cnes<\/div>\r\n                    <\/a>\r\n                <\/li>\r\n\r\n     <li>\r\n                    <a href=\"https:\/\/indicadores.saude.go.gov.br\/public\/auditoria_sus.html\" target=\"_blank\">\r\n\r\n                        <div class=\"title\">painel de auditoria do sus<\/div>\r\n                    <\/a>\r\n                <\/li>\r\n                <li>\r\n                    <a href=\"https:\/\/goias.gov.br\/saude\/wp-content\/uploads\/sites\/34\/subcic\/geaudsus\/O_que_acontece_depois_da_auditoria.pdf\" target=\"_blank\">\r\n\r\n                        <div class=\"title\">o que acontece depois da auditoria?<\/div>\r\n                    <\/a>\r\n                <\/li>\r\n               \r\n                <li>\r\n                    <a href=\"https:\/\/goias.gov.br\/saude\/wp-content\/uploads\/sites\/34\/instrumentos-de-planejamento\/instrumentos-planejamento-sus-cronologia.pdf\" target=\"_blank\">\r\n\r\n                        <div class=\"title\">Instrumentos de Planejamento SUS - Cronologia<\/div>\r\n                    <\/a>\r\n                <\/li>\r\n\r\n              \r\n            \r\n\r\n  \r\n        <\/ul>\r\n      <\/div>\r\n    <\/div>\r\n  <\/div>\r\n<\/body>\r\n<\/html>\r\n\t\t\t\t<\/div>\n\t\t\t\t\t<\/div>\n\t\t\t\t<\/div>\n\t\t\t\t<\/div>\n\t\t","protected":false},"excerpt":{"rendered":"<p>Gerente J\u00falia Elisa Willik(62) 3201-4994julia.willik@goias.gov.br Localiza\u00e7\u00e3o:Av. SC 1 n\u00ba 299 &#8211; Parque Santa Cruz Goi\u00e2nia &#8211; GOCEP: 74.860-260 A\u00a0Ger\u00eancia de Auditoria do SUS\u00a0(GEAUD-SUS) da\u00a0Secretaria de Estado da Sa\u00fade de Goi\u00e1s\u00a0constitui-se como componente estadual do\u00a0Sistema Nacional de Auditoria\u00a0(SNA) do SUS, o qual \u00e9 composto pelas unidades de auditoria institu\u00eddas em cada n\u00edvel de governo (uni\u00e3o, estados [&hellip;]<\/p>\n","protected":false},"author":165,"featured_media":0,"parent":0,"menu_order":0,"comment_status":"closed","ping_status":"closed","template":"","meta":{"footnotes":""},"class_list":["post-274713","page","type-page","status-publish","hentry"],"rttpg_featured_image_url":null,"rttpg_author":{"display_name":"ricardocruz","author_link":"https:\/\/goias.gov.br\/saude\/author\/ricardocruz\/"},"rttpg_comment":0,"rttpg_category":null,"rttpg_excerpt":"Gerente J\u00falia Elisa Willik(62) 3201-4994julia.willik@goias.gov.br Localiza\u00e7\u00e3o:Av. SC 1 n\u00ba 299 &#8211; Parque Santa Cruz Goi\u00e2nia &#8211; GOCEP: 74.860-260 A\u00a0Ger\u00eancia de Auditoria do SUS\u00a0(GEAUD-SUS) da\u00a0Secretaria de Estado da Sa\u00fade de Goi\u00e1s\u00a0constitui-se como componente estadual do\u00a0Sistema Nacional de Auditoria\u00a0(SNA) do SUS, o qual \u00e9 composto pelas unidades de auditoria institu\u00eddas em cada n\u00edvel de governo (uni\u00e3o, estados&hellip;","_links":{"self":[{"href":"https:\/\/goias.gov.br\/saude\/wp-json\/wp\/v2\/pages\/274713","targetHints":{"allow":["GET"]}}],"collection":[{"href":"https:\/\/goias.gov.br\/saude\/wp-json\/wp\/v2\/pages"}],"about":[{"href":"https:\/\/goias.gov.br\/saude\/wp-json\/wp\/v2\/types\/page"}],"author":[{"embeddable":true,"href":"https:\/\/goias.gov.br\/saude\/wp-json\/wp\/v2\/users\/165"}],"replies":[{"embeddable":true,"href":"https:\/\/goias.gov.br\/saude\/wp-json\/wp\/v2\/comments?post=274713"}],"version-history":[{"count":2,"href":"https:\/\/goias.gov.br\/saude\/wp-json\/wp\/v2\/pages\/274713\/revisions"}],"predecessor-version":[{"id":727495,"href":"https:\/\/goias.gov.br\/saude\/wp-json\/wp\/v2\/pages\/274713\/revisions\/727495"}],"wp:attachment":[{"href":"https:\/\/goias.gov.br\/saude\/wp-json\/wp\/v2\/media?parent=274713"}],"curies":[{"name":"wp","href":"https:\/\/api.w.org\/{rel}","templated":true}]}}