

{"id":270650,"date":"2025-02-26T15:25:57","date_gmt":"2025-02-26T18:25:57","guid":{"rendered":"https:\/\/goias.gov.br\/saude\/?page_id=270650"},"modified":"2025-12-02T11:09:53","modified_gmt":"2025-12-02T14:09:53","slug":"integra-saude-goias","status":"publish","type":"page","link":"https:\/\/goias.gov.br\/saude\/integra-saude-goias\/","title":{"rendered":"Integra Sa\u00fade Goi\u00e1s"},"content":{"rendered":"\t\t<div data-elementor-type=\"wp-page\" data-elementor-id=\"270650\" class=\"elementor elementor-270650\">\n\t\t\t\t<div class=\"elementor-element elementor-element-2555c75 e-flex e-con-boxed e-con e-parent\" data-id=\"2555c75\" data-element_type=\"container\" data-e-type=\"container\">\n\t\t\t\t\t<div class=\"e-con-inner\">\n\t\t\t\t<div class=\"elementor-element elementor-element-726d805 elementor-widget elementor-widget-image\" data-id=\"726d805\" data-element_type=\"widget\" data-e-type=\"widget\" data-widget_type=\"image.default\">\n\t\t\t\t\t\t\t\t\t\t\t\t\t\t\t<img decoding=\"async\" src=\"https:\/\/goias.gov.br\/saude\/wp-content\/uploads\/sites\/34\/2025\/03\/integra-saude-banner.jpg\" title=\"\" alt=\"\" loading=\"lazy\" \/>\t\t\t\t\t\t\t\t\t\t\t\t\t\t\t<\/div>\n\t\t\t\t\t<\/div>\n\t\t\t\t<\/div>\n\t\t<div class=\"elementor-element elementor-element-0463e59 e-flex e-con-boxed e-con e-parent\" data-id=\"0463e59\" data-element_type=\"container\" data-e-type=\"container\">\n\t\t\t\t\t<div class=\"e-con-inner\">\n\t\t\t\t<div class=\"elementor-element elementor-element-b193ba1 elementor-widget elementor-widget-text-editor\" data-id=\"b193ba1\" data-element_type=\"widget\" data-e-type=\"widget\" data-widget_type=\"text-editor.default\">\n\t\t\t\t\t\t\t\t\t<div style=\"padding: 10px; background-color: #ededed; border-radius: 4px;\"><h4 style=\"text-align: center; background-color: #00549a; color: #fff; margin: -10px -10px 0 -10px; border-top-right-radius: 4px; border-top-left-radius: 4px; padding: 10px 0;\">Sejam bem-vindos ao Integra Sa\u00fade Goi\u00e1s 2025!<\/h4><p style=\"text-align: justify;\">Este evento \u00e9 uma importante iniciativa da Secretaria de Sa\u00fade de Goi\u00e1s (SES-GO) para integra\u00e7\u00e3o e alinhamento entre a Gest\u00e3o P\u00fablica Estadual e os Gestores Municipais. Ocorrer\u00e1 no dia 20 de mar\u00e7o de 2025, no Espa\u00e7o Cerrado, no Centro de Conven\u00e7\u00f5es de Goi\u00e2nia, das 7h30 \u00e0s 20h.<\/p><p style=\"text-align: justify;\">Durante o encontro, haver\u00e1 apresenta\u00e7\u00e3o dos projetos priorit\u00e1rios para a sa\u00fade em Goi\u00e1s, alinhando prioridades e estrat\u00e9gias entre os diferentes n\u00edveis de gest\u00e3o, expectativas e diretrizes entre os gestores de todo estado. O evento visa tamb\u00e9m o fortalecimento da rede de apoio entre os gestores, criando canais de comunica\u00e7\u00e3o abertos e cont\u00ednuos para a troca de informa\u00e7\u00f5es e boas pr\u00e1ticas, identificando desafios regionais e estabelecendo uma agenda de trabalho conjunta.<\/p><p style=\"text-align: justify;\">Ser\u00e3o realizadas apresenta\u00e7\u00f5es, palestras t\u00e9cnicas e exposi\u00e7\u00e3o de stands tem\u00e1ticos, para que secret\u00e1rios municipais de sa\u00fade e prefeitos de todo o Estado possam se informar sobre os projetos de sa\u00fade do Estado que v\u00eam sendo conduzidos pela SES-GO.<\/p><p style=\"text-align: justify;\">Sua presen\u00e7a \u00e9 muito importante. Esperamos voc\u00ea!<\/p><\/div>\t\t\t\t\t\t\t\t<\/div>\n\t\t\t\t\t<\/div>\n\t\t\t\t<\/div>\n\t\t<div class=\"elementor-element elementor-element-185c43a e-flex e-con-boxed e-con e-parent\" data-id=\"185c43a\" data-element_type=\"container\" data-e-type=\"container\">\n\t\t\t\t\t<div class=\"e-con-inner\">\n\t\t\t\t<div class=\"elementor-element elementor-element-d6676f6 elementor-widget elementor-widget-html\" data-id=\"d6676f6\" data-element_type=\"widget\" data-e-type=\"widget\" data-widget_type=\"html.default\">\n\t\t\t\t\t<!DOCTYPE html>\r\n<html lang=\"pt-br\" dir=\"ltr\">\r\n<head>\r\n  <meta http-equiv=\"Content-Type\" content=\"text\/html; charset=UTF-8\" \/>\r\n  <style>\r\n    \/* Estilos para desktop *\/\r\n    .container {\r\n      padding: 20px;\r\n    }\r\n\r\n    .section {\r\n      margin-bottom: 40px;\r\n    }\r\n\r\n    .title {\r\n      text-align: center;\r\n      margin: 0 0 24px;\r\n      color: #0c326f;\r\n      font-weight: 600;\r\n      font-size: 2.7rem;\r\n      line-height: 1.5;\r\n    }\r\n\r\n    .cards {\r\n      display: flex;\r\n      justify-content: space-evenly;\r\n      flex-wrap: wrap;\r\n      margin: 0;\r\n      padding: 0;\r\n      list-style: none;\r\n    }\r\n\r\n    .cards li {\r\n      background-color: #ededed;\r\n      box-shadow: 0 3px 6px 0 rgba(0, 0, 0, 0.16);\r\n      text-align: center;\r\n      flex-basis: 23%;\r\n      box-sizing: border-box;\r\n      min-height: 230px;\r\n      margin-bottom: 1.2em;\r\n      line-height: 1.5em;\r\n      display: list-item;\r\n    }\r\n\r\n    .cards li a {\r\n      display: flex;\r\n      justify-content: center;\r\n      align-items: center;\r\n      flex-direction: column;\r\n      width: 100%;\r\n      height: 100%;\r\n      color: #1351b4;\r\n      font-weight: 500;\r\n      text-decoration: none;\r\n    }\r\n\r\n    .cards li i,\r\n    .cards li span {\r\n      font-size: 50px;\r\n      margin-bottom: 30px;\r\n      color: #0c326f;\r\n      width: auto;\r\n      font-weight: 900;\r\n    }\r\n\r\n    .cards li .title {\r\n      font-size: 20px;\r\n      color: #0c326f;\r\n      font-weight: 600;\r\n      margin: 0;\r\n      text-transform: uppercase;\r\n    }\r\n\r\n    \/* Estilos para telas menores *\/\r\n    @media screen and (max-width: 768px) {\r\n      .cards {\r\n        gap: 20px; \/* Espa\u00e7amento entre os cards *\/\r\n        margin-top: 20px; margin-bottom: 20px;\/* Margem superior para os cards *\/\r\n      }\r\n      .cards li {\r\n        flex-basis: calc(50% - 20px); \/* Tamanho dos cards com espa\u00e7amento *\/\r\n      }\r\n    }\r\n\r\n    @media screen and (max-width: 480px) {\r\n      .cards {\r\n        gap: 15px; \/* Espa\u00e7amento menor entre os cards *\/\r\n        margin-top: 15px; margin-bottom: 20px; \/* Margem superior menor para os cards *\/\r\n      }\r\n      .cards li {\r\n        flex-basis: calc(100% - 30px); \/* Tamanho dos cards com espa\u00e7amento menor *\/\r\n      }\r\n    }\r\n  <\/style>\r\n\t<div class=\"container\">\r\n        <div class=\"gabinete dengue\">\r\n            \r\n            <div class=\"title-header\">\r\n               \r\n            <\/div>\r\n            <ul class=\"cards\">\r\n                \r\n\r\n<li>\r\n                    <a href=\"https:\/\/goias.gov.br\/saude\/wp-content\/uploads\/sites\/34\/2025\/03\/programacao-integra-saude-goias.pdf\" target=\"_blank\">\r\n                        <span class=\"fa-solid fa-calendar-check\"><\/span>\r\n                        <div class=\"title\">programa\u00e7\u00e3o<\/div>\r\n                    <\/a>\r\n                <\/li>\r\n\r\n\r\n\r\n<li>\r\n                    <a href=\"https:\/\/maps.app.goo.gl\/4W6xxSRZgNg9JsQe8\" target=\"_blank\">\r\n                        <span class=\"fa-solid fa-location-dot\"><\/span>\r\n                        <div class=\"title\">localiza\u00e7\u00e3o<\/div>\r\n                    <\/a>\r\n                <\/li>\r\n\r\n  <li>\r\n                    <a href=\"https:\/\/goias.gov.br\/saude\/galeria-de-fotos-integra-saude-goias-20-03-2025\/\" target=\"_blank\">\r\n                        <span class=\"fa-solid fa-image\"><\/span>\r\n                        <div class=\"title\">fotos<\/div>\r\n                    <\/a>\r\n                <\/li>\r\n\r\n<li>\r\n                    <a href=\"https:\/\/www.youtube.com\/playlist?list=PLF0ohvsukF0WH-42hqRsR5gsTguV-K531\" target=\"_blank\">\r\n                        <span class=\"fa-solid fa-video\"><\/span>\r\n                        <div class=\"title\">v\u00eddeos<\/div>\r\n                    <\/a>\r\n                <\/li>\r\n                <li>\r\n                    <a href=\"https:\/\/goias.gov.br\/saude\/apresentacoes-integra-saude-goias\/\" target=\"_blank\">\r\n                        <span class=\"fa-solid fa-laptop-file\"><\/span>\r\n                        <div class=\"title\">apresenta\u00e7\u00f5es<\/div>\r\n                    <\/a>\r\n                <\/li>\r\n\r\n \r\n                <li>\r\n                    <a href=\"https:\/\/goias.gov.br\/saude\/certificados-integra-saude-goias\/\" target=\"_blank\">\r\n                        <span class=\"fa-solid fa-certificate\"><\/span>\r\n                        <div class=\"title\">certificados<\/div>\r\n                    <\/a>\r\n                <\/li>\r\n\r\n<li>\r\n                    <a href=\"https:\/\/goias.gov.br\/saude\/fale-conosco-integra-saude-goias\/\" target=\"_blank\">\r\n                        <span class=\"fa-solid fa-phone\"><\/span>\r\n                        <div class=\"title\">fale conosco<\/div>\r\n                    <\/a>\r\n                <\/li>\r\n               \r\n\r\n \r\n\r\n\r\n            <\/ul>\r\n        <\/div>\r\n\t<\/div>\r\n\t\t\t\t<\/div>\n\t\t\t\t\t<\/div>\n\t\t\t\t<\/div>\n\t\t\t\t<\/div>\n\t\t","protected":false},"excerpt":{"rendered":"<p>Sejam bem-vindos ao Integra Sa\u00fade Goi\u00e1s 2025! Este evento \u00e9 uma importante iniciativa da Secretaria de Sa\u00fade de Goi\u00e1s (SES-GO) para integra\u00e7\u00e3o e alinhamento entre a Gest\u00e3o P\u00fablica Estadual e os Gestores Municipais. Ocorrer\u00e1 no dia 20 de mar\u00e7o de 2025, no Espa\u00e7o Cerrado, no Centro de Conven\u00e7\u00f5es de Goi\u00e2nia, das 7h30 \u00e0s 20h. Durante [&hellip;]<\/p>\n","protected":false},"author":164,"featured_media":0,"parent":0,"menu_order":0,"comment_status":"closed","ping_status":"closed","template":"","meta":{"footnotes":""},"class_list":["post-270650","page","type-page","status-publish","hentry"],"rttpg_featured_image_url":null,"rttpg_author":{"display_name":"isabelamelo","author_link":"https:\/\/goias.gov.br\/saude\/author\/isabelamelo\/"},"rttpg_comment":0,"rttpg_category":null,"rttpg_excerpt":"Sejam bem-vindos ao Integra Sa\u00fade Goi\u00e1s 2025! Este evento \u00e9 uma importante iniciativa da Secretaria de Sa\u00fade de Goi\u00e1s (SES-GO) para integra\u00e7\u00e3o e alinhamento entre a Gest\u00e3o P\u00fablica Estadual e os Gestores Municipais. Ocorrer\u00e1 no dia 20 de mar\u00e7o de 2025, no Espa\u00e7o Cerrado, no Centro de Conven\u00e7\u00f5es de Goi\u00e2nia, das 7h30 \u00e0s 20h. Durante&hellip;","_links":{"self":[{"href":"https:\/\/goias.gov.br\/saude\/wp-json\/wp\/v2\/pages\/270650","targetHints":{"allow":["GET"]}}],"collection":[{"href":"https:\/\/goias.gov.br\/saude\/wp-json\/wp\/v2\/pages"}],"about":[{"href":"https:\/\/goias.gov.br\/saude\/wp-json\/wp\/v2\/types\/page"}],"author":[{"embeddable":true,"href":"https:\/\/goias.gov.br\/saude\/wp-json\/wp\/v2\/users\/164"}],"replies":[{"embeddable":true,"href":"https:\/\/goias.gov.br\/saude\/wp-json\/wp\/v2\/comments?post=270650"}],"version-history":[{"count":2,"href":"https:\/\/goias.gov.br\/saude\/wp-json\/wp\/v2\/pages\/270650\/revisions"}],"predecessor-version":[{"id":623036,"href":"https:\/\/goias.gov.br\/saude\/wp-json\/wp\/v2\/pages\/270650\/revisions\/623036"}],"wp:attachment":[{"href":"https:\/\/goias.gov.br\/saude\/wp-json\/wp\/v2\/media?parent=270650"}],"curies":[{"name":"wp","href":"https:\/\/api.w.org\/{rel}","templated":true}]}}