

{"id":268296,"date":"2025-02-25T11:00:29","date_gmt":"2025-02-25T14:00:29","guid":{"rendered":"https:\/\/goias.gov.br\/saude\/?page_id=268296"},"modified":"2025-12-03T11:40:18","modified_gmt":"2025-12-03T14:40:18","slug":"5a-conferencia-estadual-de-saude-do-trabalhador-e-da-trabalhadora-de-goias","status":"publish","type":"page","link":"https:\/\/goias.gov.br\/saude\/5a-conferencia-estadual-de-saude-do-trabalhador-e-da-trabalhadora-de-goias\/","title":{"rendered":"5\u00aa Confer\u00eancia Estadual de Sa\u00fade do Trabalhador e da Trabalhadora de Goi\u00e1s"},"content":{"rendered":"\t\t<div data-elementor-type=\"wp-page\" data-elementor-id=\"268296\" class=\"elementor elementor-268296\">\n\t\t\t\t<div class=\"elementor-element elementor-element-2170245 e-flex e-con-boxed e-con e-parent\" data-id=\"2170245\" data-element_type=\"container\" data-e-type=\"container\">\n\t\t\t\t\t<div class=\"e-con-inner\">\n\t\t\t\t<div class=\"elementor-element elementor-element-8ad4a49 elementor-widget elementor-widget-image\" data-id=\"8ad4a49\" data-element_type=\"widget\" data-e-type=\"widget\" data-widget_type=\"image.default\">\n\t\t\t\t\t\t\t\t\t\t\t\t\t\t\t<img fetchpriority=\"high\" decoding=\"async\" width=\"1024\" height=\"256\" src=\"https:\/\/goias.gov.br\/saude\/wp-content\/uploads\/sites\/34\/2025\/04\/banner-ces-conferencia-1024x256.jpeg\" class=\"attachment-large size-large wp-image-342035\" alt=\"\" srcset=\"https:\/\/goias.gov.br\/saude\/wp-content\/uploads\/sites\/34\/2025\/04\/banner-ces-conferencia-1024x256.jpeg 1024w, https:\/\/goias.gov.br\/saude\/wp-content\/uploads\/sites\/34\/2025\/04\/banner-ces-conferencia-300x75.jpeg 300w, https:\/\/goias.gov.br\/saude\/wp-content\/uploads\/sites\/34\/2025\/04\/banner-ces-conferencia-768x192.jpeg 768w, https:\/\/goias.gov.br\/saude\/wp-content\/uploads\/sites\/34\/2025\/04\/banner-ces-conferencia-1536x384.jpeg 1536w, https:\/\/goias.gov.br\/saude\/wp-content\/uploads\/sites\/34\/2025\/04\/banner-ces-conferencia.jpeg 1600w\" sizes=\"(max-width: 1024px) 100vw, 1024px\" \/>\t\t\t\t\t\t\t\t\t\t\t\t\t\t\t<\/div>\n\t\t\t\t\t<\/div>\n\t\t\t\t<\/div>\n\t\t<div class=\"elementor-element elementor-element-09eb3e0 e-flex e-con-boxed e-con e-parent\" data-id=\"09eb3e0\" data-element_type=\"container\" data-e-type=\"container\">\n\t\t\t\t\t<div class=\"e-con-inner\">\n\t\t\t\t<div class=\"elementor-element elementor-element-ec0e38c elementor-widget elementor-widget-text-editor\" data-id=\"ec0e38c\" data-element_type=\"widget\" data-e-type=\"widget\" data-widget_type=\"text-editor.default\">\n\t\t\t\t\t\t\t\t\t<div style=\"padding: 10px; background-color: #ededed; border-radius: 4px;\"><h4 style=\"background-color: #00549a; color: #ffffff; margin: -10px -10px 0px; border-top-right-radius: 4px; border-top-left-radius: 4px; padding: 10px 0px; text-align: center;\">5\u00aa Confer\u00eancia Estadual de Sa\u00fade<\/h4><p style=\"text-align: justify;\">A 5\u00aa Confer\u00eancia Nacional de Sa\u00fade do Trabalhador e da Trabalhadora (CNSTT), \u00e9 espa\u00e7o de debate e formula\u00e7\u00e3o de pol\u00edticas p\u00fablicas para a Sa\u00fade do Trabalhador e da Trabalhadora (STT), conceito que abrange a prote\u00e7\u00e3o f\u00edsica, mental e social das pessoas trabalhadoras, considerando os riscos no trabalho\/ocupa\u00e7\u00e3o em suas diversas formas (formal, informal, invis\u00edveis, precarizados, etc.). Vai al\u00e9m da mera aus\u00eancia de doen\u00e7a, engloba bem-estar e condi\u00e7\u00f5es dignas de trabalho. A Confer\u00eancia abranger\u00e1 todo o territ\u00f3rio brasileiro, oportunidade para a sociedade manifestar seus anseios e desejos para a garantia de um trabalho digno e que n\u00e3o seja\u00a0<strong>adoecedor<\/strong>. Foi convocada, a partir de uma delibera\u00e7\u00e3o das pessoas delegadas da 17\u00aa CNS (julho de 2023) realizada em Bras\u00edlia, com o Tema:\u00a0<strong>Sa\u00fade do Trabalhador e da Trabalhadora como Direito Humano<\/strong>\u00a0e os eixos: 1) Pol\u00edtica Nacional de Sa\u00fade do Trabalhador e da Trabalhadora; 2) As novas rela\u00e7\u00f5es de trabalho e a sa\u00fade do trabalhador e da trabalhadora; e 3) Participa\u00e7\u00e3o popular na sa\u00fade dos trabalhadores e das trabalhadoras para o Controle Social. Seguindo a convoca\u00e7\u00e3o do CNS, o CES-GO por meio da Resolu\u00e7\u00e3o\u00a0<em>Ad Referendum<\/em>\u00a0n\u00ba 8\/2024 Convocou a 5\u00aa Confer\u00eancia Estadual de Sa\u00fade do Trabalhador e da Trabalhadora (CESTT).<\/p><p style=\"text-align: justify;\">O Controle Social (CS) nas pol\u00edticas p\u00fablicas (SUS) \u00e9 garantido constitucionalmente e permite a participa\u00e7\u00e3o ativa da popula\u00e7\u00e3o na gest\u00e3o e fiscaliza\u00e7\u00e3o das pol\u00edticas p\u00fablicas de sa\u00fade, incluindo a STT para garantir a efetividade das a\u00e7\u00f5es e a responsabiliza\u00e7\u00e3o do Estado e dos empregadores. No SUS este CS \u00e9 exercido de duas maneiras nas Confer\u00eancias e nos Conselhos de Sa\u00fade. A Confer\u00eancia \u00e9 espa\u00e7o de exercer a cidadania, que \u00e9 o direito de usufruir das garantias civis e pol\u00edticas de um Estado, de forma mais ampla, de residir em um pa\u00eds com direitos e deveres. A cidadania representa um conjunto de direitos que permite ao indiv\u00edduo participar ativamente na vida social e pol\u00edtica, possibilitando aos cidad\u00e3os influenciar e contribuir para o governo e o bem-estar da sua comunidade.<\/p><p style=\"text-align: justify;\">O Documento Orientador da 5\u00aa CNSTT argumenta pela inclus\u00e3o da STT como DH, transcendendo os limites de leis trabalhistas e previdenci\u00e1rias, por exemplo. Como DH, a STT garante a dignidade e o respeito \u00e0 pessoa trabalhadora, independentemente de sua condi\u00e7\u00e3o contratual ou setor de atua\u00e7\u00e3o. Portanto, como DH, a sua viola\u00e7\u00e3o configura uma grave infra\u00e7\u00e3o \u00e9tica, moral e legal. Dignidade da pessoa humana se refere ao reconhecimento do valor intr\u00ednseco de cada indiv\u00edduo, assegurando condi\u00e7\u00f5es igualit\u00e1rias e irrevog\u00e1veis de respeito e considera\u00e7\u00e3o, independentemente de suas caracter\u00edsticas pessoais ou condi\u00e7\u00f5es sociais, econ\u00f4micas ou culturais.<\/p><p style=\"text-align: justify;\">A conquista da Pol\u00edtica Nacional de Sa\u00fade do Trabalhador e da Trabalhadora (PNSTT), fruto de lutas, de debates, de discuss\u00f5es \u00e9 o conjunto de a\u00e7\u00f5es e estrat\u00e9gias governamentais para garantir a STT direito constitucional da pessoa trabalhadora. O Documento Orientador da 5\u00aa CNSTT analisa sua constru\u00e7\u00e3o hist\u00f3rica, suas defici\u00eancias e a necessidade de aprimoramento, considerando o contexto no mundo do trabalho atual e a diversidade de pessoas trabalhadoras no Brasil. Trabalhadores e Trabalhadoras, s\u00e3o todos\/as, homens e mulheres, com suas diversas caracter\u00edsticas e interseccionalidades (de g\u00eanero, orienta\u00e7\u00e3o sexual, cren\u00e7a e outras), independentemente de sua localiza\u00e7\u00e3o (urbana ou rural), de sua forma de inser\u00e7\u00e3o no mercado de trabalho (formal ou informal), de seu v\u00ednculo empregat\u00edcio (p\u00fablico ou privado, assalariado, aut\u00f4nomo, avulso, tempor\u00e1rio, cooperativado, aprendiz, estagi\u00e1rio, dom\u00e9stico) ou de sua condi\u00e7\u00e3o (aposentado ou desempregado). Interseccionalidade \u00e9 conceito que reconhece a multiplicidade de opress\u00f5es sofridas pelas pessoas trabalhadoras, considerando fatores como ra\u00e7a, g\u00eanero, orienta\u00e7\u00e3o sexual, identidade de g\u00eanero, idade, etc. O Documento defende a sua incorpora\u00e7\u00e3o na luta pela STT como DH.<\/p><p style=\"text-align: justify;\">Enquanto a hist\u00f3ria humana caminha a passos largos, em cen\u00e1rio de mudan\u00e7as r\u00e1pidas e radicais, a justi\u00e7a humana no mundo do trabalho engatinha. Para pensar sobre isso \u00e9 preciso denunciar a Lei dos 15 Segundos. A Organiza\u00e7\u00e3o Internacional do Trabalho (OIT) contabiliza, oficialmente, no mundo, a morte de uma pessoa trabalhadora a cada 15 segundos.<\/p><p style=\"text-align: justify;\">Somos hoje mais de 200 milh\u00f5es de pessoas, segundo o Instituto Brasileiro de Geografia e Estat\u00edstica (IBGE, 2023). Desse total, 107,5 milh\u00f5es pertencem \u00e0 Popula\u00e7\u00e3o Economicamente Ativa (PEA), ou seja, s\u00e3o pessoas trabalhando ou \u00e0 procura de trabalho. Destes trabalhadores e trabalhadoras, apenas 33 milh\u00f5es est\u00e3o inseridos no setor formal, com carteira assinada e direitos trabalhistas e previdenci\u00e1rios assegurados, ainda que solapados. O desemprego chega a 14%. Al\u00e9m disso, a alardeada recomposi\u00e7\u00e3o da for\u00e7a de trabalho formal mostra que os novos empregos criados s\u00e3o prec\u00e1rios e geralmente mal remunerados. Novos tipos de v\u00ednculos trabalhistas, como trabalho intermitente e subcontrata\u00e7\u00e3o, s\u00e3o reconhecidos e normatizados com preju\u00edzos para a classe trabalhadora.<\/p><p style=\"text-align: justify;\">A Popula\u00e7\u00e3o de Goi\u00e1s \u00e9 de 7.056.495 de habitantes, segundo o censo de 2022, sendo que a maior parte desta popula\u00e7\u00e3o \u00e9 adulta, com 57,8% entre 20 e 59 anos. Entretanto, a popula\u00e7\u00e3o economicamente ativa \u00e9 de 3.158.254 pessoas.<\/p><p style=\"text-align: justify;\">Defender a Vigil\u00e2ncia Popular em sa\u00fade do trabalhador, prop\u00f5e um novo modelo de participa\u00e7\u00e3o, integrando o conhecimento cient\u00edfico com a experi\u00eancia das pessoas trabalhadoras. Seu objetivo \u00e9 identificar e transformar os riscos nos ambientes de trabalho para melhorar a sa\u00fade e a qualidade de vida. O poder p\u00fablico deve oferecer apoio t\u00e9cnico e social, garantindo a participa\u00e7\u00e3o e a liberdade de escolha dos cidad\u00e3os na formula\u00e7\u00e3o e reorienta\u00e7\u00e3o das pol\u00edticas p\u00fablicas.<\/p><p style=\"text-align: justify;\">Para dar conta deste grande debate, precisamos garantir que as Confer\u00eancias municipais sejam realizadas da forma mais democr\u00e1tica poss\u00edvel garantindo a participa\u00e7\u00e3o das pessoas usu\u00e1rias do SUS, das pessoas trabalhadoras do SUS, das pessoas representantes da gest\u00e3o, das entidades prestadoras de servi\u00e7o, ou seja, segmentos de usu\u00e1rios, de trabalhadores da sa\u00fade, governo\/prestadores de servi\u00e7o. Precisam ser mobilizadas, convencidas, seduzidas sobre a import\u00e2ncia da sua participa\u00e7\u00e3o na constru\u00e7\u00e3o de Diretrizes e Propostas sobre a tem\u00e1tica.<\/p><p style=\"text-align: justify;\">A realiza\u00e7\u00e3o de uma confer\u00eancia deve respeitar os ritos legais de acordo com o Regimento Nacional, Estadual ou Municipal, cuidando para n\u00e3o incorrermos na realiza\u00e7\u00e3o de semin\u00e1rios, \u00e9 necess\u00e1rio um trabalho de comunica\u00e7\u00e3o transparente e amplamente p\u00fablica, viabilidade de realiza\u00e7\u00e3o em dia compat\u00edvel com a possibilidade de participa\u00e7\u00e3o da pessoa usu\u00e1ria (que trabalha nas diversas atividades do munic\u00edpio).<\/p><p style=\"text-align: justify;\">Assim, \u00e9 necess\u00e1rio um trabalho de comunica\u00e7\u00e3o transparente e amplamente p\u00fablico, viabilizando a realiza\u00e7\u00e3o das confer\u00eancias em dias compat\u00edveis, possibilitando a participa\u00e7\u00e3o efetiva das pessoas usu\u00e1rias de todo campo do trabalho, em suas diversas atividades nos munic\u00edpios. Neste foco, teremos debates ampliados para a sa\u00fade do trabalhador e da trabalhadora vivenciadas na realidade de situa\u00e7\u00f5es diversas.<\/p><p style=\"text-align: center;\"><strong>Comiss\u00e3o Organizadora da 5\u00aa CESTT-GO \/ Fevereiro de 2025<\/strong><\/p><\/div>\t\t\t\t\t\t\t\t<\/div>\n\t\t\t\t\t<\/div>\n\t\t\t\t<\/div>\n\t\t<div class=\"elementor-element elementor-element-cb1aa27 e-flex e-con-boxed e-con e-parent\" data-id=\"cb1aa27\" data-element_type=\"container\" data-e-type=\"container\">\n\t\t\t\t\t<div class=\"e-con-inner\">\n\t\t\t\t<div class=\"elementor-element elementor-element-41c5532 elementor-widget elementor-widget-image\" data-id=\"41c5532\" data-element_type=\"widget\" data-e-type=\"widget\" data-widget_type=\"image.default\">\n\t\t\t\t\t\t\t\t\t\t\t\t\t\t\t<img decoding=\"async\" width=\"1143\" height=\"1600\" src=\"https:\/\/goias.gov.br\/saude\/wp-content\/uploads\/sites\/34\/2025\/04\/cronograma-conferencia-ces.jpeg\" class=\"attachment-full size-full wp-image-342075\" alt=\"\" srcset=\"https:\/\/goias.gov.br\/saude\/wp-content\/uploads\/sites\/34\/2025\/04\/cronograma-conferencia-ces.jpeg 1143w, https:\/\/goias.gov.br\/saude\/wp-content\/uploads\/sites\/34\/2025\/04\/cronograma-conferencia-ces-214x300.jpeg 214w, https:\/\/goias.gov.br\/saude\/wp-content\/uploads\/sites\/34\/2025\/04\/cronograma-conferencia-ces-732x1024.jpeg 732w, https:\/\/goias.gov.br\/saude\/wp-content\/uploads\/sites\/34\/2025\/04\/cronograma-conferencia-ces-768x1075.jpeg 768w, https:\/\/goias.gov.br\/saude\/wp-content\/uploads\/sites\/34\/2025\/04\/cronograma-conferencia-ces-1097x1536.jpeg 1097w\" sizes=\"(max-width: 1143px) 100vw, 1143px\" \/>\t\t\t\t\t\t\t\t\t\t\t\t\t\t\t<\/div>\n\t\t\t\t\t<\/div>\n\t\t\t\t<\/div>\n\t\t<div class=\"elementor-element elementor-element-11cefaa e-flex e-con-boxed e-con e-parent\" data-id=\"11cefaa\" data-element_type=\"container\" data-e-type=\"container\">\n\t\t\t\t\t<div class=\"e-con-inner\">\n\t\t<div class=\"elementor-element elementor-element-da5ea99 e-con-full e-flex e-con e-child\" data-id=\"da5ea99\" data-element_type=\"container\" data-e-type=\"container\">\n\t\t\t\t<div class=\"elementor-element elementor-element-5f14c32 elementor-widget elementor-widget-html\" data-id=\"5f14c32\" data-element_type=\"widget\" data-e-type=\"widget\" data-widget_type=\"html.default\">\n\t\t\t\t\t<!DOCTYPE html>\r\n<html lang=\"pt-br\" dir=\"ltr\">\r\n<head>\r\n  <meta http-equiv=\"Content-Type\" content=\"text\/html; charset=UTF-8\" \/>\r\n  <style>\r\n    \/* Estilos para desktop *\/\r\n    .container {\r\n      padding: 20px;\r\n    }\r\n\r\n    .section {\r\n      margin-bottom: 40px;\r\n    }\r\n\r\n    .title {\r\n      text-align: center;\r\n      margin: 0 0 24px;\r\n      color: #0c326f;\r\n      font-weight: 600;\r\n      font-size: 2.7rem;\r\n      line-height: 1.5;\r\n    }\r\n\r\n    .cards {\r\n      display: flex;\r\n      justify-content: space-evenly;\r\n      flex-wrap: wrap;\r\n      margin: 0;\r\n      padding: 0;\r\n      list-style: none;\r\n    }\r\n\r\n    .cards li {\r\n      background-color: #ededed;\r\n      box-shadow: 0 3px 6px 0 rgba(0, 0, 0, 0.16);\r\n      text-align: center;\r\n      flex-basis: 23%;\r\n      box-sizing: border-box;\r\n      min-height: 230px;\r\n      margin-bottom: 1.2em;\r\n      line-height: 1.5em;\r\n      display: list-item;\r\n    }\r\n\r\n    .cards li a {\r\n      display: flex;\r\n      justify-content: center;\r\n      align-items: center;\r\n      flex-direction: column;\r\n      width: 100%;\r\n      height: 100%;\r\n      color: #1351b4;\r\n      font-weight: 500;\r\n      text-decoration: none;\r\n    }\r\n\r\n    .cards li i,\r\n    .cards li span {\r\n      font-size: 50px;\r\n      margin-bottom: 30px;\r\n      color: #0c326f;\r\n      width: auto;\r\n      font-weight: 900;\r\n    }\r\n\r\n    .cards li .title {\r\n      font-size: 20px;\r\n      color: #0c326f;\r\n      font-weight: 600;\r\n      margin: 0;\r\n      text-transform: uppercase;\r\n    }\r\n\r\n    \/* Estilos para telas menores *\/\r\n    @media screen and (max-width: 768px) {\r\n      .cards {\r\n        gap: 20px; \/* Espa\u00e7amento entre os cards *\/\r\n        margin-top: 20px; margin-bottom: 20px;\/* Margem superior para os cards *\/\r\n      }\r\n      .cards li {\r\n        flex-basis: calc(50% - 20px); \/* Tamanho dos cards com espa\u00e7amento *\/\r\n      }\r\n    }\r\n\r\n    @media screen and (max-width: 480px) {\r\n      .cards {\r\n        gap: 15px; \/* Espa\u00e7amento menor entre os cards *\/\r\n        margin-top: 15px; margin-bottom: 20px; \/* Margem superior menor para os cards *\/\r\n      }\r\n      .cards li {\r\n        flex-basis: calc(100% - 30px); \/* Tamanho dos cards com espa\u00e7amento menor *\/\r\n      }\r\n    }\r\n  <\/style>\r\n\t<div class=\"container\">\r\n        <div class=\"gabinete dengue\">\r\n            \r\n            <div class=\"title-header\">\r\n               \r\n            <\/div>\r\n            <ul class=\"cards\">\r\n                <li>\r\n                    <a href=\"https:\/\/goias.gov.br\/saude\/documentos-orientadores-da-5a-conferencia-estadual-de-saude-do-trabalhador-e-da-trabalhadora-de-goias\/\" target=\"_blank\">\r\n                        <span class=\"fa-solid fa-file-lines\"><\/span>\r\n                        <div class=\"title\">documentos orientadores<\/div>\r\n                    <\/a>\r\n                <\/li>\r\n\r\n  <li>\r\n                    <a href=\"https:\/\/drive.google.com\/drive\/folders\/1kUhm-dRFxa87QuqSwK_E9_75THUAuxvf?usp=drive_link\" target=\"_blank\">\r\n                        <span class=\"fa-solid fa-people-group\"><\/span>\r\n                        <div class=\"title\">material de apoio para os munic\u00edpios<\/div>\r\n                    <\/a>\r\n                <\/li>\r\n                <li>\r\n                    <a href=\"https:\/\/goias.gov.br\/saude\/manuais-e-cartilhas-da-5a-conferencia-estadual-de-saude-do-trabalhador-e-da-trabalhadora-de-goias\/\" target=\"_blank\">\r\n                        <span class=\"fa-solid fa-laptop-file\"><\/span>\r\n                        <div class=\"title\">manuais e cartilhas<\/div>\r\n                    <\/a>\r\n                <\/li>\r\n\r\n <li>\r\n                    <a href=\"https:\/\/goias.gov.br\/saude\/conferencias-livres-5a-conferencia-estadual-de-saude-do-trabalhador-e-da-trabalhadora-de-goias\/\" target=\"_blank\">\r\n                        <span class=\"fa-solid fa-users\"><\/span>\r\n                        <div class=\"title\">confer\u00eancias livres<\/div>\r\n                    <\/a>\r\n                <\/li>\r\n\r\n \r\n\r\n\r\n            <\/ul>\r\n        <\/div>\r\n\t<\/div>\r\n\t\t\t\t<\/div>\n\t\t\t\t<\/div>\n\t\t\t\t\t<\/div>\n\t\t\t\t<\/div>\n\t\t<div class=\"elementor-element elementor-element-8e2af8d e-flex e-con-boxed e-con e-parent\" data-id=\"8e2af8d\" data-element_type=\"container\" data-e-type=\"container\">\n\t\t\t\t\t<div class=\"e-con-inner\">\n\t\t<div class=\"elementor-element elementor-element-ae92cf3 e-con-full e-flex e-con e-child\" data-id=\"ae92cf3\" data-element_type=\"container\" data-e-type=\"container\">\n\t\t\t\t<div class=\"elementor-element elementor-element-cddaffd elementor-widget elementor-widget-text-editor\" data-id=\"cddaffd\" data-element_type=\"widget\" data-e-type=\"widget\" data-widget_type=\"text-editor.default\">\n\t\t\t\t\t\t\t\t\t<h2>Galeria de Fotos<\/h2>\t\t\t\t\t\t\t\t<\/div>\n\t\t\t\t<\/div>\n\t\t\t\t\t<\/div>\n\t\t\t\t<\/div>\n\t\t<div class=\"elementor-element elementor-element-63d1aec e-flex e-con-boxed e-con e-parent\" data-id=\"63d1aec\" data-element_type=\"container\" data-e-type=\"container\">\n\t\t\t\t\t<div class=\"e-con-inner\">\n\t\t<div class=\"elementor-element elementor-element-174f8f7 e-con-full e-flex e-con e-child\" data-id=\"174f8f7\" data-element_type=\"container\" data-e-type=\"container\">\n\t\t\t\t<\/div>\n\t\t<div class=\"elementor-element elementor-element-444c326 e-con-full e-flex e-con e-child\" data-id=\"444c326\" data-element_type=\"container\" data-e-type=\"container\">\n\t\t\t\t<\/div>\n\t\t<div class=\"elementor-element elementor-element-9af8f94 e-con-full e-flex e-con e-child\" data-id=\"9af8f94\" data-element_type=\"container\" data-e-type=\"container\">\n\t\t\t\t<\/div>\n\t\t\t\t\t<\/div>\n\t\t\t\t<\/div>\n\t\t<div class=\"elementor-element elementor-element-514aa01 e-flex e-con-boxed e-con e-parent\" data-id=\"514aa01\" data-element_type=\"container\" data-e-type=\"container\">\n\t\t\t\t\t<div class=\"e-con-inner\">\n\t\t<div class=\"elementor-element elementor-element-8d5e9a3 e-con-full e-flex e-con e-child\" data-id=\"8d5e9a3\" data-element_type=\"container\" data-e-type=\"container\">\n\t\t\t\t<\/div>\n\t\t\t\t\t<\/div>\n\t\t\t\t<\/div>\n\t\t\t\t<\/div>\n\t\t","protected":false},"excerpt":{"rendered":"<p>5\u00aa Confer\u00eancia Estadual de Sa\u00fade A 5\u00aa Confer\u00eancia Nacional de Sa\u00fade do Trabalhador e da Trabalhadora (CNSTT), \u00e9 espa\u00e7o de debate e formula\u00e7\u00e3o de pol\u00edticas p\u00fablicas para a Sa\u00fade do Trabalhador e da Trabalhadora (STT), conceito que abrange a prote\u00e7\u00e3o f\u00edsica, mental e social das pessoas trabalhadoras, considerando os riscos no trabalho\/ocupa\u00e7\u00e3o em suas diversas [&hellip;]<\/p>\n","protected":false},"author":164,"featured_media":0,"parent":0,"menu_order":0,"comment_status":"closed","ping_status":"closed","template":"","meta":{"footnotes":""},"class_list":["post-268296","page","type-page","status-publish","hentry"],"rttpg_featured_image_url":null,"rttpg_author":{"display_name":"isabelamelo","author_link":"https:\/\/goias.gov.br\/saude\/author\/isabelamelo\/"},"rttpg_comment":0,"rttpg_category":null,"rttpg_excerpt":"5\u00aa Confer\u00eancia Estadual de Sa\u00fade A 5\u00aa Confer\u00eancia Nacional de Sa\u00fade do Trabalhador e da Trabalhadora (CNSTT), \u00e9 espa\u00e7o de debate e formula\u00e7\u00e3o de pol\u00edticas p\u00fablicas para a Sa\u00fade do Trabalhador e da Trabalhadora (STT), conceito que abrange a prote\u00e7\u00e3o f\u00edsica, mental e social das pessoas trabalhadoras, considerando os riscos no trabalho\/ocupa\u00e7\u00e3o em suas diversas&hellip;","_links":{"self":[{"href":"https:\/\/goias.gov.br\/saude\/wp-json\/wp\/v2\/pages\/268296","targetHints":{"allow":["GET"]}}],"collection":[{"href":"https:\/\/goias.gov.br\/saude\/wp-json\/wp\/v2\/pages"}],"about":[{"href":"https:\/\/goias.gov.br\/saude\/wp-json\/wp\/v2\/types\/page"}],"author":[{"embeddable":true,"href":"https:\/\/goias.gov.br\/saude\/wp-json\/wp\/v2\/users\/164"}],"replies":[{"embeddable":true,"href":"https:\/\/goias.gov.br\/saude\/wp-json\/wp\/v2\/comments?post=268296"}],"version-history":[{"count":2,"href":"https:\/\/goias.gov.br\/saude\/wp-json\/wp\/v2\/pages\/268296\/revisions"}],"predecessor-version":[{"id":633425,"href":"https:\/\/goias.gov.br\/saude\/wp-json\/wp\/v2\/pages\/268296\/revisions\/633425"}],"wp:attachment":[{"href":"https:\/\/goias.gov.br\/saude\/wp-json\/wp\/v2\/media?parent=268296"}],"curies":[{"name":"wp","href":"https:\/\/api.w.org\/{rel}","templated":true}]}}