

{"id":163958,"date":"2024-11-11T13:29:58","date_gmt":"2024-11-11T16:29:58","guid":{"rendered":"https:\/\/goias.gov.br\/saude\/?page_id=163958"},"modified":"2025-12-02T15:32:10","modified_gmt":"2025-12-02T18:32:10","slug":"subsecretaria-de-vigilancia-em-saude-suvisa","status":"publish","type":"page","link":"https:\/\/goias.gov.br\/saude\/subsecretaria-de-vigilancia-em-saude-suvisa\/","title":{"rendered":"Subsecretaria de Vigil\u00e2ncia em Sa\u00fade &#8211; SUVISA"},"content":{"rendered":"\t\t<div data-elementor-type=\"wp-page\" data-elementor-id=\"163958\" class=\"elementor elementor-163958\">\n\t\t\t\t<div class=\"elementor-element elementor-element-329b8be e-flex e-con-boxed e-con e-parent\" data-id=\"329b8be\" data-element_type=\"container\" data-e-type=\"container\">\n\t\t\t\t\t<div class=\"e-con-inner\">\n\t\t<div class=\"elementor-element elementor-element-11efb06 e-con-full e-flex e-con e-child\" data-id=\"11efb06\" data-element_type=\"container\" data-e-type=\"container\">\n\t\t\t\t<div class=\"elementor-element elementor-element-0f933c5 elementor-widget elementor-widget-text-editor\" data-id=\"0f933c5\" data-element_type=\"widget\" data-e-type=\"widget\" data-widget_type=\"text-editor.default\">\n\t\t\t\t\t\t\t\t\t<h3 class=\"sppb-addon-title\">Subsecret\u00e1ria<\/h3><div class=\"sppb-addon-content\"><p><strong>Fl\u00favia Pereira Amorim da Silva<\/strong><br \/>(62) 3201-3933<br \/><a href=\"mailto:fluvia.silva@goias.gov.br\">fluvia.silva@goias.gov.br<\/a><\/p><\/div><p><a class=\"btn btn-primary btn-block\" href=\"https:\/\/goias.gov.br\/saude\/wp-content\/uploads\/sites\/34\/vigilancia-em-saude\/contatos-suvisa.pdf\" target=\"_blank\" rel=\"noopener\">Lista de contatos Suvisa<\/a><\/p><div class=\"sppb-addon-content\"><p><strong>Localiza\u00e7\u00e3o:<br \/><\/strong><a class=\"\" href=\"https:\/\/maps.app.goo.gl\/GebDdx7EHpgjhTLNA\" target=\"_blank\" rel=\"noopener\">Av. 136, S\/N, Edif\u00edcio C\u00e9sar Sebba, Qd. F-44, Lts. 22 e 24 &#8211; Setor Sul<br \/>Goi\u00e2nia-GO. CEP: 74093-250<\/a><\/p><\/div>\t\t\t\t\t\t\t\t<\/div>\n\t\t\t\t<\/div>\n\t\t<div class=\"elementor-element elementor-element-afec5d6 e-con-full e-flex e-con e-child\" data-id=\"afec5d6\" data-element_type=\"container\" data-e-type=\"container\">\n\t\t\t\t<div class=\"elementor-element elementor-element-3753392 elementor-widget elementor-widget-text-editor\" data-id=\"3753392\" data-element_type=\"widget\" data-e-type=\"widget\" data-widget_type=\"text-editor.default\">\n\t\t\t\t\t\t\t\t\t<p style=\"text-align: justify;\">A Subsecretaria de Vigil\u00e2ncia em Sa\u00fade tem a finalidade de coordenar e integrar as a\u00e7\u00f5es de vigil\u00e2ncia em sa\u00fade no estado, com base na Pol\u00edtica Nacional de Vigil\u00e2ncia em Sa\u00fade. Sua atua\u00e7\u00e3o abrange a imuniza\u00e7\u00e3o, vigil\u00e2ncia epidemiol\u00f3gica, sanit\u00e1ria, laboratorial, sa\u00fade ambiental e sa\u00fade do trabalhador, promovendo a gest\u00e3o estrat\u00e9gica dessas \u00e1reas para garantir a prote\u00e7\u00e3o e promo\u00e7\u00e3o da sa\u00fade da popula\u00e7\u00e3o.<\/p><p style=\"text-align: justify;\">Suas compet\u00eancias incluem a formula\u00e7\u00e3o e coordena\u00e7\u00e3o das a\u00e7\u00f5es de vigil\u00e2ncia, a defini\u00e7\u00e3o de diretrizes e protocolos t\u00e9cnicos, al\u00e9m do monitoramento da situa\u00e7\u00e3o de sa\u00fade do estado. A Subsecretaria tamb\u00e9m atua na articula\u00e7\u00e3o intersetorial, no controle de doen\u00e7as transmiss\u00edveis e n\u00e3o transmiss\u00edveis, agravos e eventos de import\u00e2ncia em sa\u00fade p\u00fablica, na vigil\u00e2ncia de produtos e servi\u00e7os de sa\u00fade, e na implementa\u00e7\u00e3o de pol\u00edticas de prote\u00e7\u00e3o \u00e0 sa\u00fade do trabalhador. Al\u00e9m disso, acompanha e avalia a Pol\u00edtica de Vigil\u00e2ncia Sanit\u00e1ria Estadual, gerencia sistemas de informa\u00e7\u00e3o em sa\u00fade e fomenta pesquisas para o aprimoramento cient\u00edfico e tecnol\u00f3gico da \u00e1rea.<\/p><p style=\"text-align: justify;\">A Subsecretaria desempenha um papel fundamental na descentraliza\u00e7\u00e3o das a\u00e7\u00f5es de vigil\u00e2ncia para os munic\u00edpios, oferecendo suporte t\u00e9cnico e financeiro. Tamb\u00e9m promove campanhas de educa\u00e7\u00e3o e mobiliza\u00e7\u00e3o social, garantindo a participa\u00e7\u00e3o da comunidade na preven\u00e7\u00e3o de doen\u00e7as. Suas atividades incluem ainda o cadastramento e licenciamento de estabelecimentos sujeitos \u00e0 vigil\u00e2ncia sanit\u00e1ria, a supervis\u00e3o da vigil\u00e2ncia laboratorial e entomol\u00f3gica pelo Lacen-GO, e a coordena\u00e7\u00e3o dos recursos or\u00e7ament\u00e1rios destinados \u00e0 vigil\u00e2ncia em sa\u00fade.<\/p>\t\t\t\t\t\t\t\t<\/div>\n\t\t\t\t<\/div>\n\t\t\t\t\t<\/div>\n\t\t\t\t<\/div>\n\t\t<div class=\"elementor-element elementor-element-26dad58 e-flex e-con-boxed e-con e-parent\" data-id=\"26dad58\" data-element_type=\"container\" data-e-type=\"container\">\n\t\t\t\t\t<div class=\"e-con-inner\">\n\t\t\t\t<div class=\"elementor-element elementor-element-0a48ba3 elementor-widget elementor-widget-html\" data-id=\"0a48ba3\" data-element_type=\"widget\" data-e-type=\"widget\" data-widget_type=\"html.default\">\n\t\t\t\t\t<!DOCTYPE html>\r\n<html lang=\"pt-br\" dir=\"ltr\">\r\n<head>\r\n  <meta http-equiv=\"Content-Type\" content=\"text\/html; charset=UTF-8\" \/>\r\n  <style>\r\n    \/* Estilos para desktop *\/\r\n    .container {\r\n      padding: 20px;\r\n    }\r\n\r\n    .section {\r\n      margin-bottom: 40px;\r\n    }\r\n\r\n    .title {\r\n      text-align: center;\r\n      margin: 0 0 24px;\r\n      color: #0c326f;\r\n      font-weight: 600;\r\n      font-size: 2.7rem;\r\n      line-height: 1.5;\r\n    }\r\n\r\n    .cards {\r\n      display: flex;\r\n      justify-content: space-evenly;\r\n      flex-wrap: wrap;\r\n      margin: 0;\r\n      padding: 0;\r\n      list-style: none;\r\n    }\r\n\r\n    .cards li {\r\n      background-color: #ededed;\r\n      box-shadow: 0 3px 6px 0 rgba(0, 0, 0, 0.16);\r\n      text-align: center;\r\n      flex-basis: 23%;\r\n      box-sizing: border-box;\r\n      min-height: 230px;\r\n      margin-bottom: 1.2em;\r\n      line-height: 1.5em;\r\n      display: list-item;\r\n    }\r\n\r\n    .cards li a {\r\n      display: flex;\r\n      justify-content: center;\r\n      align-items: center;\r\n      flex-direction: column;\r\n      width: 100%;\r\n      height: 100%;\r\n      color: #1351b4;\r\n      font-weight: 500;\r\n      text-decoration: none;\r\n    }\r\n\r\n    .cards li i,\r\n    .cards li span {\r\n      font-size: 50px;\r\n      margin-bottom: 30px;\r\n      color: #0c326f;\r\n      width: auto;\r\n      font-weight: 900;\r\n    }\r\n\r\n    .cards li .title {\r\n      font-size: 20px;\r\n      color: #0c326f;\r\n      font-weight: 600;\r\n      margin: 0;\r\n      text-transform: uppercase;\r\n    }\r\n\r\n    \/* Estilos para telas menores *\/\r\n    @media screen and (max-width: 768px) {\r\n      .cards {\r\n        gap: 20px; \/* Espa\u00e7amento entre os cards *\/\r\n        margin-top: 20px; margin-bottom: 20px;\/* Margem superior para os cards *\/\r\n      }\r\n      .cards li {\r\n        flex-basis: calc(50% - 20px); \/* Tamanho dos cards com espa\u00e7amento *\/\r\n      }\r\n    }\r\n\r\n    @media screen and (max-width: 480px) {\r\n      .cards {\r\n        gap: 15px; \/* Espa\u00e7amento menor entre os cards *\/\r\n        margin-top: 15px; margin-bottom: 20px; \/* Margem superior menor para os cards *\/\r\n      }\r\n      .cards li {\r\n        flex-basis: calc(100% - 30px); \/* Tamanho dos cards com espa\u00e7amento menor *\/\r\n      }\r\n    }\r\n  <\/style>\r\n\t<div class=\"container\">\r\n        <div class=\"suvisa\">\r\n            \r\n            <div class=\"title-header\">\r\n               \r\n            <\/div>\r\n            <ul class=\"cards\">\r\n                <li>\r\n                    <a href=\"https:\/\/goias.gov.br\/saude\/superintendencia-de-vigilancia-epidemiologica-e-imunizacao\/\">\r\n                        <span class=\"fa-solid fa-viruses\"><\/span>\r\n                        <div class=\"title\">superintend\u00eancia de Vigil\u00e2ncia Epidemiol\u00f3gica e Imuniza\u00e7\u00e3o<\/div>\r\n                    <\/a>\r\n                <\/li>\r\n                <li>\r\n                    <a href=\"https:\/\/goias.gov.br\/saude\/superintendencia-de-vigilancia-sanitaria-ambiental-e-saude-do-trabalhador\/\">\r\n                        <span class=\"fa-solid fa-hand-holding-medical\"><\/span>\r\n                        <div class=\"title\">superintend\u00eancia de Vigil\u00e2ncia Sanit\u00e1ria, Ambiental e Sa\u00fade do Trabalhador<\/div>\r\n                    <\/a>\r\n                <\/li>\r\n                \r\n                \r\n\r\n\r\n            <\/ul>\r\n        <\/div>\r\n\t<\/div>\r\n\t\t\t\t<\/div>\n\t\t\t\t<div class=\"elementor-element elementor-element-7833fb3 elementor-widget elementor-widget-heading\" data-id=\"7833fb3\" data-element_type=\"widget\" data-e-type=\"widget\" data-widget_type=\"heading.default\">\n\t\t\t\t\t<h2 class=\"elementor-heading-title elementor-size-default\">Ger\u00eancia<\/h2>\t\t\t\t<\/div>\n\t\t\t\t<div class=\"elementor-element elementor-element-987693d elementor-widget elementor-widget-n-accordion\" data-id=\"987693d\" data-element_type=\"widget\" data-e-type=\"widget\" data-settings=\"{&quot;default_state&quot;:&quot;all_collapsed&quot;,&quot;max_items_expended&quot;:&quot;one&quot;,&quot;n_accordion_animation_duration&quot;:{&quot;unit&quot;:&quot;ms&quot;,&quot;size&quot;:400,&quot;sizes&quot;:[]}}\" data-widget_type=\"nested-accordion.default\">\n\t\t\t\t\t\t\t<div class=\"e-n-accordion\" aria-label=\"Accordion. Open links with Enter or Space, close with Escape, and navigate with Arrow Keys\">\n\t\t\t\t\t\t<details id=\"e-n-accordion-item-1590\" class=\"e-n-accordion-item\" >\n\t\t\t\t<summary class=\"e-n-accordion-item-title\" data-accordion-index=\"1\" tabindex=\"0\" aria-expanded=\"false\" aria-controls=\"e-n-accordion-item-1590\" >\n\t\t\t\t\t<span class='e-n-accordion-item-title-header'><div class=\"e-n-accordion-item-title-text\"> Ger\u00eancia de Suporte Administrativo <\/div><\/span>\n\t\t\t\t\t\t\t<span class='e-n-accordion-item-title-icon'>\n\t\t\t<span class='e-opened' ><svg aria-hidden=\"true\" class=\"e-font-icon-svg e-fas-angle-down\" viewBox=\"0 0 320 512\" xmlns=\"http:\/\/www.w3.org\/2000\/svg\"><path d=\"M143 352.3L7 216.3c-9.4-9.4-9.4-24.6 0-33.9l22.6-22.6c9.4-9.4 24.6-9.4 33.9 0l96.4 96.4 96.4-96.4c9.4-9.4 24.6-9.4 33.9 0l22.6 22.6c9.4 9.4 9.4 24.6 0 33.9l-136 136c-9.2 9.4-24.4 9.4-33.8 0z\"><\/path><\/svg><\/span>\n\t\t\t<span class='e-closed'><svg aria-hidden=\"true\" class=\"e-font-icon-svg e-fas-angle-right\" viewBox=\"0 0 256 512\" xmlns=\"http:\/\/www.w3.org\/2000\/svg\"><path d=\"M224.3 273l-136 136c-9.4 9.4-24.6 9.4-33.9 0l-22.6-22.6c-9.4-9.4-9.4-24.6 0-33.9l96.4-96.4-96.4-96.4c-9.4-9.4-9.4-24.6 0-33.9L54.3 103c9.4-9.4 24.6-9.4 33.9 0l136 136c9.5 9.4 9.5 24.6.1 34z\"><\/path><\/svg><\/span>\n\t\t<\/span>\n\n\t\t\t\t\t\t<\/summary>\n\t\t\t\t<div role=\"region\" aria-labelledby=\"e-n-accordion-item-1590\" class=\"elementor-element elementor-element-2ec95f9 e-con-full e-flex e-con e-child\" data-id=\"2ec95f9\" data-element_type=\"container\" data-e-type=\"container\">\n\t\t\t\t<div class=\"elementor-element elementor-element-2c80573 elementor-widget elementor-widget-text-editor\" data-id=\"2c80573\" data-element_type=\"widget\" data-e-type=\"widget\" data-widget_type=\"text-editor.default\">\n\t\t\t\t\t\t\t\t\t<p>Compete \u00e0 Ger\u00eancia de Suporte Administrativo:<\/p><ol style=\"list-style-type: upper-roman;\"><li><p lang=\"pt-PT\" align=\"justify\"><span style=\"font-size: small;\"><span style=\"font-size: medium;\">Coordenar o planejamento e execu\u00e7\u00e3o do processo de apoio log\u00edstico e administrativo para o desenvolvimento das a\u00e7\u00f5es de Vigil\u00e2ncia em Sa\u00fade;<\/span><\/span><\/p><\/li><li><p lang=\"pt-PT\" align=\"justify\"><span style=\"font-size: small;\"><span style=\"font-size: medium;\">Participar da elabora\u00e7\u00e3o da programa\u00e7\u00e3o or\u00e7ament\u00e1ria anual e plurianual da SES\/GO, PAS e RAG em conson\u00e2ncia com a Lei de Diretrizes Or\u00e7ament\u00e1rias do Estado;<\/span><\/span><\/p><\/li><li><p lang=\"pt-PT\" align=\"justify\"><span style=\"font-size: small;\"><span style=\"font-size: medium;\">Participar do gerenciamento dos recursos financeiros destinados a custear as atividades de Vigil\u00e2ncia em Sa\u00fade, acompanhando sua aplica\u00e7\u00e3o e presta\u00e7\u00e3o de contas;<\/span><\/span><\/p><\/li><li><p lang=\"pt-PT\" align=\"justify\"><span style=\"font-size: small;\"><span style=\"font-size: medium;\">Participar do planejamento e encaminhar os processos de contrata\u00e7\u00e3o de servi\u00e7os e aquisi\u00e7\u00e3o de insumos, equipamentos e suprimentos necess\u00e1rios \u00e0 execu\u00e7\u00e3o das a\u00e7\u00f5es de Vigil\u00e2ncia em Sa\u00fade;<\/span><\/span><\/p><\/li><li><p lang=\"pt-PT\" align=\"justify\"><span style=\"font-size: small;\"><span style=\"font-size: medium;\">Acompanhar a tramita\u00e7\u00e3o dos processos de aquisi\u00e7\u00e3o de servi\u00e7os, insumos, equipamentos e suprimentos necess\u00e1rios \u00e0 execu\u00e7\u00e3o das a\u00e7\u00f5es de vigil\u00e2ncia em sa\u00fade e controle de vetores;<\/span><\/span><\/p><\/li><li><p lang=\"pt-PT\" align=\"justify\"><span style=\"font-size: small;\"><span style=\"font-size: medium;\">Coordenar a supervis\u00e3o e a fiscaliza\u00e7\u00e3o dos contratos de presta\u00e7\u00e3o de servi\u00e7os;<\/span><\/span><\/p><\/li><li><p lang=\"pt-PT\" align=\"justify\"><span style=\"font-size: small;\"><span style=\"font-size: medium;\">Gerir as atividades relativas aos Fundo Rotativo da Superintend\u00eancia de Vigil\u00e2ncia em Sa\u00fade;<\/span><\/span><\/p><\/li><li><p lang=\"pt-PT\" align=\"justify\"><span style=\"font-size: small;\"><span style=\"font-size: medium;\">Participar do planejamento e da execu\u00e7\u00e3o das a\u00e7\u00f5es de apoio para a realiza\u00e7\u00e3o dos processos de desenvolvimento e qualifica\u00e7\u00e3o de profissionais e de educa\u00e7\u00e3o em sa\u00fade promovidos pela Superintend\u00eancia de Vigil\u00e2ncia em Sa\u00fade em parceria com a Superintend\u00eancia da Escola de Sa\u00fade da SES\/GO, relacionados \u00e0 Vigil\u00e2ncia em Sa\u00fade;<\/span><\/span><\/p><\/li><li><p lang=\"pt-PT\" align=\"justify\"><span style=\"font-size: small;\"><span style=\"font-size: medium;\">Coordenar o desenvolvimento e implanta\u00e7\u00e3o do Sistema de Informa\u00e7\u00e3o de Vigil\u00e2ncia Sanit\u00e1ria, no \u00e2mbito do Estado, bem como a manuten\u00e7\u00e3o de equipamentos, rede, teleprocessamento e software;<\/span><\/span><\/p><\/li><li><p lang=\"pt-PT\" align=\"justify\"><span style=\"font-size: small;\"><span style=\"font-size: medium;\">Supervisionar e controlar a manuten\u00e7\u00e3o e abastecimento da frota de ve\u00edculos, para o desenvolvimento das a\u00e7\u00f5es de Vigil\u00e2ncia em Sa\u00fade;<\/span><\/span><\/p><\/li><li><p lang=\"pt-PT\" align=\"justify\"><span style=\"font-size: small;\"><span style=\"font-size: medium;\">Coordenar e executar as a\u00e7\u00f5es de planejamento e administra\u00e7\u00e3o de pessoas da Superintend\u00eancia de Vigil\u00e2ncia em Sa\u00fade em conjunto com a Superintend\u00eancia de Gest\u00e3o Planejamento e Finan\u00e7as\/GGP\/SES-GO,<\/span><\/span><\/p><\/li><li><p lang=\"pt-PT\" align=\"justify\"><span style=\"font-size: small;\"><span style=\"font-size: medium;\">Controlar o fluxo de pessoas nas depend\u00eancias da Superintend\u00eancia de Vigil\u00e2ncia em Sa\u00fade;<\/span><\/span><\/p><\/li><li><p lang=\"pt-PT\" align=\"justify\"><span style=\"font-size: small;\"><span style=\"font-size: medium;\">Assessorar e apoiar as Regionais de Sa\u00fade e os Munic\u00edpios, em sua \u00e1rea de atua\u00e7\u00e3o;<\/span><\/span><\/p><\/li><li><p lang=\"pt-PT\" align=\"justify\"><span style=\"font-size: small;\"><span style=\"font-size: medium;\">Executar outras atividades afins.<\/span><\/span><\/p><\/li><li>\u00a0<\/li><\/ol>\t\t\t\t\t\t\t\t<\/div>\n\t\t\t\t<\/div>\n\t\t\t\t\t<\/details>\n\t\t\t\t\t<\/div>\n\t\t\t\t\t\t<\/div>\n\t\t\t\t\t<\/div>\n\t\t\t\t<\/div>\n\t\t\t\t<\/div>\n\t\t","protected":false},"excerpt":{"rendered":"<p>Subsecret\u00e1ria Fl\u00favia Pereira Amorim da Silva(62) 3201-3933fluvia.silva@goias.gov.br Lista de contatos Suvisa Localiza\u00e7\u00e3o:Av. 136, S\/N, Edif\u00edcio C\u00e9sar Sebba, Qd. F-44, Lts. 22 e 24 &#8211; Setor SulGoi\u00e2nia-GO. CEP: 74093-250 A Subsecretaria de Vigil\u00e2ncia em Sa\u00fade tem a finalidade de coordenar e integrar as a\u00e7\u00f5es de vigil\u00e2ncia em sa\u00fade no estado, com base na Pol\u00edtica Nacional de [&hellip;]<\/p>\n","protected":false},"author":164,"featured_media":0,"parent":0,"menu_order":0,"comment_status":"closed","ping_status":"closed","template":"","meta":{"footnotes":""},"class_list":["post-163958","page","type-page","status-publish","hentry"],"rttpg_featured_image_url":null,"rttpg_author":{"display_name":"isabelamelo","author_link":"https:\/\/goias.gov.br\/saude\/author\/isabelamelo\/"},"rttpg_comment":0,"rttpg_category":null,"rttpg_excerpt":"Subsecret\u00e1ria Fl\u00favia Pereira Amorim da Silva(62) 3201-3933fluvia.silva@goias.gov.br Lista de contatos Suvisa Localiza\u00e7\u00e3o:Av. 136, S\/N, Edif\u00edcio C\u00e9sar Sebba, Qd. F-44, Lts. 22 e 24 &#8211; Setor SulGoi\u00e2nia-GO. CEP: 74093-250 A Subsecretaria de Vigil\u00e2ncia em Sa\u00fade tem a finalidade de coordenar e integrar as a\u00e7\u00f5es de vigil\u00e2ncia em sa\u00fade no estado, com base na Pol\u00edtica Nacional de&hellip;","_links":{"self":[{"href":"https:\/\/goias.gov.br\/saude\/wp-json\/wp\/v2\/pages\/163958","targetHints":{"allow":["GET"]}}],"collection":[{"href":"https:\/\/goias.gov.br\/saude\/wp-json\/wp\/v2\/pages"}],"about":[{"href":"https:\/\/goias.gov.br\/saude\/wp-json\/wp\/v2\/types\/page"}],"author":[{"embeddable":true,"href":"https:\/\/goias.gov.br\/saude\/wp-json\/wp\/v2\/users\/164"}],"replies":[{"embeddable":true,"href":"https:\/\/goias.gov.br\/saude\/wp-json\/wp\/v2\/comments?post=163958"}],"version-history":[{"count":2,"href":"https:\/\/goias.gov.br\/saude\/wp-json\/wp\/v2\/pages\/163958\/revisions"}],"predecessor-version":[{"id":626241,"href":"https:\/\/goias.gov.br\/saude\/wp-json\/wp\/v2\/pages\/163958\/revisions\/626241"}],"wp:attachment":[{"href":"https:\/\/goias.gov.br\/saude\/wp-json\/wp\/v2\/media?parent=163958"}],"curies":[{"name":"wp","href":"https:\/\/api.w.org\/{rel}","templated":true}]}}