

{"id":163332,"date":"2024-11-11T11:25:21","date_gmt":"2024-11-11T14:25:21","guid":{"rendered":"https:\/\/goias.gov.br\/saude\/?page_id=163332"},"modified":"2025-12-02T15:58:40","modified_gmt":"2025-12-02T18:58:40","slug":"superintendencia-de-regionalizacao","status":"publish","type":"page","link":"https:\/\/goias.gov.br\/saude\/superintendencia-de-regionalizacao\/","title":{"rendered":"Superintend\u00eancia de Regionaliza\u00e7\u00e3o"},"content":{"rendered":"\t\t<div data-elementor-type=\"wp-page\" data-elementor-id=\"163332\" class=\"elementor elementor-163332\">\n\t\t\t\t<div class=\"elementor-element elementor-element-b2e7f3d e-flex e-con-boxed e-con e-parent\" data-id=\"b2e7f3d\" data-element_type=\"container\" data-e-type=\"container\">\n\t\t\t\t\t<div class=\"e-con-inner\">\n\t\t<div class=\"elementor-element elementor-element-b14eafd e-con-full e-flex e-con e-child\" data-id=\"b14eafd\" data-element_type=\"container\" data-e-type=\"container\">\n\t\t\t\t<div class=\"elementor-element elementor-element-8fa2fb1 elementor-widget elementor-widget-text-editor\" data-id=\"8fa2fb1\" data-element_type=\"widget\" data-e-type=\"widget\" data-widget_type=\"text-editor.default\">\n\t\t\t\t\t\t\t\t\t<h3 class=\"sppb-addon-title\">Superintendente<\/h3><div class=\"sppb-addon-content\"><p><span class=\"st\"><strong>\u00c9rika Lopes Rocha Batista\u00a0<\/strong><br \/><\/span>(62) 3201-3731<br \/><a href=\"superre.saude@goias.gov.br\">superre.saude@goias.gov.br<\/a><\/p><p><strong>Localiza\u00e7\u00e3o:<br \/><\/strong><a href=\"https:\/\/maps.app.goo.gl\/PgPGUEBjn4Faj9iW7\" target=\"_blank\" rel=\"noopener\">Av. SC 1 n\u00ba 299 &#8211; Parque Santa Cruz <br \/>Goi\u00e2nia &#8211; GO<br \/>CEP: 74.860-260<\/a><\/p><\/div>\t\t\t\t\t\t\t\t<\/div>\n\t\t\t\t<\/div>\n\t\t<div class=\"elementor-element elementor-element-f6d7ef9 e-con-full e-flex e-con e-child\" data-id=\"f6d7ef9\" data-element_type=\"container\" data-e-type=\"container\">\n\t\t\t\t<div class=\"elementor-element elementor-element-1e7c54c elementor-widget elementor-widget-text-editor\" data-id=\"1e7c54c\" data-element_type=\"widget\" data-e-type=\"widget\" data-widget_type=\"text-editor.default\">\n\t\t\t\t\t\t\t\t\t<p style=\"text-align: justify;\">A Superintend\u00eancia de Regionaliza\u00e7\u00e3o da Secretaria de Estado da Sa\u00fade de Goi\u00e1s (SES-GO) exerce um papel estrat\u00e9gico na organiza\u00e7\u00e3o e no fortalecimento da regionaliza\u00e7\u00e3o da sa\u00fade no estado. Sua atua\u00e7\u00e3o busca alinhar as caracter\u00edsticas e necessidades de cada territ\u00f3rio \u00e0s pol\u00edticas p\u00fablicas de sa\u00fade, bem como promover a coopera\u00e7\u00e3o entre os munic\u00edpios e potencializar as redes de aten\u00e7\u00e3o \u00e0 sa\u00fade.<\/p><p style=\"text-align: justify;\">Entre suas atribui\u00e7\u00f5es est\u00e3o o gerenciamento das Comiss\u00f5es Intergestores Bipartite, Macrorregionais e Regionais; o acompanhamento das delibera\u00e7\u00f5es da Comiss\u00e3o Intergestores Tripartite; a elabora\u00e7\u00e3o de estudos e an\u00e1lises de regionaliza\u00e7\u00e3o; e a revis\u00e3o do Plano Diretor de Regionaliza\u00e7\u00e3o.<\/p><p style=\"text-align: justify;\">Com uma estrutura formada pela Assessoria de Coopera\u00e7\u00e3o Intermunicipal, pela Ger\u00eancia de Articula\u00e7\u00e3o Interfederativa e pela Ger\u00eancia das Regionais de Sa\u00fade, a Superintend\u00eancia coordena a\u00e7\u00f5es voltadas ao desenvolvimento e fortalecimento dos Cons\u00f3rcios Intermunicipais de Sa\u00fade, monitora a efetividade das pactua\u00e7\u00f5es entre os entes federados e gerencia as atividades das macrorregionais e regionais.<\/p>\t\t\t\t\t\t\t\t<\/div>\n\t\t\t\t<\/div>\n\t\t\t\t\t<\/div>\n\t\t\t\t<\/div>\n\t\t<div class=\"elementor-element elementor-element-dc9b3a7 e-flex e-con-boxed e-con e-parent\" data-id=\"dc9b3a7\" data-element_type=\"container\" data-e-type=\"container\">\n\t\t\t\t\t<div class=\"e-con-inner\">\n\t\t\t\t<div class=\"elementor-element elementor-element-083f582 elementor-widget elementor-widget-heading\" data-id=\"083f582\" data-element_type=\"widget\" data-e-type=\"widget\" data-widget_type=\"heading.default\">\n\t\t\t\t\t<h2 class=\"elementor-heading-title elementor-size-default\">Ger\u00eancias<\/h2>\t\t\t\t<\/div>\n\t\t\t\t<div class=\"elementor-element elementor-element-c1ab982 elementor-widget elementor-widget-n-accordion\" data-id=\"c1ab982\" data-element_type=\"widget\" data-e-type=\"widget\" data-settings=\"{&quot;default_state&quot;:&quot;all_collapsed&quot;,&quot;max_items_expended&quot;:&quot;one&quot;,&quot;n_accordion_animation_duration&quot;:{&quot;unit&quot;:&quot;ms&quot;,&quot;size&quot;:400,&quot;sizes&quot;:[]}}\" data-widget_type=\"nested-accordion.default\">\n\t\t\t\t\t\t\t<div class=\"e-n-accordion\" aria-label=\"Accordion. Open links with Enter or Space, close with Escape, and navigate with Arrow Keys\">\n\t\t\t\t\t\t<details id=\"e-n-accordion-item-2030\" class=\"e-n-accordion-item\" >\n\t\t\t\t<summary class=\"e-n-accordion-item-title\" data-accordion-index=\"1\" tabindex=\"0\" aria-expanded=\"false\" aria-controls=\"e-n-accordion-item-2030\" >\n\t\t\t\t\t<span class='e-n-accordion-item-title-header'><div class=\"e-n-accordion-item-title-text\"> Assessoria de Coopera\u00e7\u00e3o Intermunicipal <\/div><\/span>\n\t\t\t\t\t\t\t<span class='e-n-accordion-item-title-icon'>\n\t\t\t<span class='e-opened' ><svg aria-hidden=\"true\" class=\"e-font-icon-svg e-fas-angle-down\" viewBox=\"0 0 320 512\" xmlns=\"http:\/\/www.w3.org\/2000\/svg\"><path d=\"M143 352.3L7 216.3c-9.4-9.4-9.4-24.6 0-33.9l22.6-22.6c9.4-9.4 24.6-9.4 33.9 0l96.4 96.4 96.4-96.4c9.4-9.4 24.6-9.4 33.9 0l22.6 22.6c9.4 9.4 9.4 24.6 0 33.9l-136 136c-9.2 9.4-24.4 9.4-33.8 0z\"><\/path><\/svg><\/span>\n\t\t\t<span class='e-closed'><svg aria-hidden=\"true\" class=\"e-font-icon-svg e-fas-angle-right\" viewBox=\"0 0 256 512\" xmlns=\"http:\/\/www.w3.org\/2000\/svg\"><path d=\"M224.3 273l-136 136c-9.4 9.4-24.6 9.4-33.9 0l-22.6-22.6c-9.4-9.4-9.4-24.6 0-33.9l96.4-96.4-96.4-96.4c-9.4-9.4-9.4-24.6 0-33.9L54.3 103c9.4-9.4 24.6-9.4 33.9 0l136 136c9.5 9.4 9.5 24.6.1 34z\"><\/path><\/svg><\/span>\n\t\t<\/span>\n\n\t\t\t\t\t\t<\/summary>\n\t\t\t\t<div role=\"region\" aria-labelledby=\"e-n-accordion-item-2030\" class=\"elementor-element elementor-element-33c797f e-con-full e-flex e-con e-child\" data-id=\"33c797f\" data-element_type=\"container\" data-e-type=\"container\">\n\t\t\t\t<div class=\"elementor-element elementor-element-e32f5e2 elementor-widget elementor-widget-text-editor\" data-id=\"e32f5e2\" data-element_type=\"widget\" data-e-type=\"widget\" data-widget_type=\"text-editor.default\">\n\t\t\t\t\t\t\t\t\t<p>Compete \u00e0 Assessoria de Coopera\u00e7\u00e3o Intermunicipal:<\/p><ol style=\"list-style-type: upper-roman;\"><li>Promover e fomentar, junto aos cons\u00f3rcios, os processos e projetos que visem o adequado alinhamento ao SUS e aos objetivos das redes de aten\u00e7\u00e3o \u00e0 sa\u00fade;<\/li><li>Fortalecer a articula\u00e7\u00e3o intra e intersetorial estimulando a formula\u00e7\u00e3o e implementa\u00e7\u00e3o de pol\u00edticas p\u00fablicas para o desenvolvimento dos Cons\u00f3rcios Intermunicipais de Sa\u00fade;<\/li><li>Subsidiar, com estudos e informa\u00e7\u00f5es, os processos decis\u00f3rios da SES em assuntos relacionados ao consorciamento em sa\u00fade;<\/li><li>Fomentar a\u00e7\u00f5es que ampliem e aperfei\u00e7oem os servi\u00e7os assistenciais ofertados \u00e0 popula\u00e7\u00e3o pelos Cons\u00f3rcios Intermunicipais de Sa\u00fade para o fortalecimento da regionaliza\u00e7\u00e3o da assist\u00eancia \u00e0 sa\u00fade e potencializa\u00e7\u00e3o das redes de aten\u00e7\u00e3o \u00e0 sa\u00fade;<\/li><li>Induzir a alimenta\u00e7\u00e3o dos sistemas de dados e informa\u00e7\u00f5es do SUS pelos Cons\u00f3rcios Intermunicipais de Sa\u00fade, monitorando e avaliando os resultados;<\/li><li>Monitorar e fiscalizar os contratos ou instrumentos cong\u00eaneres no \u00e2mbito de sua atua\u00e7\u00e3o;<\/li><li>Encarregar-se de compet\u00eancias correlatas.<\/li><\/ol>\t\t\t\t\t\t\t\t<\/div>\n\t\t\t\t<\/div>\n\t\t\t\t\t<\/details>\n\t\t\t\t\t\t<details id=\"e-n-accordion-item-2031\" class=\"e-n-accordion-item\" >\n\t\t\t\t<summary class=\"e-n-accordion-item-title\" data-accordion-index=\"2\" tabindex=\"-1\" aria-expanded=\"false\" aria-controls=\"e-n-accordion-item-2031\" >\n\t\t\t\t\t<span class='e-n-accordion-item-title-header'><div class=\"e-n-accordion-item-title-text\"> Ger\u00eancia das Regionais de Sa\u00fade <\/div><\/span>\n\t\t\t\t\t\t\t<span class='e-n-accordion-item-title-icon'>\n\t\t\t<span class='e-opened' ><svg aria-hidden=\"true\" class=\"e-font-icon-svg e-fas-angle-down\" viewBox=\"0 0 320 512\" xmlns=\"http:\/\/www.w3.org\/2000\/svg\"><path d=\"M143 352.3L7 216.3c-9.4-9.4-9.4-24.6 0-33.9l22.6-22.6c9.4-9.4 24.6-9.4 33.9 0l96.4 96.4 96.4-96.4c9.4-9.4 24.6-9.4 33.9 0l22.6 22.6c9.4 9.4 9.4 24.6 0 33.9l-136 136c-9.2 9.4-24.4 9.4-33.8 0z\"><\/path><\/svg><\/span>\n\t\t\t<span class='e-closed'><svg aria-hidden=\"true\" class=\"e-font-icon-svg e-fas-angle-right\" viewBox=\"0 0 256 512\" xmlns=\"http:\/\/www.w3.org\/2000\/svg\"><path d=\"M224.3 273l-136 136c-9.4 9.4-24.6 9.4-33.9 0l-22.6-22.6c-9.4-9.4-9.4-24.6 0-33.9l96.4-96.4-96.4-96.4c-9.4-9.4-9.4-24.6 0-33.9L54.3 103c9.4-9.4 24.6-9.4 33.9 0l136 136c9.5 9.4 9.5 24.6.1 34z\"><\/path><\/svg><\/span>\n\t\t<\/span>\n\n\t\t\t\t\t\t<\/summary>\n\t\t\t\t<div role=\"region\" aria-labelledby=\"e-n-accordion-item-2031\" class=\"elementor-element elementor-element-4bd4373 e-con-full e-flex e-con e-child\" data-id=\"4bd4373\" data-element_type=\"container\" data-e-type=\"container\">\n\t\t\t\t<div class=\"elementor-element elementor-element-21d49b1 elementor-widget elementor-widget-text-editor\" data-id=\"21d49b1\" data-element_type=\"widget\" data-e-type=\"widget\" data-widget_type=\"text-editor.default\">\n\t\t\t\t\t\t\t\t\t<p>Compete \u00e0 Ger\u00eancia das Regionais de Sa\u00fade:<\/p><ol style=\"list-style-type: upper-roman;\"><li>Planejar, organizar e supervisionar as atividades administrativas, operacionais, log\u00edsticas e t\u00e9cnicas no \u00e2mbito das Diretorias e Coordenadorias das Macrorregionais e Regionais de Sa\u00fade, visando assegurar o funcionamento eficiente e harm\u00f4nico de todos os servi\u00e7os integrantes de sua estrutura, liderando as equipes para que atinjam seus objetivos e metas;<\/li><li>Coordenar e monitorar o processo de fortalecimento da Governan\u00e7a Regional, em \u00e2mbito macrorregional, por meio dos espa\u00e7os de governan\u00e7a no estado de Goi\u00e1s;<\/li><li>Coordenar, monitorar e avaliar o processo de organiza\u00e7\u00e3o, reconhecimento e revis\u00e3o das regi\u00f5es de sa\u00fade, em \u00e2mbito macrorregional no estado de Goi\u00e1s;<\/li><li>Coordenar a execu\u00e7\u00e3o das atividades, em \u00e2mbito macrorregional, voltadas \u00e0 implementa\u00e7\u00e3o, monitoramento e \u00e0 avalia\u00e7\u00e3o da Aten\u00e7\u00e3o Integral \u00e0 Sa\u00fade;<\/li><li>Coordenar a execu\u00e7\u00e3o das atividades, em \u00e2mbito macrorregional, voltadas \u00e0 formula\u00e7\u00e3o, implementa\u00e7\u00e3o, monitoramento e \u00e0 avalia\u00e7\u00e3o, com foco nas Redes de Aten\u00e7\u00e3o \u00e0 Sa\u00fade, Regionaliza\u00e7\u00e3o e Humaniza\u00e7\u00e3o;<\/li><li>Coordenar a execu\u00e7\u00e3o das atividades, em \u00e2mbito macrorregional, voltadas \u00e0 implementa\u00e7\u00e3o, monitoramento e \u00e0 avalia\u00e7\u00e3o das a\u00e7\u00f5es de Planejamento, Inova\u00e7\u00e3o, Sa\u00fade Digital e Educa\u00e7\u00e3o Permanente;<\/li><li>Coordenar a execu\u00e7\u00e3o das atividades, em \u00e2mbito macrorregional, voltadas \u00e0 formula\u00e7\u00e3o, implementa\u00e7\u00e3o, monitoramento e \u00e0 avalia\u00e7\u00e3o, destacando-se o Planejamento Regional Integrado \u2013 PRI;<\/li><li>Promover a articula\u00e7\u00e3o e integra\u00e7\u00e3o intersetorial;<\/li><li>Realizar outras compet\u00eancias correlatas.<\/li><\/ol><p>Compete ainda \u00e0 Ger\u00eancia das Regionais de Sa\u00fade exercer as fun\u00e7\u00f5es de organiza\u00e7\u00e3o, coordena\u00e7\u00e3o e supervis\u00e3o t\u00e9cnica das seguintes unidades:<\/p><ol style=\"list-style-type: upper-roman;\"><li>Diretoria-Geral Regional<\/li><li>Diretoria Administrativa Regional<\/li><li>Diretoria T\u00e9cnica Regional<\/li><\/ol>\t\t\t\t\t\t\t\t<\/div>\n\t\t\t\t<\/div>\n\t\t\t\t\t<\/details>\n\t\t\t\t\t\t<details id=\"e-n-accordion-item-2032\" class=\"e-n-accordion-item\" >\n\t\t\t\t<summary class=\"e-n-accordion-item-title\" data-accordion-index=\"3\" tabindex=\"-1\" aria-expanded=\"false\" aria-controls=\"e-n-accordion-item-2032\" >\n\t\t\t\t\t<span class='e-n-accordion-item-title-header'><div class=\"e-n-accordion-item-title-text\"> Ger\u00eancia de Articula\u00e7\u00e3o Interfederativa <\/div><\/span>\n\t\t\t\t\t\t\t<span class='e-n-accordion-item-title-icon'>\n\t\t\t<span class='e-opened' ><svg aria-hidden=\"true\" class=\"e-font-icon-svg e-fas-angle-down\" viewBox=\"0 0 320 512\" xmlns=\"http:\/\/www.w3.org\/2000\/svg\"><path d=\"M143 352.3L7 216.3c-9.4-9.4-9.4-24.6 0-33.9l22.6-22.6c9.4-9.4 24.6-9.4 33.9 0l96.4 96.4 96.4-96.4c9.4-9.4 24.6-9.4 33.9 0l22.6 22.6c9.4 9.4 9.4 24.6 0 33.9l-136 136c-9.2 9.4-24.4 9.4-33.8 0z\"><\/path><\/svg><\/span>\n\t\t\t<span class='e-closed'><svg aria-hidden=\"true\" class=\"e-font-icon-svg e-fas-angle-right\" viewBox=\"0 0 256 512\" xmlns=\"http:\/\/www.w3.org\/2000\/svg\"><path d=\"M224.3 273l-136 136c-9.4 9.4-24.6 9.4-33.9 0l-22.6-22.6c-9.4-9.4-9.4-24.6 0-33.9l96.4-96.4-96.4-96.4c-9.4-9.4-9.4-24.6 0-33.9L54.3 103c9.4-9.4 24.6-9.4 33.9 0l136 136c9.5 9.4 9.5 24.6.1 34z\"><\/path><\/svg><\/span>\n\t\t<\/span>\n\n\t\t\t\t\t\t<\/summary>\n\t\t\t\t<div role=\"region\" aria-labelledby=\"e-n-accordion-item-2032\" class=\"elementor-element elementor-element-ac54718 e-con-full e-flex e-con e-child\" data-id=\"ac54718\" data-element_type=\"container\" data-e-type=\"container\">\n\t\t\t\t<div class=\"elementor-element elementor-element-7d9971e elementor-widget elementor-widget-text-editor\" data-id=\"7d9971e\" data-element_type=\"widget\" data-e-type=\"widget\" data-widget_type=\"text-editor.default\">\n\t\t\t\t\t\t\t\t\t<p>Compete \u00e0 Ger\u00eancia de Articula\u00e7\u00e3o Interfederativa:<\/p><ol style=\"list-style-type: upper-roman;\"><li class=\"x_MsoNormal\">Acompanhar e internalizar, no \u00e2mbito da Secretaria de Estado da Sa\u00fade, as pautas e delibera\u00e7\u00f5es tripartites e bipartites do SUS;<\/li><li class=\"x_MsoNormal\">Acompanhar, revisar e disseminar, no \u00e2mbito da Secretaria de Estado da Sa\u00fade, as pautas, os grupos de trabalho e delibera\u00e7\u00f5es da Comiss\u00e3o Intergestores Bipartite;<\/li><li class=\"x_MsoNormal\">Acompanhar, revisar e disseminar, no \u00e2mbito da Secretaria de Estado da Sa\u00fade, as pautas e delibera\u00e7\u00f5es das Comiss\u00e3o Intergestores Macrorregionais e Regionais &#8211; CIMs e CIRs;<\/li><li class=\"x_MsoNormal\">Promover e apoiar processos de qualifica\u00e7\u00e3o permanente das Comiss\u00f5es Intergestores Macrorregionais e Regionais &#8211; CIMs e CIRs, em parceria com as outras \u00e1reas da Secretaria de Estado da Sa\u00fade;<\/li><li class=\"x_MsoNormal\">Promover o fortalecimento das inst\u00e2ncias de pactua\u00e7\u00f5es macrorregionais e regionais para efetiva descentraliza\u00e7\u00e3o e regionaliza\u00e7\u00e3o da gest\u00e3o do SUS;<\/li><li class=\"x_MsoNormal\">Monitorar a execu\u00e7\u00e3o das pactua\u00e7\u00f5es entre os entes federados;<\/li><li class=\"x_MsoNormal\">Apoiar a cria\u00e7\u00e3o de cons\u00f3rcios macrorregionais de sa\u00fade, atuando em sua concep\u00e7\u00e3o e execu\u00e7\u00e3o;<\/li><li class=\"x_MsoNormal\">encarregar-se de compet\u00eancias correlatas.<\/li><\/ol>\t\t\t\t\t\t\t\t<\/div>\n\t\t\t\t<\/div>\n\t\t\t\t\t<\/details>\n\t\t\t\t\t<\/div>\n\t\t\t\t\t\t<\/div>\n\t\t\t\t\t<\/div>\n\t\t\t\t<\/div>\n\t\t\t\t<\/div>\n\t\t","protected":false},"excerpt":{"rendered":"<p>Superintendente \u00c9rika Lopes Rocha Batista\u00a0(62) 3201-3731superre.saude@goias.gov.br Localiza\u00e7\u00e3o:Av. SC 1 n\u00ba 299 &#8211; Parque Santa Cruz Goi\u00e2nia &#8211; GOCEP: 74.860-260 A Superintend\u00eancia de Regionaliza\u00e7\u00e3o da Secretaria de Estado da Sa\u00fade de Goi\u00e1s (SES-GO) exerce um papel estrat\u00e9gico na organiza\u00e7\u00e3o e no fortalecimento da regionaliza\u00e7\u00e3o da sa\u00fade no estado. Sua atua\u00e7\u00e3o busca alinhar as caracter\u00edsticas e necessidades [&hellip;]<\/p>\n","protected":false},"author":164,"featured_media":0,"parent":0,"menu_order":0,"comment_status":"closed","ping_status":"closed","template":"","meta":{"footnotes":""},"class_list":["post-163332","page","type-page","status-publish","hentry"],"rttpg_featured_image_url":null,"rttpg_author":{"display_name":"isabelamelo","author_link":"https:\/\/goias.gov.br\/saude\/author\/isabelamelo\/"},"rttpg_comment":0,"rttpg_category":null,"rttpg_excerpt":"Superintendente \u00c9rika Lopes Rocha Batista\u00a0(62) 3201-3731superre.saude@goias.gov.br Localiza\u00e7\u00e3o:Av. SC 1 n\u00ba 299 &#8211; Parque Santa Cruz Goi\u00e2nia &#8211; GOCEP: 74.860-260 A Superintend\u00eancia de Regionaliza\u00e7\u00e3o da Secretaria de Estado da Sa\u00fade de Goi\u00e1s (SES-GO) exerce um papel estrat\u00e9gico na organiza\u00e7\u00e3o e no fortalecimento da regionaliza\u00e7\u00e3o da sa\u00fade no estado. Sua atua\u00e7\u00e3o busca alinhar as caracter\u00edsticas e necessidades&hellip;","_links":{"self":[{"href":"https:\/\/goias.gov.br\/saude\/wp-json\/wp\/v2\/pages\/163332","targetHints":{"allow":["GET"]}}],"collection":[{"href":"https:\/\/goias.gov.br\/saude\/wp-json\/wp\/v2\/pages"}],"about":[{"href":"https:\/\/goias.gov.br\/saude\/wp-json\/wp\/v2\/types\/page"}],"author":[{"embeddable":true,"href":"https:\/\/goias.gov.br\/saude\/wp-json\/wp\/v2\/users\/164"}],"replies":[{"embeddable":true,"href":"https:\/\/goias.gov.br\/saude\/wp-json\/wp\/v2\/comments?post=163332"}],"version-history":[{"count":3,"href":"https:\/\/goias.gov.br\/saude\/wp-json\/wp\/v2\/pages\/163332\/revisions"}],"predecessor-version":[{"id":626739,"href":"https:\/\/goias.gov.br\/saude\/wp-json\/wp\/v2\/pages\/163332\/revisions\/626739"}],"wp:attachment":[{"href":"https:\/\/goias.gov.br\/saude\/wp-json\/wp\/v2\/media?parent=163332"}],"curies":[{"name":"wp","href":"https:\/\/api.w.org\/{rel}","templated":true}]}}