

{"id":133532,"date":"2024-10-04T14:05:48","date_gmt":"2024-10-04T17:05:48","guid":{"rendered":"https:\/\/goias.gov.br\/saude\/?page_id=133532"},"modified":"2025-10-22T09:14:23","modified_gmt":"2025-10-22T12:14:23","slug":"ouvidoria-setorial","status":"publish","type":"page","link":"https:\/\/goias.gov.br\/saude\/ouvidoria-setorial\/","title":{"rendered":"Ouvidoria Setorial"},"content":{"rendered":"\n<h4 class=\"wp-block-heading\"><span style=\"color: #008000;\">Atendimento Presencial<\/span><\/h4>\n\n\n\n<p>Ouvidora Setorial: <strong>KAREN DE OLIVEIRA SANTOS<\/strong><\/p>\n\n\n\n<div class=\"wp-block-group\"><div class=\"wp-block-group__inner-container is-layout-constrained wp-block-group-is-layout-constrained\">\n<p>Endere\u00e7o: Av. SC 1, n\u00ba 299<br \/>Parque Santa Cruz, Goi\u00e2nia-GO, CEP: 74.860-270<br \/>Hor\u00e1rio de Atendimento: 08h \u00e0s 12h e das 14h \u00e0s 18h<br \/>E-mail: <a href=\"mailto:ouvidoria.saude@goias.gov.br\">ouvidoria.saude@goias.gov.br<\/a><br \/>Telefone: (62) 3201-1801 \/ 0800 643 3700<br \/>Unidade SEI: 18338<\/p>\n<\/div><\/div>\n","protected":false},"excerpt":{"rendered":"<p>Atendimento Presencial Ouvidora Setorial: KAREN DE OLIVEIRA SANTOS Endere\u00e7o: Av. SC 1, n\u00ba 299Parque Santa Cruz, Goi\u00e2nia-GO, CEP: 74.860-270Hor\u00e1rio de Atendimento: 08h \u00e0s 12h e das 14h \u00e0s 18hE-mail: ouvidoria.saude@goias.gov.brTelefone: (62) 3201-1801 \/ 0800 643 3700Unidade SEI: 18338<\/p>\n","protected":false},"author":62,"featured_media":0,"parent":0,"menu_order":0,"comment_status":"closed","ping_status":"closed","template":"","meta":{"footnotes":""},"class_list":["post-133532","page","type-page","status-publish","hentry"],"rttpg_featured_image_url":null,"rttpg_author":{"display_name":"italoreis","author_link":"https:\/\/goias.gov.br\/saude\/author\/italoreis\/"},"rttpg_comment":0,"rttpg_category":null,"rttpg_excerpt":"Atendimento Presencial Ouvidora Setorial: KAREN DE OLIVEIRA SANTOS Endere\u00e7o: Av. SC 1, n\u00ba 299Parque Santa Cruz, Goi\u00e2nia-GO, CEP: 74.860-270Hor\u00e1rio de Atendimento: 08h \u00e0s 12h e das 14h \u00e0s 18hE-mail: ouvidoria.saude@goias.gov.brTelefone: (62) 3201-1801 \/ 0800 643 3700Unidade SEI: 18338","_links":{"self":[{"href":"https:\/\/goias.gov.br\/saude\/wp-json\/wp\/v2\/pages\/133532","targetHints":{"allow":["GET"]}}],"collection":[{"href":"https:\/\/goias.gov.br\/saude\/wp-json\/wp\/v2\/pages"}],"about":[{"href":"https:\/\/goias.gov.br\/saude\/wp-json\/wp\/v2\/types\/page"}],"author":[{"embeddable":true,"href":"https:\/\/goias.gov.br\/saude\/wp-json\/wp\/v2\/users\/62"}],"replies":[{"embeddable":true,"href":"https:\/\/goias.gov.br\/saude\/wp-json\/wp\/v2\/comments?post=133532"}],"version-history":[{"count":2,"href":"https:\/\/goias.gov.br\/saude\/wp-json\/wp\/v2\/pages\/133532\/revisions"}],"predecessor-version":[{"id":574022,"href":"https:\/\/goias.gov.br\/saude\/wp-json\/wp\/v2\/pages\/133532\/revisions\/574022"}],"wp:attachment":[{"href":"https:\/\/goias.gov.br\/saude\/wp-json\/wp\/v2\/media?parent=133532"}],"curies":[{"name":"wp","href":"https:\/\/api.w.org\/{rel}","templated":true}]}}