

{"id":123358,"date":"2024-09-24T15:15:06","date_gmt":"2024-09-24T18:15:06","guid":{"rendered":"https:\/\/goias.gov.br\/saude\/?page_id=123358"},"modified":"2025-12-02T11:30:46","modified_gmt":"2025-12-02T14:30:46","slug":"planejamento-do-sus","status":"publish","type":"page","link":"https:\/\/goias.gov.br\/saude\/planejamento-do-sus\/","title":{"rendered":"Planejamento do SUS"},"content":{"rendered":"\t\t<div data-elementor-type=\"wp-page\" data-elementor-id=\"123358\" class=\"elementor elementor-123358\">\n\t\t\t\t<div class=\"elementor-element elementor-element-4f266be e-flex e-con-boxed e-con e-parent\" data-id=\"4f266be\" data-element_type=\"container\" data-e-type=\"container\">\n\t\t\t\t\t<div class=\"e-con-inner\">\n\t\t<div class=\"elementor-element elementor-element-35bfbd5 e-con-full e-flex e-con e-child\" data-id=\"35bfbd5\" data-element_type=\"container\" data-e-type=\"container\">\n\t\t\t\t<div class=\"elementor-element elementor-element-601b823 elementor-widget elementor-widget-text-editor\" data-id=\"601b823\" data-element_type=\"widget\" data-e-type=\"widget\" data-widget_type=\"text-editor.default\">\n\t\t\t\t\t\t\t\t\t<h3 class=\"sppb-addon-title\">Superintendente de Planejamento<\/h3><div class=\"sppb-addon-content\"><p><strong><span class=\"st\">T\u00falio Silva Oliveira<br \/><\/span><\/strong>(62) 3201-3593<br \/><a href=\"mailto:tulio.oliveira@goias.gov.br\">tulio.oliveira@goias.gov.br<\/a> \/<a href=\"https:\/\/silvana.fuini@goias.gov.br\/\" data-cke-saved-href=\"https:\/\/silvana.fuini@goias.gov.br\"> splan.saude@goias.gov.br<\/a><\/p><\/div><p><strong>Localiza\u00e7\u00e3o:<\/strong><br \/><a href=\"https:\/\/maps.app.goo.gl\/mTBVUK65wwK3PRvW7\">Rua 26, Qd.01, Lt.01, Jardim Sto. Ant\u00f4nio<br \/>Goi\u00e2nia &#8211; GO<br \/>CEP: 74.853-070<\/a><\/p>\t\t\t\t\t\t\t\t<\/div>\n\t\t\t\t<\/div>\n\t\t<div class=\"elementor-element elementor-element-f43d0d4 e-con-full e-flex e-con e-child\" data-id=\"f43d0d4\" data-element_type=\"container\" data-e-type=\"container\">\n\t\t\t\t<div class=\"elementor-element elementor-element-70a003c elementor-widget elementor-widget-text-editor\" data-id=\"70a003c\" data-element_type=\"widget\" data-e-type=\"widget\" data-widget_type=\"text-editor.default\">\n\t\t\t\t\t\t\t\t\t<p style=\"text-align: justify;\">O Planejamento do Sistema \u00danico de Sa\u00fade (SUS) \u00e9 um dos pilares estrat\u00e9gicos da Superintend\u00eancia de Planejamento da Secretaria de Estado da Sa\u00fade de Goi\u00e1s (SES-GO). A equipe \u00e9 respons\u00e1vel por coordenar, monitorar e avaliar as pol\u00edticas p\u00fablicas de sa\u00fade, garantindo que as a\u00e7\u00f5es desenvolvidas atendam \u00e0s necessidades da popula\u00e7\u00e3o goiana de forma eficiente, equitativa e transparente.<\/p><p style=\"text-align: justify;\">Dentro da Superintend\u00eancia de Planejamento, o setor de Planejamento do SUS tem como miss\u00e3o orientar a gest\u00e3o estadual na elabora\u00e7\u00e3o de planos e diretrizes que assegurem a oferta de servi\u00e7os de sa\u00fade de qualidade, respeitando os princ\u00edpios do SUS: universalidade, integralidade e equidade. Esse trabalho \u00e9 realizado por meio de processos que envolvem o diagn\u00f3stico situacional da sa\u00fade no estado, a defini\u00e7\u00e3o de metas e a implementa\u00e7\u00e3o de estrat\u00e9gias de a\u00e7\u00e3o em curto, m\u00e9dio e longo prazos.<\/p><p style=\"text-align: justify;\">Entre as suas principais atribui\u00e7\u00f5es, destacam-se a elabora\u00e7\u00e3o do Plano Estadual de Sa\u00fade (PES) e da Programa\u00e7\u00e3o Anual de Sa\u00fade (PAS), al\u00e9m do acompanhamento da execu\u00e7\u00e3o dessas diretrizes junto aos munic\u00edpios e demais inst\u00e2ncias de gest\u00e3o. O planejamento tamb\u00e9m abrange o monitoramento e a avalia\u00e7\u00e3o cont\u00ednua das a\u00e7\u00f5es, com o objetivo de promover melhorias constantes no sistema de sa\u00fade, adaptando as pol\u00edticas \u00e0s demandas locais e aos desafios impostos pela din\u00e2mica da sa\u00fade p\u00fablica.<\/p>\t\t\t\t\t\t\t\t<\/div>\n\t\t\t\t<\/div>\n\t\t\t\t\t<\/div>\n\t\t\t\t<\/div>\n\t\t<div class=\"elementor-element elementor-element-e99de2c e-flex e-con-boxed e-con e-parent\" data-id=\"e99de2c\" data-element_type=\"container\" data-e-type=\"container\">\n\t\t\t\t\t<div class=\"e-con-inner\">\n\t\t\t\t<div class=\"elementor-element elementor-element-40b9eca elementor-widget elementor-widget-html\" data-id=\"40b9eca\" data-element_type=\"widget\" data-e-type=\"widget\" data-widget_type=\"html.default\">\n\t\t\t\t\t<!DOCTYPE html>\r\n<html lang=\"pt-br\" dir=\"ltr\">\r\n<head>\r\n  <meta http-equiv=\"Content-Type\" content=\"text\/html; charset=UTF-8\" \/>\r\n  <style>\r\n    \/* Estilos para desktop *\/\r\n    .container {\r\n      padding: 20px;\r\n    }\r\n\r\n    .section {\r\n      margin-bottom: 40px;\r\n    }\r\n\r\n    .title {\r\n      text-align: center;\r\n      margin: 0 0 24px;\r\n      color: #0c326f;\r\n      font-weight: 600;\r\n      font-size: 2.7rem;\r\n      line-height: 1.5;\r\n    }\r\n\r\n    .cards {\r\n      display: flex;\r\n      justify-content: space-evenly;\r\n      flex-wrap: wrap;\r\n      margin: 0;\r\n      padding: 0;\r\n      list-style: none;\r\n    }\r\n\r\n    .cards li {\r\n      background-color: #ededed;\r\n      box-shadow: 0 3px 6px 0 rgba(0, 0, 0, 0.16);\r\n      text-align: center;\r\n      flex-basis: 23%;\r\n      box-sizing: border-box;\r\n      min-height: 230px;\r\n      margin-bottom: 1.2em;\r\n      line-height: 1.5em;\r\n      display: list-item;\r\n    }\r\n\r\n    .cards li a {\r\n      display: flex;\r\n      justify-content: center;\r\n      align-items: center;\r\n      flex-direction: column;\r\n      width: 100%;\r\n      height: 100%;\r\n      color: #1351b4;\r\n      font-weight: 500;\r\n      text-decoration: none;\r\n    }\r\n\r\n    .cards li i,\r\n    .cards li span {\r\n      font-size: 50px;\r\n      margin-bottom: 30px;\r\n      color: #0c326f;\r\n      width: auto;\r\n      font-weight: 900;\r\n    }\r\n\r\n    .cards li .title {\r\n      font-size: 20px;\r\n      color: #0c326f;\r\n      font-weight: 600;\r\n      margin: 0;\r\n      text-transform: uppercase;\r\n    }\r\n\r\n    \/* Estilos para telas menores *\/\r\n    @media screen and (max-width: 768px) {\r\n      .cards {\r\n        gap: 20px; \/* Espa\u00e7amento entre os cards *\/\r\n        margin-top: 20px; margin-bottom: 20px;\/* Margem superior para os cards *\/\r\n      }\r\n      .cards li {\r\n        flex-basis: calc(50% - 20px); \/* Tamanho dos cards com espa\u00e7amento *\/\r\n      }\r\n    }\r\n\r\n    @media screen and (max-width: 480px) {\r\n      .cards {\r\n        gap: 15px; \/* Espa\u00e7amento menor entre os cards *\/\r\n        margin-top: 15px; margin-bottom: 20px; \/* Margem superior menor para os cards *\/\r\n      }\r\n      .cards li {\r\n        flex-basis: calc(100% - 30px); \/* Tamanho dos cards com espa\u00e7amento menor *\/\r\n      }\r\n    }\r\n  <\/style>\r\n\t<div class=\"container\">\r\n        <div class=\"escola\">\r\n            \r\n            <div class=\"title-header\">\r\n               \r\n            <\/div>\r\n            <ul class=\"cards\">\r\n                <li>\r\n                    <a href=\"https:\/\/goias.gov.br\/saude\/planejamento-regional-integrado\/\" target=\"_blank\">\r\n                        <span class=\"fa-solid fa-square-poll-horizontal\"><\/span>\r\n                        <div class=\"title\">Planejamento regional integrado<\/div>\r\n                    <\/a>\r\n                <\/li>\r\n                <li>\r\n                    <a href=\"https:\/\/goias.gov.br\/saude\/instrumentos-de-planejamento-do-sus\/\" target=\"_blank\">\r\n                        <span class=\"fa-solid fa-sliders\"><\/span>\r\n                        <div class=\"title\">Instrumentos de Planejamento do SUS<\/div>\r\n                    <\/a>\r\n                <\/li>\r\n\r\n\r\n\r\n<li>\r\n                    <a href=\"https:\/\/goias.gov.br\/saude\/informacoes-ao-gestor-planejamento\/\" target=\"_blank\">\r\n                        <span class=\"fa-solid fa-info\"><\/span>\r\n                        <div class=\"title\">informa\u00e7\u00f5es ao gestor<\/div>\r\n                    <\/a>\r\n                <\/li>\r\n\r\n<li>\r\n                    <a href=\"https:\/\/goias.gov.br\/saude\/regioes-de-saude-planejamento\/\" target=\"_blank\">\r\n                        <span class=\"fa-solid fa-map-location-dot\"><\/span>\r\n                        <div class=\"title\">regi\u00f5es de sa\u00fade<\/div>\r\n                    <\/a>\r\n                <\/li>\r\n       \r\n               \r\n\r\n\r\n\r\n\r\n\r\n\r\n            <\/ul>\r\n        <\/div>\r\n\t<\/div>\r\n\t\t\t\t<\/div>\n\t\t\t\t\t<\/div>\n\t\t\t\t<\/div>\n\t\t\t\t<\/div>\n\t\t","protected":false},"excerpt":{"rendered":"<p>Superintendente de Planejamento T\u00falio Silva Oliveira(62) 3201-3593tulio.oliveira@goias.gov.br \/ splan.saude@goias.gov.br Localiza\u00e7\u00e3o:Rua 26, Qd.01, Lt.01, Jardim Sto. Ant\u00f4nioGoi\u00e2nia &#8211; GOCEP: 74.853-070 O Planejamento do Sistema \u00danico de Sa\u00fade (SUS) \u00e9 um dos pilares estrat\u00e9gicos da Superintend\u00eancia de Planejamento da Secretaria de Estado da Sa\u00fade de Goi\u00e1s (SES-GO). A equipe \u00e9 respons\u00e1vel por coordenar, monitorar e avaliar as [&hellip;]<\/p>\n","protected":false},"author":164,"featured_media":0,"parent":0,"menu_order":0,"comment_status":"closed","ping_status":"closed","template":"","meta":{"footnotes":""},"class_list":["post-123358","page","type-page","status-publish","hentry"],"rttpg_featured_image_url":null,"rttpg_author":{"display_name":"isabelamelo","author_link":"https:\/\/goias.gov.br\/saude\/author\/isabelamelo\/"},"rttpg_comment":0,"rttpg_category":null,"rttpg_excerpt":"Superintendente de Planejamento T\u00falio Silva Oliveira(62) 3201-3593tulio.oliveira@goias.gov.br \/ splan.saude@goias.gov.br Localiza\u00e7\u00e3o:Rua 26, Qd.01, Lt.01, Jardim Sto. Ant\u00f4nioGoi\u00e2nia &#8211; GOCEP: 74.853-070 O Planejamento do Sistema \u00danico de Sa\u00fade (SUS) \u00e9 um dos pilares estrat\u00e9gicos da Superintend\u00eancia de Planejamento da Secretaria de Estado da Sa\u00fade de Goi\u00e1s (SES-GO). A equipe \u00e9 respons\u00e1vel por coordenar, monitorar e avaliar as&hellip;","_links":{"self":[{"href":"https:\/\/goias.gov.br\/saude\/wp-json\/wp\/v2\/pages\/123358","targetHints":{"allow":["GET"]}}],"collection":[{"href":"https:\/\/goias.gov.br\/saude\/wp-json\/wp\/v2\/pages"}],"about":[{"href":"https:\/\/goias.gov.br\/saude\/wp-json\/wp\/v2\/types\/page"}],"author":[{"embeddable":true,"href":"https:\/\/goias.gov.br\/saude\/wp-json\/wp\/v2\/users\/164"}],"replies":[{"embeddable":true,"href":"https:\/\/goias.gov.br\/saude\/wp-json\/wp\/v2\/comments?post=123358"}],"version-history":[{"count":2,"href":"https:\/\/goias.gov.br\/saude\/wp-json\/wp\/v2\/pages\/123358\/revisions"}],"predecessor-version":[{"id":623490,"href":"https:\/\/goias.gov.br\/saude\/wp-json\/wp\/v2\/pages\/123358\/revisions\/623490"}],"wp:attachment":[{"href":"https:\/\/goias.gov.br\/saude\/wp-json\/wp\/v2\/media?parent=123358"}],"curies":[{"name":"wp","href":"https:\/\/api.w.org\/{rel}","templated":true}]}}