

{"id":105301,"date":"2024-09-04T11:48:57","date_gmt":"2024-09-04T14:48:57","guid":{"rendered":"https:\/\/goias.gov.br\/saude\/?page_id=105301"},"modified":"2025-12-02T15:22:53","modified_gmt":"2025-12-02T18:22:53","slug":"subsecretaria-de-controle-interno-e-compliance-subcic","status":"publish","type":"page","link":"https:\/\/goias.gov.br\/saude\/subsecretaria-de-controle-interno-e-compliance-subcic\/","title":{"rendered":"Subsecretaria de Controle Interno e Compliance &#8211; SUBCIC"},"content":{"rendered":"\t\t<div data-elementor-type=\"wp-page\" data-elementor-id=\"105301\" class=\"elementor elementor-105301\">\n\t\t\t\t<div class=\"elementor-element elementor-element-5996a81 e-flex e-con-boxed e-con e-parent\" data-id=\"5996a81\" data-element_type=\"container\" data-e-type=\"container\">\n\t\t\t\t\t<div class=\"e-con-inner\">\n\t\t<div class=\"elementor-element elementor-element-2b95a82 e-con-full e-flex e-con e-child\" data-id=\"2b95a82\" data-element_type=\"container\" data-e-type=\"container\">\n\t\t\t\t<div class=\"elementor-element elementor-element-06a504e elementor-widget elementor-widget-text-editor\" data-id=\"06a504e\" data-element_type=\"widget\" data-e-type=\"widget\" data-widget_type=\"text-editor.default\">\n\t\t\t\t\t\t\t\t\t<h3 class=\"sppb-addon-title\">Subsecret\u00e1rio<\/h3><div class=\"sppb-addon-content\"><p><strong>Reneilton Brito de Abreu<\/strong><br \/>(62) 3201-3828<br \/><a href=\"mailto:subcic.saude@goias.gov.br\" target=\"_blank\" rel=\"noopener noreferrer\">subcic.saude@goias.gov.br<\/a> \/ <a href=\"mailto:reneiton.abreu@goias.gov.br\">reneiton.abreu@goias.gov.br<\/a><\/p><p><strong>Localiza\u00e7\u00e3o:<br \/><\/strong><a href=\"https:\/\/maps.app.goo.gl\/PgPGUEBjn4Faj9iW7\" target=\"_blank\" rel=\"noopener\">Av. SC 1 n\u00ba 299 &#8211; Parque Santa Cruz &#8211; Goi\u00e2nia &#8211; GO<br \/>CEP: 74.860-260<\/a><\/p><\/div>\t\t\t\t\t\t\t\t<\/div>\n\t\t\t\t<\/div>\n\t\t<div class=\"elementor-element elementor-element-e388219 e-con-full e-flex e-con e-child\" data-id=\"e388219\" data-element_type=\"container\" data-e-type=\"container\">\n\t\t\t\t<div class=\"elementor-element elementor-element-56be836 elementor-widget elementor-widget-text-editor\" data-id=\"56be836\" data-element_type=\"widget\" data-e-type=\"widget\" data-widget_type=\"text-editor.default\">\n\t\t\t\t\t\t\t\t\t<p style=\"text-align: justify;\">A Subsecretaria de Controle Interno e Compliance comp\u00f5e a estrutura da Secretaria de Estado de Sa\u00fade de Goi\u00e1s sendo a \u00e1rea respons\u00e1vel em orientar, apoiar, desenvolver e supervisionar a implementa\u00e7\u00e3o do Programa de Compliance P\u00fablico (PCP) na SES, constitu\u00eddo pelo conjunto de procedimentos e estruturas destinados a assegurar a conformidade dos atos de gest\u00e3o com padr\u00f5es morais e legais, bem como garantir o alcance dos resultados das pol\u00edticas p\u00fablicas e a satisfa\u00e7\u00e3o dos cidad\u00e3os, fomentando a \u00e9tica, a transpar\u00eancia, a responsabiliza\u00e7\u00e3o e a gest\u00e3o de riscos.<\/p><p style=\"text-align: justify;\">\u00c9 por meio de suas ger\u00eancias espec\u00edficas que s\u00e3o realizadas as a\u00e7\u00f5es de auditoria, inspe\u00e7\u00e3o, correi\u00e7\u00e3o, transpar\u00eancia, controle social e ouvidoria. Trabalhando de forma integrada, essas ger\u00eancias buscam assegurar a regular aplica\u00e7\u00e3o dos recursos p\u00fablicos destinados \u00e0 \u00e1rea da sa\u00fade, em benef\u00edcio da sociedade, promovendo a transpar\u00eancia da gest\u00e3o e a intera\u00e7\u00e3o do cidad\u00e3o com a Administra\u00e7\u00e3o P\u00fablica.<\/p>\t\t\t\t\t\t\t\t<\/div>\n\t\t\t\t<\/div>\n\t\t\t\t\t<\/div>\n\t\t\t\t<\/div>\n\t\t<div class=\"elementor-element elementor-element-b49c6ce e-flex e-con-boxed e-con e-parent\" data-id=\"b49c6ce\" data-element_type=\"container\" data-e-type=\"container\">\n\t\t\t\t\t<div class=\"e-con-inner\">\n\t\t\t\t<div class=\"elementor-element elementor-element-17b98c6 elementor-widget elementor-widget-html\" data-id=\"17b98c6\" data-element_type=\"widget\" data-e-type=\"widget\" data-widget_type=\"html.default\">\n\t\t\t\t\t<!DOCTYPE html>\r\n<html lang=\"pt-br\" dir=\"ltr\">\r\n<head>\r\n  <meta http-equiv=\"Content-Type\" content=\"text\/html; charset=UTF-8\" \/>\r\n  <style>\r\n    \/* Estilos para desktop *\/\r\n    .container {\r\n      padding: 20px;\r\n    }\r\n\r\n    .section {\r\n      margin-bottom: 40px;\r\n    }\r\n\r\n    .title {\r\n      text-align: center;\r\n      margin: 0 0 24px;\r\n      color: #0c326f;\r\n      font-weight: 600;\r\n      font-size: 2.7rem;\r\n      line-height: 1.5;\r\n    }\r\n\r\n    .cards {\r\n      display: flex;\r\n      justify-content: space-evenly;\r\n      flex-wrap: wrap;\r\n      margin: 0;\r\n      padding: 0;\r\n      list-style: none;\r\n    }\r\n\r\n    .cards li {\r\n      background-color: #ededed;\r\n      box-shadow: 0 3px 6px 0 rgba(0, 0, 0, 0.16);\r\n      text-align: center;\r\n      flex-basis: 23%;\r\n      box-sizing: border-box;\r\n      min-height: 230px;\r\n      margin-bottom: 1.2em;\r\n      line-height: 1.5em;\r\n      display: list-item;\r\n    }\r\n\r\n    .cards li a {\r\n      display: flex;\r\n      justify-content: center;\r\n      align-items: center;\r\n      flex-direction: column;\r\n      width: 100%;\r\n      height: 100%;\r\n      color: #1351b4;\r\n      font-weight: 500;\r\n      text-decoration: none;\r\n    }\r\n\r\n    .cards li i,\r\n    .cards li span {\r\n      font-size: 50px;\r\n      margin-bottom: 30px;\r\n      color: #0c326f;\r\n      width: auto;\r\n      font-weight: 900;\r\n    }\r\n\r\n    .cards li .title {\r\n      font-size: 20px;\r\n      color: #0c326f;\r\n      font-weight: 600;\r\n      margin: 0;\r\n      text-transform: uppercase;\r\n    }\r\n\r\n    \/* Estilos para telas menores *\/\r\n    @media screen and (max-width: 768px) {\r\n      .cards {\r\n        gap: 20px; \/* Espa\u00e7amento entre os cards *\/\r\n        margin-top: 20px; margin-bottom: 20px;\/* Margem superior para os cards *\/\r\n      }\r\n      .cards li {\r\n        flex-basis: calc(50% - 20px); \/* Tamanho dos cards com espa\u00e7amento *\/\r\n      }\r\n    }\r\n\r\n    @media screen and (max-width: 480px) {\r\n      .cards {\r\n        gap: 15px; \/* Espa\u00e7amento menor entre os cards *\/\r\n        margin-top: 15px; margin-bottom: 20px; \/* Margem superior menor para os cards *\/\r\n      }\r\n      .cards li {\r\n        flex-basis: calc(100% - 30px); \/* Tamanho dos cards com espa\u00e7amento menor *\/\r\n      }\r\n    }\r\n  <\/style>\r\n\t<div class=\"container\">\r\n        <div class=\"suvisa\">\r\n            \r\n            <div class=\"title-header\">\r\n               \r\n            <\/div>\r\n            <ul class=\"cards\">\r\n                <li>\r\n                    <a href=\"https:\/\/goias.gov.br\/saude\/superintendencia-de-governo-aberto-e-participacao-cidada\/\">\r\n                        <span class=\"fa-solid fa-people-group\"><\/span>\r\n                        <div class=\"title\">superintend\u00eancia de Governo aberto e participa\u00e7\u00e3o cidad\u00e3<\/div>\r\n                    <\/a>\r\n                <\/li>\r\n                <li>\r\n                    <a href=\"https:\/\/goias.gov.br\/saude\/superintendencia-de-controle-interno-e-correicao\/\">\r\n                        <span class=\"fa-solid fa-magnifying-glass-arrow-right\"><\/span>\r\n                        <div class=\"title\">superintend\u00eancia de controle interno e correi\u00e7\u00e3o<\/div>\r\n                    <\/a>\r\n                <\/li>\r\n               \r\n\r\n\r\n            <\/ul>\r\n        <\/div>\r\n\t<\/div>\r\n\t\t\t\t<\/div>\n\t\t\t\t<div class=\"elementor-element elementor-element-444a3bc elementor-widget elementor-widget-text-editor\" data-id=\"444a3bc\" data-element_type=\"widget\" data-e-type=\"widget\" data-widget_type=\"text-editor.default\">\n\t\t\t\t\t\t\t\t\t<h3>Plano Operacional das A\u00e7\u00f5es de Controle (POAC)<\/h3><ul><li><a href=\"https:\/\/goias.gov.br\/saude\/wp-content\/uploads\/sites\/34\/files\/composicao\/subcic\/poac-2025.pdf\" target=\"_blank\" rel=\"noopener\">PAAC 2025<\/a><\/li><li><a href=\"https:\/\/goias.gov.br\/saude\/wp-content\/uploads\/sites\/34\/files\/composicao\/subcic\/poac-2024.pdf\" target=\"_blank\" rel=\"noopener\">POAC 2024<\/a><\/li><li><a href=\"https:\/\/goias.gov.br\/saude\/wp-content\/uploads\/sites\/34\/files\/composicao\/subcic\/poac-2023.pdf\" target=\"_blank\" rel=\"noopener\">POAC 2023<\/a><\/li><\/ul>\t\t\t\t\t\t\t\t<\/div>\n\t\t\t\t\t<\/div>\n\t\t\t\t<\/div>\n\t\t\t\t<\/div>\n\t\t","protected":false},"excerpt":{"rendered":"<p>Subsecret\u00e1rio Reneilton Brito de Abreu(62) 3201-3828subcic.saude@goias.gov.br \/ reneiton.abreu@goias.gov.br Localiza\u00e7\u00e3o:Av. SC 1 n\u00ba 299 &#8211; Parque Santa Cruz &#8211; Goi\u00e2nia &#8211; GOCEP: 74.860-260 A Subsecretaria de Controle Interno e Compliance comp\u00f5e a estrutura da Secretaria de Estado de Sa\u00fade de Goi\u00e1s sendo a \u00e1rea respons\u00e1vel em orientar, apoiar, desenvolver e supervisionar a implementa\u00e7\u00e3o do Programa de [&hellip;]<\/p>\n","protected":false},"author":1,"featured_media":0,"parent":0,"menu_order":0,"comment_status":"closed","ping_status":"closed","template":"","meta":{"footnotes":""},"class_list":["post-105301","page","type-page","status-publish","hentry"],"rttpg_featured_image_url":null,"rttpg_author":{"display_name":"wagner.viana","author_link":"https:\/\/goias.gov.br\/saude\/author\/wagner-viana\/"},"rttpg_comment":0,"rttpg_category":null,"rttpg_excerpt":"Subsecret\u00e1rio Reneilton Brito de Abreu(62) 3201-3828subcic.saude@goias.gov.br \/ reneiton.abreu@goias.gov.br Localiza\u00e7\u00e3o:Av. SC 1 n\u00ba 299 &#8211; Parque Santa Cruz &#8211; Goi\u00e2nia &#8211; GOCEP: 74.860-260 A Subsecretaria de Controle Interno e Compliance comp\u00f5e a estrutura da Secretaria de Estado de Sa\u00fade de Goi\u00e1s sendo a \u00e1rea respons\u00e1vel em orientar, apoiar, desenvolver e supervisionar a implementa\u00e7\u00e3o do Programa de&hellip;","_links":{"self":[{"href":"https:\/\/goias.gov.br\/saude\/wp-json\/wp\/v2\/pages\/105301","targetHints":{"allow":["GET"]}}],"collection":[{"href":"https:\/\/goias.gov.br\/saude\/wp-json\/wp\/v2\/pages"}],"about":[{"href":"https:\/\/goias.gov.br\/saude\/wp-json\/wp\/v2\/types\/page"}],"author":[{"embeddable":true,"href":"https:\/\/goias.gov.br\/saude\/wp-json\/wp\/v2\/users\/1"}],"replies":[{"embeddable":true,"href":"https:\/\/goias.gov.br\/saude\/wp-json\/wp\/v2\/comments?post=105301"}],"version-history":[{"count":3,"href":"https:\/\/goias.gov.br\/saude\/wp-json\/wp\/v2\/pages\/105301\/revisions"}],"predecessor-version":[{"id":626055,"href":"https:\/\/goias.gov.br\/saude\/wp-json\/wp\/v2\/pages\/105301\/revisions\/626055"}],"wp:attachment":[{"href":"https:\/\/goias.gov.br\/saude\/wp-json\/wp\/v2\/media?parent=105301"}],"curies":[{"name":"wp","href":"https:\/\/api.w.org\/{rel}","templated":true}]}}