

{"id":9049,"date":"2024-07-03T07:58:26","date_gmt":"2024-07-03T10:58:26","guid":{"rendered":"https:\/\/goias.gov.br\/retomada\/?page_id=9049"},"modified":"2025-12-09T12:48:53","modified_gmt":"2025-12-09T15:48:53","slug":"projetos-de-inovacao-no-servico-publico-4","status":"publish","type":"page","link":"https:\/\/goias.gov.br\/retomada\/projetos-de-inovacao-no-servico-publico-4\/","title":{"rendered":"Projetos de Inova\u00e7\u00e3o no Servi\u00e7o P\u00fablico"},"content":{"rendered":"<div class=\"meta-date\"><i class=\"far fa-clock\" aria-hidden=\"true\"><\/i>\u00a0<span class=\"meta-prefix\">Publicado em\u00a0<\/span><a class=\"meta-date-link\" title=\"Projetos de Inova\u00e7\u00e3o no Servi\u00e7o P\u00fablico\" href=\"https:\/\/goias.gov.br\/retomada\/projetos-de-inovacao-no-servico-publico-4\/\"><span class=\"date\">3 de julho de 2024<\/span><\/a><\/div>\n<div class=\"meta-date\">\u00a0<span class=\"meta-prefix\">\u00daltima Atualiza\u00e7\u00e3o em <\/span><a class=\"meta-date-link\" title=\"Projetos de Inova\u00e7\u00e3o no Servi\u00e7o P\u00fablico\" href=\"https:\/\/goias.gov.br\/retomada\/projetos-de-inovacao-no-servico-publico-4\/\">9 de dezembro de 2025<\/a><\/div>\n\n\n<table class=\"planilhaview display\" style=\"width:100%\"><thead><tr><th>NOME DO PROJETO<\/th><th>OBJETIVOS<\/th><th>COMO UTILIZAR<\/th><th>RESPONS\u00c1VEL PELO PROJETO<\/th><th>TELEFONE<\/th><th>E-MAIL<\/th><th>LINK DE DOWNLOUD<\/th><th><\/th><\/tr><tr><th><input type=\"text\" placeholder=\"Filtrar NOME DO PROJETO\"><\/th><th><input type=\"text\" placeholder=\"Filtrar OBJETIVOS\"><\/th><th><input type=\"text\" placeholder=\"Filtrar COMO UTILIZAR\"><\/th><th><input type=\"text\" placeholder=\"Filtrar RESPONS\u00c1VEL PELO PROJETO\"><\/th><th><input type=\"text\" placeholder=\"Filtrar TELEFONE\"><\/th><th><input type=\"text\" placeholder=\"Filtrar E-MAIL\"><\/th><th><input type=\"text\" placeholder=\"Filtrar LINK DE DOWNLOUD\"><\/th><th><input type=\"text\" placeholder=\"Filtrar \"><\/th><\/tr><\/thead><tbody><tr><td style=\"color: #000000; background-color: #ffffff;\">Aplicativo Minha vaga<\/td><td style=\"color: #000000; background-color: #ffffff;\">Priorizar o perfil de habilidades e capacidades do aluno dos col\u00e9gios Tecnol\u00f3gicos, Permitir vagas, empregos e oportunidades diretamente pelos setores produtivos, Permitir ao cidad\u00e3o acesso facilitado a oferta de vagas de emprego em Goi\u00e1s.<\/td><td style=\"color: #2C2F34; background-color: #ffffff;\">Baixar o aplicativo na googlepaly ou app stores e se cadastrar.<\/td><td style=\"color: #2C2F34; background-color: #ffffff;\">Escrit\u00f3rio de projetos SER<\/td><td style=\"color: #2C2F34; background-color: #ffffff;\">62-3030-1518<\/td><td style=\"color: #0000ee; background-color: #ffffff;text-decoration: underline;\"><a href=\"mailto:supme.ser@goias.gov.br\" target=\"_blank\">supme.ser@goias.gov.br<\/a><\/td><td style=\"color: #0000FF; background-color: #FFFFFF;\"><a href=\"https:\/\/play.google.com\/store\/apps\/details?id=br.gov.go.minhavaga&pcampaignid=web_share\" target=\"_blank\">https:\/\/play.google.com\/store\/apps\/details?id=br.gov.go.minhavaga&amp;pcampaignid=web_share\/https:\/\/apps.apple.com\/br\/app\/minha-vaga\/id6462687578<\/a><\/td><td style=\"color: #0000FF; background-color: #FFFFFF;\"><\/td><\/tr><tr><td style=\"color: #000000; background-color: #FFFFFF;\">redeindica.go.gov.br <\/td><td style=\"color: #000000; background-color: #ffffff;\">Desenvolver mecanismos que permitam a conex\u00e3o entres m\u00e3o de obra qualificada e s\u00f3 diversos setores produtivos do estado de Goi\u00e1s<\/td><td style=\"color: #2C2F34; background-color: #FFFFFF;\">cadastro de vagas pelo setor publico direto no site da redeindica.<\/td><td style=\"color: #2C2F34; background-color: #ffffff;\">Escrit\u00f3rio de projetos SER<\/td><td style=\"color: #2C2F34; background-color: #ffffff;\">62-3030-1518<\/td><td style=\"color: #0000ee; background-color: #FFFFFF;text-decoration: underline;\">redeindica01@gmail.com. <\/td><td style=\"color: #000000; background-color: #FFFFFF;\">https:\/\/redeindica.go.gov.br\/politica-de-privacidade#:~:text=O%20aplicativo%20Rede%20Indica%20%2D%20Minha,o%20acesso%20ao%20aplicativo%20seguros.<\/td><td style=\"color: #000000; background-color: #FFFFFF;\"><\/td><\/tr><\/tbody><\/table><div class=\"wp-block-file\"><a href=\"https:\/\/goias.gov.br\/retomada\/wp-content\/uploads\/sites\/22\/2024\/06\/Projetos-de-Inovacao-no-Servico-Publico.xlsx\">Projetos-de-Inovacao-no-Servico-Publico.xlsx&nbsp; <span class=\"wp-block-file__button wp-element-button\">Baixar<\/span><\/a><\/div>\n\n\n\n<p><a href=\"https:\/\/goias.gov.br\/retomada\/wp-content\/uploads\/sites\/22\/2024\/06\/Projetos-de-Inovacao-no-Servico-Publico.xlsx\">Projetos de Inova\u00e7\u00e3o no Servi\u00e7o P\u00fablico<\/a> ?BAIXAR<\/p>\n\n\n\n<p><\/p>\n","protected":false},"excerpt":{"rendered":"<p>\u00a0Publicado em\u00a03 de julho de 2024 \u00a0\u00daltima Atualiza\u00e7\u00e3o em 9 de dezembro de 2025 Projetos de Inova\u00e7\u00e3o no Servi\u00e7o P\u00fablico ?BAIXAR<\/p>\n","protected":false},"author":319,"featured_media":0,"parent":0,"menu_order":0,"comment_status":"closed","ping_status":"closed","template":"","meta":{"footnotes":""},"class_list":["post-9049","page","type-page","status-publish","hentry"],"rttpg_featured_image_url":null,"rttpg_author":{"display_name":"fransergiooliveira","author_link":"https:\/\/goias.gov.br\/retomada\/author\/fransergiooliveira\/"},"rttpg_comment":0,"rttpg_category":null,"rttpg_excerpt":"\u00a0Publicado em\u00a03 de julho de 2024 \u00a0\u00daltima Atualiza\u00e7\u00e3o em 9 de dezembro de 2025 Projetos de Inova\u00e7\u00e3o no Servi\u00e7o P\u00fablico ?BAIXAR","_links":{"self":[{"href":"https:\/\/goias.gov.br\/retomada\/wp-json\/wp\/v2\/pages\/9049","targetHints":{"allow":["GET"]}}],"collection":[{"href":"https:\/\/goias.gov.br\/retomada\/wp-json\/wp\/v2\/pages"}],"about":[{"href":"https:\/\/goias.gov.br\/retomada\/wp-json\/wp\/v2\/types\/page"}],"author":[{"embeddable":true,"href":"https:\/\/goias.gov.br\/retomada\/wp-json\/wp\/v2\/users\/319"}],"replies":[{"embeddable":true,"href":"https:\/\/goias.gov.br\/retomada\/wp-json\/wp\/v2\/comments?post=9049"}],"version-history":[{"count":2,"href":"https:\/\/goias.gov.br\/retomada\/wp-json\/wp\/v2\/pages\/9049\/revisions"}],"predecessor-version":[{"id":62774,"href":"https:\/\/goias.gov.br\/retomada\/wp-json\/wp\/v2\/pages\/9049\/revisions\/62774"}],"wp:attachment":[{"href":"https:\/\/goias.gov.br\/retomada\/wp-json\/wp\/v2\/media?parent=9049"}],"curies":[{"name":"wp","href":"https:\/\/api.w.org\/{rel}","templated":true}]}}