

{"id":8628,"date":"2024-06-25T15:45:40","date_gmt":"2024-06-25T18:45:40","guid":{"rendered":"https:\/\/goias.gov.br\/retomada\/?page_id=8628"},"modified":"2025-07-08T17:07:28","modified_gmt":"2025-07-08T20:07:28","slug":"classificacao-das-informacoes-sigilosas","status":"publish","type":"page","link":"https:\/\/goias.gov.br\/retomada\/classificacao-das-informacoes-sigilosas\/","title":{"rendered":"Classifica\u00e7\u00e3o das Informa\u00e7\u00f5es Sigilosas"},"content":{"rendered":"\nErro: O arquivo n\u00e3o foi encontrado no caminho especificado!\n\n\n\n<table class=\"planilhaview display\" style=\"width:100%\"><thead><tr><th>ANO<\/th><th>DECLARA\u00c7\u00c3O<\/th><th>RESPONS\u00c1VEL<\/th><th>ARQUIVO<\/th><th><\/th><th><\/th><th><\/th><th><\/th><\/tr><tr><th><input type=\"text\" placeholder=\"Filtrar ANO\"><\/th><th><input type=\"text\" placeholder=\"Filtrar DECLARA\u00c7\u00c3O\"><\/th><th><input type=\"text\" placeholder=\"Filtrar RESPONS\u00c1VEL\"><\/th><th><input type=\"text\" placeholder=\"Filtrar ARQUIVO\"><\/th><th><input type=\"text\" placeholder=\"Filtrar \"><\/th><th><input type=\"text\" placeholder=\"Filtrar \"><\/th><th><input type=\"text\" placeholder=\"Filtrar \"><\/th><th><input type=\"text\" placeholder=\"Filtrar \"><\/th><\/tr><\/thead><tbody><tr><td style=\"color: #000000; background-color: #FFFFFF;\">2025<\/td><td style=\"color: #000000; background-color: #FFFFFF;\">DECLARA\u00c7\u00c3O N\u00ba 9 \/ 2025 SGI- 19229 <\/td><td style=\"color: #2C2F34; background-color: #FFFFFF;\">CRISTIANO GOMES DE ARAUJO, Superintendente, <\/td><td style=\"color: #0000EE; background-color: #FFFFFF;text-decoration: underline;\"><a href=\"https:\/\/goias.gov.br\/retomada\/wp-content\/uploads\/sites\/22\/2025\/07\/SEI_76258448_Declaracao_9-1.pdf\" target=\"_blank\">https:\/\/goias.gov.br\/retomada\/wp-content\/uploads\/sites\/22\/2025\/07\/SEI_76258448_Declaracao_9-1.pdf<\/a><\/td><td style=\"color: #2C2F34; background-color: #FFFFFF;font-weight: bold;\"><\/td><td style=\"color: #2C2F34; background-color: #FFFFFF;font-weight: bold;\"><\/td><td style=\"color: #000000; background-color: #FFFFFF;\"><\/td><td style=\"color: #000000; background-color: #FFFFFF;\"><\/td><\/tr><tr><td style=\"color: #000000; background-color: #FFFFFF;\">2024<\/td><td style=\"color: #000000; background-color: #FFFFFF;\">DECLARA\u00c7\u00c3O N\u00ba 6 \/ 2024 SGI- 19229 <\/td><td style=\"color: #2C2F34; background-color: #FFFFFF;\">CRISTIANO GOMES DE ARAUJO, Superintendente, <\/td><td style=\"color: #2C2F34; background-color: #FFFFFF;\">https:\/\/goias.gov.br\/retomada\/wp-content\/uploads\/sites\/22\/2024\/06\/nao-possui-informacoes-secretas-2024-1.pdf<\/td><td style=\"color: #2C2F34; background-color: #FFFFFF;\"><\/td><td style=\"color: #0000EE; background-color: #FFFFFF;text-decoration: underline;\"><\/td><td style=\"color: #000000; background-color: #FFFFFF;\"><\/td><td style=\"color: #000000; background-color: #FFFFFF;\"><\/td><\/tr><tr><td style=\"color: #000000; background-color: #FFFFFF;\">2023<\/td><td style=\"color: #000000; background-color: #FFFFFF;\">DECLARA\u00c7\u00c3O N\u00ba 1 \/ 2023 SGI- 19229 <\/td><td style=\"color: #2C2F34; background-color: #FFFFFF;\">CRISTIANO GOMES DE ARAUJO, Superintendente, <\/td><td style=\"color: #2C2F34; background-color: #FFFFFF;\">https:\/\/goias.gov.br\/retomada\/wp-content\/uploads\/sites\/22\/2024\/06\/nao-possui-informacoes-secretas-2023-1.pdf<\/td><td style=\"color: #2C2F34; background-color: #FFFFFF;\"><\/td><td style=\"color: #0000EE; background-color: #FFFFFF;text-decoration: underline;\"><\/td><td style=\"color: #000000; background-color: #FFFFFF;\"><\/td><td style=\"color: #000000; background-color: #FFFFFF;\"><\/td><\/tr><tr><td style=\"color: #000000; background-color: #FFFFFF;\">2022<\/td><td style=\"color: #000000; background-color: #FFFFFF;\">DECLARA\u00c7\u00c3O N\u00ba 4 \/ 2022 SGI- 19229 <\/td><td style=\"color: #2C2F34; background-color: #FFFFFF;\">CRISTIANO GOMES DE ARAUJO, Superintendente, <\/td><td style=\"color: #000000; background-color: #FFFFFF;\">https:\/\/goias.gov.br\/retomada\/wp-content\/uploads\/sites\/22\/2024\/06\/nao-possui-informacoes-secretas-2022-1.pdf<\/td><td style=\"color: #000000; background-color: #FFFFFF;\"><\/td><td style=\"color: #000000; background-color: #FFFFFF;\"><\/td><td style=\"color: #000000; background-color: #FFFFFF;\"><\/td><td style=\"color: #000000; background-color: #FFFFFF;\"><\/td><\/tr><tr><td style=\"color: #000000; background-color: #FFFFFF;\">2021<\/td><td style=\"color: #000000; background-color: #FFFFFF;\">DECLARA\u00c7\u00c3O N\u00ba 2 \/ 2021 SGI- 19229 <\/td><td style=\"color: #2C2F34; background-color: #FFFFFF;\">CRISTIANO GOMES DE ARAUJO, Superintendente, <\/td><td style=\"color: #2C2F34; background-color: #FFFFFF;\">https:\/\/goias.gov.br\/retomada\/wp-content\/uploads\/sites\/22\/2024\/06\/Nao-possui-informacoes-secretas-2021-1.pdf<\/td><td style=\"color: #2C2F34; background-color: #FFFFFF;\"><\/td><td style=\"color: #0000EE; background-color: #FFFFFF;text-decoration: underline;\"><\/td><td style=\"color: #000000; background-color: #FFFFFF;\"><\/td><td style=\"color: #000000; background-color: #FFFFFF;\"><\/td><\/tr><\/tbody><\/table><div class=\"wp-block-file\"><a href=\"https:\/\/goias.gov.br\/retomada\/wp-content\/uploads\/sites\/22\/2025\/07\/Nao-Possui-informacoes-sigilosas.xlsx\">Nao-Possui-informacoes-sigilosas.xlsx&nbsp; <span class=\"wp-block-file__button wp-element-button\">Baixar<\/span><\/a><\/div>\n","protected":false},"excerpt":{"rendered":"","protected":false},"author":319,"featured_media":0,"parent":0,"menu_order":0,"comment_status":"closed","ping_status":"closed","template":"","meta":{"footnotes":""},"class_list":["post-8628","page","type-page","status-publish","hentry"],"rttpg_featured_image_url":null,"rttpg_author":{"display_name":"fransergiooliveira","author_link":"https:\/\/goias.gov.br\/retomada\/author\/fransergiooliveira\/"},"rttpg_comment":0,"rttpg_category":null,"rttpg_excerpt":null,"_links":{"self":[{"href":"https:\/\/goias.gov.br\/retomada\/wp-json\/wp\/v2\/pages\/8628","targetHints":{"allow":["GET"]}}],"collection":[{"href":"https:\/\/goias.gov.br\/retomada\/wp-json\/wp\/v2\/pages"}],"about":[{"href":"https:\/\/goias.gov.br\/retomada\/wp-json\/wp\/v2\/types\/page"}],"author":[{"embeddable":true,"href":"https:\/\/goias.gov.br\/retomada\/wp-json\/wp\/v2\/users\/319"}],"replies":[{"embeddable":true,"href":"https:\/\/goias.gov.br\/retomada\/wp-json\/wp\/v2\/comments?post=8628"}],"version-history":[{"count":2,"href":"https:\/\/goias.gov.br\/retomada\/wp-json\/wp\/v2\/pages\/8628\/revisions"}],"predecessor-version":[{"id":38065,"href":"https:\/\/goias.gov.br\/retomada\/wp-json\/wp\/v2\/pages\/8628\/revisions\/38065"}],"wp:attachment":[{"href":"https:\/\/goias.gov.br\/retomada\/wp-json\/wp\/v2\/media?parent=8628"}],"curies":[{"name":"wp","href":"https:\/\/api.w.org\/{rel}","templated":true}]}}