

{"id":63963,"date":"2026-01-08T15:39:05","date_gmt":"2026-01-08T18:39:05","guid":{"rendered":"https:\/\/goias.gov.br\/retomada\/?page_id=63963"},"modified":"2026-03-12T08:23:27","modified_gmt":"2026-03-12T11:23:27","slug":"emendas-parlamentares-estaduais-2","status":"publish","type":"page","link":"https:\/\/goias.gov.br\/retomada\/emendas-parlamentares-estaduais-2\/","title":{"rendered":"Emendas Parlamentares Estaduais"},"content":{"rendered":"\n<table class=\"planilhaview display\" style=\"width:100%\"><thead><tr><th>Data<\/th><th>Parlamentar<\/th><th>N\u00ba Emenda<\/th><th>Modalidade<\/th><th>Objeto<\/th><th>Valor<\/th><th>Nr Processo SEI<\/th><th>Status<\/th><\/tr><tr><th><input type=\"text\" placeholder=\"Filtrar Data\"><\/th><th><input type=\"text\" placeholder=\"Filtrar Parlamentar\"><\/th><th><input type=\"text\" placeholder=\"Filtrar N\u00ba Emenda\"><\/th><th><input type=\"text\" placeholder=\"Filtrar Modalidade\"><\/th><th><input type=\"text\" placeholder=\"Filtrar Objeto\"><\/th><th><input type=\"text\" placeholder=\"Filtrar Valor\"><\/th><th><input type=\"text\" placeholder=\"Filtrar Nr Processo SEI\"><\/th><th><input type=\"text\" placeholder=\"Filtrar Status\"><\/th><\/tr><\/thead><tbody><tr><td style=\"color: #000000; background-color: #FFFFFF;\">03\/02\/2025<\/td><td style=\"color: #000000; background-color: #FFFFFF;\">Bruno Regiany Peixoto Pimenta<\/td><td style=\"color: #000000; background-color: #FFFFFF;\">871,5<\/td><td style=\"color: #000000; background-color: #FFFFFF;\">Impositiva<\/td><td style=\"color: #000000; background-color: #FFFFFF;\">Custeio para Secretaria de Estado da Retomada<\/td><td style=\"color: #000000; background-color: #FFFFFF;\">R$ 190.034,43<\/td><td style=\"color: #467886; background-color: #FFFFFF;text-decoration: underline;\"><a href=\"https:\/\/sei.go.gov.br\/sei\/controlador.php?acao=protocolo_visualizar&id_protocolo=76070680&id_procedimento_atual=88106524&infra_sistema=100000100&infra_unidade_atual=21308&infra_hash=7a17092d0b239fa3053821e64e8451a004b3b644222be4905f82e233655c3d624ea417f18090e2f36bc2ee346468e024757083956257f88cf1a88980b78dcbd3cee809fbb96da305af2c6ec9001494d6644f49722cf5afdbed8646a460bff05f\" target=\"_blank\">202500005013903<\/a><\/td><td style=\"color: #000000; background-color: #FFFFFF;\">Executado.<\/td><\/tr><tr><td style=\"color: #000000; background-color: #FFFFFF;\">03\/02\/2025<\/td><td style=\"color: #000000; background-color: #FFFFFF;\">George Morais<\/td><td style=\"color: #000000; background-color: #FFFFFF;\">350,1<\/td><td style=\"color: #000000; background-color: #FFFFFF;\">Impositiva<\/td><td style=\"color: #000000; background-color: #FFFFFF;\">Custeio<\/td><td style=\"color: #000000; background-color: #FFFFFF;\">R$ 300.000,00<\/td><td style=\"color: #467886; background-color: #FFFFFF;text-decoration: underline;\"><a href=\"https:\/\/sei.go.gov.br\/sei\/controlador.php?acao=protocolo_visualizar&id_protocolo=76077675&id_procedimento_atual=88106524&infra_sistema=100000100&infra_unidade_atual=21308&infra_hash=a6a5d0459383cee7a2bd8889b78253d5b476b5adbf0c449fa44c01374cdbbb314ea417f18090e2f36bc2ee346468e024757083956257f88cf1a88980b78dcbd3cee809fbb96da305af2c6ec9001494d6644f49722cf5afdbed8646a460bff05f\" target=\"_blank\">202500005013987<\/a><\/td><td style=\"color: #000000; background-color: #FFFFFF;\">Executado.<\/td><\/tr><tr><td style=\"color: #000000; background-color: #FFFFFF;\">28\/02\/2025<\/td><td style=\"color: #000000; background-color: #FFFFFF;\">Adailton Florentino<\/td><td style=\"color: #000000; background-color: #FFFFFF;\">347<\/td><td style=\"color: #000000; background-color: #FFFFFF;\">Impositiva<\/td><td style=\"color: #000000; background-color: #FFFFFF;\">Custeio para a realiza\u00e7\u00e3o da 5\u00aa Edi\u00e7\u00e3o da ExpoTurismo Goi\u00e1s<\/td><td style=\"color: #000000; background-color: #FFFFFF;\">R$ 100.000,00<\/td><td style=\"color: #467886; background-color: #FFFFFF;text-decoration: underline;\"><a href=\"https:\/\/sei.go.gov.br\/sei\/controlador.php?acao=protocolo_visualizar&id_protocolo=76538983&id_procedimento_atual=88106524&infra_sistema=100000100&infra_unidade_atual=21308&infra_hash=3c2fd9a1c9d4a518217565cf94984295196b66b2eaad91e27198d62d9ce9ce344ea417f18090e2f36bc2ee346468e024757083956257f88cf1a88980b78dcbd3cee809fbb96da305af2c6ec9001494d6644f49722cf5afdbed8646a460bff05f\" target=\"_blank\">202500005015183<\/a><\/td><td style=\"color: #467886; background-color: #FFFFFF;text-decoration: underline;\"><a href=\"https:\/\/sei.go.gov.br\/sei\/controlador.php?acao=protocolo_visualizar&id_protocolo=77738504&id_procedimento_atual=88106524&infra_sistema=100000100&infra_unidade_atual=21308&infra_hash=304ced13ef10bc6bb95f3b2f70cf9965cfb9ccca0e613779f8c3dd1c0a9625254ea417f18090e2f36bc2ee346468e024757083956257f88cf1a88980b78dcbd3cee809fbb96da305af2c6ec9001494d6644f49722cf5afdbed8646a460bff05f\" target=\"_blank\">N\u00e3o executado.\n Conforme Despacho\u00a074556636, o TDO foi cancelado. <\/a><\/td><\/tr><tr><td style=\"color: #000000; background-color: #FFFFFF;\">30\/01\/2025<\/td><td style=\"color: #000000; background-color: #FFFFFF;\">Deputado\nProfessor\nAlcides<\/td><td style=\"color: #000000; background-color: #FFFFFF;\">40580001\n40580003<\/td><td style=\"color: #000000; background-color: #FFFFFF;\">Transfer\u00eancia\nEspecial<\/td><td style=\"color: #000000; background-color: #FFFFFF;\">Investimentos\na crit\u00e9rio do\ngestor da\npasta<\/td><td style=\"color: #000000; background-color: #FFFFFF;\">R$\n5.000.000,00<\/td><td style=\"color: #467886; background-color: #FFFFFF;text-decoration: underline;\"><a href=\"https:\/\/sei.go.gov.br\/sei\/controlador.php?acao=procedimento_trabalhar&acao_origem=protocolo_pesquisa_rapida&id_protocolo=78565476&infra_sistema=100000100&infra_unidade_atual=21308&infra_hash=176a6f3e8d1fa9b6ae0096411025e2a2618240a8c6736c60f7055b0e7c29cc9e\" target=\"_blank\">202519222001439<\/a><\/td><td style=\"color: #467886; background-color: #FFFFFF;text-decoration: underline;\"><a href=\"https:\/\/sei.go.gov.br\/sei\/controlador.php?acao=procedimento_trabalhar&acao_origem=protocolo_pesquisa_rapida&id_protocolo=88227304&infra_sistema=100000100&infra_unidade_atual=21308&infra_hash=3762a7b8586ac992d8b7e41f14d16bf9b85f7affab282ac0361e29df58d73ab7\" target=\"_blank\">Em andamento.\nPlanos de a\u00e7\u00e3o\nanexos:84114715 e 84114819<\/a><\/td><\/tr><tr><td style=\"color: #000000; background-color: #FFFFFF;\">03\/02\/2025<\/td><td style=\"color: #000000; background-color: #FFFFFF;\">Karlos Marcio Vieira Cabral<\/td><td style=\"color: #000000; background-color: #FFFFFF;\">1026,15<\/td><td style=\"color: #000000; background-color: #FFFFFF;\">Impositiva<\/td><td style=\"color: #000000; background-color: #FFFFFF;\">Realiza\u00e7\u00e3o do festival grastron\u00f4mico da Cidade de Goi\u00e1s<\/td><td style=\"color: #000000; background-color: #FFFFFF;\">R$ 240.000,00<\/td><td style=\"color: #467886; background-color: #FFFFFF;text-decoration: underline;\"><a href=\"https:\/\/sei.go.gov.br\/sei\/controlador.php?acao=protocolo_visualizar&id_protocolo=83737819&id_procedimento_atual=88106524&infra_sistema=100000100&infra_unidade_atual=21308&infra_hash=e5d85e216bab9167ca5583f1ec6d6cb684fba9efa591c0c7340b7c71bad8750c4ea417f18090e2f36bc2ee346468e024757083956257f88cf1a88980b78dcbd3cee809fbb96da305af2c6ec9001494d6644f49722cf5afdbed8646a460bff05f\" target=\"_blank\">202500005031306\n202519222002309<\/a><\/td><td style=\"color: #000000; background-color: #FFFFFF;\">Executado.<\/td><\/tr><tr><td style=\"color: #000000; background-color: #FFFFFF;\">04\/04\/2025<\/td><td style=\"color: #000000; background-color: #FFFFFF;\">Vanderlan\nCardoso<\/td><td style=\"color: #000000; background-color: #FFFFFF;\">40830011<\/td><td style=\"color: #000000; background-color: #FFFFFF;\">Transfer\u00eancia\nEspecial<\/td><td style=\"color: #000000; background-color: #FFFFFF;\">3 - Divis\u00e3o\nCultural \/ 392\n- Divis\u00e3o\nCultural \/\nDifus\u00e3o E\nCircula\u00e7\u00e3o De\nEspet\u00e1culos\nArt\u00edsticos E\nExposi\u00e7\u00f5es\nDe Artes\nVisuais<\/td><td style=\"color: #000000; background-color: #FFFFFF;\">R$\n400.000,00<\/td><td style=\"color: #467886; background-color: #FFFFFF;text-decoration: underline;\"><a href=\"https:\/\/sei.go.gov.br\/sei\/controlador.php?acao=procedimento_trabalhar&acao_origem=protocolo_pesquisa_rapida&id_protocolo=79880996&infra_sistema=100000100&infra_unidade_atual=21308&infra_hash=9af71d40801e9e2a2c42e46353795dfee58f0f65cece7d2ee29ee65f696a555a\" target=\"_blank\">202519222001651<\/a><\/td><td style=\"color: #467886; background-color: #FFFFFF;text-decoration: underline;\"><a href=\"https:\/\/sei.go.gov.br\/sei\/controlador.php?acao=procedimento_trabalhar&acao_origem=protocolo_pesquisa_rapida&id_protocolo=88227567&infra_sistema=100000100&infra_unidade_atual=21308&infra_hash=163659b7ba7ec8da1b9812aa5704f374f9f461fdd6ce68170c50bb2a1cac9049\" target=\"_blank\">Em andamento.\nPlano de a\u00e7\u00e3o\nanexo: 84114964.<\/a><\/td><\/tr><\/tbody><\/table><div class=\"wp-block-file\"><a href=\"https:\/\/goias.gov.br\/retomada\/wp-content\/uploads\/sites\/22\/2026\/03\/Emendas-Parlamentares-Estaduais-atualizadas.xlsx\">Emendas-Parlamentares-Estaduais-atualizadas.xlsx&nbsp; <span class=\"wp-block-file__button wp-element-button\">Baixar<\/span><\/a><\/div>\n","protected":false},"excerpt":{"rendered":"","protected":false},"author":319,"featured_media":0,"parent":0,"menu_order":0,"comment_status":"closed","ping_status":"closed","template":"","meta":{"footnotes":""},"class_list":["post-63963","page","type-page","status-publish","hentry"],"rttpg_featured_image_url":null,"rttpg_author":{"display_name":"fransergiooliveira","author_link":"https:\/\/goias.gov.br\/retomada\/author\/fransergiooliveira\/"},"rttpg_comment":0,"rttpg_category":null,"rttpg_excerpt":null,"_links":{"self":[{"href":"https:\/\/goias.gov.br\/retomada\/wp-json\/wp\/v2\/pages\/63963","targetHints":{"allow":["GET"]}}],"collection":[{"href":"https:\/\/goias.gov.br\/retomada\/wp-json\/wp\/v2\/pages"}],"about":[{"href":"https:\/\/goias.gov.br\/retomada\/wp-json\/wp\/v2\/types\/page"}],"author":[{"embeddable":true,"href":"https:\/\/goias.gov.br\/retomada\/wp-json\/wp\/v2\/users\/319"}],"replies":[{"embeddable":true,"href":"https:\/\/goias.gov.br\/retomada\/wp-json\/wp\/v2\/comments?post=63963"}],"version-history":[{"count":2,"href":"https:\/\/goias.gov.br\/retomada\/wp-json\/wp\/v2\/pages\/63963\/revisions"}],"predecessor-version":[{"id":64965,"href":"https:\/\/goias.gov.br\/retomada\/wp-json\/wp\/v2\/pages\/63963\/revisions\/64965"}],"wp:attachment":[{"href":"https:\/\/goias.gov.br\/retomada\/wp-json\/wp\/v2\/media?parent=63963"}],"curies":[{"name":"wp","href":"https:\/\/api.w.org\/{rel}","templated":true}]}}