

{"id":36287,"date":"2025-06-24T17:00:40","date_gmt":"2025-06-24T20:00:40","guid":{"rendered":"https:\/\/goias.gov.br\/retomada\/?page_id=36287"},"modified":"2025-12-09T09:37:29","modified_gmt":"2025-12-09T12:37:29","slug":"parcerias-com-oscs","status":"publish","type":"page","link":"https:\/\/goias.gov.br\/retomada\/parcerias-com-oscs\/","title":{"rendered":"Parcerias com OSCs"},"content":{"rendered":"<div class=\"meta-date\"><i class=\"far fa-clock\" aria-hidden=\"true\"><\/i>\u00a0<span class=\"meta-prefix\">Publicado em\u00a0<\/span><a class=\"meta-date-link\" title=\"Parcerias com OSCs\" href=\"https:\/\/goias.gov.br\/retomada\/parcerias-com-oscs\/\"><span class=\"date\">24 de junho de 2025<\/span><\/a><\/div>\n<div class=\"meta-date\">\u00a0<span class=\"meta-prefix\">\u00daltima Atualiza\u00e7\u00e3o em <\/span><a class=\"meta-date-link\" title=\"Parcerias com OSCs\" href=\"https:\/\/goias.gov.br\/retomada\/parcerias-com-oscs\/\">9 de dezembro de 2025<\/a><\/div>\n\n\n<p>Com base no princ\u00edpio da transpar\u00eancia p\u00fablica e em conformidade com&nbsp;o Arts. 5\u00b0, inciso IV, art. 6\u00b0, inciso V, art. 10 e art. 11 da Lei Federal 13.019\/2014, a Secretaria de Estado da Retomada declara que, nos \u00faltimos (5) cinco anos, e at\u00e9 a presente data, n\u00e3o possuiu parcerias firmadas com organiza\u00e7\u00f5es da sociedade civil.<\/p>\n\n\n\n<p><\/p>\n","protected":false},"excerpt":{"rendered":"<p>\u00a0Publicado em\u00a024 de junho de 2025 \u00a0\u00daltima Atualiza\u00e7\u00e3o em 9 de dezembro de 2025 Com base no princ\u00edpio da transpar\u00eancia p\u00fablica e em conformidade com&nbsp;o Arts. 5\u00b0, inciso IV, art. 6\u00b0, inciso V, art. 10 e art. 11 da Lei Federal 13.019\/2014, a Secretaria de Estado da Retomada declara que, nos \u00faltimos (5) cinco anos, [&hellip;]<\/p>\n","protected":false},"author":319,"featured_media":0,"parent":0,"menu_order":0,"comment_status":"closed","ping_status":"closed","template":"","meta":{"footnotes":""},"class_list":["post-36287","page","type-page","status-publish","hentry"],"rttpg_featured_image_url":null,"rttpg_author":{"display_name":"fransergiooliveira","author_link":"https:\/\/goias.gov.br\/retomada\/author\/fransergiooliveira\/"},"rttpg_comment":0,"rttpg_category":null,"rttpg_excerpt":"\u00a0Publicado em\u00a024 de junho de 2025 \u00a0\u00daltima Atualiza\u00e7\u00e3o em 9 de dezembro de 2025 Com base no princ\u00edpio da transpar\u00eancia p\u00fablica e em conformidade com&nbsp;o Arts. 5\u00b0, inciso IV, art. 6\u00b0, inciso V, art. 10 e art. 11 da Lei Federal 13.019\/2014, a Secretaria de Estado da Retomada declara que, nos \u00faltimos (5) cinco anos,&hellip;","_links":{"self":[{"href":"https:\/\/goias.gov.br\/retomada\/wp-json\/wp\/v2\/pages\/36287","targetHints":{"allow":["GET"]}}],"collection":[{"href":"https:\/\/goias.gov.br\/retomada\/wp-json\/wp\/v2\/pages"}],"about":[{"href":"https:\/\/goias.gov.br\/retomada\/wp-json\/wp\/v2\/types\/page"}],"author":[{"embeddable":true,"href":"https:\/\/goias.gov.br\/retomada\/wp-json\/wp\/v2\/users\/319"}],"replies":[{"embeddable":true,"href":"https:\/\/goias.gov.br\/retomada\/wp-json\/wp\/v2\/comments?post=36287"}],"version-history":[{"count":2,"href":"https:\/\/goias.gov.br\/retomada\/wp-json\/wp\/v2\/pages\/36287\/revisions"}],"predecessor-version":[{"id":62678,"href":"https:\/\/goias.gov.br\/retomada\/wp-json\/wp\/v2\/pages\/36287\/revisions\/62678"}],"wp:attachment":[{"href":"https:\/\/goias.gov.br\/retomada\/wp-json\/wp\/v2\/media?parent=36287"}],"curies":[{"name":"wp","href":"https:\/\/api.w.org\/{rel}","templated":true}]}}