

{"id":36209,"date":"2025-06-24T15:37:22","date_gmt":"2025-06-24T18:37:22","guid":{"rendered":"https:\/\/goias.gov.br\/retomada\/?page_id=36209"},"modified":"2025-12-09T12:49:04","modified_gmt":"2025-12-09T15:49:04","slug":"audiencias-publicas","status":"publish","type":"page","link":"https:\/\/goias.gov.br\/retomada\/audiencias-publicas\/","title":{"rendered":"Audi\u00eancias P\u00fablicas"},"content":{"rendered":"<div class=\"meta-date\"><i class=\"far fa-clock\" aria-hidden=\"true\"><\/i>\u00a0<span class=\"meta-prefix\">Publicado em\u00a0<\/span><a class=\"meta-date-link\" title=\"Audi\u00eancias P\u00fablicas\" href=\"https:\/\/goias.gov.br\/retomada\/audiencias-publicas\/\"><span class=\"date\">24 de junho de 2025<\/span><\/a><\/div>\n<div class=\"meta-date\">\u00a0<span class=\"meta-prefix\">\u00daltima Atualiza\u00e7\u00e3o em <\/span><a class=\"meta-date-link\" title=\"Audi\u00eancias P\u00fablicas\" href=\"https:\/\/goias.gov.br\/retomada\/audiencias-publicas\/\">9 de dezembro de 2025\u00a0<\/a><\/div>\n\n\n<p class=\"has-medium-font-size\"><strong>Naming Rights Pal\u00e1cio da M\u00fasica Belkiss Spenzi\u00e9ri<\/strong><\/p>\n\n\n\n<p><strong><a href=\"https:\/\/goias.gov.br\/retomada\/wp-content\/uploads\/sites\/22\/2025\/09\/diario_oficial_2025-09-30_completo.pdf\">AVISO DE CONSULTA E AUDI\u00caNCIA P\u00daBLICA<\/a><\/strong><\/p>\n\n\n\n<p>O GOVERNO DO ESTADO DE GOI\u00c1S, por interm\u00e9dio da SECRETARIA DE ESTADO DA RETOMADA, em conjunto com a COMPANHIA DE INVESTIMENTOS E PARCERIAS DO ESTADO DE GOI\u00c1S \u2013 GOI\u00c1S PARCERIAS, realizar\u00e1 Consulta e Audi\u00eancia P\u00fablica, para apresenta\u00e7\u00e3o e discuss\u00e3o do projeto de CESS\u00c3O ONEROSA DE DIREITO \u00c0 NOMEA\u00c7\u00c3O (\u201cNAMING RIGHTS\u201d) DO PAL\u00c1CIO DA M\u00daSICA: PAL\u00c1CIO BELKISS SPENZI\u00c9RI no Centro Cultural Oscar Neimeyer, bem como colher sugest\u00f5es e contribui\u00e7\u00f5es para o aprimoramento do processo.<\/p>\n\n\n\n<p>A realiza\u00e7\u00e3o da Consulta P\u00fablica permitir\u00e1 \u00e0 sociedade civil fornecer contribui\u00e7\u00f5es para o aprimoramento dos documentos que informam a mencionada Concorr\u00eancia P\u00fablica.<\/p>\n\n\n\n<p>Os interessados poder\u00e3o consultar as minutas de Termo de Refer\u00eancia, Edital, Contrato, e demais anexos, disponibilizados no endere\u00e7o eletr\u00f4nico a seguir: Site Oficial da Secretaria de Estado da Retomada&nbsp;<a href=\"https:\/\/goias.gov.br\/retomada\/\">https:\/\/goias.gov.br\/retomada\/<\/a>, no Sislog (https:\/\/sislog.go.gov.br\/) e Portal Nacional de Contrata\u00e7\u00f5es P\u00fablicas \u2013 PNCP (<a href=\"https:\/\/pncp.gov.br\/app\/editais\">https:\/\/pncp.gov.br\/app\/editais<\/a>).<\/p>\n\n\n\n<p>Para fins de Consulta P\u00fablica, os interessados em oferecer sugest\u00f5es, opini\u00f5es ou cr\u00edticas dever\u00e3o encaminhar sua manifesta\u00e7\u00e3o \u00e0 Secretaria de Estado da Retomada, at\u00e9 \u00e0s 23h59 do dia 30 de outubro de 2025. \u00c9 imprescind\u00edvel que os remetentes se identifiquem e enviem os coment\u00e1rios exclusivamente por formul\u00e1rio dispon\u00edvel no s\u00edtio eletr\u00f4nico: Site Oficial da Secretaria de Estado da Retomada&nbsp;<a href=\"https:\/\/goias.gov.br\/retomada\/\">https:\/\/goias.gov.br\/retomada\/<\/a>.<\/p>\n\n\n\n<p>Formul\u00e1rio n\u00ba 01: Consulta P\u00fablica:&nbsp;<a href=\"https:\/\/forms.gle\/3RkkfARwcbhacYJ76\">https:\/\/forms.gle\/3RkkfARwcbhacYJ76<\/a>&nbsp;<\/p>\n\n\n\n<p>O participante dever\u00e1 apresentar suas manifesta\u00e7\u00f5es com as quest\u00f5es formuladas, apontando o(s) item(ns) do Termo de Refer\u00eancia, Edital, Contrato e de seus Anexos, aos quais o questionamento se refere. Tais contribui\u00e7\u00f5es ser\u00e3o divulgadas juntamente com o resultado de sua an\u00e1lise no Relat\u00f3rio Final da Consulta e Audi\u00eancia P\u00fablica.<\/p>\n\n\n\n<p>Informamos que ser\u00e3o descartadas as manifesta\u00e7\u00f5es que n\u00e3o guardarem rela\u00e7\u00e3o com o presente certame ou que tenham sido elaboradas de maneira distinta \u00e0 estabelecida neste Comunicado.<\/p>\n\n\n\n<p><strong>Cronograma:<\/strong><\/p>\n\n\n\n<p>Per\u00edodo da Consulta P\u00fablica: 30\/09\/2025 at\u00e9 30\/10\/2025.<\/p>\n\n\n\n<p>Formato: on-line<\/p>\n\n\n\n<p>Link de Reuni\u00e3o de Audi\u00eancia P\u00fablica: https:\/\/meet.google.com\/yfg-kcgk-ocg<\/p>\n\n\n\n<p>Data da Audi\u00eancia P\u00fablica: 21\/10\/2025<\/p>\n\n\n\n<p>Hora da Audi\u00eancia P\u00fablica: 14h30 \u00e0s 17h.<\/p>\n\n\n\n<p>Conforme previsto no regulamento, o interessado em participar na Audi\u00eancia P\u00fablica dever\u00e1, previamente, credenciar-se at\u00e9 \u00e0s 14h30 do dia 21\/10\/205 por meio de formul\u00e1rio abaixo:<\/p>\n\n\n\n<p>FORMUL\u00c1RIO N\u00ba 2 \u2013 CONSULTA P\u00daBLICA \u2013 CREDENCIAMENTO AUDI\u00caNCIA P\u00daBLICA:&nbsp;<a href=\"https:\/\/forms.gle\/boK2cD1QSJyVFw246\">https:\/\/forms.gle\/boK2cD1QSJyVFw246<\/a>&nbsp;<\/p>\n\n\n\n<p>Outras instru\u00e7\u00f5es atualizadas relativas aos procedimentos para acesso \u00e0 audi\u00eancia p\u00fablica, o Manual de Regulamento da Audi\u00eancia P\u00fablica e os anexos pertinentes ao processo, est\u00e3o divulgados nos seguintes endere\u00e7os eletr\u00f4nicos:&nbsp;Site Oficial da Secretaria de Estado da Retomada&nbsp;<a href=\"https:\/\/goias.gov.br\/retomada\/\">https:\/\/goias.gov.br\/retomada\/<\/a>, no Sislog (https:\/\/sislog.go.gov.br\/).<\/p>\n\n\n\n<p>D\u00favidas sobre o processo podem ser esclarecidas por meio do e-mail: gcom.ser@goias.gov.br ou pelo telefone (62) 3030-1474.<\/p>\n\n\n\n<p><a href=\"https:\/\/goias.gov.br\/retomada\/wp-content\/uploads\/sites\/22\/2025\/09\/diario_oficial_2025-09-30_completo.pdf\">DOE \u2013 Aviso de consulta e audi\u00eancia p\u00fablica<\/a><\/p>\n\n\n\n<p><a href=\"https:\/\/goias.gov.br\/retomada\/wp-content\/uploads\/sites\/22\/2025\/09\/Termo-de-Referencia-I.pdf\">Termo de Refer\u00eancia I<\/a><\/p>\n\n\n\n<p><strong><a href=\"https:\/\/goias.gov.br\/retomada\/wp-content\/uploads\/sites\/22\/2025\/09\/ANEXO-A-Termo-de-Referencia.pdf\">ANEXO A \u2013 Termo de Refer\u00eancia<\/a><\/strong><\/p>\n\n\n\n<p><a href=\"https:\/\/goias.gov.br\/retomada\/wp-content\/uploads\/sites\/22\/2025\/09\/ANEXO-A.1-Especificacoes-Tecnicas-da-Comunicacao.pdf\">ANEXO A.1 \u2013 Especifica\u00e7\u00f5es T\u00e9cnicas da Comunica\u00e7\u00e3o<\/a><\/p>\n\n\n\n<p><a href=\"https:\/\/goias.gov.br\/retomada\/wp-content\/uploads\/sites\/22\/2025\/09\/ANEXO-A.2-Memorial-Descritivo.pdf\">ANEXO A.2 \u2013 Memorial Descritivo<\/a>&nbsp;&nbsp;<\/p>\n\n\n\n<p><a href=\"https:\/\/goias.gov.br\/retomada\/wp-content\/uploads\/sites\/22\/2025\/09\/Anexo-B-MINUTA-EDITAL-.pdf\">Anexo B \u2013 MINUTA EDITAL<\/a><\/p>\n\n\n\n<p><a href=\"https:\/\/goias.gov.br\/retomada\/wp-content\/uploads\/sites\/22\/2025\/09\/Anexo-B.1-MODELO-DE-SOLICITACAO-DE-ESCLARECIMENTOS.pdf\">Anexo B.1 MODELO DE SOLICITA\u00c7\u00c3O DE ESCLARECIMENTOS<\/a><\/p>\n\n\n\n<p><a href=\"https:\/\/goias.gov.br\/retomada\/wp-content\/uploads\/sites\/22\/2025\/09\/Anexo-B.2-MODELO-DE-CARTA-DE-APRESENTACAO-DOS-DOCUMENTOS-DE-HABILITACAO.pdf\">Anexo B.2 MODELO DE CARTA DE APRESENTA\u00c7\u00c3O DOS DOCUMENTOS DE HABILITA\u00c7\u00c3O<\/a><\/p>\n\n\n\n<p><a href=\"https:\/\/goias.gov.br\/retomada\/wp-content\/uploads\/sites\/22\/2025\/09\/ANEXO-B.3-DECLARACOES-GERAIS.pdf\">ANEXO B.3 DECLARA\u00c7\u00d5ES GERAIS<\/a><\/p>\n\n\n\n<p><a href=\"https:\/\/goias.gov.br\/retomada\/wp-content\/uploads\/sites\/22\/2025\/09\/Anexo-B.4-MODELO-DE-APRESENTACAO-DA-PROPOSTA-COMERCIAL.pdf\">Anexo B.4 MODELO DE APRESENTA\u00c7\u00c3O DA PROPOSTA COMERCIAL<\/a><\/p>\n\n\n\n<p><a href=\"https:\/\/goias.gov.br\/retomada\/wp-content\/uploads\/sites\/22\/2025\/09\/Anexo-B.5-MODELO-DE-DECLARACAO-DE-REGULARIDADE-AO-ART.-7o-XXXIII-DA-CONSTITUICAO-FEDERAL-.pdf\">Anexo B.5 MODELO DE DECLARA\u00c7\u00c3O DE REGULARIDADE AO ART. 7\u00ba, XXXIII, DA CONSTITUI\u00c7\u00c3O FEDERAL<\/a>&nbsp;<\/p>\n\n\n\n<p><a href=\"https:\/\/goias.gov.br\/retomada\/wp-content\/uploads\/sites\/22\/2025\/09\/Anexo-B.6-MODELO-DE-DECLARACAO-DE-AUSENCIA-DE-IMPEDIMENTO-PARA-A-PARTICIPACAO-NA-LICITACAO.pdf\">Anexo B.6 MODELO DE DECLARA\u00c7\u00c3O DE AUS\u00caNCIA DE IMPEDIMENTO PARA A PARTICIPA\u00c7\u00c3O NA LICITA\u00c7\u00c3O<\/a><\/p>\n\n\n\n<p><a href=\"https:\/\/goias.gov.br\/retomada\/wp-content\/uploads\/sites\/22\/2025\/09\/Anexo-B.7-MODELO-DE-PROCURACAO.pdf\">Anexo B.7 MODELO DE PROCURA\u00c7\u00c3O<\/a><\/p>\n\n\n\n<p><a href=\"https:\/\/goias.gov.br\/retomada\/wp-content\/uploads\/sites\/22\/2025\/09\/Anexo-B.8-MODELO-DE-DECLARACAO-DE-PLENO-CONHECIMENTO.pdf\">Anexo B.8 MODELO DE DECLARA\u00c7\u00c3O DE PLENO CONHECIMENTO<\/a><\/p>\n\n\n\n<p><a href=\"https:\/\/goias.gov.br\/retomada\/wp-content\/uploads\/sites\/22\/2025\/09\/Anexo-B.9-MODELO-DE-DECLARACAO-DA-CONDICAO-DE-MEEPPEQUIPARADA.pdf\">Anexo B.9 MODELO DE DECLARA\u00c7\u00c3O DA CONDI\u00c7\u00c3O DE ME\/EPP\/EQUIPARADA<\/a><\/p>\n\n\n\n<p><a href=\"https:\/\/goias.gov.br\/retomada\/wp-content\/uploads\/sites\/22\/2025\/09\/Anexo-B-10-MODELO-DE-DECLARACAO-FORMAL-ACERCA-DO-ATENDIMENTO-AS-PRERROGATIVAS-REFERENTES-AOS-CRITERIOS-DE-DESEMPATE.pdf\">Anexo B-10 MODELO DE DECLARA\u00c7\u00c3O FORMAL ACERCA DO ATENDIMENTO \u00c0S PRERROGATIVAS REFERENTES AOS CRIT\u00c9RIOS DE DESEMPATE<\/a><\/p>\n\n\n\n<p><a href=\"https:\/\/goias.gov.br\/retomada\/wp-content\/uploads\/sites\/22\/2025\/09\/Anexo-B.11-MODELO-DE-DECLARACAO-DE-INTEGRIDADE.pdf\">Anexo B.11 MODELO DE DECLARA\u00c7\u00c3O DE INTEGRIDADE<\/a><\/p>\n\n\n\n<p><a href=\"https:\/\/goias.gov.br\/retomada\/wp-content\/uploads\/sites\/22\/2025\/09\/Anexo-C-MINUTA-DE-CONTRATO_REV02.pdf\">Anexo C \u2013 MINUTA DE CONTRATO_REV02<\/a><\/p>\n\n\n\n<p><a href=\"https:\/\/goias.gov.br\/retomada\/wp-content\/uploads\/sites\/22\/2025\/09\/Anexo-C.1-MECANISMOS-DE-PAGAMENTO.pdf\">Anexo C.1 \u2013 MECANISMOS DE PAGAMENTO<\/a><\/p>\n\n\n\n<p><strong>REGULAMENTO DA AUDI\u00caNCIA P\u00daBLICA PARA A CONCESS\u00c3O DO PAL\u00c1CIO DA M\u00daSICA<\/strong><\/p>\n\n\n\n<p><\/p>\n","protected":false},"excerpt":{"rendered":"<p>\u00a0Publicado em\u00a024 de junho de 2025 \u00a0\u00daltima Atualiza\u00e7\u00e3o em 9 de dezembro de 2025\u00a0 Naming Rights Pal\u00e1cio da M\u00fasica Belkiss Spenzi\u00e9ri AVISO DE CONSULTA E AUDI\u00caNCIA P\u00daBLICA O GOVERNO DO ESTADO DE GOI\u00c1S, por interm\u00e9dio da SECRETARIA DE ESTADO DA RETOMADA, em conjunto com a COMPANHIA DE INVESTIMENTOS E PARCERIAS DO ESTADO DE GOI\u00c1S \u2013 [&hellip;]<\/p>\n","protected":false},"author":319,"featured_media":0,"parent":0,"menu_order":0,"comment_status":"closed","ping_status":"closed","template":"","meta":{"footnotes":""},"class_list":["post-36209","page","type-page","status-publish","hentry"],"rttpg_featured_image_url":null,"rttpg_author":{"display_name":"fransergiooliveira","author_link":"https:\/\/goias.gov.br\/retomada\/author\/fransergiooliveira\/"},"rttpg_comment":0,"rttpg_category":null,"rttpg_excerpt":"\u00a0Publicado em\u00a024 de junho de 2025 \u00a0\u00daltima Atualiza\u00e7\u00e3o em 9 de dezembro de 2025\u00a0 Naming Rights Pal\u00e1cio da M\u00fasica Belkiss Spenzi\u00e9ri AVISO DE CONSULTA E AUDI\u00caNCIA P\u00daBLICA O GOVERNO DO ESTADO DE GOI\u00c1S, por interm\u00e9dio da SECRETARIA DE ESTADO DA RETOMADA, em conjunto com a COMPANHIA DE INVESTIMENTOS E PARCERIAS DO ESTADO DE GOI\u00c1S \u2013&hellip;","_links":{"self":[{"href":"https:\/\/goias.gov.br\/retomada\/wp-json\/wp\/v2\/pages\/36209","targetHints":{"allow":["GET"]}}],"collection":[{"href":"https:\/\/goias.gov.br\/retomada\/wp-json\/wp\/v2\/pages"}],"about":[{"href":"https:\/\/goias.gov.br\/retomada\/wp-json\/wp\/v2\/types\/page"}],"author":[{"embeddable":true,"href":"https:\/\/goias.gov.br\/retomada\/wp-json\/wp\/v2\/users\/319"}],"replies":[{"embeddable":true,"href":"https:\/\/goias.gov.br\/retomada\/wp-json\/wp\/v2\/comments?post=36209"}],"version-history":[{"count":2,"href":"https:\/\/goias.gov.br\/retomada\/wp-json\/wp\/v2\/pages\/36209\/revisions"}],"predecessor-version":[{"id":62777,"href":"https:\/\/goias.gov.br\/retomada\/wp-json\/wp\/v2\/pages\/36209\/revisions\/62777"}],"wp:attachment":[{"href":"https:\/\/goias.gov.br\/retomada\/wp-json\/wp\/v2\/media?parent=36209"}],"curies":[{"name":"wp","href":"https:\/\/api.w.org\/{rel}","templated":true}]}}