

{"id":36149,"date":"2025-06-24T15:21:18","date_gmt":"2025-06-24T18:21:18","guid":{"rendered":"https:\/\/goias.gov.br\/retomada\/?page_id=36149"},"modified":"2025-12-09T09:36:23","modified_gmt":"2025-12-09T12:36:23","slug":"contratos-emergenciais","status":"publish","type":"page","link":"https:\/\/goias.gov.br\/retomada\/contratos-emergenciais\/","title":{"rendered":"Contratos Emergenciais"},"content":{"rendered":"<div class=\"meta-date\"><i class=\"far fa-clock\" aria-hidden=\"true\"><\/i>\u00a0<span class=\"meta-prefix\">Publicado em\u00a0<\/span><a class=\"meta-date-link\" title=\"Contratos Emergenciais\" href=\"https:\/\/goias.gov.br\/retomada\/contratos-emergenciais\/\"><span class=\"date\">24 de junho de 2025<\/span><\/a><\/div>\n<div class=\"meta-date\">\u00a0<span class=\"meta-prefix\">\u00daltima Atualiza\u00e7\u00e3o em <\/span><a class=\"meta-date-link\" title=\"Contratos Emergenciais\" href=\"https:\/\/goias.gov.br\/retomada\/contratos-emergenciais\/\">9 de dezembro de 2025<\/a><\/div>\n\n\n<p>Com base no princ\u00edpio da transpar\u00eancia p\u00fablica e em conformidade&nbsp;Art. 7\u00ba, VI, 8\u00ba, \u00a71\u00ba, IV, da Lei Federal n\u00b0 12.527\/2011, arts. 72 e 91 da Lei federal n.\u00ba 14.133\/2021, e Art. 6\u00ba, \u00a7 1\u00ba, V da Lei Estadual n\u00b0 18.025\/2013, a Secretaria de Estado da Retomada declara que,&nbsp;nos \u00faltimos (5) cinco anos, e at\u00e9 a presente data, n\u00e3o possuiu contratos realizados na modalidade de contrata\u00e7\u00e3o emergencial.<\/p>\n\n\n\n<p><\/p>\n","protected":false},"excerpt":{"rendered":"<p>\u00a0Publicado em\u00a024 de junho de 2025 \u00a0\u00daltima Atualiza\u00e7\u00e3o em 9 de dezembro de 2025 Com base no princ\u00edpio da transpar\u00eancia p\u00fablica e em conformidade&nbsp;Art. 7\u00ba, VI, 8\u00ba, \u00a71\u00ba, IV, da Lei Federal n\u00b0 12.527\/2011, arts. 72 e 91 da Lei federal n.\u00ba 14.133\/2021, e Art. 6\u00ba, \u00a7 1\u00ba, V da Lei Estadual n\u00b0 18.025\/2013, a [&hellip;]<\/p>\n","protected":false},"author":319,"featured_media":0,"parent":0,"menu_order":0,"comment_status":"closed","ping_status":"closed","template":"","meta":{"footnotes":""},"class_list":["post-36149","page","type-page","status-publish","hentry"],"rttpg_featured_image_url":null,"rttpg_author":{"display_name":"fransergiooliveira","author_link":"https:\/\/goias.gov.br\/retomada\/author\/fransergiooliveira\/"},"rttpg_comment":0,"rttpg_category":null,"rttpg_excerpt":"\u00a0Publicado em\u00a024 de junho de 2025 \u00a0\u00daltima Atualiza\u00e7\u00e3o em 9 de dezembro de 2025 Com base no princ\u00edpio da transpar\u00eancia p\u00fablica e em conformidade&nbsp;Art. 7\u00ba, VI, 8\u00ba, \u00a71\u00ba, IV, da Lei Federal n\u00b0 12.527\/2011, arts. 72 e 91 da Lei federal n.\u00ba 14.133\/2021, e Art. 6\u00ba, \u00a7 1\u00ba, V da Lei Estadual n\u00b0 18.025\/2013, a&hellip;","_links":{"self":[{"href":"https:\/\/goias.gov.br\/retomada\/wp-json\/wp\/v2\/pages\/36149","targetHints":{"allow":["GET"]}}],"collection":[{"href":"https:\/\/goias.gov.br\/retomada\/wp-json\/wp\/v2\/pages"}],"about":[{"href":"https:\/\/goias.gov.br\/retomada\/wp-json\/wp\/v2\/types\/page"}],"author":[{"embeddable":true,"href":"https:\/\/goias.gov.br\/retomada\/wp-json\/wp\/v2\/users\/319"}],"replies":[{"embeddable":true,"href":"https:\/\/goias.gov.br\/retomada\/wp-json\/wp\/v2\/comments?post=36149"}],"version-history":[{"count":2,"href":"https:\/\/goias.gov.br\/retomada\/wp-json\/wp\/v2\/pages\/36149\/revisions"}],"predecessor-version":[{"id":62668,"href":"https:\/\/goias.gov.br\/retomada\/wp-json\/wp\/v2\/pages\/36149\/revisions\/62668"}],"wp:attachment":[{"href":"https:\/\/goias.gov.br\/retomada\/wp-json\/wp\/v2\/media?parent=36149"}],"curies":[{"name":"wp","href":"https:\/\/api.w.org\/{rel}","templated":true}]}}