

{"id":36088,"date":"2025-06-24T14:59:45","date_gmt":"2025-06-24T17:59:45","guid":{"rendered":"https:\/\/goias.gov.br\/retomada\/?page_id=36088"},"modified":"2025-12-09T09:37:18","modified_gmt":"2025-12-09T12:37:18","slug":"obras-audiencias-consultas-publicas","status":"publish","type":"page","link":"https:\/\/goias.gov.br\/retomada\/obras-audiencias-consultas-publicas\/","title":{"rendered":"Obras &#8211; Audi\u00eancias\/Consultas P\u00fablicas"},"content":{"rendered":"<div class=\"meta-date\"><i class=\"far fa-clock\" aria-hidden=\"true\"><\/i>\u00a0<span class=\"meta-prefix\">Publicado em\u00a0<\/span><a class=\"meta-date-link\" title=\"Obras - Audi\u00eancias\/Consultas P\u00fablicas\" href=\"https:\/\/goias.gov.br\/retomada\/obras-audiencias-consultas-publicas\/\"><span class=\"date\">24 de junho de 2025<\/span><\/a><\/div>\n<div class=\"meta-date\">\u00a0<span class=\"meta-prefix\">\u00daltima Atualiza\u00e7\u00e3o em <\/span><a class=\"meta-date-link\" title=\"Obras - Audi\u00eancias\/Consultas P\u00fablicas\" href=\"https:\/\/goias.gov.br\/retomada\/obras-audiencias-consultas-publicas\/\">9 de dezembro de 2025<\/a><\/div>\n\n\n<p>Com base no princ\u00edpio da transpar\u00eancia p\u00fablica e conforme o Art. 21 da Lei Federal n\u00b0 14.133\/2021 e Art. 8\u00b0, \u00a71\u00b0, IV da Lei n\u00b0 12.527\/2021, a Secretaria de Estado da Retomada declara que, no ano de 2025 at\u00e9 a presente data, n\u00e3o realizou audi\u00eancias ou consultas p\u00fablicas para discuss\u00e3o de edital de licita\u00e7\u00e3o de contrata\u00e7\u00e3o de obras p\u00fablicas estaduais.<\/p>\n\n\n\n<p><\/p>\n","protected":false},"excerpt":{"rendered":"<p>\u00a0Publicado em\u00a024 de junho de 2025 \u00a0\u00daltima Atualiza\u00e7\u00e3o em 9 de dezembro de 2025 Com base no princ\u00edpio da transpar\u00eancia p\u00fablica e conforme o Art. 21 da Lei Federal n\u00b0 14.133\/2021 e Art. 8\u00b0, \u00a71\u00b0, IV da Lei n\u00b0 12.527\/2021, a Secretaria de Estado da Retomada declara que, no ano de 2025 at\u00e9 a presente [&hellip;]<\/p>\n","protected":false},"author":319,"featured_media":0,"parent":0,"menu_order":0,"comment_status":"closed","ping_status":"closed","template":"","meta":{"footnotes":""},"class_list":["post-36088","page","type-page","status-publish","hentry"],"rttpg_featured_image_url":null,"rttpg_author":{"display_name":"fransergiooliveira","author_link":"https:\/\/goias.gov.br\/retomada\/author\/fransergiooliveira\/"},"rttpg_comment":0,"rttpg_category":null,"rttpg_excerpt":"\u00a0Publicado em\u00a024 de junho de 2025 \u00a0\u00daltima Atualiza\u00e7\u00e3o em 9 de dezembro de 2025 Com base no princ\u00edpio da transpar\u00eancia p\u00fablica e conforme o Art. 21 da Lei Federal n\u00b0 14.133\/2021 e Art. 8\u00b0, \u00a71\u00b0, IV da Lei n\u00b0 12.527\/2021, a Secretaria de Estado da Retomada declara que, no ano de 2025 at\u00e9 a presente&hellip;","_links":{"self":[{"href":"https:\/\/goias.gov.br\/retomada\/wp-json\/wp\/v2\/pages\/36088","targetHints":{"allow":["GET"]}}],"collection":[{"href":"https:\/\/goias.gov.br\/retomada\/wp-json\/wp\/v2\/pages"}],"about":[{"href":"https:\/\/goias.gov.br\/retomada\/wp-json\/wp\/v2\/types\/page"}],"author":[{"embeddable":true,"href":"https:\/\/goias.gov.br\/retomada\/wp-json\/wp\/v2\/users\/319"}],"replies":[{"embeddable":true,"href":"https:\/\/goias.gov.br\/retomada\/wp-json\/wp\/v2\/comments?post=36088"}],"version-history":[{"count":2,"href":"https:\/\/goias.gov.br\/retomada\/wp-json\/wp\/v2\/pages\/36088\/revisions"}],"predecessor-version":[{"id":62677,"href":"https:\/\/goias.gov.br\/retomada\/wp-json\/wp\/v2\/pages\/36088\/revisions\/62677"}],"wp:attachment":[{"href":"https:\/\/goias.gov.br\/retomada\/wp-json\/wp\/v2\/media?parent=36088"}],"curies":[{"name":"wp","href":"https:\/\/api.w.org\/{rel}","templated":true}]}}