

{"id":36063,"date":"2025-06-24T14:55:00","date_gmt":"2025-06-24T17:55:00","guid":{"rendered":"https:\/\/goias.gov.br\/retomada\/?page_id=36063"},"modified":"2025-12-09T08:41:29","modified_gmt":"2025-12-09T11:41:29","slug":"doacoes","status":"publish","type":"page","link":"https:\/\/goias.gov.br\/retomada\/doacoes\/","title":{"rendered":"Doa\u00e7\u00f5es"},"content":{"rendered":"<div class=\"meta-date\"><i class=\"far fa-clock\" aria-hidden=\"true\"><\/i>\u00a0<span class=\"meta-prefix\">Publicado em\u00a0<\/span><a class=\"meta-date-link\" title=\"Doa\u00e7\u00f5es\" href=\"https:\/\/goias.gov.br\/retomada\/acesso-a-informacao\/\"><span class=\"date\">24 de junho de 2025<\/span><\/a><\/div>\n<div class=\"meta-date\">\u00a0<span class=\"meta-prefix\">\u00daltima Atualiza\u00e7\u00e3o em <\/span><a class=\"meta-date-link\" title=\"Doa\u00e7\u00f5es\" href=\"https:\/\/goias.gov.br\/retomada\/acesso-a-informacao\/\">9 de dezembro de 2025<\/a><\/div>\n\n\n<p>Com base no princ\u00edpio da transpar\u00eancia p\u00fablica e conforme o Art. 7\u00b0, inciso VII, al\u00ednea \u201ca\u201d e art. 8\u00b0, \u00a71\u00b0, inciso V e \u00a73\u00b0, da Lei Federal n\u00b0 12.527\/2011 e Decreto estadual n\u00b0 9.485\/2019), a Secretaria de Estado da Retomada declara que,<strong>&nbsp;nos \u00faltimos (5) cinco anos e at\u00e9 a presente data, n\u00e3o recebeu<\/strong> doa\u00e7\u00f5es&nbsp;em dinheiro, bens im\u00f3veis ou m\u00f3veis e\/ou comodatos recebidos (empr\u00e9stimos sem custo ou doa\u00e7\u00e3o de servi\u00e7o) de nenhum \u00f3rg\u00e3o ou entidade.<\/p>\n\n\n\n<p><\/p>\n","protected":false},"excerpt":{"rendered":"<p>\u00a0Publicado em\u00a024 de junho de 2025 \u00a0\u00daltima Atualiza\u00e7\u00e3o em 9 de dezembro de 2025 Com base no princ\u00edpio da transpar\u00eancia p\u00fablica e conforme o Art. 7\u00b0, inciso VII, al\u00ednea \u201ca\u201d e art. 8\u00b0, \u00a71\u00b0, inciso V e \u00a73\u00b0, da Lei Federal n\u00b0 12.527\/2011 e Decreto estadual n\u00b0 9.485\/2019), a Secretaria de Estado da Retomada declara [&hellip;]<\/p>\n","protected":false},"author":319,"featured_media":0,"parent":0,"menu_order":0,"comment_status":"closed","ping_status":"closed","template":"","meta":{"footnotes":""},"class_list":["post-36063","page","type-page","status-publish","hentry"],"rttpg_featured_image_url":null,"rttpg_author":{"display_name":"fransergiooliveira","author_link":"https:\/\/goias.gov.br\/retomada\/author\/fransergiooliveira\/"},"rttpg_comment":0,"rttpg_category":null,"rttpg_excerpt":"\u00a0Publicado em\u00a024 de junho de 2025 \u00a0\u00daltima Atualiza\u00e7\u00e3o em 9 de dezembro de 2025 Com base no princ\u00edpio da transpar\u00eancia p\u00fablica e conforme o Art. 7\u00b0, inciso VII, al\u00ednea \u201ca\u201d e art. 8\u00b0, \u00a71\u00b0, inciso V e \u00a73\u00b0, da Lei Federal n\u00b0 12.527\/2011 e Decreto estadual n\u00b0 9.485\/2019), a Secretaria de Estado da Retomada declara&hellip;","_links":{"self":[{"href":"https:\/\/goias.gov.br\/retomada\/wp-json\/wp\/v2\/pages\/36063","targetHints":{"allow":["GET"]}}],"collection":[{"href":"https:\/\/goias.gov.br\/retomada\/wp-json\/wp\/v2\/pages"}],"about":[{"href":"https:\/\/goias.gov.br\/retomada\/wp-json\/wp\/v2\/types\/page"}],"author":[{"embeddable":true,"href":"https:\/\/goias.gov.br\/retomada\/wp-json\/wp\/v2\/users\/319"}],"replies":[{"embeddable":true,"href":"https:\/\/goias.gov.br\/retomada\/wp-json\/wp\/v2\/comments?post=36063"}],"version-history":[{"count":2,"href":"https:\/\/goias.gov.br\/retomada\/wp-json\/wp\/v2\/pages\/36063\/revisions"}],"predecessor-version":[{"id":62573,"href":"https:\/\/goias.gov.br\/retomada\/wp-json\/wp\/v2\/pages\/36063\/revisions\/62573"}],"wp:attachment":[{"href":"https:\/\/goias.gov.br\/retomada\/wp-json\/wp\/v2\/media?parent=36063"}],"curies":[{"name":"wp","href":"https:\/\/api.w.org\/{rel}","templated":true}]}}