

{"id":34321,"date":"2025-06-04T17:05:11","date_gmt":"2025-06-04T20:05:11","guid":{"rendered":"https:\/\/goias.gov.br\/retomada\/?page_id=34321"},"modified":"2025-12-09T12:47:45","modified_gmt":"2025-12-09T15:47:45","slug":"relatorios-de-gestao-de-ouvidoria","status":"publish","type":"page","link":"https:\/\/goias.gov.br\/retomada\/relatorios-de-gestao-de-ouvidoria\/","title":{"rendered":"RELAT\u00d3RIOS DE GEST\u00c3O DE OUVIDORIA"},"content":{"rendered":"<div class=\"meta-date\"><i class=\"far fa-clock\" aria-hidden=\"true\"><\/i>\u00a0<span class=\"meta-prefix\">Publicado em\u00a0<\/span><a class=\"meta-date-link\" title=\"RELAT\u00d3RIOS DE GEST\u00c3O DE OUVIDORIA\" href=\"https:\/\/goias.gov.br\/retomada\/relatorios-de-gestao-de-ouvidoria\/\"><span class=\"date\">4 de junho de 2025<\/span><\/a><\/div>\n<div class=\"meta-date\">\u00a0<span class=\"meta-prefix\">\u00daltima Atualiza\u00e7\u00e3o em <\/span><a class=\"meta-date-link\" title=\"RELAT\u00d3RIOS DE GEST\u00c3O DE OUVIDORIA\" href=\"https:\/\/goias.gov.br\/retomada\/relatorios-de-gestao-de-ouvidoria\/\">9 de dezembro de 2025<\/a><\/div>\n\n\n<h4 class=\"wp-block-heading\">Relat\u00f3rios:<\/h4>\n\n\n\n<ul class=\"wp-block-list\">\n<li><a href=\"https:\/\/goias.gov.br\/retomada\/wp-content\/uploads\/sites\/22\/2024\/10\/Relatorio-ouvidoria-2021.pdf\" target=\"_blank\" rel=\"noreferrer noopener\">2021<\/a><\/li>\n\n\n\n<li><a href=\"https:\/\/goias.gov.br\/retomada\/wp-content\/uploads\/sites\/22\/2024\/10\/Relatorio-Ouvidoria-2022.pdf\" target=\"_blank\" rel=\"noreferrer noopener\">2022<\/a><\/li>\n\n\n\n<li><a href=\"https:\/\/goias.gov.br\/retomada\/wp-content\/uploads\/sites\/22\/2024\/10\/Relatorio-de-gestao-ouvidoria-2023.pdf\" target=\"_blank\" rel=\"noreferrer noopener\">2023<\/a><\/li>\n\n\n\n<li><a href=\"https:\/\/goias.gov.br\/retomada\/wp-content\/uploads\/sites\/22\/2025\/03\/Relatorio-ouvidoria-2024.pdf\" target=\"_blank\" rel=\"noreferrer noopener\">2024<\/a><\/li>\n\n\n\n<li>2025<\/li>\n<\/ul>\n","protected":false},"excerpt":{"rendered":"<p>\u00a0Publicado em\u00a04 de junho de 2025 \u00a0\u00daltima Atualiza\u00e7\u00e3o em 9 de dezembro de 2025 Relat\u00f3rios:<\/p>\n","protected":false},"author":319,"featured_media":0,"parent":0,"menu_order":0,"comment_status":"closed","ping_status":"closed","template":"","meta":{"footnotes":""},"class_list":["post-34321","page","type-page","status-publish","hentry"],"rttpg_featured_image_url":null,"rttpg_author":{"display_name":"fransergiooliveira","author_link":"https:\/\/goias.gov.br\/retomada\/author\/fransergiooliveira\/"},"rttpg_comment":0,"rttpg_category":null,"rttpg_excerpt":"\u00a0Publicado em\u00a04 de junho de 2025 \u00a0\u00daltima Atualiza\u00e7\u00e3o em 9 de dezembro de 2025 Relat\u00f3rios:","_links":{"self":[{"href":"https:\/\/goias.gov.br\/retomada\/wp-json\/wp\/v2\/pages\/34321","targetHints":{"allow":["GET"]}}],"collection":[{"href":"https:\/\/goias.gov.br\/retomada\/wp-json\/wp\/v2\/pages"}],"about":[{"href":"https:\/\/goias.gov.br\/retomada\/wp-json\/wp\/v2\/types\/page"}],"author":[{"embeddable":true,"href":"https:\/\/goias.gov.br\/retomada\/wp-json\/wp\/v2\/users\/319"}],"replies":[{"embeddable":true,"href":"https:\/\/goias.gov.br\/retomada\/wp-json\/wp\/v2\/comments?post=34321"}],"version-history":[{"count":2,"href":"https:\/\/goias.gov.br\/retomada\/wp-json\/wp\/v2\/pages\/34321\/revisions"}],"predecessor-version":[{"id":62771,"href":"https:\/\/goias.gov.br\/retomada\/wp-json\/wp\/v2\/pages\/34321\/revisions\/62771"}],"wp:attachment":[{"href":"https:\/\/goias.gov.br\/retomada\/wp-json\/wp\/v2\/media?parent=34321"}],"curies":[{"name":"wp","href":"https:\/\/api.w.org\/{rel}","templated":true}]}}