

{"id":31268,"date":"2025-05-27T14:59:09","date_gmt":"2025-05-27T17:59:09","guid":{"rendered":"https:\/\/goias.gov.br\/retomada\/?page_id=31268"},"modified":"2025-05-27T14:59:09","modified_gmt":"2025-05-27T17:59:09","slug":"02-2025","status":"publish","type":"page","link":"https:\/\/goias.gov.br\/retomada\/editais\/02-2025\/","title":{"rendered":"Edital de Chamamento P\u00fablico N\u00ba 02\/2025"},"content":{"rendered":"<p><strong>Objeto<\/strong>:\u00a0Governo de Goi\u00e1s abre oportunidade para artes\u00e3os goianos participarem de feiras nacionais. Interessados t\u00eam at\u00e9 26 de mar\u00e7o para apresentarem documentos e efetivarem suas inscri\u00e7\u00f5es. Lista definitiva de selecionados sai em 16 de abril. Entre os eventos confirmados est\u00e3o o 19\u00ba Sal\u00e3o do Artesanato de S\u00e3o Paulo, que ocorrer\u00e1 entre os dias 21 e 25 de maio de 2025, no Pavilh\u00e3o da Bienal do Ibirapuera, e a 25\u00aa Feira Nacional de Neg\u00f3cios do Artesanato (Fenearte), que ser\u00e1 realizada de 9 a 20 de julho de 2025, no Centro de Conven\u00e7\u00f5es de Pernambuco, em Olinda (PE). Os artes\u00e3os selecionados ter\u00e3o a oportunidade de expor seus trabalhos em espa\u00e7os coletivos organizados pelo Governo Estadual. Os documentos podem ser entregues presencialmente, em envelope lacrado na Secretaria da Retomada, localizada no Pal\u00e1cio Pedro Ludovico Texeira, \u00e0 Rua 82, n\u00ba 400, 2\u00ba andar, Setor Central, Goi\u00e2nia (GO) \u2013 CEP: 74.015-908; de segunda a sexta, das 8h \u00e0s 12h e das 14h \u00e0s 18h; ou por e-mail, para o endere\u00e7o artesanato.sretomada@goias.gov.br, das 00h00 de 24\/2\/2025 at\u00e9 as 00h59 de 26\/2\/2025.<\/p>\n<p><strong>Processo<\/strong>: 202519222000465<\/p>\n<ul class=\"wp-block-list\">\n<li>Aviso de Chamamento P\u00fablico<\/li>\n<li>Edital de Chamamento<\/li>\n<li><a href=\"https:\/\/goias.gov.br\/retomada\/wp-content\/uploads\/sites\/22\/2025\/03\/SEI_GOVERNADORIA-71088393-Termo-de-Referencia.pdf\">Termo de Refer\u00eancia<\/a><\/li>\n<li><a href=\"https:\/\/goias.gov.br\/retomada\/wp-content\/uploads\/sites\/22\/2025\/02\/SEI_GOVERNADORIA-71125790-Retificacao.pdf\">Edital de Chamamento P\u00fablico<\/a><\/li>\n<li><a href=\"https:\/\/goias.gov.br\/retomada\/wp-content\/uploads\/sites\/22\/2025\/03\/SEI_GOVERNADORIA-71125790-Retificacao.pdf\">Retifica\u00e7\u00e3o de Edital<\/a><\/li>\n<li><a href=\"https:\/\/goias.gov.br\/retomada\/wp-content\/uploads\/sites\/22\/2025\/03\/SEI_GOVERNADORIA-71125886-Retificacao.pdf\">Retifica\u00e7\u00e3o de Aviso<\/a><\/li>\n<li><a href=\"https:\/\/goias.gov.br\/retomada\/wp-content\/uploads\/sites\/22\/2025\/03\/SEI_GOVERNADORIA-71446962-Retificacao-2.pdf\">Retifica\u00e7\u00e3o de Edital \u2013 2\u00ba Retifica\u00e7\u00e3o<\/a><\/li>\n<li><a href=\"https:\/\/goias.gov.br\/retomada\/wp-content\/uploads\/sites\/22\/2025\/02\/ANEXO-I-CHAMAMENTO-NACIONAL.pdf\">Anexo I<\/a><\/li>\n<li><a href=\"https:\/\/goias.gov.br\/retomada\/wp-content\/uploads\/sites\/22\/2025\/02\/ANEXO-II-CHAMAMENTO-NACIONAL.pdf\">Anexo II<\/a><\/li>\n<li><a href=\"https:\/\/goias.gov.br\/retomada\/wp-content\/uploads\/sites\/22\/2025\/02\/ANEXO-III-CHAMAMENTO-NACIONAL-.pdf\">Anexo III<\/a><\/li>\n<li><a href=\"https:\/\/goias.gov.br\/retomada\/wp-content\/uploads\/sites\/22\/2025\/02\/ANEXO-IV-CHAMAMENTO-NACIONAL.pdf\">Anexo IV<\/a><\/li>\n<li><a href=\"https:\/\/goias.gov.br\/retomada\/wp-content\/uploads\/sites\/22\/2025\/02\/ANEXO-V-CHAMAMENTO-NACIONAL.pdf\">Anexo V<\/a><\/li>\n<li><a href=\"https:\/\/goias.gov.br\/retomada\/wp-content\/uploads\/sites\/22\/2025\/02\/ANEXO-VI-CHAMAMENTO-NACIONAL.pdf\">Anexo VI<\/a><\/li>\n<li><a href=\"https:\/\/goias.gov.br\/retomada\/wp-content\/uploads\/sites\/22\/2025\/02\/ANEXO-VII-CHAMAMENTO-NACIONAL.pdf\">Anexo VII<\/a><\/li>\n<li><a href=\"https:\/\/goias.gov.br\/retomada\/wp-content\/uploads\/sites\/22\/2025\/02\/ANEXO-VIII-CHAMAMENTO-NACIONAL.pdf\">Anexo VIII<\/a><\/li>\n<li><a href=\"https:\/\/goias.gov.br\/retomada\/wp-content\/uploads\/sites\/22\/2025\/02\/ANEXO-IX-CHAMAMENTO-NACIONAL.pdf\">Anexo IX<\/a><\/li>\n<li><a href=\"https:\/\/goias.gov.br\/retomada\/wp-content\/uploads\/sites\/22\/2025\/02\/ANEXO-X-CHAMAMENTO-NACIONAL.pdf\">Anexo X<\/a><\/li>\n<\/ul>\n","protected":false},"excerpt":{"rendered":"<p>Objeto:\u00a0Governo de Goi\u00e1s abre oportunidade para artes\u00e3os goianos participarem de feiras nacionais. Interessados t\u00eam at\u00e9 26 de mar\u00e7o para apresentarem documentos e efetivarem suas inscri\u00e7\u00f5es. Lista definitiva de selecionados sai em 16 de abril. Entre os eventos confirmados est\u00e3o o 19\u00ba Sal\u00e3o do Artesanato de S\u00e3o Paulo, que ocorrer\u00e1 entre os dias 21 e 25 [&hellip;]<\/p>\n","protected":false},"author":62,"featured_media":0,"parent":31012,"menu_order":0,"comment_status":"closed","ping_status":"closed","template":"","meta":{"footnotes":""},"class_list":["post-31268","page","type-page","status-publish","hentry"],"rttpg_featured_image_url":null,"rttpg_author":{"display_name":"italoreis","author_link":"https:\/\/goias.gov.br\/retomada\/author\/italoreis\/"},"rttpg_comment":0,"rttpg_category":null,"rttpg_excerpt":"Objeto:\u00a0Governo de Goi\u00e1s abre oportunidade para artes\u00e3os goianos participarem de feiras nacionais. Interessados t\u00eam at\u00e9 26 de mar\u00e7o para apresentarem documentos e efetivarem suas inscri\u00e7\u00f5es. Lista definitiva de selecionados sai em 16 de abril. Entre os eventos confirmados est\u00e3o o 19\u00ba Sal\u00e3o do Artesanato de S\u00e3o Paulo, que ocorrer\u00e1 entre os dias 21 e 25&hellip;","_links":{"self":[{"href":"https:\/\/goias.gov.br\/retomada\/wp-json\/wp\/v2\/pages\/31268","targetHints":{"allow":["GET"]}}],"collection":[{"href":"https:\/\/goias.gov.br\/retomada\/wp-json\/wp\/v2\/pages"}],"about":[{"href":"https:\/\/goias.gov.br\/retomada\/wp-json\/wp\/v2\/types\/page"}],"author":[{"embeddable":true,"href":"https:\/\/goias.gov.br\/retomada\/wp-json\/wp\/v2\/users\/62"}],"replies":[{"embeddable":true,"href":"https:\/\/goias.gov.br\/retomada\/wp-json\/wp\/v2\/comments?post=31268"}],"version-history":[{"count":1,"href":"https:\/\/goias.gov.br\/retomada\/wp-json\/wp\/v2\/pages\/31268\/revisions"}],"predecessor-version":[{"id":31278,"href":"https:\/\/goias.gov.br\/retomada\/wp-json\/wp\/v2\/pages\/31268\/revisions\/31278"}],"up":[{"embeddable":true,"href":"https:\/\/goias.gov.br\/retomada\/wp-json\/wp\/v2\/pages\/31012"}],"wp:attachment":[{"href":"https:\/\/goias.gov.br\/retomada\/wp-json\/wp\/v2\/media?parent=31268"}],"curies":[{"name":"wp","href":"https:\/\/api.w.org\/{rel}","templated":true}]}}