

{"id":31265,"date":"2025-05-27T14:59:23","date_gmt":"2025-05-27T17:59:23","guid":{"rendered":"https:\/\/goias.gov.br\/retomada\/?page_id=31265"},"modified":"2025-05-27T14:59:23","modified_gmt":"2025-05-27T17:59:23","slug":"06-2025","status":"publish","type":"page","link":"https:\/\/goias.gov.br\/retomada\/06-2025\/","title":{"rendered":"Edital de Chamamento P\u00fablico N\u00b006\/2025"},"content":{"rendered":"\n<p><strong>Objeto:\u00a0<\/strong>O\u00a0<strong>ESTADO DE GOI\u00c1S<\/strong>, por interveni\u00eancia da\u00a0<strong>SECRETARIA DE ESTADO DA RETOMADA<\/strong>, torna p\u00fablico, por meio de publica\u00e7\u00f5es realizadas no Di\u00e1rio Oficial do Estado de Goi\u00e1s e em via eletr\u00f4nica, para conhecimento dos interessados, que estar\u00e1 aberto o Instrumento de\u00a0<strong>CHAMAMENTO P\u00daBLICO N.\u00ba 06\/2025<\/strong>\u00a0e seus anexos,\u00a0objetivando a capta\u00e7\u00e3o de recursos financeiros, por meio do sistema de COTAS DE PATROC\u00cdNIO, de pessoas jur\u00eddicas de direito p\u00fablico ou privado, em troca da explora\u00e7\u00e3o comercial de bebidas em toda \u00e1rea do evento; explora\u00e7\u00e3o de camarote na \u00e1rea do evento; e ativa\u00e7\u00e3o de marcas, na forma de divulga\u00e7\u00e3o de marca e logomarca do patrocinador nas depend\u00eancias do evento, bem como em ve\u00edculos de comunica\u00e7\u00e3o, conforme especifica\u00e7\u00f5es descritas em cada cotas, para a realiza\u00e7\u00e3o do \u201cARRAI\u00c1 DO BEM 2025\u201d, que acontecer\u00e1 entre os dias 06 a 08 de junho de 2025, em conformidade com a Lei Federal n\u00ba 14.133 de 01 de abril de 2021, Lei Estadual n\u00ba 23.052 de 04 de novembro de 2024, e demais normas legais atinentes \u00e0 esp\u00e9cie.\u00a0A retirada do Edital e de seus Anexos, bem como todos os atos, convoca\u00e7\u00f5es e resultados\/julgamentos, poder\u00e1 ser feita na Secretaria de Estado da Retomada \u2013 RETOMADA, localizada na Av. 85, 22 \u2013 St. Sul, Goi\u00e2nia \u2013 GO, 74080-010 (Pra\u00e7a Pedro Ludovico Teixeira), Fone: (62) 3201-5205, ou ainda pelo endere\u00e7o eletr\u00f4nico: www.retomada.go.gov.br.\u00a0\u00a0<\/p>\n<p>A sess\u00e3o ter\u00e1\u00a0abertura marcada para\u00a0abertura dos envelopes e lances\u00a0\u00e0s 09h do dia 16\/05\/2025, na Seda da Secretaria de Estado da Retomada, situada \u00e0 Avenida\u00a085, 22 \u2013 St. Sul, Goi\u00e2nia\u2013GO, (Pra\u00e7a Pedro Ludovico Teixeira).<\/p>\n\n\n\n<p><strong>Processo:<\/strong> 202519222000601<\/p>\n\n\n\n<ul class=\"wp-block-list\">\n<li><a href=\"https:\/\/goias.gov.br\/retomada\/wp-content\/uploads\/sites\/22\/2025\/04\/SEI_GOVERNADORIA-73367474-Aviso-de-Chamamento-Publico.pdf\">Aviso de Chamamento P\u00fablico<\/a><\/li>\n\n\n\n<li><a href=\"https:\/\/goias.gov.br\/retomada\/wp-content\/uploads\/sites\/22\/2025\/04\/SEI_GOVERNADORIA-73367639-Edital.pdf\">Edital<\/a><\/li>\n\n\n\n<li><a href=\"https:\/\/goias.gov.br\/retomada\/wp-content\/uploads\/sites\/22\/2025\/04\/SEI_GOVERNADORIA-73352545-Termo-de-Referencia.pdf\">ANEXO I \u2013 Termo de Refer\u00eancia<\/a><\/li>\n\n\n\n<li><a href=\"https:\/\/goias.gov.br\/retomada\/wp-content\/uploads\/sites\/22\/2025\/04\/anexo_modelo_proposta.docx\">ANEXO II \u2013 Modelo de Proposta<\/a><\/li>\n\n\n\n<li><a href=\"https:\/\/goias.gov.br\/retomada\/wp-content\/uploads\/sites\/22\/2025\/04\/modelo_declaracao-5.docx\">ANEXO III \u2013 Modelo de Declara\u00e7\u00e3o<\/a><\/li>\n\n\n\n<li><a href=\"https:\/\/goias.gov.br\/retomada\/wp-content\/uploads\/sites\/22\/2025\/04\/modelo_declaracao.docx\">ANEXO IV \u2013 Modelo de Declara\u00e7\u00e3o<\/a><\/li>\n\n\n\n<li><a href=\"https:\/\/goias.gov.br\/retomada\/wp-content\/uploads\/sites\/22\/2025\/04\/SEI_GOVERNADORIA-73367597-Minuta-de-Contrato.pdf\">ANEXO V- Minuta de Contrato<\/a><\/li>\n\n\n\n<li><a href=\"https:\/\/goias.gov.br\/retomada\/wp-content\/uploads\/sites\/22\/2025\/04\/Portaria_84.2025.pdf\">Portaria da Comiss\u00e3o de Sele\u00e7\u00e3o<\/a><\/li>\n\n\n\n<li><a href=\"https:\/\/goias.gov.br\/retomada\/wp-content\/uploads\/sites\/22\/2025\/05\/SEI-202519222000601-retificacao-de-edital.pdf\">Retifica\u00e7\u00e3o de Edital<\/a><\/li>\n\n\n\n<li><a href=\"https:\/\/goias.gov.br\/retomada\/wp-content\/uploads\/sites\/22\/2025\/05\/SEI-202519222000601.pdf\">Retifica\u00e7\u00e3o do Aviso de Chamamento<\/a><\/li>\n\n\n\n<li><a href=\"https:\/\/goias.gov.br\/retomada\/wp-content\/uploads\/sites\/22\/2025\/05\/diario_oficial_2025_05_06_pag_58___59.pdf\">Publica\u00e7\u00e3o de Retifica\u00e7\u00e3o<\/a><\/li>\n\n\n\n<li><a href=\"https:\/\/goias.gov.br\/retomada\/wp-content\/uploads\/sites\/22\/2025\/05\/2025_05_13_Ambev_Goias_SJ_2025_Pedido_de_esclarecimentos_assinado.pdf\">Pedido de esclarecimento<\/a><\/li>\n\n\n\n<li><a href=\"https:\/\/goias.gov.br\/retomada\/wp-content\/uploads\/sites\/22\/2025\/05\/SEI-202519222000601-Resposta-ao-pedido-de-esclarecimento.pdf\">Resposta ao pedido de esclarecimento<\/a><\/li>\n\n\n\n<li><a href=\"https:\/\/goias.gov.br\/retomada\/wp-content\/uploads\/sites\/22\/2025\/05\/WhatsApp-Image-2025-05-16-at-10.31.32.pdf\">Ata<\/a><\/li>\n\n\n\n<li><a href=\"https:\/\/goias.gov.br\/retomada\/wp-content\/uploads\/sites\/22\/2025\/05\/SEI-202519222000601-1.pdf\">Resultado Preliminar<\/a><\/li>\n<\/ul>\n","protected":false},"excerpt":{"rendered":"<p>Objeto:\u00a0O\u00a0ESTADO DE GOI\u00c1S, por interveni\u00eancia da\u00a0SECRETARIA DE ESTADO DA RETOMADA, torna p\u00fablico, por meio de publica\u00e7\u00f5es realizadas no Di\u00e1rio Oficial do Estado de Goi\u00e1s e em via eletr\u00f4nica, para conhecimento dos interessados, que estar\u00e1 aberto o Instrumento de\u00a0CHAMAMENTO P\u00daBLICO N.\u00ba 06\/2025\u00a0e seus anexos,\u00a0objetivando a capta\u00e7\u00e3o de recursos financeiros, por meio do sistema de COTAS DE [&hellip;]<\/p>\n","protected":false},"author":62,"featured_media":0,"parent":0,"menu_order":0,"comment_status":"closed","ping_status":"closed","template":"","meta":{"footnotes":""},"class_list":["post-31265","page","type-page","status-publish","hentry"],"rttpg_featured_image_url":null,"rttpg_author":{"display_name":"italoreis","author_link":"https:\/\/goias.gov.br\/retomada\/author\/italoreis\/"},"rttpg_comment":0,"rttpg_category":null,"rttpg_excerpt":"Objeto:\u00a0O\u00a0ESTADO DE GOI\u00c1S, por interveni\u00eancia da\u00a0SECRETARIA DE ESTADO DA RETOMADA, torna p\u00fablico, por meio de publica\u00e7\u00f5es realizadas no Di\u00e1rio Oficial do Estado de Goi\u00e1s e em via eletr\u00f4nica, para conhecimento dos interessados, que estar\u00e1 aberto o Instrumento de\u00a0CHAMAMENTO P\u00daBLICO N.\u00ba 06\/2025\u00a0e seus anexos,\u00a0objetivando a capta\u00e7\u00e3o de recursos financeiros, por meio do sistema de COTAS DE&hellip;","_links":{"self":[{"href":"https:\/\/goias.gov.br\/retomada\/wp-json\/wp\/v2\/pages\/31265","targetHints":{"allow":["GET"]}}],"collection":[{"href":"https:\/\/goias.gov.br\/retomada\/wp-json\/wp\/v2\/pages"}],"about":[{"href":"https:\/\/goias.gov.br\/retomada\/wp-json\/wp\/v2\/types\/page"}],"author":[{"embeddable":true,"href":"https:\/\/goias.gov.br\/retomada\/wp-json\/wp\/v2\/users\/62"}],"replies":[{"embeddable":true,"href":"https:\/\/goias.gov.br\/retomada\/wp-json\/wp\/v2\/comments?post=31265"}],"version-history":[{"count":1,"href":"https:\/\/goias.gov.br\/retomada\/wp-json\/wp\/v2\/pages\/31265\/revisions"}],"predecessor-version":[{"id":31281,"href":"https:\/\/goias.gov.br\/retomada\/wp-json\/wp\/v2\/pages\/31265\/revisions\/31281"}],"wp:attachment":[{"href":"https:\/\/goias.gov.br\/retomada\/wp-json\/wp\/v2\/media?parent=31265"}],"curies":[{"name":"wp","href":"https:\/\/api.w.org\/{rel}","templated":true}]}}