

{"id":31240,"date":"2025-05-27T14:55:44","date_gmt":"2025-05-27T17:55:44","guid":{"rendered":"https:\/\/goias.gov.br\/retomada\/?page_id=31240"},"modified":"2025-05-27T14:55:44","modified_gmt":"2025-05-27T17:55:44","slug":"01-2024","status":"publish","type":"page","link":"https:\/\/goias.gov.br\/retomada\/editais\/01-2024\/","title":{"rendered":"Edital de Chamamento P\u00fablico N\u00ba 01\/2024"},"content":{"rendered":"<p><strong>Objeto:<\/strong> A finalidade da presente colabora\u00e7\u00e3o \u00e9 a sele\u00e7\u00e3o de propostas para a celebra\u00e7\u00e3o de parceria entre o Estado de Goi\u00e1s, por meio da Secretaria de Estado da Retomada, atrav\u00e9s da formaliza\u00e7\u00e3o de Termo de Colabora\u00e7\u00e3o, para a realiza\u00e7\u00e3o de finalidade de interesse p\u00fablico e rec\u00edproco que envolve a transfer\u00eancia de recursos financeiros \u00e0 Organiza\u00e7\u00e3o da Sociedade Civil, conforme condi\u00e7\u00f5es estabelecidas em Edital de Chamamento P\u00fablico, objetivando a realiza\u00e7\u00e3o da ExpoGoi\u00e1s 2024\/2025.<\/p>\n<p><strong>Processo<\/strong>: 202319222002097<\/p>\n<ul class=\"wp-block-list\">\n<li><a href=\"https:\/\/goias.gov.br\/retomada\/wp-content\/uploads\/sites\/22\/2024\/01\/01-SEI_GOVERNADORIA-55869823-Portaria-Comissao-de-Selecao.pdf\" target=\"_blank\" rel=\"noreferrer noopener\">Portaria \u2013 Comiss\u00e3o de Sele\u00e7\u00e3o<\/a><\/li>\n<li><a href=\"https:\/\/goias.gov.br\/retomada\/wp-content\/uploads\/sites\/22\/2024\/01\/02-SEI_GOVERNADORIA-55618092-Edital.pdf\" target=\"_blank\" rel=\"noreferrer noopener\">Edital<\/a><\/li>\n<li><a href=\"https:\/\/goias.gov.br\/retomada\/wp-content\/uploads\/sites\/22\/2024\/01\/03-SEI_GOVERNADORIA-55664239-Minuta-Termo-de-Colaboracao-1.pdf\" target=\"_blank\" rel=\"noreferrer noopener\">Minuta Termo de Colabora\u00e7\u00e3o<\/a><\/li>\n<li><a href=\"https:\/\/goias.gov.br\/retomada\/wp-content\/uploads\/sites\/22\/2024\/01\/04-SEI_GOVERNADORIA-55670471-Termo-de-Referencia-1.pdf\" target=\"_blank\" rel=\"noreferrer noopener\">Termo de Refer\u00eancia<\/a><\/li>\n<li><a href=\"https:\/\/goias.gov.br\/retomada\/wp-content\/uploads\/sites\/22\/2024\/01\/05-SEI_GOVERNADORIA-55672095-Plano-de-Trabalho-1.pdf\" target=\"_blank\" rel=\"noreferrer noopener\">Plano de Trabalho<\/a><\/li>\n<li><a href=\"https:\/\/goias.gov.br\/retomada\/wp-content\/uploads\/sites\/22\/2024\/01\/ANEXO_1___ANEXOS_I_DECLARACAO_DE_CIENCIA_E_CONCORDANCIA__2_-1.docx\" target=\"_blank\" rel=\"noreferrer noopener\">Anexo 1<\/a><\/li>\n<li><a href=\"https:\/\/goias.gov.br\/retomada\/wp-content\/uploads\/sites\/22\/2024\/01\/ANEXO_2___ANEXOS_II_DECLARACAO_SOBRE_INSTALACOES_E_CONDICOES_MATERIAIS-1.docx\" target=\"_blank\" rel=\"noreferrer noopener\">Anexo 2<\/a><\/li>\n<li><a href=\"https:\/\/goias.gov.br\/retomada\/wp-content\/uploads\/sites\/22\/2024\/01\/ANEXO_3___ANEXOS_III_DECLARACAO_E_RELACAO_DOS_DIRIGENTES_DA_ENTIDADE-1.docx\" target=\"_blank\" rel=\"noreferrer noopener\">Anexo 3<\/a><\/li>\n<li><a href=\"https:\/\/goias.gov.br\/retomada\/wp-content\/uploads\/sites\/22\/2024\/01\/ANEXO_4___ANEXOS_IV_DECLARACAO_DA_NAO_OCORRENCIA_DE_IMPEDIMENTOS-1.docx\" target=\"_blank\" rel=\"noreferrer noopener\">Anexo 4<\/a><\/li>\n<li><a href=\"https:\/\/goias.gov.br\/retomada\/wp-content\/uploads\/sites\/22\/2024\/01\/ANEXO_5___ANEXOS_V_DIRETRIZES_PARA_PROPOSTA-1.docx\" target=\"_blank\" rel=\"noreferrer noopener\">Anexo 5<\/a><\/li>\n<li><a href=\"https:\/\/goias.gov.br\/retomada\/wp-content\/uploads\/sites\/22\/2024\/01\/ANEXO_6___ANEXO_VI_PLANO_DE_TRABALHO-1.docx\" target=\"_blank\" rel=\"noreferrer noopener\">Anexo 6<\/a><\/li>\n<li><a href=\"https:\/\/goias.gov.br\/retomada\/wp-content\/uploads\/sites\/22\/2024\/02\/Aviso-local-abertura-dos-envelopes.pdf\">Aviso \u2013 Local de Abertura dos envelopes<\/a><\/li>\n<li><a href=\"https:\/\/goias.gov.br\/retomada\/wp-content\/uploads\/sites\/22\/2024\/02\/SEI_GOVERNADORIA-57230880-Portaria-2.pdf\">Portaria \u2013 Retifica\u00e7\u00e3o portaria comiss\u00e3o de sele\u00e7\u00e3o<\/a><\/li>\n<li><a href=\"https:\/\/goias.gov.br\/retomada\/wp-content\/uploads\/sites\/22\/2024\/03\/SEI_GOVERNADORIA-57323623-Portaria.pdf\">Proposta OSC IDESA<\/a><\/li>\n<li><a href=\"https:\/\/goias.gov.br\/retomada\/wp-content\/uploads\/sites\/22\/2024\/03\/recibo.pdf\">Recibo<\/a><\/li>\n<li><a href=\"https:\/\/goias.gov.br\/retomada\/wp-content\/uploads\/sites\/22\/2024\/03\/ata.pdf\">Ata Abertura envelopes pela Comiss\u00e3o de Avalia\u00e7\u00e3o<\/a><\/li>\n<li><a href=\"https:\/\/goias.gov.br\/retomada\/wp-content\/uploads\/sites\/22\/2024\/03\/SEI_GOVERNADORIA-57478109-Formulario.pdf\">Formul\u00e1rio de Avalia\u00e7\u00e3o<\/a><\/li>\n<li><a href=\"https:\/\/goias.gov.br\/retomada\/wp-content\/uploads\/sites\/22\/2024\/03\/SEI_GOVERNADORIA-57590154-Formulario.pdf\">Formul\u00e1rio de Avalia\u00e7\u00e3o<\/a><\/li>\n<li><a href=\"https:\/\/goias.gov.br\/retomada\/wp-content\/uploads\/sites\/22\/2024\/03\/SEI_GOVERNADORIA-57596770-Formulario.pdf\">Formul\u00e1rio de Avalia\u00e7\u00e3o<\/a><\/li>\n<li><a href=\"https:\/\/goias.gov.br\/retomada\/wp-content\/uploads\/sites\/22\/2024\/03\/SEI_GOVERNADORIA-57603229-Ata.pdf\">Ata sess\u00e3o de avalia\u00e7\u00e3o<\/a><\/li>\n<li><a href=\"https:\/\/goias.gov.br\/retomada\/wp-content\/uploads\/sites\/22\/2024\/03\/SEI_GOVERNADORIA-57603278-Resultado-Preliminar.pdf\">Resultado Preliminar<\/a><\/li>\n<li><a href=\"https:\/\/goias.gov.br\/retomada\/wp-content\/uploads\/sites\/22\/2024\/03\/SEI_GOVERNADORIA-58069405-Resultado-Final.pdf\">Resultado Definitivo<\/a><\/li>\n<li><a href=\"https:\/\/goias.gov.br\/retomada\/wp-content\/uploads\/sites\/22\/2024\/04\/SEI_GOVERNADORIA-58335963-Homologacao.pdf\">Termo de Homologa\u00e7\u00e3o<\/a><\/li>\n<li><a href=\"https:\/\/goias.gov.br\/retomada\/wp-content\/uploads\/sites\/22\/2024\/04\/SEI_GOVERNADORIA-58495515-Termo-de-Colaboracao.pdf\">Termo de Colabora\u00e7\u00e3o n\u00ba. 01\/2024<\/a>.<\/li>\n<li><a href=\"https:\/\/goias.gov.br\/retomada\/wp-content\/uploads\/sites\/22\/2024\/04\/SEI_GOVERNADORIA-59029137-Plano-de-Trabalho.pdf\">Primeiro Termo Aditivo ao Plano de Trabalho\u00a0<\/a>.<\/li>\n<li><a href=\"https:\/\/goias.gov.br\/retomada\/wp-content\/uploads\/sites\/22\/2024\/04\/SEI_GOVERNADORIA-59029117-Apostila.pdf\">Primeiro Termo de Apostilamento ao Termo de Colabora\u00e7\u00e3o<\/a>.<\/li>\n<\/ul>\n","protected":false},"excerpt":{"rendered":"<p>Objeto: A finalidade da presente colabora\u00e7\u00e3o \u00e9 a sele\u00e7\u00e3o de propostas para a celebra\u00e7\u00e3o de parceria entre o Estado de Goi\u00e1s, por meio da Secretaria de Estado da Retomada, atrav\u00e9s da formaliza\u00e7\u00e3o de Termo de Colabora\u00e7\u00e3o, para a realiza\u00e7\u00e3o de finalidade de interesse p\u00fablico e rec\u00edproco que envolve a transfer\u00eancia de recursos financeiros \u00e0 Organiza\u00e7\u00e3o [&hellip;]<\/p>\n","protected":false},"author":62,"featured_media":0,"parent":31012,"menu_order":0,"comment_status":"closed","ping_status":"closed","template":"","meta":{"footnotes":""},"class_list":["post-31240","page","type-page","status-publish","hentry"],"rttpg_featured_image_url":null,"rttpg_author":{"display_name":"italoreis","author_link":"https:\/\/goias.gov.br\/retomada\/author\/italoreis\/"},"rttpg_comment":0,"rttpg_category":null,"rttpg_excerpt":"Objeto: A finalidade da presente colabora\u00e7\u00e3o \u00e9 a sele\u00e7\u00e3o de propostas para a celebra\u00e7\u00e3o de parceria entre o Estado de Goi\u00e1s, por meio da Secretaria de Estado da Retomada, atrav\u00e9s da formaliza\u00e7\u00e3o de Termo de Colabora\u00e7\u00e3o, para a realiza\u00e7\u00e3o de finalidade de interesse p\u00fablico e rec\u00edproco que envolve a transfer\u00eancia de recursos financeiros \u00e0 Organiza\u00e7\u00e3o&hellip;","_links":{"self":[{"href":"https:\/\/goias.gov.br\/retomada\/wp-json\/wp\/v2\/pages\/31240","targetHints":{"allow":["GET"]}}],"collection":[{"href":"https:\/\/goias.gov.br\/retomada\/wp-json\/wp\/v2\/pages"}],"about":[{"href":"https:\/\/goias.gov.br\/retomada\/wp-json\/wp\/v2\/types\/page"}],"author":[{"embeddable":true,"href":"https:\/\/goias.gov.br\/retomada\/wp-json\/wp\/v2\/users\/62"}],"replies":[{"embeddable":true,"href":"https:\/\/goias.gov.br\/retomada\/wp-json\/wp\/v2\/comments?post=31240"}],"version-history":[{"count":1,"href":"https:\/\/goias.gov.br\/retomada\/wp-json\/wp\/v2\/pages\/31240\/revisions"}],"predecessor-version":[{"id":31256,"href":"https:\/\/goias.gov.br\/retomada\/wp-json\/wp\/v2\/pages\/31240\/revisions\/31256"}],"up":[{"embeddable":true,"href":"https:\/\/goias.gov.br\/retomada\/wp-json\/wp\/v2\/pages\/31012"}],"wp:attachment":[{"href":"https:\/\/goias.gov.br\/retomada\/wp-json\/wp\/v2\/media?parent=31240"}],"curies":[{"name":"wp","href":"https:\/\/api.w.org\/{rel}","templated":true}]}}