

{"id":31223,"date":"2025-05-27T14:54:00","date_gmt":"2025-05-27T17:54:00","guid":{"rendered":"https:\/\/goias.gov.br\/retomada\/?page_id=31223"},"modified":"2025-05-27T14:54:00","modified_gmt":"2025-05-27T17:54:00","slug":"02-2024","status":"publish","type":"page","link":"https:\/\/goias.gov.br\/retomada\/editais\/02-2024\/","title":{"rendered":"Edital de Chamamento P\u00fablico N\u00ba 02\/2024"},"content":{"rendered":"<p><strong>Objeto<\/strong>: A finalidade da presente colabora\u00e7\u00e3o \u00e9 a sele\u00e7\u00e3o de propostas para a celebra\u00e7\u00e3o de parceria entre o Estado de Goi\u00e1s, por meio da Secretaria de Estado da Retomada, atrav\u00e9s da formaliza\u00e7\u00e3o de Termo de Colabora\u00e7\u00e3o, para a realiza\u00e7\u00e3o de finalidade de interesse p\u00fablico e rec\u00edproco que envolve a transfer\u00eancia de recursos financeiros \u00e0 Organiza\u00e7\u00e3o da Sociedade Civil, conforme condi\u00e7\u00f5es estabelecidas em Edital de Chamamento P\u00fablico, objetivando a realiza\u00e7\u00e3o da Temporada do Araguaia 2024.<\/p>\n<p><strong>Processo<\/strong>: 202319222002096<\/p>\n<ul class=\"wp-block-list\">\n<li><a href=\"https:\/\/goias.gov.br\/retomada\/wp-content\/uploads\/sites\/22\/2024\/03\/SEI_GOVERNADORIA-56453875-Aviso-1.pdf\">Aviso de Chamamento<\/a><\/li>\n<li><a href=\"https:\/\/goias.gov.br\/retomada\/wp-content\/uploads\/sites\/22\/2024\/03\/SEI_GOVERNADORIA-56449264-Edital.pdf\">Edital<\/a><\/li>\n<li><a href=\"https:\/\/goias.gov.br\/retomada\/wp-content\/uploads\/sites\/22\/2024\/03\/SEI_GOVERNADORIA-56897619-Termo-de-Referencia.pdf\">Termo de Refer\u00eancia<\/a><\/li>\n<li><a href=\"https:\/\/goias.gov.br\/retomada\/wp-content\/uploads\/sites\/22\/2024\/03\/SEI_GOVERNADORIA-56870170-Plano-de-Trabalho.pdf\">Refer\u00eancia para Colabora\u00e7\u00e3o<\/a><\/li>\n<li><a href=\"https:\/\/goias.gov.br\/retomada\/wp-content\/uploads\/sites\/22\/2024\/03\/ANEXOS_I_DECLARACAO_DE_CIENCIA.docx\">Anexo I \u2013 Declara\u00e7\u00e3o de Ci\u00eancia<\/a><\/li>\n<li><a href=\"https:\/\/goias.gov.br\/retomada\/wp-content\/uploads\/sites\/22\/2024\/03\/ANEXOS_II_DECLARACAO_SOBRE_INSTALACOES.docx\">Anexo II \u2013 Declara\u00e7\u00e3o Instala\u00e7\u00f5es e Materiais<\/a><\/li>\n<li><a href=\"https:\/\/goias.gov.br\/retomada\/wp-content\/uploads\/sites\/22\/2024\/03\/ANEXOS_III_DECLARACAO.docx\">Anexo III \u2013 Declara\u00e7\u00e3o e Rela\u00e7\u00e3o de Dirigentes<\/a><\/li>\n<li><a href=\"https:\/\/goias.gov.br\/retomada\/wp-content\/uploads\/sites\/22\/2024\/03\/ANEXOS_IV_DECLARACAO_DA_NAO_OCORRENCIA_DE_IMPEDIMENTOS.docx\">Anexo IV \u2013 Declara\u00e7\u00e3o de N\u00e3o Ocorr\u00eancia de Impedimentos<\/a><\/li>\n<li><a href=\"https:\/\/goias.gov.br\/retomada\/wp-content\/uploads\/sites\/22\/2024\/03\/ANEXOS_V_DIRETRIZES_PARA_PROPOSTA.docx\">Anexo V \u2013 Diretrizes para Proposta<\/a><\/li>\n<li><a href=\"https:\/\/goias.gov.br\/retomada\/wp-content\/uploads\/sites\/22\/2024\/03\/ANEXOS_VI_PLANO_DE_TRABALHO-1.docx\">Anexo VI \u2013 Modelo Plano de Trabalho<\/a><\/li>\n<li><a href=\"https:\/\/goias.gov.br\/retomada\/wp-content\/uploads\/sites\/22\/2024\/03\/SEI_GOVERNADORIA-57323623-Portaria.pdf\">Portaria Comiss\u00e3o de Sele\u00e7\u00e3o<\/a><\/li>\n<li><a href=\"https:\/\/goias.gov.br\/retomada\/wp-content\/uploads\/sites\/22\/2024\/03\/SEI_GOVERNADORIA-58389947-Retificacao.pdf\">Retifica\u00e7\u00e3o do edital<\/a><\/li>\n<li><a href=\"https:\/\/goias.gov.br\/retomada\/wp-content\/uploads\/sites\/22\/2024\/04\/RECIBO-OSC-IDESA.pdf\">Recibo \u2013 Envelope IDESA<\/a><\/li>\n<li><a href=\"https:\/\/goias.gov.br\/retomada\/wp-content\/uploads\/sites\/22\/2024\/04\/OFICIO-OSC-IDESA.pdf\">Of\u00edcio \u2013 Proposta IDESA<\/a><\/li>\n<li><a href=\"https:\/\/goias.gov.br\/retomada\/wp-content\/uploads\/sites\/22\/2024\/04\/1-140-IDESA_compressed.pdf\">Proposta IDESA Parte I<\/a><\/li>\n<li><a href=\"https:\/\/goias.gov.br\/retomada\/wp-content\/uploads\/sites\/22\/2024\/04\/141-282-IDESA_compressed.pdf\">Proposta IDESA Parte II<\/a><\/li>\n<li><a href=\"https:\/\/goias.gov.br\/retomada\/wp-content\/uploads\/sites\/22\/2024\/04\/283-422-IDESA_compressed.pdf\">Proposta IDESA Parte III<\/a><\/li>\n<li><a href=\"https:\/\/goias.gov.br\/retomada\/wp-content\/uploads\/sites\/22\/2024\/04\/RECIBO-OSC-VEROS-AMBIENTAL.pdf\">Recibo \u2013 Envelope VEROS AMBIENTAL<\/a><\/li>\n<li><a href=\"https:\/\/goias.gov.br\/retomada\/wp-content\/uploads\/sites\/22\/2024\/04\/OFICIO-OSC-VEROS-AMBIENTAL.pdf\">Of\u00edcio \u2013 Proposta VEROS AMBIENTAL<\/a><\/li>\n<li><a href=\"https:\/\/goias.gov.br\/retomada\/wp-content\/uploads\/sites\/22\/2024\/04\/PROPOSTA-OSC-VEROS-AMBIENTAL-COMPLETO.pdf\">Proposta VEROS AMBIENTAL<\/a><\/li>\n<li><a href=\"https:\/\/goias.gov.br\/retomada\/wp-content\/uploads\/sites\/22\/2024\/04\/ATA-ABERTURA-ENVELOPE-MAIS-ARAGUAIA-2024-ASSINADA.pdf\">Ata Abertura dos Envelopes \u2013 Assinada<\/a><\/li>\n<li><a href=\"https:\/\/goias.gov.br\/retomada\/wp-content\/uploads\/sites\/22\/2024\/04\/SEI_58914249_Formulario.pdf\">Formul\u00e1rio de Avalia\u00e7\u00e3o \u2013 VEROS AMBIENTAL<\/a><\/li>\n<li><a href=\"https:\/\/goias.gov.br\/retomada\/wp-content\/uploads\/sites\/22\/2024\/04\/SEI_58896558_Formulario.pdf\">Formul\u00e1rio de Avalia\u00e7\u00e3o \u2013 VEROS AMBIENTAL<\/a><\/li>\n<li><a href=\"https:\/\/goias.gov.br\/retomada\/wp-content\/uploads\/sites\/22\/2024\/04\/SEI_58896846_Formulario.pdf\">Formul\u00e1rio de Avalia\u00e7\u00e3o \u2013 IDESA<\/a><\/li>\n<li><a href=\"https:\/\/goias.gov.br\/retomada\/wp-content\/uploads\/sites\/22\/2024\/04\/SEI_58896846_Formulario.pdf\">Formul\u00e1rio de Avalia\u00e7\u00e3o \u2013 IDESA<\/a><\/li>\n<li><a href=\"https:\/\/goias.gov.br\/retomada\/wp-content\/uploads\/sites\/22\/2024\/04\/SEI_58914584_Formulario.pdf\">Formul\u00e1rio de Avalia\u00e7\u00e3o \u2013 IDESA E VEROS<\/a><\/li>\n<li><a href=\"https:\/\/goias.gov.br\/retomada\/wp-content\/uploads\/sites\/22\/2024\/04\/SEI_58912017_Ata_02-1.pdf\">Ata de Avalia\u00e7\u00e3o T\u00e9cnica<\/a><\/li>\n<li><a href=\"https:\/\/goias.gov.br\/retomada\/wp-content\/uploads\/sites\/22\/2024\/04\/SEI_58922532_Resultado_Preliminar-1.pdf\">Resultado Preliminar<\/a><\/li>\n<li><a href=\"https:\/\/goias.gov.br\/retomada\/wp-content\/uploads\/sites\/22\/2024\/04\/SEI_GOVERNADORIA-59262936-Resultado-Final.pdf\">Resultado Definitivo<\/a><\/li>\n<li><a href=\"https:\/\/goias.gov.br\/retomada\/wp-content\/uploads\/sites\/22\/2024\/05\/SEI_59294932_Homologacao.pdf\">Termo de Homologa\u00e7\u00e3o<\/a><\/li>\n<li><a href=\"https:\/\/goias.gov.br\/retomada\/wp-content\/uploads\/sites\/22\/2024\/05\/Plano-de-trabalho.pdf\">Plano de trabalho Aprovado<\/a><\/li>\n<li><a href=\"https:\/\/goias.gov.br\/retomada\/wp-content\/uploads\/sites\/22\/2024\/05\/SEI_GOVERNADORIA-60325007-Declaracao.pdf\">Declara\u00e7\u00e3o de Aprova\u00e7\u00e3o do Plano de Trabalho<\/a><\/li>\n<li><a href=\"https:\/\/goias.gov.br\/retomada\/wp-content\/uploads\/sites\/22\/2024\/05\/Termo-de-Colaboracao.pdf\">Termo de Colabora\u00e7\u00e3o<\/a><\/li>\n<\/ul>\n","protected":false},"excerpt":{"rendered":"<p>Objeto: A finalidade da presente colabora\u00e7\u00e3o \u00e9 a sele\u00e7\u00e3o de propostas para a celebra\u00e7\u00e3o de parceria entre o Estado de Goi\u00e1s, por meio da Secretaria de Estado da Retomada, atrav\u00e9s da formaliza\u00e7\u00e3o de Termo de Colabora\u00e7\u00e3o, para a realiza\u00e7\u00e3o de finalidade de interesse p\u00fablico e rec\u00edproco que envolve a transfer\u00eancia de recursos financeiros \u00e0 Organiza\u00e7\u00e3o [&hellip;]<\/p>\n","protected":false},"author":62,"featured_media":0,"parent":31012,"menu_order":0,"comment_status":"closed","ping_status":"closed","template":"","meta":{"footnotes":""},"class_list":["post-31223","page","type-page","status-publish","hentry"],"rttpg_featured_image_url":null,"rttpg_author":{"display_name":"italoreis","author_link":"https:\/\/goias.gov.br\/retomada\/author\/italoreis\/"},"rttpg_comment":0,"rttpg_category":null,"rttpg_excerpt":"Objeto: A finalidade da presente colabora\u00e7\u00e3o \u00e9 a sele\u00e7\u00e3o de propostas para a celebra\u00e7\u00e3o de parceria entre o Estado de Goi\u00e1s, por meio da Secretaria de Estado da Retomada, atrav\u00e9s da formaliza\u00e7\u00e3o de Termo de Colabora\u00e7\u00e3o, para a realiza\u00e7\u00e3o de finalidade de interesse p\u00fablico e rec\u00edproco que envolve a transfer\u00eancia de recursos financeiros \u00e0 Organiza\u00e7\u00e3o&hellip;","_links":{"self":[{"href":"https:\/\/goias.gov.br\/retomada\/wp-json\/wp\/v2\/pages\/31223","targetHints":{"allow":["GET"]}}],"collection":[{"href":"https:\/\/goias.gov.br\/retomada\/wp-json\/wp\/v2\/pages"}],"about":[{"href":"https:\/\/goias.gov.br\/retomada\/wp-json\/wp\/v2\/types\/page"}],"author":[{"embeddable":true,"href":"https:\/\/goias.gov.br\/retomada\/wp-json\/wp\/v2\/users\/62"}],"replies":[{"embeddable":true,"href":"https:\/\/goias.gov.br\/retomada\/wp-json\/wp\/v2\/comments?post=31223"}],"version-history":[{"count":1,"href":"https:\/\/goias.gov.br\/retomada\/wp-json\/wp\/v2\/pages\/31223\/revisions"}],"predecessor-version":[{"id":31239,"href":"https:\/\/goias.gov.br\/retomada\/wp-json\/wp\/v2\/pages\/31223\/revisions\/31239"}],"up":[{"embeddable":true,"href":"https:\/\/goias.gov.br\/retomada\/wp-json\/wp\/v2\/pages\/31012"}],"wp:attachment":[{"href":"https:\/\/goias.gov.br\/retomada\/wp-json\/wp\/v2\/media?parent=31223"}],"curies":[{"name":"wp","href":"https:\/\/api.w.org\/{rel}","templated":true}]}}