

{"id":31213,"date":"2025-05-27T14:52:23","date_gmt":"2025-05-27T17:52:23","guid":{"rendered":"https:\/\/goias.gov.br\/retomada\/?page_id=31213"},"modified":"2025-05-27T14:52:23","modified_gmt":"2025-05-27T17:52:23","slug":"03-2024","status":"publish","type":"page","link":"https:\/\/goias.gov.br\/retomada\/editais\/03-2024\/","title":{"rendered":"Edital de Chamamento P\u00fablico N\u00ba 03\/2024"},"content":{"rendered":"<p><strong>Objeto<\/strong>: O presente chamamento p\u00fablico tem por objetivo selecionar, artes\u00e3os, trabalhadores manuais, entidades (associa\u00e7\u00f5es e cooperativas) e Munic\u00edpios, com suas respectivas produ\u00e7\u00f5es para a ocupa\u00e7\u00e3o de um espa\u00e7o individual de 3m\u00b2, com o intuito em divulgar, expor e comercializar produtos artesanais nas Edi\u00e7\u00f5es da Goi\u00e1s Feito \u00e0 M\u00e3o \u2013 Feira de Artesanato e Economia Criativa, a acontecer no Centro Cultural Oscar Niemeyer \u2013 CCON e demais locais \u00e0 discricionariedade da Administra\u00e7\u00e3o P\u00fablica, que ocorrer\u00e1 at\u00e9 o dia 31 de Dezembro deste ano em exerc\u00edcio, com a previs\u00e3o de 3 (tr\u00eas) edi\u00e7\u00f5es, podendo ocorrer mais edi\u00e7\u00f5es, com base na discricionariedade da Pasta.<\/p>\n<p><strong>Processo<\/strong>: 202419222000070<\/p>\n<ul class=\"wp-block-list\">\n<li><a href=\"https:\/\/goias.gov.br\/retomada\/wp-content\/uploads\/sites\/22\/2024\/03\/SEI_GOVERNADORIA-56661975-Aviso-de-Chamamento-Publico-1.pdf\">Aviso de Chamamento<\/a><\/li>\n<li><a href=\"https:\/\/goias.gov.br\/retomada\/wp-content\/uploads\/sites\/22\/2024\/03\/SEI_GOVERNADORIA-56661990-Edital-1.pdf\">Edital<\/a><\/li>\n<li><a href=\"https:\/\/goias.gov.br\/retomada\/wp-content\/uploads\/sites\/22\/2024\/03\/SEI_GOVERNADORIA-57297052-Termo-de-Referencia-1.pdf\">Termo de Refer\u00eancia<\/a><\/li>\n<li><a href=\"https:\/\/goias.gov.br\/retomada\/wp-content\/uploads\/sites\/22\/2024\/03\/ANEXOS-DA-GOIAS-FEITO-A-MAO-ANEXO-I.pdf\">Anexo I \u2013 Termo de Compromisso \u2013 PF<\/a><\/li>\n<li><a href=\"https:\/\/goias.gov.br\/retomada\/wp-content\/uploads\/sites\/22\/2024\/03\/ANEXOS-DA-GOIAS-FEITO-A-MAO-II.pdf\">Anexo II \u2013 Declara\u00e7\u00e3o de Cess\u00e3o Uso de Imagem \u2013 PF<\/a><\/li>\n<li><a href=\"https:\/\/goias.gov.br\/retomada\/wp-content\/uploads\/sites\/22\/2024\/03\/ANEXOS-DA-GOIAS-FEITO-A-MAO-III.pdf\">Anexo III \u2013 Autodeclara\u00e7\u00e3o de Resid\u00eancia<\/a><\/li>\n<li><a href=\"https:\/\/goias.gov.br\/retomada\/wp-content\/uploads\/sites\/22\/2024\/03\/ANEXOS-DA-GOIAS-FEITO-A-MAO-IV.pdf\">Anexo IV \u2013 Procura\u00e7\u00e3o Extrajudicial<\/a><\/li>\n<li><a href=\"https:\/\/goias.gov.br\/retomada\/wp-content\/uploads\/sites\/22\/2024\/03\/ANEXOS-DA-GOIAS-FEITO-A-MAO-V.pdf\">Anexo V \u2013 Termo de Compromisso \u2013 Entes e Munic.<\/a><\/li>\n<li><a href=\"https:\/\/goias.gov.br\/retomada\/wp-content\/uploads\/sites\/22\/2024\/03\/ANEXOS-DA-GOIAS-FEITO-A-MAO-REVISADOS-VI.pdf\">Anexo VI \u2013 Declara\u00e7\u00e3o de Cess\u00e3o de Uso de Imagem \u2013 Entidades<\/a><\/li>\n<li><a href=\"https:\/\/goias.gov.br\/retomada\/wp-content\/uploads\/sites\/22\/2024\/03\/ANEXOS-DA-GOIAS-FEITO-A-MAO-VII.pdf\">Anexo VII \u2013 Declara\u00e7\u00e3o de Cess\u00e3o Uso de Imagem \u2013 Munic\u00edpios<\/a><\/li>\n<li><a href=\"https:\/\/goias.gov.br\/retomada\/wp-content\/uploads\/sites\/22\/2024\/03\/SEI_GOVERNADORIA-58008878-Aviso-de-Adiamento.pdf\">Aviso de Adiamento de etapas do Chamamento<\/a><\/li>\n<li><a href=\"https:\/\/goias.gov.br\/retomada\/wp-content\/uploads\/sites\/22\/2024\/04\/SEI_GOVERNADORIA-58626422-Aviso.pdf\">2\u00ba Aviso de Adiamento das etapas do Chamamento<\/a><\/li>\n<li><a href=\"https:\/\/goias.gov.br\/retomada\/wp-content\/uploads\/sites\/22\/2024\/04\/SEI_58821140_Retificacao.pdf\">Retifica\u00e7\u00e3o Resultado Preliminar<\/a><\/li>\n<li><a href=\"https:\/\/goias.gov.br\/retomada\/wp-content\/uploads\/sites\/22\/2024\/04\/SEI_59236854_Termo_de_Homologacao.pdf\">Termo de Homologa\u00e7\u00e3o<\/a><\/li>\n<\/ul>\n","protected":false},"excerpt":{"rendered":"<p>Objeto: O presente chamamento p\u00fablico tem por objetivo selecionar, artes\u00e3os, trabalhadores manuais, entidades (associa\u00e7\u00f5es e cooperativas) e Munic\u00edpios, com suas respectivas produ\u00e7\u00f5es para a ocupa\u00e7\u00e3o de um espa\u00e7o individual de 3m\u00b2, com o intuito em divulgar, expor e comercializar produtos artesanais nas Edi\u00e7\u00f5es da Goi\u00e1s Feito \u00e0 M\u00e3o \u2013 Feira de Artesanato e Economia Criativa, [&hellip;]<\/p>\n","protected":false},"author":62,"featured_media":0,"parent":31012,"menu_order":0,"comment_status":"closed","ping_status":"closed","template":"","meta":{"footnotes":""},"class_list":["post-31213","page","type-page","status-publish","hentry"],"rttpg_featured_image_url":null,"rttpg_author":{"display_name":"italoreis","author_link":"https:\/\/goias.gov.br\/retomada\/author\/italoreis\/"},"rttpg_comment":0,"rttpg_category":null,"rttpg_excerpt":"Objeto: O presente chamamento p\u00fablico tem por objetivo selecionar, artes\u00e3os, trabalhadores manuais, entidades (associa\u00e7\u00f5es e cooperativas) e Munic\u00edpios, com suas respectivas produ\u00e7\u00f5es para a ocupa\u00e7\u00e3o de um espa\u00e7o individual de 3m\u00b2, com o intuito em divulgar, expor e comercializar produtos artesanais nas Edi\u00e7\u00f5es da Goi\u00e1s Feito \u00e0 M\u00e3o \u2013 Feira de Artesanato e Economia Criativa,&hellip;","_links":{"self":[{"href":"https:\/\/goias.gov.br\/retomada\/wp-json\/wp\/v2\/pages\/31213","targetHints":{"allow":["GET"]}}],"collection":[{"href":"https:\/\/goias.gov.br\/retomada\/wp-json\/wp\/v2\/pages"}],"about":[{"href":"https:\/\/goias.gov.br\/retomada\/wp-json\/wp\/v2\/types\/page"}],"author":[{"embeddable":true,"href":"https:\/\/goias.gov.br\/retomada\/wp-json\/wp\/v2\/users\/62"}],"replies":[{"embeddable":true,"href":"https:\/\/goias.gov.br\/retomada\/wp-json\/wp\/v2\/comments?post=31213"}],"version-history":[{"count":1,"href":"https:\/\/goias.gov.br\/retomada\/wp-json\/wp\/v2\/pages\/31213\/revisions"}],"predecessor-version":[{"id":31222,"href":"https:\/\/goias.gov.br\/retomada\/wp-json\/wp\/v2\/pages\/31213\/revisions\/31222"}],"up":[{"embeddable":true,"href":"https:\/\/goias.gov.br\/retomada\/wp-json\/wp\/v2\/pages\/31012"}],"wp:attachment":[{"href":"https:\/\/goias.gov.br\/retomada\/wp-json\/wp\/v2\/media?parent=31213"}],"curies":[{"name":"wp","href":"https:\/\/api.w.org\/{rel}","templated":true}]}}