

{"id":31209,"date":"2025-05-27T14:54:23","date_gmt":"2025-05-27T17:54:23","guid":{"rendered":"https:\/\/goias.gov.br\/retomada\/?page_id=31209"},"modified":"2025-05-27T14:57:22","modified_gmt":"2025-05-27T17:57:22","slug":"07-2025","status":"publish","type":"page","link":"https:\/\/goias.gov.br\/retomada\/editais\/07-2025\/","title":{"rendered":"Edital de Chamamento P\u00fablico N\u00b007\/2025"},"content":{"rendered":"\n<p>O\u00a0<strong>ESTADO DE GOI\u00c1S<\/strong>, por interveni\u00eancia da\u00a0<strong>SECRETARIA DE ESTADO DA RETOMADA<\/strong>, torna p\u00fablico, por meio de publica\u00e7\u00f5es realizadas no Di\u00e1rio Oficial do Estado de Goi\u00e1s e em via eletr\u00f4nica, para conhecimento dos interessados, que estar\u00e1 aberto o Instrumento de\u00a0<strong>CHAMAMENTO P\u00daBLICO N.\u00ba 07\/2025<\/strong>\u00a0e seus anexos, objetivando a sele\u00e7\u00e3o de interessados na autoriza\u00e7\u00e3o de uso de quiosques na\u00a0<strong>Vila Gastron\u00f4mica do Arraia do Bem\u00a02025<\/strong>, que acontecer\u00e1 entre os dias 06\/06\/2025 a 08\/06\/2025 no Est\u00e1dio Serra Dourada em Goi\u00e2nia\/GO, para a instala\u00e7\u00e3o tempor\u00e1ria de lanchonetes respons\u00e1veis pelas atividades de manipula\u00e7\u00e3o dos alimentos por per\u00edodo determinado, em conformidade com a Lei Federal n\u00ba 14.133 de 01 de abril de 2021, Lei Estadual n\u00ba 23.052 de 04 de novembro de 2024, e demais normas legais atinentes \u00e0 esp\u00e9cie.\u00a0A retirada do Edital e de seus Anexos, bem como todos os atos, convoca\u00e7\u00f5es e resultados\/julgamentos, poder\u00e1 ser feita na Secretaria de Estado da Retomada \u2013 RETOMADA, localizada na Av. 85, 22 \u2013 St. Sul, Goi\u00e2nia \u2013 GO, 74080-010 (Pra\u00e7a Pedro Ludovico Teixeira), Fone: (62) 3201-5205, ou ainda pelo endere\u00e7o eletr\u00f4nico: www.retomada.go.gov.br.\u00a0<\/p>\n<p><strong>A Convoca\u00e7\u00e3o por grupo para 2\u00aa fase da sele\u00e7\u00e3o<\/strong>\u00a0<strong>\u2013 teste sensorial (degusta\u00e7\u00e3o) ser\u00e1 nos dia 26\/05\/2025 e 27\/05\/2025, titulo no Cotec Sebasti\u00e3o Siqueira (Av. Alexandre Morais, 450, Parque Amaz\u00f4nia, Goi\u00e2nia\/GO), conforme convocados e hor\u00e1rio descrito <a href=\"https:\/\/goias.gov.br\/retomada\/wp-content\/uploads\/sites\/22\/2025\/05\/SEI_74882584_Despacho_446-2.pdf\">neste documento<\/a>.<\/strong><\/p>\n<p><strong>Processo:<\/strong> 202519222000637<\/p>\n<ul class=\"wp-block-list\">\n<li><a href=\"https:\/\/goias.gov.br\/retomada\/wp-content\/uploads\/sites\/22\/2025\/05\/SEI-202519222000637-AVISO-DE-CHAMAMENTO.pdf\">Aviso de Chamamento P\u00fablico<\/a><\/li>\n<li><a href=\"https:\/\/goias.gov.br\/retomada\/wp-content\/uploads\/sites\/22\/2025\/05\/SEI-202519222000637-EDITAL.pdf\">Edital<\/a><\/li>\n<li><a href=\"https:\/\/goias.gov.br\/retomada\/wp-content\/uploads\/sites\/22\/2025\/05\/SEI-202519222000637-TERMO-DE-REF.pdf\">ANEXO I \u2013 Termo de Refer\u00eancia<\/a><\/li>\n<li><a href=\"https:\/\/goias.gov.br\/retomada\/wp-content\/uploads\/sites\/22\/2025\/05\/SEI-202519222000637-ANEXO-II.pdf\">ANEXO II \u2013 Modelo de Proposta<\/a><\/li>\n<li><a href=\"https:\/\/goias.gov.br\/retomada\/wp-content\/uploads\/sites\/22\/2025\/05\/SEI-202519222000637-ANEXO-III.pdf\">ANEXO III \u2013 Modelo de Declara\u00e7\u00e3o<\/a><\/li>\n<li><a href=\"https:\/\/goias.gov.br\/retomada\/wp-content\/uploads\/sites\/22\/2025\/05\/SEI-202519222000637-ANEXO-IV.pdf\">ANEXO IV \u2013 Minuta de \u00a0Termo de Cess\u00e3o de Uso<\/a><\/li>\n<li><a href=\"https:\/\/goias.gov.br\/retomada\/wp-content\/uploads\/sites\/22\/2025\/05\/SEI-202519222000637-PORTARIA.pdf\">Portaria Comiss\u00e3o de sele\u00e7\u00e3o<\/a><\/li>\n<li><a href=\"https:\/\/goias.gov.br\/retomada\/wp-content\/uploads\/sites\/22\/2025\/05\/SEI-202519222000637-Aviso-1.pdf\">Aviso importante<\/a><\/li>\n<li><a href=\"https:\/\/goias.gov.br\/retomada\/wp-content\/uploads\/sites\/22\/2025\/05\/SEI_74882584_Despacho_446-2.pdf\">Convoca\u00e7\u00e3o por grupo para 2\u00aa fase da sele\u00e7\u00e3o\u00a0\u2013 teste sensorial (degusta\u00e7\u00e3o)<\/a><\/li>\n<\/ul>\n","protected":false},"excerpt":{"rendered":"<p>O\u00a0ESTADO DE GOI\u00c1S, por interveni\u00eancia da\u00a0SECRETARIA DE ESTADO DA RETOMADA, torna p\u00fablico, por meio de publica\u00e7\u00f5es realizadas no Di\u00e1rio Oficial do Estado de Goi\u00e1s e em via eletr\u00f4nica, para conhecimento dos interessados, que estar\u00e1 aberto o Instrumento de\u00a0CHAMAMENTO P\u00daBLICO N.\u00ba 07\/2025\u00a0e seus anexos, objetivando a sele\u00e7\u00e3o de interessados na autoriza\u00e7\u00e3o de uso de quiosques na\u00a0Vila [&hellip;]<\/p>\n","protected":false},"author":62,"featured_media":0,"parent":31012,"menu_order":0,"comment_status":"closed","ping_status":"closed","template":"","meta":{"footnotes":""},"class_list":["post-31209","page","type-page","status-publish","hentry"],"rttpg_featured_image_url":null,"rttpg_author":{"display_name":"italoreis","author_link":"https:\/\/goias.gov.br\/retomada\/author\/italoreis\/"},"rttpg_comment":0,"rttpg_category":null,"rttpg_excerpt":"O\u00a0ESTADO DE GOI\u00c1S, por interveni\u00eancia da\u00a0SECRETARIA DE ESTADO DA RETOMADA, torna p\u00fablico, por meio de publica\u00e7\u00f5es realizadas no Di\u00e1rio Oficial do Estado de Goi\u00e1s e em via eletr\u00f4nica, para conhecimento dos interessados, que estar\u00e1 aberto o Instrumento de\u00a0CHAMAMENTO P\u00daBLICO N.\u00ba 07\/2025\u00a0e seus anexos, objetivando a sele\u00e7\u00e3o de interessados na autoriza\u00e7\u00e3o de uso de quiosques na\u00a0Vila&hellip;","_links":{"self":[{"href":"https:\/\/goias.gov.br\/retomada\/wp-json\/wp\/v2\/pages\/31209","targetHints":{"allow":["GET"]}}],"collection":[{"href":"https:\/\/goias.gov.br\/retomada\/wp-json\/wp\/v2\/pages"}],"about":[{"href":"https:\/\/goias.gov.br\/retomada\/wp-json\/wp\/v2\/types\/page"}],"author":[{"embeddable":true,"href":"https:\/\/goias.gov.br\/retomada\/wp-json\/wp\/v2\/users\/62"}],"replies":[{"embeddable":true,"href":"https:\/\/goias.gov.br\/retomada\/wp-json\/wp\/v2\/comments?post=31209"}],"version-history":[{"count":2,"href":"https:\/\/goias.gov.br\/retomada\/wp-json\/wp\/v2\/pages\/31209\/revisions"}],"predecessor-version":[{"id":31263,"href":"https:\/\/goias.gov.br\/retomada\/wp-json\/wp\/v2\/pages\/31209\/revisions\/31263"}],"up":[{"embeddable":true,"href":"https:\/\/goias.gov.br\/retomada\/wp-json\/wp\/v2\/pages\/31012"}],"wp:attachment":[{"href":"https:\/\/goias.gov.br\/retomada\/wp-json\/wp\/v2\/media?parent=31209"}],"curies":[{"name":"wp","href":"https:\/\/api.w.org\/{rel}","templated":true}]}}