

{"id":31204,"date":"2025-05-27T14:50:59","date_gmt":"2025-05-27T17:50:59","guid":{"rendered":"https:\/\/goias.gov.br\/retomada\/?page_id=31204"},"modified":"2025-05-27T14:50:59","modified_gmt":"2025-05-27T17:50:59","slug":"04-2024","status":"publish","type":"page","link":"https:\/\/goias.gov.br\/retomada\/editais\/04-2024\/","title":{"rendered":"Edital de Chamamento P\u00fablico N\u00ba 04\/2024"},"content":{"rendered":"<p><strong>Objeto:<\/strong>\u00a0O presente chamamento tem por objetivo selecionar artes\u00e3os e artes\u00e3s, com suas respectivas produ\u00e7\u00f5es para ocupa\u00e7\u00e3o de um espa\u00e7o coletivo de 50 m\u00b2 para a divulga\u00e7\u00e3o e comercializa\u00e7\u00e3o de produtos artesanais no 17\u00b0 Sal\u00e3o do Artesanato Ra\u00edzes Brasileiras, a acontecer no P\u00e1tio Brasil Shopping, no per\u00edodo de\u00a0<strong>8 \u00e0 12 de maio de 2024<\/strong>.<\/p>\n<p>O Sal\u00e3o do Artesanato \u2013 Ra\u00edzes Brasileiras faz parte das feiras nacionais do Programa do Artesanato Brasileiro-PAB, e tem como objetivo colaborar na estrutura\u00e7\u00e3o da Cadeia Produtiva do Artesanato, estimulando o aproveitamento das voca\u00e7\u00f5es de v\u00e1rios Estados do Brasil, dentre eles, o Estado de Goi\u00e1s.<br \/>\n<strong>Processo: <\/strong>202419222000594<\/p>\n<ul class=\"wp-block-list\">\n<li><a href=\"https:\/\/goias.gov.br\/retomada\/wp-content\/uploads\/sites\/22\/2024\/03\/SEI_58309663_Aviso_de_Chamamento_Publico_004_2024.pdf\">Aviso de Chamamento<\/a><\/li>\n<li><a href=\"https:\/\/goias.gov.br\/retomada\/wp-content\/uploads\/sites\/22\/2024\/03\/SEI_58308997_Edital.pdf\">Edital<\/a><\/li>\n<li><a href=\"https:\/\/goias.gov.br\/retomada\/wp-content\/uploads\/sites\/22\/2024\/03\/SEI_57733179_Termo__de__Referencia.pdf\">Termo de Refer\u00eancia<\/a><\/li>\n<li><a href=\"https:\/\/goias.gov.br\/retomada\/wp-content\/uploads\/sites\/22\/2024\/03\/ANEXO_I___PF___Termo_de_Compromisso.docx\">Anexo I \u2013 Termo de Compromisso \u2013 PF<\/a><\/li>\n<li><a href=\"https:\/\/goias.gov.br\/retomada\/wp-content\/uploads\/sites\/22\/2024\/03\/ANEXO_II___PF___Uso_de_imagens.docx\">Anexo II \u2013 Termo de Uso de Imagem \u2013 PF<\/a><\/li>\n<li><a href=\"https:\/\/goias.gov.br\/retomada\/wp-content\/uploads\/sites\/22\/2024\/03\/ANEXO_III___PJ___Termo_de_Compromisso.docx\">Anexo III \u2013 Termo de Compromisso \u2013 PJ<\/a><\/li>\n<li><a href=\"https:\/\/goias.gov.br\/retomada\/wp-content\/uploads\/sites\/22\/2024\/03\/ANEXO_IV___PJ___Uso_de_imagens.docx\">Anexo IV \u2013 Termo de Uso de Imagem \u2013 PJ<\/a><\/li>\n<li><a href=\"https:\/\/goias.gov.br\/retomada\/wp-content\/uploads\/sites\/22\/2024\/03\/ANEXO_V___Autodeclaracao_de_Residencia.docx\">Anexo V \u2013 Autodeclara\u00e7\u00e3o de Resid\u00eancia<\/a><\/li>\n<li><a href=\"https:\/\/goias.gov.br\/retomada\/wp-content\/uploads\/sites\/22\/2024\/03\/ANEXO_VI___PROCURACAO_EXTRAJUDICIAL.docx\">Anexo VI \u2013 Procura\u00e7\u00e3o Extrajudicial<\/a><\/li>\n<li><a href=\"https:\/\/goias.gov.br\/retomada\/wp-content\/uploads\/sites\/22\/2024\/04\/202419222000594-adiamento.pdf\">Aviso de Adiamento de Etapas<\/a><\/li>\n<li><a href=\"https:\/\/goias.gov.br\/retomada\/wp-content\/uploads\/sites\/22\/2024\/04\/SEI_59235880_Resultado_Preliminar-1.pdf\">Resultado Preliminar<\/a><\/li>\n<li><a href=\"https:\/\/goias.gov.br\/retomada\/wp-content\/uploads\/sites\/22\/2024\/04\/SEI_59490162_Termo_de_Homologacao.pdf\">Termo de Homologa\u00e7\u00e3o<\/a><\/li>\n<\/ul>\n","protected":false},"excerpt":{"rendered":"<p>Objeto:\u00a0O presente chamamento tem por objetivo selecionar artes\u00e3os e artes\u00e3s, com suas respectivas produ\u00e7\u00f5es para ocupa\u00e7\u00e3o de um espa\u00e7o coletivo de 50 m\u00b2 para a divulga\u00e7\u00e3o e comercializa\u00e7\u00e3o de produtos artesanais no 17\u00b0 Sal\u00e3o do Artesanato Ra\u00edzes Brasileiras, a acontecer no P\u00e1tio Brasil Shopping, no per\u00edodo de\u00a08 \u00e0 12 de maio de 2024. O Sal\u00e3o [&hellip;]<\/p>\n","protected":false},"author":62,"featured_media":0,"parent":31012,"menu_order":0,"comment_status":"closed","ping_status":"closed","template":"","meta":{"footnotes":""},"class_list":["post-31204","page","type-page","status-publish","hentry"],"rttpg_featured_image_url":null,"rttpg_author":{"display_name":"italoreis","author_link":"https:\/\/goias.gov.br\/retomada\/author\/italoreis\/"},"rttpg_comment":0,"rttpg_category":null,"rttpg_excerpt":"Objeto:\u00a0O presente chamamento tem por objetivo selecionar artes\u00e3os e artes\u00e3s, com suas respectivas produ\u00e7\u00f5es para ocupa\u00e7\u00e3o de um espa\u00e7o coletivo de 50 m\u00b2 para a divulga\u00e7\u00e3o e comercializa\u00e7\u00e3o de produtos artesanais no 17\u00b0 Sal\u00e3o do Artesanato Ra\u00edzes Brasileiras, a acontecer no P\u00e1tio Brasil Shopping, no per\u00edodo de\u00a08 \u00e0 12 de maio de 2024. O Sal\u00e3o&hellip;","_links":{"self":[{"href":"https:\/\/goias.gov.br\/retomada\/wp-json\/wp\/v2\/pages\/31204","targetHints":{"allow":["GET"]}}],"collection":[{"href":"https:\/\/goias.gov.br\/retomada\/wp-json\/wp\/v2\/pages"}],"about":[{"href":"https:\/\/goias.gov.br\/retomada\/wp-json\/wp\/v2\/types\/page"}],"author":[{"embeddable":true,"href":"https:\/\/goias.gov.br\/retomada\/wp-json\/wp\/v2\/users\/62"}],"replies":[{"embeddable":true,"href":"https:\/\/goias.gov.br\/retomada\/wp-json\/wp\/v2\/comments?post=31204"}],"version-history":[{"count":1,"href":"https:\/\/goias.gov.br\/retomada\/wp-json\/wp\/v2\/pages\/31204\/revisions"}],"predecessor-version":[{"id":31211,"href":"https:\/\/goias.gov.br\/retomada\/wp-json\/wp\/v2\/pages\/31204\/revisions\/31211"}],"up":[{"embeddable":true,"href":"https:\/\/goias.gov.br\/retomada\/wp-json\/wp\/v2\/pages\/31012"}],"wp:attachment":[{"href":"https:\/\/goias.gov.br\/retomada\/wp-json\/wp\/v2\/media?parent=31204"}],"curies":[{"name":"wp","href":"https:\/\/api.w.org\/{rel}","templated":true}]}}