

{"id":31188,"date":"2025-05-27T14:49:17","date_gmt":"2025-05-27T17:49:17","guid":{"rendered":"https:\/\/goias.gov.br\/retomada\/?page_id=31188"},"modified":"2025-05-27T14:49:17","modified_gmt":"2025-05-27T17:49:17","slug":"05-2024","status":"publish","type":"page","link":"https:\/\/goias.gov.br\/retomada\/editais\/05-2024\/","title":{"rendered":"Edital de Chamamento P\u00fablico\u00a0N\u00ba 05\/2024"},"content":{"rendered":"<p><strong>Objeto:<\/strong> O presente Chamamento P\u00fablico tem por objetivo selecionar artes\u00f5es e entidades representativas do artesanato, com suas respectivas produ\u00e7\u00f5es, para a ocupa\u00e7\u00e3o de espa\u00e7o coletivo, com o intuito de divulgar e comercializar produtos artesanais do Estado de Goi\u00e1s nas seguintes feiras nacionais de <strong>03 a 14 de Julho de 2024-\u00a0<\/strong>\u00a0<strong>24\u00aa Feira Nacional de Neg\u00f3cios do Artesanato (FENEARTE); de 28 de agosto a 01 de setembro de 2024 \u2013\u00a018\u00ba Sal\u00e3o do Artesanato \u2013 Ra\u00edzes Brasileira;<\/strong>\u00a0<strong>de\u00a020 a 29 de Setembro de 2024 \u2013\u00a006\u00aa Feira Nacional de Artesanato e Cultura (FENACCE); e\u00a0 de\u00a007 a 11 de Dezembro de 2024 \u2013\u00a035\u00aa Feira Nacional de Artesanato em Belo Horizonte\/MG.<\/strong><\/p>\n<p>Os Sal\u00f5es e Feiras Nacionais fazem parte do Programa do Artesanato Brasileiro \u2013 PAB, e tem como objetivo colaborar na estrutura\u00e7\u00e3o da Cadeia Produtiva do Artesanato, estimulando o aproveitamento das voca\u00e7\u00f5es de v\u00e1rios Estados do Brasil, dentre eles, o Estado de Goi\u00e1s.<\/p>\n<p><strong>Processo<\/strong>: 202319222002097<\/p>\n<ul class=\"wp-block-list\">\n<li><a href=\"https:\/\/goias.gov.br\/retomada\/wp-content\/uploads\/sites\/22\/2024\/04\/SEI_59491312_Aviso_de_Chamamento_Publico_005.pdf\">Aviso de Chamamento<\/a><\/li>\n<li><a href=\"https:\/\/goias.gov.br\/retomada\/wp-content\/uploads\/sites\/22\/2024\/04\/SEI_59464333_Edital.pdf\">Edital<\/a><\/li>\n<li><a href=\"https:\/\/goias.gov.br\/retomada\/wp-content\/uploads\/sites\/22\/2024\/04\/SEI_59505841_Termo__de__Referencia.pdf\">Termo de Refer\u00eancia<\/a><\/li>\n<li><a href=\"https:\/\/goias.gov.br\/retomada\/wp-content\/uploads\/sites\/22\/2024\/05\/SEI_GOVERNADORIA-60437787-Resultado-Preliminar.pdf\">Resultado Preliminar<\/a><\/li>\n<li><a href=\"https:\/\/goias.gov.br\/retomada\/wp-content\/uploads\/sites\/22\/2024\/05\/SEI_60597557_Retificacao-1.pdf\">Retifica\u00e7\u00e3o Resultado Preliminar<\/a><\/li>\n<li><a href=\"https:\/\/goias.gov.br\/retomada\/wp-content\/uploads\/sites\/22\/2024\/06\/SEI_60931402_Termo_de_Homologacao.pdf\">Termo de Homologa\u00e7\u00e3o<\/a><\/li>\n<\/ul>\n","protected":false},"excerpt":{"rendered":"<p>Objeto: O presente Chamamento P\u00fablico tem por objetivo selecionar artes\u00f5es e entidades representativas do artesanato, com suas respectivas produ\u00e7\u00f5es, para a ocupa\u00e7\u00e3o de espa\u00e7o coletivo, com o intuito de divulgar e comercializar produtos artesanais do Estado de Goi\u00e1s nas seguintes feiras nacionais de 03 a 14 de Julho de 2024-\u00a0\u00a024\u00aa Feira Nacional de Neg\u00f3cios do [&hellip;]<\/p>\n","protected":false},"author":62,"featured_media":0,"parent":31012,"menu_order":0,"comment_status":"closed","ping_status":"closed","template":"","meta":{"footnotes":""},"class_list":["post-31188","page","type-page","status-publish","hentry"],"rttpg_featured_image_url":null,"rttpg_author":{"display_name":"italoreis","author_link":"https:\/\/goias.gov.br\/retomada\/author\/italoreis\/"},"rttpg_comment":0,"rttpg_category":null,"rttpg_excerpt":"Objeto: O presente Chamamento P\u00fablico tem por objetivo selecionar artes\u00f5es e entidades representativas do artesanato, com suas respectivas produ\u00e7\u00f5es, para a ocupa\u00e7\u00e3o de espa\u00e7o coletivo, com o intuito de divulgar e comercializar produtos artesanais do Estado de Goi\u00e1s nas seguintes feiras nacionais de 03 a 14 de Julho de 2024-\u00a0\u00a024\u00aa Feira Nacional de Neg\u00f3cios do&hellip;","_links":{"self":[{"href":"https:\/\/goias.gov.br\/retomada\/wp-json\/wp\/v2\/pages\/31188","targetHints":{"allow":["GET"]}}],"collection":[{"href":"https:\/\/goias.gov.br\/retomada\/wp-json\/wp\/v2\/pages"}],"about":[{"href":"https:\/\/goias.gov.br\/retomada\/wp-json\/wp\/v2\/types\/page"}],"author":[{"embeddable":true,"href":"https:\/\/goias.gov.br\/retomada\/wp-json\/wp\/v2\/users\/62"}],"replies":[{"embeddable":true,"href":"https:\/\/goias.gov.br\/retomada\/wp-json\/wp\/v2\/comments?post=31188"}],"version-history":[{"count":1,"href":"https:\/\/goias.gov.br\/retomada\/wp-json\/wp\/v2\/pages\/31188\/revisions"}],"predecessor-version":[{"id":31203,"href":"https:\/\/goias.gov.br\/retomada\/wp-json\/wp\/v2\/pages\/31188\/revisions\/31203"}],"up":[{"embeddable":true,"href":"https:\/\/goias.gov.br\/retomada\/wp-json\/wp\/v2\/pages\/31012"}],"wp:attachment":[{"href":"https:\/\/goias.gov.br\/retomada\/wp-json\/wp\/v2\/media?parent=31188"}],"curies":[{"name":"wp","href":"https:\/\/api.w.org\/{rel}","templated":true}]}}