

{"id":31174,"date":"2025-05-27T14:46:03","date_gmt":"2025-05-27T17:46:03","guid":{"rendered":"https:\/\/goias.gov.br\/retomada\/?page_id=31174"},"modified":"2025-05-27T14:46:03","modified_gmt":"2025-05-27T17:46:03","slug":"09-2023","status":"publish","type":"page","link":"https:\/\/goias.gov.br\/retomada\/editais\/09-2023\/","title":{"rendered":"Edital de Chamamento P\u00fablico N\u00b009\/2023"},"content":{"rendered":"<p><strong>Objeto<\/strong>:\u00a0O\u00a0ESTADO DE GOI\u00c1S, por meio da\u00a0SECRETARIA DE ESTADO DA RETOMADA\u00a0e por interm\u00e9dio da<b>\u00a0<\/b>COORDENA\u00c7\u00c3O ESTADUAL DE ARTESANATO DE GOI\u00c1S, em conformidade com as diretrizes estabelecidas pelo Programa do Artesanato Brasileiro(PAB) nas Portarias n\u00ba 29\/2010, n\u00ba 8\/2012, n\u00ba 14\/2012 e n\u00ba 26\/2012 e n\u00ba 1.007\/2018 e da Lei Federal 8.666\/93 e Lei Estadual n\u00ba 17.928 de 2012, torna p\u00fablico o processo de sele\u00e7\u00e3o de interessados em participar do\u00a016\u00ba Sal\u00e3o do Artesanato \u2013 Ra\u00edzes Brasileiras,\u00a0a ser realizado no\u00a0P\u00e1tio Brasil shopping \u2013 Setor Comercial Sul,\u00a0Quadra 7 BL A \u2013 Asa Sul, Bras\u00edlia-DF,\u00a0do\u00a0dia 15 \u00e0 19 de Novembro de 2023, nos termos deste Edital e pela legisla\u00e7\u00e3o aplic\u00e1vel.<\/p>\n<p><strong>PROCESSO N\u00ba:<\/strong>\u00a0202319222001721<\/p>\n<p><strong>DATA DE IN\u00cdCIO DE\u00a0ENVIO DAS PROPOSTAS:\u00a0\u00a0<\/strong>\u00a025\/09\/2023<\/p>\n<ul>\n<li><a href=\"https:\/\/goias.gov.br\/retomada\/wp-content\/uploads\/sites\/22\/2023\/05\/TermoReferencia_Chamamento-9b0.pdf\" target=\"_blank\" rel=\"noopener\">Termo de Refer\u00eancia<\/a><\/li>\n<li><a href=\"https:\/\/goias.gov.br\/retomada\/wp-content\/uploads\/sites\/22\/2023\/05\/Aviso_de_Chamamento-c28.pdf\" target=\"_blank\" rel=\"noopener\">Aviso de Chamamento P\u00fablico<\/a><\/li>\n<li><a href=\"https:\/\/goias.gov.br\/retomada\/wp-content\/uploads\/sites\/22\/2023\/05\/Edital_de_Chamamento-ed0.pdf\" target=\"_blank\" rel=\"noopener\">Edital de Chamamento P\u00fablico<\/a><\/li>\n<\/ul>\n","protected":false},"excerpt":{"rendered":"<p>Objeto:\u00a0O\u00a0ESTADO DE GOI\u00c1S, por meio da\u00a0SECRETARIA DE ESTADO DA RETOMADA\u00a0e por interm\u00e9dio da\u00a0COORDENA\u00c7\u00c3O ESTADUAL DE ARTESANATO DE GOI\u00c1S, em conformidade com as diretrizes estabelecidas pelo Programa do Artesanato Brasileiro(PAB) nas Portarias n\u00ba 29\/2010, n\u00ba 8\/2012, n\u00ba 14\/2012 e n\u00ba 26\/2012 e n\u00ba 1.007\/2018 e da Lei Federal 8.666\/93 e Lei Estadual n\u00ba 17.928 de 2012, [&hellip;]<\/p>\n","protected":false},"author":62,"featured_media":0,"parent":31012,"menu_order":0,"comment_status":"closed","ping_status":"closed","template":"","meta":{"footnotes":""},"class_list":["post-31174","page","type-page","status-publish","hentry"],"rttpg_featured_image_url":null,"rttpg_author":{"display_name":"italoreis","author_link":"https:\/\/goias.gov.br\/retomada\/author\/italoreis\/"},"rttpg_comment":0,"rttpg_category":null,"rttpg_excerpt":"Objeto:\u00a0O\u00a0ESTADO DE GOI\u00c1S, por meio da\u00a0SECRETARIA DE ESTADO DA RETOMADA\u00a0e por interm\u00e9dio da\u00a0COORDENA\u00c7\u00c3O ESTADUAL DE ARTESANATO DE GOI\u00c1S, em conformidade com as diretrizes estabelecidas pelo Programa do Artesanato Brasileiro(PAB) nas Portarias n\u00ba 29\/2010, n\u00ba 8\/2012, n\u00ba 14\/2012 e n\u00ba 26\/2012 e n\u00ba 1.007\/2018 e da Lei Federal 8.666\/93 e Lei Estadual n\u00ba 17.928 de 2012,&hellip;","_links":{"self":[{"href":"https:\/\/goias.gov.br\/retomada\/wp-json\/wp\/v2\/pages\/31174","targetHints":{"allow":["GET"]}}],"collection":[{"href":"https:\/\/goias.gov.br\/retomada\/wp-json\/wp\/v2\/pages"}],"about":[{"href":"https:\/\/goias.gov.br\/retomada\/wp-json\/wp\/v2\/types\/page"}],"author":[{"embeddable":true,"href":"https:\/\/goias.gov.br\/retomada\/wp-json\/wp\/v2\/users\/62"}],"replies":[{"embeddable":true,"href":"https:\/\/goias.gov.br\/retomada\/wp-json\/wp\/v2\/comments?post=31174"}],"version-history":[{"count":1,"href":"https:\/\/goias.gov.br\/retomada\/wp-json\/wp\/v2\/pages\/31174\/revisions"}],"predecessor-version":[{"id":31183,"href":"https:\/\/goias.gov.br\/retomada\/wp-json\/wp\/v2\/pages\/31174\/revisions\/31183"}],"up":[{"embeddable":true,"href":"https:\/\/goias.gov.br\/retomada\/wp-json\/wp\/v2\/pages\/31012"}],"wp:attachment":[{"href":"https:\/\/goias.gov.br\/retomada\/wp-json\/wp\/v2\/media?parent=31174"}],"curies":[{"name":"wp","href":"https:\/\/api.w.org\/{rel}","templated":true}]}}