

{"id":31154,"date":"2025-05-27T14:43:52","date_gmt":"2025-05-27T17:43:52","guid":{"rendered":"https:\/\/goias.gov.br\/retomada\/?page_id=31154"},"modified":"2025-05-27T14:43:52","modified_gmt":"2025-05-27T17:43:52","slug":"07-2023","status":"publish","type":"page","link":"https:\/\/goias.gov.br\/retomada\/editais\/07-2023\/","title":{"rendered":"Edital de Chamamento P\u00fablico N\u00b007\/2023"},"content":{"rendered":"<p><strong>Objeto<\/strong>:\u00a0O ESTADO DE GOI\u00c1S, POR MEIO DA SECRETARIA DE ESTADO DA RETOMADA E POR INTERM\u00c9DIO DA COORDENA\u00c7\u00c3O ESTADUAL DE ARTESANATO DE GOI\u00c1S, em conformidade com as diretrizes estabelecidas pelo Programa do Artesanato Brasileiro(PAB) nas Portarias n\u00ba 29\/2010, n\u00ba 8\/2012, n\u00ba 14\/2012 e n\u00ba 26\/2012 e n\u00ba 1.007\/2018 e da Lei Federal 8.666\/93 e Lei Estadual n\u00ba 17.928 de 2012, torna p\u00fablico o processo de sele\u00e7\u00e3o de interessados em participar Fenacce -Feira Nacional de Artesanato e Cultura, a ser realizado no Centro de Eventos do Cear\u00e1 \u2013 Fortaleza do dia 26 de Setembro \u00e0 01 de Outubro de 2023, nos termos deste Edital e pela legisla\u00e7\u00e3o aplic\u00e1vel.<\/p>\n<p><strong>PROCESSO N\u00ba:<\/strong>\u00a0202319222001071<\/p>\n<p><strong>DATA DE ENVIO DAS PROPOSTAS:\u00a0\u00a0<\/strong>04\/07\/2023 \u00e0\u00a010\/07\/2023<\/p>\n<ul>\n<li><a href=\"https:\/\/goias.gov.br\/retomada\/wp-content\/uploads\/sites\/22\/2023\/05\/Portaria_106-701.pdf\" target=\"_blank\" rel=\"noopener\">Portaria Comiss\u00e3o de Sele\u00e7\u00e3o<\/a><\/li>\n<li><a href=\"https:\/\/goias.gov.br\/retomada\/wp-content\/uploads\/sites\/22\/2023\/05\/Edital-a9e.pdf\" target=\"_blank\" rel=\"noopener\">Edital<\/a><\/li>\n<li><a href=\"https:\/\/goias.gov.br\/retomada\/wp-content\/uploads\/sites\/22\/2023\/05\/TermoReferencia-19f.pdf\" target=\"_blank\" rel=\"noopener\">Termo de Refer\u00eancia<\/a><\/li>\n<li><a href=\"https:\/\/goias.gov.br\/retomada\/wp-content\/uploads\/sites\/22\/2023\/05\/SEI_49574075_Retificacao-657.pdf\">Primeira Retifica\u00e7\u00e3o do\u00a0Edital<\/a><\/li>\n<li><a href=\"https:\/\/goias.gov.br\/retomada\/wp-content\/uploads\/sites\/22\/2023\/05\/Resultado_Preliminar-181.pdf\">Resultado Preliminar<\/a><\/li>\n<li><a href=\"https:\/\/goias.gov.br\/retomada\/wp-content\/uploads\/sites\/22\/2023\/05\/Retificacao_Edital-915.pdf\">Segunda Retifica\u00e7\u00e3o do\u00a0Edital<\/a><\/li>\n<li><a href=\"https:\/\/goias.gov.br\/retomada\/wp-content\/uploads\/sites\/22\/2023\/05\/50060765_ResultadoHabilitacao-246.pdf\">Resultado da Habilita\u00e7\u00e3o<\/a><\/li>\n<li><a href=\"https:\/\/goias.gov.br\/retomada\/wp-content\/uploads\/sites\/22\/2023\/05\/50066881_ResultadoAnaliseTecnica-269.pdf\">Resultado da An\u00e1lise T\u00e9cnica<\/a><\/li>\n<li><a href=\"https:\/\/goias.gov.br\/retomada\/wp-content\/uploads\/sites\/22\/2023\/05\/TermoHomologacao-5d6.pdf\">Termo de Homologa\u00e7\u00e3o<\/a><\/li>\n<\/ul>\n","protected":false},"excerpt":{"rendered":"<p>Objeto:\u00a0O ESTADO DE GOI\u00c1S, POR MEIO DA SECRETARIA DE ESTADO DA RETOMADA E POR INTERM\u00c9DIO DA COORDENA\u00c7\u00c3O ESTADUAL DE ARTESANATO DE GOI\u00c1S, em conformidade com as diretrizes estabelecidas pelo Programa do Artesanato Brasileiro(PAB) nas Portarias n\u00ba 29\/2010, n\u00ba 8\/2012, n\u00ba 14\/2012 e n\u00ba 26\/2012 e n\u00ba 1.007\/2018 e da Lei Federal 8.666\/93 e Lei Estadual [&hellip;]<\/p>\n","protected":false},"author":62,"featured_media":0,"parent":31012,"menu_order":0,"comment_status":"closed","ping_status":"closed","template":"","meta":{"footnotes":""},"class_list":["post-31154","page","type-page","status-publish","hentry"],"rttpg_featured_image_url":null,"rttpg_author":{"display_name":"italoreis","author_link":"https:\/\/goias.gov.br\/retomada\/author\/italoreis\/"},"rttpg_comment":0,"rttpg_category":null,"rttpg_excerpt":"Objeto:\u00a0O ESTADO DE GOI\u00c1S, POR MEIO DA SECRETARIA DE ESTADO DA RETOMADA E POR INTERM\u00c9DIO DA COORDENA\u00c7\u00c3O ESTADUAL DE ARTESANATO DE GOI\u00c1S, em conformidade com as diretrizes estabelecidas pelo Programa do Artesanato Brasileiro(PAB) nas Portarias n\u00ba 29\/2010, n\u00ba 8\/2012, n\u00ba 14\/2012 e n\u00ba 26\/2012 e n\u00ba 1.007\/2018 e da Lei Federal 8.666\/93 e Lei Estadual&hellip;","_links":{"self":[{"href":"https:\/\/goias.gov.br\/retomada\/wp-json\/wp\/v2\/pages\/31154","targetHints":{"allow":["GET"]}}],"collection":[{"href":"https:\/\/goias.gov.br\/retomada\/wp-json\/wp\/v2\/pages"}],"about":[{"href":"https:\/\/goias.gov.br\/retomada\/wp-json\/wp\/v2\/types\/page"}],"author":[{"embeddable":true,"href":"https:\/\/goias.gov.br\/retomada\/wp-json\/wp\/v2\/users\/62"}],"replies":[{"embeddable":true,"href":"https:\/\/goias.gov.br\/retomada\/wp-json\/wp\/v2\/comments?post=31154"}],"version-history":[{"count":1,"href":"https:\/\/goias.gov.br\/retomada\/wp-json\/wp\/v2\/pages\/31154\/revisions"}],"predecessor-version":[{"id":31161,"href":"https:\/\/goias.gov.br\/retomada\/wp-json\/wp\/v2\/pages\/31154\/revisions\/31161"}],"up":[{"embeddable":true,"href":"https:\/\/goias.gov.br\/retomada\/wp-json\/wp\/v2\/pages\/31012"}],"wp:attachment":[{"href":"https:\/\/goias.gov.br\/retomada\/wp-json\/wp\/v2\/media?parent=31154"}],"curies":[{"name":"wp","href":"https:\/\/api.w.org\/{rel}","templated":true}]}}