

{"id":31135,"date":"2025-05-27T14:42:40","date_gmt":"2025-05-27T17:42:40","guid":{"rendered":"https:\/\/goias.gov.br\/retomada\/?page_id=31135"},"modified":"2025-05-27T14:42:40","modified_gmt":"2025-05-27T17:42:40","slug":"06-2023","status":"publish","type":"page","link":"https:\/\/goias.gov.br\/retomada\/editais\/06-2023\/","title":{"rendered":"Edital de Chamamento P\u00fablico N\u00b006\/2023"},"content":{"rendered":"<p><strong>Objeto<\/strong>:\u00a0O ESTADO DE GOI\u00c1S, por interveni\u00eancia da SECRETARIA DE ESTADO DA RETOMADA,\u00a0torna p\u00fablico, por meio de publica\u00e7\u00f5es realizadas no Di\u00e1rio Oficial do Estado de Goi\u00e1s e em via\u00a0eletr\u00f4nica, para conhecimento dos interessados, que estar\u00e1 aberto o Instrumento de CHAMAMENTO\u00a0P\u00daBLICO n.\u00ba 06\/2023 e seus anexos, objetivando a sele\u00e7\u00e3o de propostas para a celebra\u00e7\u00e3o de parceria\u00a0entre o Estado de Goi\u00e1s, por meio da Secretaria de Estado da Retomada, atrav\u00e9s da formaliza\u00e7\u00e3o de Termo\u00a0de Colabora\u00e7\u00e3o, para a realiza\u00e7\u00e3o de finalidade de interesse p\u00fablico e rec\u00edproco que envolve a\u00a0transfer\u00eancia de recursos financeiros \u00e0 Organiza\u00e7\u00e3o da Sociedade Civil, conforme condi\u00e7\u00f5es estabelecidas\u00a0em Edital de Chamamento P\u00fablico, objetivando a realiza\u00e7\u00e3o do evento &#8220;Mais Araguaia&#8221;, que\u00a0 correr\u00e1 no\u00a0per\u00edodo que se estende de maio a julho de 2023, nos termos da Lei Federal n\u00b0 13.019, de 31 de julho de\u00a02014, e demais normativos aplic\u00e1veis, al\u00e9m das condi\u00e7\u00f5es previstas no Edital. A retirada do Edital e de\u00a0seus Anexos, bem como todos os atos, convoca\u00e7\u00f5es e resultados\/julgamentos, poder\u00e1 ser feita na\u00a0Secretaria de Estado da Retomada \u2013 SER, localizada na Pra\u00e7a Dr. Pedro Ludovico Teixeira (Pra\u00e7a C\u00edvica),\u00a0Centro, Goi\u00e2nia \u2013 Goi\u00e1s, CEP 74.003.010, Fone: (62) 3201-5205, ou ainda pelo endere\u00e7o eletr\u00f4nico:\u00a0<a href=\"http:\/\/www.retomada.go.gov.br\/\">www.retomada.go.gov.br<\/a>.<\/p>\n<p><strong>PROCESSO N\u00ba:<\/strong>\u00a0202319222000658<\/p>\n<p><strong>DATA DE ENVIO DAS PROPOSTAS:\u00a0\u00a0<\/strong>10\/05\/2023 \u00e0 09\/06\/2023<\/p>\n<ul>\n<li><a href=\"https:\/\/goias.gov.br\/retomada\/wp-content\/uploads\/sites\/22\/2023\/05\/AvisodeChamamentoPublico06-2023-e4d.pdf\" target=\"_blank\" rel=\"noopener\">Aviso de Chamamento P\u00fablico 06-2023<\/a><\/li>\n<li><a href=\"https:\/\/goias.gov.br\/retomada\/wp-content\/uploads\/sites\/22\/2023\/05\/PortariaComissaodeselecao-41b.pdf\" target=\"_blank\" rel=\"noopener\">Portaria Comiss\u00e3o de sele\u00e7\u00e3o<\/a><\/li>\n<li><a href=\"https:\/\/goias.gov.br\/retomada\/wp-content\/uploads\/sites\/22\/2023\/05\/Edital-324.pdf\" target=\"_blank\" rel=\"noopener\">Edital<\/a><\/li>\n<li><a href=\"https:\/\/goias.gov.br\/retomada\/wp-content\/uploads\/sites\/22\/2023\/05\/MinutadoTermodeColaboracao-099.pdf\" target=\"_blank\" rel=\"noopener\">Minuta do Termo de Colabora\u00e7\u00e3o<\/a><\/li>\n<li><a href=\"https:\/\/goias.gov.br\/retomada\/wp-content\/uploads\/sites\/22\/2023\/05\/SEI_GOVERNADORIA_-_47487189_-_Termo_de_Referencia-23c.pdf\" target=\"_blank\" rel=\"noopener\">Termo de Refer\u00eancia<\/a><\/li>\n<li><a href=\"https:\/\/goias.gov.br\/retomada\/wp-content\/uploads\/sites\/22\/2023\/05\/SEI_GOVERNADORIA-47712276-Retificacao-3ca.pdf\" target=\"_blank\" rel=\"noopener\">Retifica\u00e7\u00e3o do Edital<\/a><\/li>\n<li><a href=\"https:\/\/goias.gov.br\/retomada\/wp-content\/uploads\/sites\/22\/2023\/05\/01_PedidoEsclarecimentos-26c.pdf\">Solicita\u00e7\u00e3o de Esclarecimentos<\/a><\/li>\n<li><a href=\"https:\/\/goias.gov.br\/retomada\/wp-content\/uploads\/sites\/22\/2023\/05\/02_RespostaPedidoEsclarecimentos-21d.pdf\">Resposta ao Pedido de Esclarecimento<\/a><\/li>\n<li><a href=\"https:\/\/goias.gov.br\/retomada\/wp-content\/uploads\/sites\/22\/2023\/05\/SEI_48467616_Retificacao-472.pdf\" target=\"_blank\" rel=\"noopener\">Segunda retifica\u00e7\u00e3o ao edital para altera\u00e7\u00e3o da data de recebimento das propostas e abertura dos envelope<\/a><\/li>\n<li><a href=\"https:\/\/goias.gov.br\/retomada\/wp-content\/uploads\/sites\/22\/2023\/05\/48653083_Recibo_Oficio_OSC-695.pdf\" target=\"_blank\" rel=\"noopener\">Recibo e Of\u00edcio OSC \u2013 IDESA<\/a><\/li>\n<li><a href=\"https:\/\/goias.gov.br\/retomada\/wp-content\/uploads\/sites\/22\/2023\/05\/48639329_E_mail_OSC_IDESA-7d2.pdf\" target=\"_blank\" rel=\"noopener\">E-mail OSC \u2013 IDESA\u00a0<\/a><\/li>\n<li><a href=\"https:\/\/goias.gov.br\/retomada\/wp-content\/uploads\/sites\/22\/2023\/05\/48639108_Proposta_OSC_IDESA-5fa.pdf\" target=\"_blank\" rel=\"noopener\">Proposta OSC \u2013 IDESA\u00a0<\/a><\/li>\n<li><a href=\"https:\/\/goias.gov.br\/retomada\/wp-content\/uploads\/sites\/22\/2023\/05\/48653179_Recibo_OSC_BrasilCriativo-2a6.pdf\" target=\"_blank\" rel=\"noopener\">Recibo OSC\u00a0Brasil Criativo<\/a><\/li>\n<li><a href=\"https:\/\/goias.gov.br\/retomada\/wp-content\/uploads\/sites\/22\/2023\/05\/48640297_E_mail_OSC_BrasilCriativo-15d.pdf\" target=\"_blank\" rel=\"noopener\">E-mail OSC Brasil Criativo\u00a0<\/a><\/li>\n<li><a href=\"https:\/\/goias.gov.br\/retomada\/wp-content\/uploads\/sites\/22\/2023\/05\/48642095_Proposta_OSC_BrasilCriativo1-cd5.pdf\" target=\"_blank\" rel=\"noopener\">Proposta OSC Brasil Criativo Parte 1<\/a><\/li>\n<li><a href=\"https:\/\/goias.gov.br\/retomada\/wp-content\/uploads\/sites\/22\/2023\/05\/48642095_Proposta_OSC_BrasilCriativo2-8af.pdf\" target=\"_blank\" rel=\"noopener\">Proposta OSC Brasil Criativo Parte 2<\/a><\/li>\n<li><a href=\"https:\/\/goias.gov.br\/retomada\/wp-content\/uploads\/sites\/22\/2023\/05\/48642095_Proposta_OSC_BrasilCriativo3-b79.pdf\" target=\"_blank\" rel=\"noopener\">Proposta OSC Brasil Criativo Parte 3<\/a><\/li>\n<li><a href=\"https:\/\/goias.gov.br\/retomada\/wp-content\/uploads\/sites\/22\/2023\/05\/48642095_Proposta_OSC_BrasilCriativo4-05b.pdf\" target=\"_blank\" rel=\"noopener\">Proposta OSC Brasil Criativo Parte 4<\/a><\/li>\n<li><a href=\"https:\/\/goias.gov.br\/retomada\/wp-content\/uploads\/sites\/22\/2023\/05\/48642095_Proposta_OSC_BrasilCriativo5-38d.pdf\" target=\"_blank\" rel=\"noopener\">Proposta OSC Brasil Criativo Parte 5<\/a><\/li>\n<li><a href=\"https:\/\/goias.gov.br\/retomada\/wp-content\/uploads\/sites\/22\/2023\/05\/48642095_Proposta_OSC_BrasilCriativo6-7f7.pdf\" target=\"_blank\" rel=\"noopener\">Proposta OSC Brasil Criativo Parte 6<\/a><\/li>\n<li><a href=\"https:\/\/goias.gov.br\/retomada\/wp-content\/uploads\/sites\/22\/2023\/05\/48642095_Proposta_OSC_BrasilCriativo7-421.pdf\" target=\"_blank\" rel=\"noopener\">Proposta OSC Brasil Criativo Parte 7<\/a><\/li>\n<li><a href=\"https:\/\/goias.gov.br\/retomada\/wp-content\/uploads\/sites\/22\/2023\/05\/48642095_Proposta_OSC_BrasilCriativo8-c04.pdf\" target=\"_blank\" rel=\"noopener\">Proposta OSC Brasil Criativo Parte 8<\/a><\/li>\n<li><a href=\"https:\/\/goias.gov.br\/retomada\/wp-content\/uploads\/sites\/22\/2023\/05\/48642095_Proposta_OSC_BrasilCriativo9-fd2.pdf\" target=\"_blank\" rel=\"noopener\">Proposta OSC Brasil Criativo Parte 9<\/a><\/li>\n<li><a href=\"https:\/\/goias.gov.br\/retomada\/wp-content\/uploads\/sites\/22\/2023\/05\/48642095_Proposta_OSC_BrasilCriativo10-ebd.pdf\" target=\"_blank\" rel=\"noopener\">Proposta OSC Brasil Criativo Parte 10<\/a><\/li>\n<li><a href=\"https:\/\/goias.gov.br\/retomada\/wp-content\/uploads\/sites\/22\/2023\/05\/48642095_Proposta_OSC_BrasilCriativo11-d6b.pdf\" target=\"_blank\" rel=\"noopener\">Proposta OSC Brasil Criativo Parte 11<\/a><\/li>\n<li><a href=\"https:\/\/goias.gov.br\/retomada\/wp-content\/uploads\/sites\/22\/2023\/05\/48642095_Proposta_OSC_BrasilCriativo12-911.pdf\" target=\"_blank\" rel=\"noopener\">Proposta OSC Brasil Criativo Parte 12<\/a><\/li>\n<li><a href=\"https:\/\/goias.gov.br\/retomada\/wp-content\/uploads\/sites\/22\/2023\/05\/48642095_Proposta_OSC_BrasilCriativo13-ac7.pdf\" target=\"_blank\" rel=\"noopener\">Proposta OSC Brasil Criativo Parte 13<\/a><\/li>\n<li><a href=\"https:\/\/goias.gov.br\/retomada\/wp-content\/uploads\/sites\/22\/2023\/05\/48642095_Proposta_OSC_BrasilCriativo14-1e5.pdf\" target=\"_blank\" rel=\"noopener\">Proposta OSC Brasil Criativo Parte 14<\/a><\/li>\n<li><a href=\"https:\/\/goias.gov.br\/retomada\/wp-content\/uploads\/sites\/22\/2023\/05\/48643118_E_mail_OSC_AssociacaoCoach-4e3.pdf\" target=\"_blank\" rel=\"noopener\">E-mail OSC Associa\u00e7\u00e3o Coach Santiago Santana Esportes<\/a><\/li>\n<li><a href=\"https:\/\/goias.gov.br\/retomada\/wp-content\/uploads\/sites\/22\/2023\/05\/48644677_Proposta_OSC_AssociacaoCoach-5e1.pdf\" target=\"_blank\" rel=\"noopener\">Proposta OSC Associa\u00e7\u00e3o Coach Santiago Santana Esportes\u00a0<\/a><a href=\"https:\/\/goias.gov.br\/retomada\/wp-content\/uploads\/sites\/22\/2023\/05\/48644677_Proposta_OSC_AssociacaoCoach-5e1.pdf\" target=\"_blank\" rel=\"noopener\">DOC DIGITAL<\/a><\/li>\n<li><a href=\"https:\/\/goias.gov.br\/retomada\/wp-content\/uploads\/sites\/22\/2023\/05\/48649251_Proposta_OSC_AssociacaoCoachDocFisico-aa2.pdf\" target=\"_blank\" rel=\"noopener\">Proposta OSC \u2013 Associa\u00e7\u00e3o Coach\u00a0DOC F\u00cdSICO<\/a><\/li>\n<li><a href=\"https:\/\/goias.gov.br\/retomada\/wp-content\/uploads\/sites\/22\/2023\/05\/48644827_E_mail_OSC_Idheias-8eb.pdf\" target=\"_blank\" rel=\"noopener\">E-mail OSC Idheias<\/a><\/li>\n<li><a href=\"https:\/\/goias.gov.br\/retomada\/wp-content\/uploads\/sites\/22\/2023\/05\/48651694_Proposta_OSC_Idheias1-84a.pdf\" target=\"_blank\" rel=\"noopener\">Proposta OSC Idheias DOC DIGITAL\u00a0Parte 1<\/a><\/li>\n<li><a href=\"https:\/\/goias.gov.br\/retomada\/wp-content\/uploads\/sites\/22\/2023\/05\/48651694_Proposta_OSC_Idheias2-c30.pdf\" target=\"_blank\" rel=\"noopener\">Proposta OSC Idheias DOC DIGITAL Parte 2<\/a><\/li>\n<li><a href=\"https:\/\/goias.gov.br\/retomada\/wp-content\/uploads\/sites\/22\/2023\/05\/48651694_Proposta_OSC_Idheias3-fe6.pdf\" target=\"_blank\" rel=\"noopener\">Proposta OSC Idheias DOC DIGITAL Parte 3<\/a><\/li>\n<li><a href=\"https:\/\/goias.gov.br\/retomada\/wp-content\/uploads\/sites\/22\/2023\/05\/48651694_Proposta_OSC_Idheias4-4c4.pdf\" target=\"_blank\" rel=\"noopener\">Proposta OSC Idheias DOC DIGITAL Parte 4<\/a><\/li>\n<li><a href=\"https:\/\/goias.gov.br\/retomada\/wp-content\/uploads\/sites\/22\/2023\/05\/48651694_Proposta_OSC_Idheias5-712.pdf\" target=\"_blank\" rel=\"noopener\">Proposta OSC Idheias DOC DIGITAL Parte 5<\/a><\/li>\n<li><a href=\"https:\/\/goias.gov.br\/retomada\/wp-content\/uploads\/sites\/22\/2023\/05\/48651694_Proposta_OSC_Idheias6-368.pdf\" target=\"_blank\" rel=\"noopener\">Proposta OSC Idheias DOC DIGITAL Parte 6<\/a><\/li>\n<li><a href=\"https:\/\/goias.gov.br\/retomada\/wp-content\/uploads\/sites\/22\/2023\/05\/48651694_Proposta_OSC_Idheias7-0be.pdf\" target=\"_blank\" rel=\"noopener\">Proposta OSC Idheias DOC DIGITAL\u00a0Parte 7<\/a><\/li>\n<li><a href=\"https:\/\/goias.gov.br\/retomada\/wp-content\/uploads\/sites\/22\/2023\/05\/48651694_Proposta_OSC_Idheias8-89b.pdf\" target=\"_blank\" rel=\"noopener\">Proposta OSC Idheias DOC DIGITAL\u00a0 Parte 8<\/a><\/li>\n<li><a href=\"https:\/\/goias.gov.br\/retomada\/wp-content\/uploads\/sites\/22\/2023\/05\/48648130_Proposta_OSC_Idheias1-13b.pdf\" target=\"_blank\" rel=\"noopener\">Proposta OSC Idheias DOC FISICO Parte 1<\/a><\/li>\n<li><a href=\"https:\/\/goias.gov.br\/retomada\/wp-content\/uploads\/sites\/22\/2023\/05\/48648130_Proposta_OSC_Idheias2-541.pdf\" target=\"_blank\" rel=\"noopener\">Proposta OSC Idheias DOC F\u00cdSICO\u00a0Parte 2<\/a><\/li>\n<li><a href=\"https:\/\/goias.gov.br\/retomada\/wp-content\/uploads\/sites\/22\/2023\/05\/48648130_Proposta_OSC_Idheias3-697.pdf\" target=\"_blank\" rel=\"noopener\">Proposta OSC Idheias DOC F\u00cdSICO Parte 3<\/a><\/li>\n<li><a href=\"https:\/\/goias.gov.br\/retomada\/wp-content\/uploads\/sites\/22\/2023\/05\/48645445_E_mail_Elysium-377.pdf\" target=\"_blank\" rel=\"noopener\">E-mail OSC Elysium<\/a><\/li>\n<li><a href=\"https:\/\/goias.gov.br\/retomada\/wp-content\/uploads\/sites\/22\/2023\/05\/48645811_Proposta_OSC_Elysium1-442.pdf\" target=\"_blank\" rel=\"noopener\">Proposta OSC Elysium DOC DIGITAL.Parte 1<\/a><\/li>\n<li><a href=\"https:\/\/goias.gov.br\/retomada\/wp-content\/uploads\/sites\/22\/2023\/05\/48645811_Proposta_OSC_Elysium2-038.pdf\" target=\"_blank\" rel=\"noopener\">Proposta OSC Elysium DOC DIGITAL.Parte 2<\/a><\/li>\n<li><a href=\"https:\/\/goias.gov.br\/retomada\/wp-content\/uploads\/sites\/22\/2023\/05\/48645811_Proposta_OSC_Elysium3-3ee.pdf\" target=\"_blank\" rel=\"noopener\">Proposta OSC Elysium DOC DIGITAL Parte 3<\/a><\/li>\n<li><a href=\"https:\/\/goias.gov.br\/retomada\/wp-content\/uploads\/sites\/22\/2023\/05\/48645811_Proposta_OSC_Elysium4-8cc.pdf\" target=\"_blank\" rel=\"noopener\">Proposta OSC Elysium DOC DIGITAL Parte 4<\/a><\/li>\n<li><a href=\"https:\/\/goias.gov.br\/retomada\/wp-content\/uploads\/sites\/22\/2023\/05\/48655230_Proposta_OSC_ElysiumFis1-bf0.pdf\" target=\"_blank\" rel=\"noopener\">Proposta OSC Elysium F\u00cdSICO Parte 1<\/a><\/li>\n<li><a href=\"https:\/\/goias.gov.br\/retomada\/wp-content\/uploads\/sites\/22\/2023\/05\/48655230_Proposta_OSC_ElysiumFis2-f8a.pdf\" target=\"_blank\" rel=\"noopener\">Proposta OSC Elysium F\u00cdSICO Parte 2<\/a><\/li>\n<li><a href=\"https:\/\/goias.gov.br\/retomada\/wp-content\/uploads\/sites\/22\/2023\/05\/48655230_Proposta_OSC_ElysiumFis3-c5c.pdf\" target=\"_blank\" rel=\"noopener\">Proposta OSC Elysium F\u00cdSICO\u00a0Parte 3<\/a><\/li>\n<li><a href=\"https:\/\/goias.gov.br\/retomada\/wp-content\/uploads\/sites\/22\/2023\/05\/48655230_Proposta_OSC_ElysiumFis4-77e.pdf\" target=\"_blank\" rel=\"noopener\">Proposta OSC Elysium F\u00cdSICO Parte 4<\/a><\/li>\n<li><a href=\"https:\/\/goias.gov.br\/retomada\/wp-content\/uploads\/sites\/22\/2023\/05\/48655230_Proposta_OSC_ElysiumFis5-4a8.pdf\" target=\"_blank\" rel=\"noopener\">Proposta OSC Elysium F\u00cdSICO\u00a0Parte 5<\/a><\/li>\n<li><a href=\"https:\/\/goias.gov.br\/retomada\/wp-content\/uploads\/sites\/22\/2023\/05\/48649840_Ata-4e8.pdf\" target=\"_blank\" rel=\"noopener\">Ata Comiss\u00e3o de Sele\u00e7\u00e3o \u2013 Abertura dos Envelopes<\/a><\/li>\n<li><a href=\"https:\/\/goias.gov.br\/retomada\/wp-content\/uploads\/sites\/22\/2023\/05\/48709065_AtaReuniao-d0b.pdf\">Ata Comiss\u00e3o de Sele\u00e7\u00e3o \u2013 Resultado Preliminar<\/a><\/li>\n<li><a href=\"https:\/\/goias.gov.br\/retomada\/wp-content\/uploads\/sites\/22\/2023\/05\/48709216_ResultadoPreliminar-3c0.pdf\">Resultado Preliminar<\/a><\/li>\n<li><a href=\"https:\/\/goias.gov.br\/retomada\/wp-content\/uploads\/sites\/22\/2023\/05\/48910882_OFICIO_202023_RecursoElysium-c72.pdf\">Recurso Elysium \u2013\u00a0Of\u00edcio 20\/2023.pdf<\/a><\/li>\n<li><a href=\"https:\/\/goias.gov.br\/retomada\/wp-content\/uploads\/sites\/22\/2023\/05\/contrarrazoes-a36.pdf\">Contrarraz\u00f5es de Recurso<\/a><\/li>\n<li><a href=\"https:\/\/goias.gov.br\/retomada\/wp-content\/uploads\/sites\/22\/2023\/05\/49132388_Resposta-a2f.pdf\">Resposta de Recurso e Contrarrecurso<\/a><\/li>\n<li><a href=\"https:\/\/goias.gov.br\/retomada\/wp-content\/uploads\/sites\/22\/2023\/05\/49207912_ResultadoFinal-bae.pdf\">Resultado Final<\/a><\/li>\n<li><a href=\"https:\/\/goias.gov.br\/retomada\/wp-content\/uploads\/sites\/22\/2023\/05\/Ata_Analise_Plano-819.pdf\">Ata<\/a><\/li>\n<li><a href=\"https:\/\/goias.gov.br\/retomada\/wp-content\/uploads\/sites\/22\/2023\/05\/Homologacao-bad.pdf\">Termo de Homologa\u00e7\u00e3o<\/a><\/li>\n<li><a href=\"https:\/\/goias.gov.br\/retomada\/wp-content\/uploads\/sites\/22\/2023\/05\/Termo-c76.pdf\">Termo de Colabora\u00e7\u00e3o<\/a><\/li>\n<li><a href=\"https:\/\/goias.gov.br\/retomada\/wp-content\/uploads\/sites\/22\/2023\/05\/49985339_Aditivo-e55.pdf\">Aditivo<\/a><\/li>\n<li><a href=\"https:\/\/goias.gov.br\/retomada\/wp-content\/uploads\/sites\/22\/2023\/05\/ERRATA-aditivo-mais-araguaia-5ae.pdf\">Errata do Aditivo<\/a><\/li>\n<\/ul>\n<h3><span style=\"color: #008000;\"><strong>ANEXOS<\/strong><\/span><\/h3>\n<ul>\n<li><a href=\"https:\/\/goias.gov.br\/retomada\/wp-content\/uploads\/sites\/22\/2023\/05\/ANEXOS_I_DECLARACAO_DE_CIENCIA_E_CONCORDANCIA-350.pdf\">Anexo I \u2013 Declara\u00e7\u00e3o de Ci\u00eancia e Concord\u00e2ncia<\/a><\/li>\n<li><a id=\"\" title=\"\" href=\"https:\/\/goias.gov.br\/retomada\/wp-content\/uploads\/sites\/22\/2023\/05\/ANEXOS_II_DECLARACAO_SOBRE_INSTALACOES_E_CONDICOES_MATERIAIS-8e8.pdf\" target=\"\" rel=\"noopener\">Anexo II \u2013 Declara\u00e7\u00e3o Sobre Instala\u00e7\u00f5es e Condi\u00e7\u00f5es Materiais<\/a><\/li>\n<li><a href=\"https:\/\/goias.gov.br\/retomada\/wp-content\/uploads\/sites\/22\/2023\/05\/ANEXOS_III_DECLARACAO_E_RELACAO_DOS_DIRIGENTES_DA_ENTIDADE-ee7.pdf\">Anexo III \u2013 Declara\u00e7\u00e3o e Rela\u00e7\u00e3o dos Dirigentes da Entidade<\/a><\/li>\n<li><a href=\"https:\/\/goias.gov.br\/retomada\/wp-content\/uploads\/sites\/22\/2023\/05\/ANEXOS_IV_DECLARACAO_DA_NAO_OCORRENCIA_DE_IMPEDIMENTOS-cbe.pdf\">Anexo IV \u2013 Declara\u00e7\u00e3o da N\u00e3o Ocorr\u00eancia de Impedimentos<\/a><\/li>\n<li><a href=\"https:\/\/goias.gov.br\/retomada\/wp-content\/uploads\/sites\/22\/2023\/05\/ANEXOS_V_DIRETRIZES_PARA_PROPOSTA-c8d.pdf\">Anexo V \u2013 Diretrizes Para Proposta<\/a><\/li>\n<li><a href=\"https:\/\/goias.gov.br\/retomada\/wp-content\/uploads\/sites\/22\/2023\/05\/ANEXO_VI_PLANO_DE_TRABALHO-2a5.pdf\">Anexo VI \u2013 Plano de Trabalho<\/a><\/li>\n<\/ul>\n","protected":false},"excerpt":{"rendered":"<p>Objeto:\u00a0O ESTADO DE GOI\u00c1S, por interveni\u00eancia da SECRETARIA DE ESTADO DA RETOMADA,\u00a0torna p\u00fablico, por meio de publica\u00e7\u00f5es realizadas no Di\u00e1rio Oficial do Estado de Goi\u00e1s e em via\u00a0eletr\u00f4nica, para conhecimento dos interessados, que estar\u00e1 aberto o Instrumento de CHAMAMENTO\u00a0P\u00daBLICO n.\u00ba 06\/2023 e seus anexos, objetivando a sele\u00e7\u00e3o de propostas para a celebra\u00e7\u00e3o de parceria\u00a0entre o [&hellip;]<\/p>\n","protected":false},"author":62,"featured_media":0,"parent":31012,"menu_order":0,"comment_status":"closed","ping_status":"closed","template":"","meta":{"footnotes":""},"class_list":["post-31135","page","type-page","status-publish","hentry"],"rttpg_featured_image_url":null,"rttpg_author":{"display_name":"italoreis","author_link":"https:\/\/goias.gov.br\/retomada\/author\/italoreis\/"},"rttpg_comment":0,"rttpg_category":null,"rttpg_excerpt":"Objeto:\u00a0O ESTADO DE GOI\u00c1S, por interveni\u00eancia da SECRETARIA DE ESTADO DA RETOMADA,\u00a0torna p\u00fablico, por meio de publica\u00e7\u00f5es realizadas no Di\u00e1rio Oficial do Estado de Goi\u00e1s e em via\u00a0eletr\u00f4nica, para conhecimento dos interessados, que estar\u00e1 aberto o Instrumento de CHAMAMENTO\u00a0P\u00daBLICO n.\u00ba 06\/2023 e seus anexos, objetivando a sele\u00e7\u00e3o de propostas para a celebra\u00e7\u00e3o de parceria\u00a0entre o&hellip;","_links":{"self":[{"href":"https:\/\/goias.gov.br\/retomada\/wp-json\/wp\/v2\/pages\/31135","targetHints":{"allow":["GET"]}}],"collection":[{"href":"https:\/\/goias.gov.br\/retomada\/wp-json\/wp\/v2\/pages"}],"about":[{"href":"https:\/\/goias.gov.br\/retomada\/wp-json\/wp\/v2\/types\/page"}],"author":[{"embeddable":true,"href":"https:\/\/goias.gov.br\/retomada\/wp-json\/wp\/v2\/users\/62"}],"replies":[{"embeddable":true,"href":"https:\/\/goias.gov.br\/retomada\/wp-json\/wp\/v2\/comments?post=31135"}],"version-history":[{"count":1,"href":"https:\/\/goias.gov.br\/retomada\/wp-json\/wp\/v2\/pages\/31135\/revisions"}],"predecessor-version":[{"id":31151,"href":"https:\/\/goias.gov.br\/retomada\/wp-json\/wp\/v2\/pages\/31135\/revisions\/31151"}],"up":[{"embeddable":true,"href":"https:\/\/goias.gov.br\/retomada\/wp-json\/wp\/v2\/pages\/31012"}],"wp:attachment":[{"href":"https:\/\/goias.gov.br\/retomada\/wp-json\/wp\/v2\/media?parent=31135"}],"curies":[{"name":"wp","href":"https:\/\/api.w.org\/{rel}","templated":true}]}}