

{"id":31055,"date":"2025-05-27T14:37:10","date_gmt":"2025-05-27T17:37:10","guid":{"rendered":"https:\/\/goias.gov.br\/retomada\/?page_id=31055"},"modified":"2025-05-27T14:37:10","modified_gmt":"2025-05-27T17:37:10","slug":"05-2023","status":"publish","type":"page","link":"https:\/\/goias.gov.br\/retomada\/editais\/05-2023\/","title":{"rendered":"Edital de Chamamento P\u00fablico N\u00b005\/2023"},"content":{"rendered":"<p><strong>Objeto<\/strong>: Chamamento P\u00fablico n\u00ba. 05\/2023 \u00a0cujo objeto \u00e9 selecionar artes\u00e3os e artes\u00e3s, com suas respectivas produ\u00e7\u00f5es, para ocupa\u00e7\u00e3o de um espa\u00e7o coletivo para a divulga\u00e7\u00e3o e comercializa\u00e7\u00e3o de produtos artesanais na Feira de Arte Goi\u00e1s &#8211; FARGO, a ser realizado no Centro Cultural Oscar Niemayer \u2013 Goi\u00e2nia (GO) do dia 24 de Maio de 2023 a 28 de Maio de 2023.<\/p>\n<p><strong>Processo<\/strong>: 202319222000767<\/p>\n<ul>\n<li><a id=\"\" title=\"\" href=\"https:\/\/goias.gov.br\/retomada\/wp-content\/uploads\/sites\/22\/2023\/05\/Chamamento052023-AvisodeChamamentoPublico-f6c.pdf\" target=\"\" rel=\"noopener\">Aviso de Chamamento P\u00fablico<\/a><\/li>\n<li><a id=\"\" title=\"\" href=\"https:\/\/goias.gov.br\/retomada\/wp-content\/uploads\/sites\/22\/2023\/05\/Chamamento052023-Edital-1c8.pdf\" target=\"\" rel=\"noopener\">Edital<\/a><\/li>\n<li><a id=\"\" title=\"\" href=\"https:\/\/goias.gov.br\/retomada\/wp-content\/uploads\/sites\/22\/2023\/05\/Chamamento052023-TermodeReferencia-8fc.pdf\" target=\"\" rel=\"noopener\">Termo de Refer\u00eancia<\/a><\/li>\n<li><a href=\"https:\/\/goias.gov.br\/retomada\/wp-content\/uploads\/sites\/22\/2023\/05\/SEI_GOVERNADORIA-47261336-Portaria-1-425.pdf\" target=\"_blank\" rel=\"noopener\">Portaria<\/a><\/li>\n<li><a href=\"https:\/\/goias.gov.br\/retomada\/wp-content\/uploads\/sites\/22\/2023\/05\/SEI_GOVERNADORIA-47487980-Relatorio-094.pdf\" target=\"_blank\" rel=\"noopener\">Relat\u00f3rio<\/a><\/li>\n<li><a href=\"https:\/\/goias.gov.br\/retomada\/wp-content\/uploads\/sites\/22\/2023\/05\/SEI_GOVERNADORIA-47516358-ResultadoPreliminar-d60.pdf\" target=\"_blank\" rel=\"noopener\">Resultado Preliminar<\/a><\/li>\n<li><a href=\"https:\/\/goias.gov.br\/retomada\/wp-content\/uploads\/sites\/22\/2023\/05\/SEI_GOVERNADORIA-47736530-TermodeHomologacao-685.pdf\" target=\"_blank\" rel=\"noopener\">Termo de Homologa\u00e7\u00e3o<\/a><\/li>\n<\/ul>\n","protected":false},"excerpt":{"rendered":"<p>Objeto: Chamamento P\u00fablico n\u00ba. 05\/2023 \u00a0cujo objeto \u00e9 selecionar artes\u00e3os e artes\u00e3s, com suas respectivas produ\u00e7\u00f5es, para ocupa\u00e7\u00e3o de um espa\u00e7o coletivo para a divulga\u00e7\u00e3o e comercializa\u00e7\u00e3o de produtos artesanais na Feira de Arte Goi\u00e1s &#8211; FARGO, a ser realizado no Centro Cultural Oscar Niemayer \u2013 Goi\u00e2nia (GO) do dia 24 de Maio de 2023 [&hellip;]<\/p>\n","protected":false},"author":62,"featured_media":0,"parent":31012,"menu_order":0,"comment_status":"closed","ping_status":"closed","template":"","meta":{"footnotes":""},"class_list":["post-31055","page","type-page","status-publish","hentry"],"rttpg_featured_image_url":null,"rttpg_author":{"display_name":"italoreis","author_link":"https:\/\/goias.gov.br\/retomada\/author\/italoreis\/"},"rttpg_comment":0,"rttpg_category":null,"rttpg_excerpt":"Objeto: Chamamento P\u00fablico n\u00ba. 05\/2023 \u00a0cujo objeto \u00e9 selecionar artes\u00e3os e artes\u00e3s, com suas respectivas produ\u00e7\u00f5es, para ocupa\u00e7\u00e3o de um espa\u00e7o coletivo para a divulga\u00e7\u00e3o e comercializa\u00e7\u00e3o de produtos artesanais na Feira de Arte Goi\u00e1s &#8211; FARGO, a ser realizado no Centro Cultural Oscar Niemayer \u2013 Goi\u00e2nia (GO) do dia 24 de Maio de 2023&hellip;","_links":{"self":[{"href":"https:\/\/goias.gov.br\/retomada\/wp-json\/wp\/v2\/pages\/31055","targetHints":{"allow":["GET"]}}],"collection":[{"href":"https:\/\/goias.gov.br\/retomada\/wp-json\/wp\/v2\/pages"}],"about":[{"href":"https:\/\/goias.gov.br\/retomada\/wp-json\/wp\/v2\/types\/page"}],"author":[{"embeddable":true,"href":"https:\/\/goias.gov.br\/retomada\/wp-json\/wp\/v2\/users\/62"}],"replies":[{"embeddable":true,"href":"https:\/\/goias.gov.br\/retomada\/wp-json\/wp\/v2\/comments?post=31055"}],"version-history":[{"count":1,"href":"https:\/\/goias.gov.br\/retomada\/wp-json\/wp\/v2\/pages\/31055\/revisions"}],"predecessor-version":[{"id":31119,"href":"https:\/\/goias.gov.br\/retomada\/wp-json\/wp\/v2\/pages\/31055\/revisions\/31119"}],"up":[{"embeddable":true,"href":"https:\/\/goias.gov.br\/retomada\/wp-json\/wp\/v2\/pages\/31012"}],"wp:attachment":[{"href":"https:\/\/goias.gov.br\/retomada\/wp-json\/wp\/v2\/media?parent=31055"}],"curies":[{"name":"wp","href":"https:\/\/api.w.org\/{rel}","templated":true}]}}