

{"id":31012,"date":"2025-05-27T13:32:34","date_gmt":"2025-05-27T16:32:34","guid":{"rendered":"https:\/\/goias.gov.br\/retomada\/?page_id=31012"},"modified":"2025-05-27T15:14:52","modified_gmt":"2025-05-27T18:14:52","slug":"editais","status":"publish","type":"page","link":"https:\/\/goias.gov.br\/retomada\/editais\/","title":{"rendered":"Editais"},"content":{"rendered":"\n<table class=\"planilhaview display\" style=\"width:100%\"><thead><tr><th>N\u00ba<\/th><th>Tipo<\/th><th>Processo SEI<\/th><th>Descri\u00e7\u00e3o<\/th><th>Link<\/th><\/tr><tr><th><input type=\"text\" placeholder=\"Filtrar N\u00ba\"><\/th><th><input type=\"text\" placeholder=\"Filtrar Tipo\"><\/th><th><input type=\"text\" placeholder=\"Filtrar Processo SEI\"><\/th><th><input type=\"text\" placeholder=\"Filtrar Descri\u00e7\u00e3o\"><\/th><th><input type=\"text\" placeholder=\"Filtrar Link\"><\/th><\/tr><\/thead><tbody><tr><td style=\"color: #000000; background-color: #FFFFFF;\">07\/2025<\/td><td style=\"color: #000000; background-color: #FFFFFF;\">Chamamento P\u00fablico<\/td><td style=\"color: #000000; background-color: #FFFFFF;\">202519222000637<\/td><td style=\"color: #000000; background-color: #FFFFFF;\">Trata-se de sele\u00e7\u00e3o de interessados na cess\u00e3o de uso de espa\u00e7o\/quiosques na Vila Gastron\u00f4mica do Arraia do Bem 2025, que acontecer\u00e1 entre os dias 06\/06\/2025 a 08\/06\/2025 no Est\u00e1dio Serra Dourada em Goi\u00e2nia\/GO, para a instala\u00e7\u00e3o tempor\u00e1ria de lanchonetes, respons\u00e1veis pelas avidades de manipula\u00e7\u00e3o dos alimentos por per\u00edodo determinado.<\/td><td style=\"color: #467886; background-color: #FFFFFF;text-decoration: underline;\"><a href=\"https:\/\/goias.gov.br\/retomada\/editais\/07-2025\/\" target=\"_blank\">ABRIR<\/a><\/td><\/tr><tr><td style=\"color: #000000; background-color: #FFFFFF;\">06\/2025<\/td><td style=\"color: #000000; background-color: #FFFFFF;\">Chamamento P\u00fablico<\/td><td style=\"color: #000000; background-color: #FFFFFF;\">202519222000601<\/td><td style=\"color: #000000; background-color: #FFFFFF;\">Capta\u00e7\u00e3o de recursos financeiros, por meio de COTAS DE PATROC\u00cdNIO de pessoas jur\u00eddicas de direito p\u00fablico ou privado para o \u201cARRAI\u00c1 DO BEM 2025\u201d, que acontecer\u00e1 entre os dias 06 a 08 de junho de 2025, no estacionamento do Est\u00e1dio Serra Dourada.<\/td><td style=\"color: #467886; background-color: #FFFFFF;text-decoration: underline;\"><a href=\"https:\/\/goias.gov.br\/retomada\/06-2025\/\" target=\"_blank\">ABRIR<\/a><\/td><\/tr><tr><td style=\"color: #000000; background-color: #FFFFFF;\">05\/2025<\/td><td style=\"color: #000000; background-color: #FFFFFF;\">Chamamento P\u00fablico<\/td><td style=\"color: #000000; background-color: #FFFFFF;\">202519222000634 <\/td><td style=\"color: #000000; background-color: #FFFFFF;\">Sele\u00e7\u00e3o de projetos apresentados por munic\u00edpios goianos, para a realiza\u00e7\u00e3o, de interesse comum dos parcipes, de eventos voltados \u00e0 promo\u00e7\u00e3o e fomento das pol\u00edcas p\u00fablicas de gera\u00e7\u00e3o de emprego e renda, bem como desenvolvimento socioecon\u00f4mico e humano, al\u00e9m do com\u00e9rcio cultural<\/td><td style=\"color: #467886; background-color: #FFFFFF;text-decoration: underline;\"><a href=\"https:\/\/goias.gov.br\/retomada\/05-2025\/\" target=\"_blank\">ABRIR<\/a><\/td><\/tr><tr><td style=\"color: #000000; background-color: #FFFFFF;\">04\/2025<\/td><td style=\"color: #000000; background-color: #FFFFFF;\">Chamamento P\u00fablico<\/td><td style=\"color: #000000; background-color: #FFFFFF;\">202519222000616 <\/td><td style=\"color: #000000; background-color: #FFFFFF;\">O presente edital tem por objevo selecionar artes\u00e3os, trabalhadores manuais, endades (associa\u00e7\u00f5es e cooperavas) e Munic\u00edpios, com suas respecvas produ\u00e7\u00f5es para a ocupa\u00e7\u00e3o de um espa\u00e7o individual de 3m\u00b2, com o intuito em divulgar, expor e comercializar produtos artesanais nas Edi\u00e7\u00f5es da Goi\u00e1s Feito \u00e0 M\u00e3o - Feira de Artesanato e Economia Criava, a acontecer no Centro Cultural\nOscar Niemeyer - CCON, em Goi\u00e2nia, que ocorrer\u00e1 entre os dias 29\/03\/2025 e 30\/03\/2025.<\/td><td style=\"color: #467886; background-color: #FFFFFF;text-decoration: underline;\"><a href=\"https:\/\/goias.gov.br\/retomada\/editais\/04-2025\" target=\"_blank\">ABRIR<\/a><\/td><\/tr><tr><td style=\"color: #000000; background-color: #FFFFFF;\">03\/2025<\/td><td style=\"color: #000000; background-color: #FFFFFF;\">Chamamento P\u00fablico<\/td><td style=\"color: #000000; background-color: #FFFFFF;\">202519222000403<\/td><td style=\"color: #000000; background-color: #FFFFFF;\">O presente edital tem por objeto selecionar artes\u00e3os, trabalhadores manuais, endades (associa\u00e7\u00f5es e cooperavas) e Munic\u00edpios, juntamente com suas respecvas produ\u00e7\u00f5es, para a ocupa\u00e7\u00e3o de um espa\u00e7o individual de 3m\u00b2, para parcipar das edi\u00e7\u00f5es da Goi\u00e1s Feito \u00e0 M\u00e3o \u2013 Feira de Artesanato e Economia Criava, a serem realizadas nos Munic\u00edpios de Goi\u00e1s, de Goi\u00e2nia e de Piren\u00f3polis, a se realizar nas datas abaixo descritas.<\/td><td style=\"color: #467886; background-color: #FFFFFF;text-decoration: underline;\"><a href=\"https:\/\/goias.gov.br\/retomada\/editais\/03-2025\" target=\"_blank\">ABRIR<\/a><\/td><\/tr><tr><td style=\"color: #000000; background-color: #FFFFFF;\">02\/2025<\/td><td style=\"color: #000000; background-color: #FFFFFF;\">Chamamento P\u00fablico<\/td><td style=\"color: #000000; background-color: #FFFFFF;\">202519222000465<\/td><td style=\"color: #000000; background-color: #FFFFFF;\">O presente edital tem por objeto selecionar produ\u00e7\u00e3o artesanal de Artes\u00e3os Individuais e\/ou Mestres Artes\u00e3os e Endades\nRepresentavas (associa\u00e7\u00e3o, cooperava ou grupo produvo) do artesanato, para ocupa\u00e7\u00e3o de um espa\u00e7o colevo com a proposta de\ndivulgar e comercializar produtos artesanais de Goi\u00e1s nas seguintes feiras: 19\u00b0 Sal\u00e3o do Artesanato de S\u00e3o Paulo e 25\u00aa Feira Nacional de Neg\u00f3cios do Artesanato (FENEARTE)<\/td><td style=\"color: #467886; background-color: #FFFFFF;text-decoration: underline;\"><a href=\"https:\/\/goias.gov.br\/retomada\/editais\/02-2025\" target=\"_blank\">ABRIR<\/a><\/td><\/tr><tr><td style=\"color: #000000; background-color: #FFFFFF;\">01\/2025<\/td><td style=\"color: #000000; background-color: #FFFFFF;\">Chamamento P\u00fablico<\/td><td style=\"color: #000000; background-color: #FFFFFF;\">202519222000282<\/td><td style=\"color: #000000; background-color: #FFFFFF;\">A finalidade da presente colabora\u00e7\u00e3o \u00e9 a sele\u00e7\u00e3o de propostas para a celebra\u00e7\u00e3o de parceria entre o Estado de Goi\u00e1s, por meio\nda Secretaria de Estado da Retomada, atrav\u00e9s da formaliza\u00e7\u00e3o de Termo de Colabora\u00e7\u00e3o, para a realiza\u00e7\u00e3o de finalidade de interesse\np\u00fablico e rec\u00edproco que envolve a transfer\u00eancia de recursos financeiros \u00e0 Organiza\u00e7\u00e3o da Sociedade Civil, conforme condi\u00e7\u00f5es\nestabelecidas em Edital de Chamamento P\u00fablico, objevando a realiza\u00e7\u00e3o da Temporada do Araguaia 2025.<\/td><td style=\"color: #467886; background-color: #FFFFFF;text-decoration: underline;\"><a href=\"https:\/\/goias.gov.br\/retomada\/editais\/01-2025\" target=\"_blank\">ABRIR<\/a><\/td><\/tr><tr><td style=\"color: #000000; background-color: #FFFFFF;\">05\/2024<\/td><td style=\"color: #000000; background-color: #FFFFFF;\">Chamamento P\u00fablico<\/td><td style=\"color: #000000; background-color: #FFFFFF;\">202419222000681<\/td><td style=\"color: #000000; background-color: #FFFFFF;\">O presente Edital tem por objetivo selecionar artes\u00f5es e entidades representativas do artesanato, com suas respectivas produ\u00e7\u00f5es, para a ocupa\u00e7\u00e3o de espa\u00e7o coletivo, com o intuito de divulgar e comercializar produtos artesanais do Estado de Goi\u00e1s nas seguintes feiras nacionais de 03 a 14 de Julho de 2024 - 24\u00aa Feira Nacional de Neg\u00f3cios do Artesanato (FENEARTE); de 28 de agosto a 01 de setembro de 2024 - 18\u00ba Sal\u00e3o do Artesanato - Ra\u00edzes Brasileira; de 20 a 29 de Setembro de 2024 - 06\u00aa Feira Nacional de Artesanato\ne Cultura (FENACCE); e de 07 a 11 de Dezembro de 2024 - 35\u00aa Feira Nacional de Artesanato em Belo Horizonte\/MG.<\/td><td style=\"color: #467886; background-color: #FFFFFF;text-decoration: underline;\"><a href=\"https:\/\/goias.gov.br\/retomada\/editais\/05-2024\" target=\"_blank\">ABRIR<\/a><\/td><\/tr><tr><td style=\"color: #000000; background-color: #FFFFFF;\">04\/2024<\/td><td style=\"color: #000000; background-color: #FFFFFF;\">Chamamento P\u00fablico<\/td><td style=\"color: #000000; background-color: #FFFFFF;\">202419222000594<\/td><td style=\"color: #000000; background-color: #FFFFFF;\">O presente Edital tem por objetivo selecionar artes\u00e3os e artes\u00e3s, com suas respectivas produ\u00e7\u00f5es para ocupa\u00e7\u00e3o de um espa\u00e7o coletivo de 50 m\u00b2 para a divulga\u00e7\u00e3o e comercializa\u00e7\u00e3o de produtos artesanais no 17\u00b0 Sal\u00e3o do Artesanato Ra\u00edzes Brasileiras, a acontecer no P\u00e1tio Brasil Shopping, no per\u00edodo de 8 \u00e0 12 de maio de 2024.<\/td><td style=\"color: #467886; background-color: #FFFFFF;text-decoration: underline;\"><a href=\"https:\/\/goias.gov.br\/retomada\/editais\/04-2024\" target=\"_blank\">ABRIR<\/a><\/td><\/tr><tr><td style=\"color: #000000; background-color: #FFFFFF;\">03\/2024<\/td><td style=\"color: #000000; background-color: #FFFFFF;\">Chamamento P\u00fablico<\/td><td style=\"color: #000000; background-color: #FFFFFF;\">202419222000070<\/td><td style=\"color: #000000; background-color: #FFFFFF;\">O presente chamamento p\u00fablico tem por objetivo selecionar, artes\u00e3os, trabalhadores manuais, entidades (associa\u00e7\u00f5es e cooperativas) e Munic\u00edpios, com suas respectivas produ\u00e7\u00f5es para a ocupa\u00e7\u00e3o de um espa\u00e7o individual de 3m\u00b2, com o intuito em divulgar, expor e comercializar produtos artesanais nas Edi\u00e7\u00f5es da Goi\u00e1s Feito \u00e0 M\u00e3o - Feira de Artesanato e Economia Criativa, a acontecer no Centro Cultural Oscar Niemeyer - CCON e demais locais \u00e0 discricionariedade da Administra\u00e7\u00e3o P\u00fablica, que ocorrer\u00e1 at\u00e9 o dia 31 de Dezembro deste ano em exerc\u00edcio, com a previs\u00e3o de 3 (tr\u00eas) edi\u00e7\u00f5es, podendo ocorrer mais edi\u00e7\u00f5es, com base na discricionariedade da Pasta.<\/td><td style=\"color: #467886; background-color: #FFFFFF;text-decoration: underline;\"><a href=\"https:\/\/goias.gov.br\/retomada\/editais\/03-2024\" target=\"_blank\">ABRIR<\/a><\/td><\/tr><tr><td style=\"color: #000000; background-color: #FFFFFF;\">02\/2024<\/td><td style=\"color: #000000; background-color: #FFFFFF;\">Chamamento P\u00fablico<\/td><td style=\"color: #000000; background-color: #FFFFFF;\">202319222002096<\/td><td style=\"color: #000000; background-color: #FFFFFF;\">A finalidade da presente colabora\u00e7\u00e3o \u00e9 a sele\u00e7\u00e3o de propostas para a celebra\u00e7\u00e3o de parceria entre o Estado de Goi\u00e1s, por meio da Secretaria de Estado da Retomada, atrav\u00e9s da formaliza\u00e7\u00e3o de Termo de Colabora\u00e7\u00e3o, para a realiza\u00e7\u00e3o de finalidade de interesse\np\u00fablico e rec\u00edproco que envolve a transfer\u00eancia de recursos financeiros \u00e0 Organiza\u00e7\u00e3o da Sociedade Civil, conforme condi\u00e7\u00f5es\nestabelecidas em Edital de Chamamento P\u00fablico, objetivando a realiza\u00e7\u00e3o da Temporada do Araguaia 2024.<\/td><td style=\"color: #467886; background-color: #FFFFFF;text-decoration: underline;\"><a href=\"https:\/\/goias.gov.br\/retomada\/editais\/02-2024\" target=\"_blank\">ABRIR<\/a><\/td><\/tr><tr><td style=\"color: #000000; background-color: #FFFFFF;\">01\/2024<\/td><td style=\"color: #000000; background-color: #FFFFFF;\">Chamamento P\u00fablico<\/td><td style=\"color: #000000; background-color: #FFFFFF;\">202319222002097<\/td><td style=\"color: #000000; background-color: #FFFFFF;\"> A finalidade da presente colabora\u00e7\u00e3o \u00e9 a sele\u00e7\u00e3o de propostas para a celebra\u00e7\u00e3o de parceria entre o Estado de Goi\u00e1s, por meio da Secretaria de Estado da Retomada, atrav\u00e9s da formaliza\u00e7\u00e3o de Termo de Colabora\u00e7\u00e3o, para a realiza\u00e7\u00e3o de finalidade de interesse p\u00fablico e rec\u00edproco que envolve a transfer\u00eancia de recursos financeiros \u00e0 Organiza\u00e7\u00e3o da Sociedade Civil, conforme condi\u00e7\u00f5es estabelecidas em Edital de Chamamento P\u00fablico, objetivando a realiza\u00e7\u00e3o da ExpoGoi\u00e1s 2024\/2025, que ocorrer\u00e1 no per\u00edodo que se estende de mar\u00e7o de 2024 (03\/2024) a mar\u00e7o de 2025 (03\/2024).<\/td><td style=\"color: #467886; background-color: #FFFFFF;text-decoration: underline;\"><a href=\"https:\/\/goias.gov.br\/retomada\/editais\/01-2024\" target=\"_blank\">ABRIR<\/a><\/td><\/tr><tr><td style=\"color: #000000; background-color: #FFFFFF;\">09\/2023<\/td><td style=\"color: #000000; background-color: #FFFFFF;\">Chamamento P\u00fablico<\/td><td style=\"color: #000000; background-color: #FFFFFF;\">202319222001721<\/td><td style=\"color: #000000; background-color: #FFFFFF;\">O presente edital tem por objetivo selecionar artes\u00e3os e artes\u00e3s, com suas respectivas produ\u00e7\u00f5es para ocupa\u00e7\u00e3o de um espa\u00e7o coletivo de 50 m\u00b2 para a divulga\u00e7\u00e3o e comercializa\u00e7\u00e3o de produtos artesanais no 16\u00b0 Sal\u00e3o do Artesanato Ra\u00edzes Brasileiras, a acontecer no P\u00e1tio Brasil Shopping, no per\u00edodo de 15 \u00e0 19 de Novembro de 2023.<\/td><td style=\"color: #467886; background-color: #FFFFFF;text-decoration: underline;\"><a href=\"https:\/\/goias.gov.br\/retomada\/editais\/09-2023\" target=\"_blank\">ABRIR<\/a><\/td><\/tr><tr><td style=\"color: #000000; background-color: #FFFFFF;\">08\/2023<\/td><td style=\"color: #000000; background-color: #FFFFFF;\">Chamamento P\u00fablico<\/td><td style=\"color: #000000; background-color: #FFFFFF;\">202319222001114<\/td><td style=\"color: #000000; background-color: #FFFFFF;\">O presente chamamento p\u00fablico tem por objetivo selecionar, entidades (associa\u00e7\u00f5es e cooperativas) e munic\u00edpios para apresentarem seus artes\u00e3os e trabalhadores manuais, com suas respectivas produ\u00e7\u00f5es, o espa\u00e7o disponibilizado para ocupa\u00e7\u00e3o \u00e9 de 2m2, para a divulga\u00e7\u00e3o e comercializa\u00e7\u00e3o na feira \u201cGoi\u00e1s Feito \u00e0 M\u00e3o \u2013 Feira de Artesanato e Economia Criativa do Cotec\u201d, a ser realizada no Centro Cultural Oscar Niemeyer - CCON, nos dias 5 e 6 de agosto de 2023.<\/td><td style=\"color: #467886; background-color: #FFFFFF;text-decoration: underline;\"><a href=\"https:\/\/goias.gov.br\/retomada\/editais\/08-2023\" target=\"_blank\">ABRIR<\/a><\/td><\/tr><tr><td style=\"color: #000000; background-color: #FFFFFF;\">07\/2023<\/td><td style=\"color: #000000; background-color: #FFFFFF;\">Chamamento P\u00fablico<\/td><td style=\"color: #000000; background-color: #FFFFFF;\">202319222001071<\/td><td style=\"color: #000000; background-color: #FFFFFF;\">O presente edital de chamamento tem por objetivo selecionar artes\u00e3os e artes\u00e3s, com suas respectivas produ\u00e7\u00f5es para ocupa\u00e7\u00e3o de um espa\u00e7o coletivo de 45 m\u00b2 para a divulga\u00e7\u00e3o e comercializa\u00e7\u00e3o de produtos artesanais na 5\u00b0 edi\u00e7\u00e3o da Feira Nacional de Artesanato e Cultura - FENACCE, a acontecer no Centro de Eventos do Cear\u00e1 - Forta<\/td><td style=\"color: #467886; background-color: #FFFFFF;text-decoration: underline;\"><a href=\"https:\/\/goias.gov.br\/retomada\/editais\/07-2023\" target=\"_blank\">ABRIR<\/a><\/td><\/tr><tr><td style=\"color: #000000; background-color: #FFFFFF;\">06\/2023<\/td><td style=\"color: #000000; background-color: #FFFFFF;\">Chamamento P\u00fablico<\/td><td style=\"color: #000000; background-color: #FFFFFF;\">202319222000658<\/td><td style=\"color: #000000; background-color: #FFFFFF;\">A finalidade da presente colabora\u00e7\u00e3o \u00e9 a sele\u00e7\u00e3o de propostas para a celebra\u00e7\u00e3o de parceria entre o Estado de Goi\u00e1s, por meio da Secretaria de Estado da Retomada, atrav\u00e9s da formaliza\u00e7\u00e3o de Termo de Colabora\u00e7\u00e3o, para a realiza\u00e7\u00e3o de finalidade de interesse p\u00fablico e rec\u00edproco que envolve a transfer\u00eancia de recursos financeiros \u00e0 Organiza\u00e7\u00e3o da Sociedade Civil, conforme condi\u00e7\u00f5es estabelecidas em Edital de Chamamento P\u00fablico, objetivando a realiza\u00e7\u00e3o da Temporada do Araguaia, que ocorrer\u00e1 no m\u00eas de junho e julho de 2023.<\/td><td style=\"color: #467886; background-color: #FFFFFF;text-decoration: underline;\"><a href=\"https:\/\/goias.gov.br\/retomada\/editais\/06-2023\" target=\"_blank\">ABRIR<\/a><\/td><\/tr><tr><td style=\"color: #000000; background-color: #FFFFFF;\">05\/2023<\/td><td style=\"color: #000000; background-color: #FFFFFF;\">Chamamento P\u00fablico<\/td><td style=\"color: #000000; background-color: #FFFFFF;\">202319222000767<\/td><td style=\"color: #000000; background-color: #FFFFFF;\">O presente edital tem por objetivo selecionar artes\u00e3os e artes\u00e3s, com suas respectivas produ\u00e7\u00f5es, para ocupa\u00e7\u00e3o de um espa\u00e7o coletivo para a divulga\u00e7\u00e3o e comercializa\u00e7\u00e3o de produtos artesanais na Feira de Arte Goi\u00e1s - FARGO, a ser realizado no Centro Cultural Oscar Niemayer \u2013 Goi\u00e2nia (GO) do dia 24 de Maio de 2023 a 28 de Maio de 2023.<\/td><td style=\"color: #467886; background-color: #FFFFFF;text-decoration: underline;\"><a href=\"https:\/\/goias.gov.br\/retomada\/editais\/05-2023\" target=\"_blank\">ABRIR<\/a><\/td><\/tr><\/tbody><\/table><div class=\"wp-block-file\"><a href=\"https:\/\/goias.gov.br\/retomada\/wp-content\/uploads\/sites\/22\/2025\/05\/Editais_Retomada.xlsx\">Editais_Retomada.xlsx&nbsp; <span class=\"wp-block-file__button wp-element-button\">Baixar<\/span><\/a><\/div>\n","protected":false},"excerpt":{"rendered":"","protected":false},"author":62,"featured_media":0,"parent":0,"menu_order":0,"comment_status":"closed","ping_status":"closed","template":"","meta":{"footnotes":""},"class_list":["post-31012","page","type-page","status-publish","hentry"],"rttpg_featured_image_url":null,"rttpg_author":{"display_name":"italoreis","author_link":"https:\/\/goias.gov.br\/retomada\/author\/italoreis\/"},"rttpg_comment":0,"rttpg_category":null,"rttpg_excerpt":null,"_links":{"self":[{"href":"https:\/\/goias.gov.br\/retomada\/wp-json\/wp\/v2\/pages\/31012","targetHints":{"allow":["GET"]}}],"collection":[{"href":"https:\/\/goias.gov.br\/retomada\/wp-json\/wp\/v2\/pages"}],"about":[{"href":"https:\/\/goias.gov.br\/retomada\/wp-json\/wp\/v2\/types\/page"}],"author":[{"embeddable":true,"href":"https:\/\/goias.gov.br\/retomada\/wp-json\/wp\/v2\/users\/62"}],"replies":[{"embeddable":true,"href":"https:\/\/goias.gov.br\/retomada\/wp-json\/wp\/v2\/comments?post=31012"}],"version-history":[{"count":2,"href":"https:\/\/goias.gov.br\/retomada\/wp-json\/wp\/v2\/pages\/31012\/revisions"}],"predecessor-version":[{"id":31324,"href":"https:\/\/goias.gov.br\/retomada\/wp-json\/wp\/v2\/pages\/31012\/revisions\/31324"}],"wp:attachment":[{"href":"https:\/\/goias.gov.br\/retomada\/wp-json\/wp\/v2\/media?parent=31012"}],"curies":[{"name":"wp","href":"https:\/\/api.w.org\/{rel}","templated":true}]}}