

{"id":2265,"date":"2023-10-02T14:24:54","date_gmt":"2023-10-02T17:24:54","guid":{"rendered":"https:\/\/siteshom.goias.gov.br\/retomada\/?page_id=2265"},"modified":"2025-12-01T14:52:31","modified_gmt":"2025-12-01T17:52:31","slug":"fale-conosco","status":"publish","type":"page","link":"https:\/\/goias.gov.br\/retomada\/fale-conosco\/","title":{"rendered":"Fale Conosco"},"content":{"rendered":"\t\t<div data-elementor-type=\"wp-page\" data-elementor-id=\"2265\" class=\"elementor elementor-2265\">\n\t\t\t\t<div class=\"elementor-element elementor-element-350484c e-flex e-con-boxed e-con e-parent\" data-id=\"350484c\" data-element_type=\"container\" data-e-type=\"container\">\n\t\t\t\t\t<div class=\"e-con-inner\">\n\t\t<div class=\"elementor-element elementor-element-958dc7a e-con-full e-flex e-con e-child\" data-id=\"958dc7a\" data-element_type=\"container\" data-e-type=\"container\">\n\t\t\t\t<div class=\"elementor-element elementor-element-ff4e2ab elementor-widget elementor-widget-shortcode\" data-id=\"ff4e2ab\" data-element_type=\"widget\" data-e-type=\"widget\" data-widget_type=\"shortcode.default\">\n\t\t\t\t\t\t\t<div class=\"elementor-shortcode\">\n<div class=\"wpcf7 no-js\" id=\"wpcf7-f2267-o1\" lang=\"pt-BR\" dir=\"ltr\" data-wpcf7-id=\"2267\">\n<div class=\"screen-reader-response\"><p role=\"status\" aria-live=\"polite\" aria-atomic=\"true\"><\/p> <ul><\/ul><\/div>\n<form action=\"\/retomada\/wp-json\/wp\/v2\/pages\/2265#wpcf7-f2267-o1\" method=\"post\" class=\"wpcf7-form init\" aria-label=\"Formul\u00e1rios de contato\" novalidate=\"novalidate\" data-status=\"init\">\n<fieldset class=\"hidden-fields-container\"><input type=\"hidden\" name=\"_wpcf7\" value=\"2267\" \/><input type=\"hidden\" name=\"_wpcf7_version\" value=\"6.1.5\" \/><input type=\"hidden\" name=\"_wpcf7_locale\" value=\"pt_BR\" \/><input type=\"hidden\" name=\"_wpcf7_unit_tag\" value=\"wpcf7-f2267-o1\" \/><input type=\"hidden\" name=\"_wpcf7_container_post\" value=\"0\" \/><input type=\"hidden\" name=\"_wpcf7_posted_data_hash\" value=\"\" \/>\n<\/fieldset>\n<p><label> Nome<br \/>\n<span class=\"wpcf7-form-control-wrap\" data-name=\"your-name\"><input size=\"40\" maxlength=\"400\" class=\"wpcf7-form-control wpcf7-text wpcf7-validates-as-required\" aria-required=\"true\" aria-invalid=\"false\" value=\"\" type=\"text\" name=\"your-name\" \/><\/span> <\/label>\n<\/p>\n<p><label> E-mail<br \/>\n<span class=\"wpcf7-form-control-wrap\" data-name=\"your-email\"><input size=\"40\" maxlength=\"400\" class=\"wpcf7-form-control wpcf7-email wpcf7-validates-as-required wpcf7-text wpcf7-validates-as-email\" aria-required=\"true\" aria-invalid=\"false\" value=\"\" type=\"email\" name=\"your-email\" \/><\/span> <\/label>\n<\/p>\n<p><label> Assunto<br \/>\n<span class=\"wpcf7-form-control-wrap\" data-name=\"your-subject\"><input size=\"40\" maxlength=\"400\" class=\"wpcf7-form-control wpcf7-text wpcf7-validates-as-required\" aria-required=\"true\" aria-invalid=\"false\" value=\"\" type=\"text\" name=\"your-subject\" \/><\/span> <\/label>\n<\/p>\n<p><label> Mensagem<br \/>\n<span class=\"wpcf7-form-control-wrap\" data-name=\"your-message\"><textarea cols=\"40\" rows=\"10\" maxlength=\"2000\" class=\"wpcf7-form-control wpcf7-textarea wpcf7-validates-as-required\" aria-required=\"true\" aria-invalid=\"false\" name=\"your-message\"><\/textarea><\/span> <\/label>\n<\/p>\n<p><input class=\"wpcf7-form-control wpcf7-submit has-spinner\" type=\"submit\" value=\"Enviar\" \/>\n<\/p><div class=\"wpcf7-response-output\" aria-hidden=\"true\"><\/div>\n<\/form>\n<\/div>\n<\/div>\n\t\t\t\t\t\t<\/div>\n\t\t\t\t<\/div>\n\t\t<div class=\"elementor-element elementor-element-690bd40 e-con-full e-flex e-con e-child\" data-id=\"690bd40\" data-element_type=\"container\" data-e-type=\"container\">\n\t\t\t\t<div class=\"elementor-element elementor-element-fce65ad elementor-widget elementor-widget-shortcode\" data-id=\"fce65ad\" data-element_type=\"widget\" data-e-type=\"widget\" data-widget_type=\"shortcode.default\">\n\t\t\t\t\t\t\t<div class=\"elementor-shortcode\"><div data-post-id=\"17\" class=\"insert-page insert-page-17 \"><h4><span style=\"color: #008000;\">Pal\u00e1cio Pedro Ludovico Texeira<\/span><\/h4>\n<p>Rua 82, n\u00ba 400 Ed. Pal\u00e1cio Pedro Ludovico Teixeira, 2\u00ba andar<br \/>\nSetor Central, Goi\u00e2nia\/GO \u2013 CEP: 74.015-908<br \/>\nAtendimento: 08h \u00e0s 12h e 14h \u00e0s 18h<\/p>\n<p><strong>Atendimento ao Cidad\u00e3o<\/strong><br \/>\nE-mail: <a href=\"mailto: protocolo.ser@goias.gov.br\">protocolo.ser@goias.gov.br<\/a><br \/>\nTelefone: (62) 3030-1480<\/p>\n<p><strong>Ouvidoria Setorial<\/strong><br \/>\nE-mail: <a href=\"mailto:ouvidoria.retomada@goias.gov.br\">ouvidoria.retomada@goias.gov.br<\/a><\/p>\n<p><strong>Imprensa<\/strong><br \/>\nE-mail:\u00a0<a href=\"mailto: comunicacao.retomada@goias.gov.br\">comunicacao.retomada@goias.gov.br<\/a><br \/>\nTelefone: (62) 3030-1480<\/p>\n<h4><span style=\"color: #339966;\">Gabinete da Secretaria de Estado da Retomada<\/span><\/h4>\n<p>Pra\u00e7a Dr. Pedro Ludovico Teixeira (pra\u00e7a c\u00edvica), Rua 82, N.\u00ba03, Setor Central<br \/>\nGoi\u00e2nia\u2013GO- CEP 73003-010<br \/>\nTelefone: (62) 3030-1590<br \/>\nE-mail: <a href=\"mailto:gabinete.retomada@goias.gov.br\">gabinete.retomada@goias.gov.br<\/a><br \/>\nAtendimento Presencial de segunda a sexta das 08h \u00e0s 12h e das 14h \u00e0s 18h<\/p>\n<h4><span class=\"ui-provider eb blk aux bvr bvs bvt bvu bvv bvw bvx bvy bvz bwa bwb bwc bwd bwe bwf bwg bwh bwi bwj bwk bwl bwm bwn bwo bwp bwq bwr bws bwt bwu bwv bww\" dir=\"ltr\" style=\"color: #008000;\">Centro de Refer\u00eancia do Artesanato de Goi\u00e1s (Gabinete da Secretaria)<\/span><\/h4>\n<p>Pra\u00e7a Dr. Pedro Ludovico Teixeira (Pra\u00e7a C\u00edvica), n\u00ba 26<br \/>\nSetor Central, Goi\u00e2nia\/GO \u2013 CEP: 74.015-908<br \/>\nAtendimento: 08h \u00e0s 12h e 14h \u00e0s 18h<\/p>\n<h4><span class=\"ui-provider eb blk aux bvr bvs bvt bvu bvv bvw bvx bvy bvz bwa bwb bwc bwd bwe bwf bwg bwh bwi bwj bwk bwl bwm bwn bwo bwp bwq bwr bws bwt bwu bwv bww\" dir=\"ltr\" style=\"color: #008000;\">Central Mais Empregos<\/span><\/h4>\n<p>Avenida Araguaia, esquina com a Rua 15,<br \/>\nSetor Central, Goi\u00e2nia\/GO \u2013 CEP: 74.110-130<br \/>\nWthasApp: (62) 98231-0070<br \/>\nAtendimento: 08h \u00e0s 18h<\/p>\n<h4><span style=\"color: #008000;\">Centro de Conven\u00e7\u00f5es Oscar Niemeyer \u2013 CCON<\/span><\/h4>\n<p>Avenida Araguaia, esquina com a Rua 15,<br \/>\nAv. Dep. Jamel Cec\u00edlio, Km 01<br \/>\nCh\u00e1caras Alto da Gl\u00f3ria, Goi\u00e2nia\/GO \u2013 CEP: 74891-135<br \/>\nTelefone: (62) 3030-1488<br \/>\nAtendimento: 08h \u00e0s 12h e 14h \u00e0s 17h<\/p>\n<h4><span style=\"color: #008000;\">Centro de conven\u00e7\u00f5es de An\u00e1polis \u2013 CCA<\/span><\/h4>\n<p>Avenida Araguaia, esquina com a Rua 15, n\u00ba 208<br \/>\nRodovia Transbrasiliana, Viviam Parque 2\u00aa Etapa<br \/>\nAn\u00e1polis-GO \u2013 CEP: 75001-970<br \/>\nTelefone: (62) 3771-0898<br \/>\nAtendimento: 08h \u00e0s 12h e 14h \u00e0s 17h<\/p>\n<\/div><\/div>\n\t\t\t\t\t\t<\/div>\n\t\t\t\t<\/div>\n\t\t\t\t\t<\/div>\n\t\t\t\t<\/div>\n\t\t\t\t<\/div>\n\t\t","protected":false},"excerpt":{"rendered":"","protected":false},"author":7,"featured_media":0,"parent":0,"menu_order":0,"comment_status":"closed","ping_status":"closed","template":"","meta":{"footnotes":""},"class_list":["post-2265","page","type-page","status-publish","hentry"],"rttpg_featured_image_url":null,"rttpg_author":{"display_name":"gustavogoncalves","author_link":"https:\/\/goias.gov.br\/retomada\/author\/gustavogoncalves\/"},"rttpg_comment":0,"rttpg_category":"","rttpg_excerpt":null,"_links":{"self":[{"href":"https:\/\/goias.gov.br\/retomada\/wp-json\/wp\/v2\/pages\/2265","targetHints":{"allow":["GET"]}}],"collection":[{"href":"https:\/\/goias.gov.br\/retomada\/wp-json\/wp\/v2\/pages"}],"about":[{"href":"https:\/\/goias.gov.br\/retomada\/wp-json\/wp\/v2\/types\/page"}],"author":[{"embeddable":true,"href":"https:\/\/goias.gov.br\/retomada\/wp-json\/wp\/v2\/users\/7"}],"replies":[{"embeddable":true,"href":"https:\/\/goias.gov.br\/retomada\/wp-json\/wp\/v2\/comments?post=2265"}],"version-history":[{"count":2,"href":"https:\/\/goias.gov.br\/retomada\/wp-json\/wp\/v2\/pages\/2265\/revisions"}],"predecessor-version":[{"id":60912,"href":"https:\/\/goias.gov.br\/retomada\/wp-json\/wp\/v2\/pages\/2265\/revisions\/60912"}],"wp:attachment":[{"href":"https:\/\/goias.gov.br\/retomada\/wp-json\/wp\/v2\/media?parent=2265"}],"curies":[{"name":"wp","href":"https:\/\/api.w.org\/{rel}","templated":true}]}}