

{"id":2254,"date":"2023-10-02T11:03:26","date_gmt":"2023-10-02T14:03:26","guid":{"rendered":"https:\/\/siteshom.goias.gov.br\/retomada\/?page_id=2254"},"modified":"2025-12-01T15:16:03","modified_gmt":"2025-12-01T18:16:03","slug":"os-transparencia","status":"publish","type":"page","link":"https:\/\/goias.gov.br\/retomada\/os-transparencia\/","title":{"rendered":"Transpar\u00eancia"},"content":{"rendered":"\t\t<div data-elementor-type=\"wp-page\" data-elementor-id=\"2254\" class=\"elementor elementor-2254\">\n\t\t\t\t<div class=\"elementor-element elementor-element-e029592 e-flex e-con-boxed e-con e-parent\" data-id=\"e029592\" data-element_type=\"container\" data-e-type=\"container\">\n\t\t\t\t\t<div class=\"e-con-inner\">\n\t\t<div class=\"elementor-element elementor-element-4cc91c5 e-con-full e-flex e-con e-child\" data-id=\"4cc91c5\" data-element_type=\"container\" data-e-type=\"container\">\n\t\t\t\t<div class=\"elementor-element elementor-element-9051107 elementor-widget elementor-widget-heading\" data-id=\"9051107\" data-element_type=\"widget\" data-e-type=\"widget\" data-widget_type=\"heading.default\">\n\t\t\t\t\t<h3 class=\"elementor-heading-title elementor-size-default\">Acesso \u00e0s Informa\u00e7\u00f5es das Organiza\u00e7\u00f5es Sociais<\/h3>\t\t\t\t<\/div>\n\t\t\t\t<div class=\"elementor-element elementor-element-cfc8342 elementor-widget elementor-widget-text-editor\" data-id=\"cfc8342\" data-element_type=\"widget\" data-e-type=\"widget\" data-widget_type=\"text-editor.default\">\n\t\t\t\t\t\t\t\t\t<h3><strong>CONTRATOS\u00a0CELEBRADOS<br \/><\/strong><span style=\"font-size: 10pt;\">N\u00e3o mais vigentes desde 31 de julho de 2021.<\/span><\/h3>\t\t\t\t\t\t\t\t<\/div>\n\t\t\t\t<\/div>\n\t\t\t\t\t<\/div>\n\t\t\t\t<\/div>\n\t\t<div class=\"elementor-element elementor-element-ddc8dc9 e-flex e-con-boxed e-con e-parent\" data-id=\"ddc8dc9\" data-element_type=\"container\" data-e-type=\"container\">\n\t\t\t\t\t<div class=\"e-con-inner\">\n\t\t<div class=\"elementor-element elementor-element-265ff94 e-con-full e-flex e-con e-child\" data-id=\"265ff94\" data-element_type=\"container\" data-e-type=\"container\">\n\t\t\t\t<div class=\"elementor-element elementor-element-6415e73 elementor-widget elementor-widget-heading\" data-id=\"6415e73\" data-element_type=\"widget\" data-e-type=\"widget\" data-widget_type=\"heading.default\">\n\t\t\t\t\t<h3 class=\"elementor-heading-title elementor-size-default\">IBRACEDS<\/h3>\t\t\t\t<\/div>\n\t\t\t\t<div class=\"elementor-element elementor-element-05177a8 elementor-widget elementor-widget-text-editor\" data-id=\"05177a8\" data-element_type=\"widget\" data-e-type=\"widget\" data-widget_type=\"text-editor.default\">\n\t\t\t\t\t\t\t\t\t<ul><li><a href=\"\/retomada\/regional-1-ibraceds\/\">Regional 1 &#8211; IBRACEDS<\/a><br \/><h1 class=\"header\">\u00a0<\/h1><dl class=\"info-block\"><dt class=\"info-term\"><\/dt><dd class=\"published\"><\/dd><\/dl><\/li><\/ul>\t\t\t\t\t\t\t\t<\/div>\n\t\t\t\t<\/div>\n\t\t<div class=\"elementor-element elementor-element-1757b4e e-con-full e-flex e-con e-child\" data-id=\"1757b4e\" data-element_type=\"container\" data-e-type=\"container\">\n\t\t\t\t<div class=\"elementor-element elementor-element-01f2bc2 elementor-widget elementor-widget-heading\" data-id=\"01f2bc2\" data-element_type=\"widget\" data-e-type=\"widget\" data-widget_type=\"heading.default\">\n\t\t\t\t\t<h3 class=\"elementor-heading-title elementor-size-default\">ANTARES<\/h3>\t\t\t\t<\/div>\n\t\t\t\t<div class=\"elementor-element elementor-element-60dc10e elementor-widget elementor-widget-text-editor\" data-id=\"60dc10e\" data-element_type=\"widget\" data-e-type=\"widget\" data-widget_type=\"text-editor.default\">\n\t\t\t\t\t\t\t\t\t<ul><li><a href=\"\/retomada\/regional-2-antares\/\">Regional 2 &#8211; FUNDA\u00c7\u00c3O ANTARES<\/a><\/li><\/ul>\t\t\t\t\t\t\t\t<\/div>\n\t\t\t\t<\/div>\n\t\t<div class=\"elementor-element elementor-element-dae9677 e-con-full e-flex e-con e-child\" data-id=\"dae9677\" data-element_type=\"container\" data-e-type=\"container\">\n\t\t\t\t<div class=\"elementor-element elementor-element-5fee03c elementor-widget elementor-widget-heading\" data-id=\"5fee03c\" data-element_type=\"widget\" data-e-type=\"widget\" data-widget_type=\"heading.default\">\n\t\t\t\t\t<h3 class=\"elementor-heading-title elementor-size-default\">REGER<\/h3>\t\t\t\t<\/div>\n\t\t\t\t<div class=\"elementor-element elementor-element-8070be0 elementor-widget elementor-widget-text-editor\" data-id=\"8070be0\" data-element_type=\"widget\" data-e-type=\"widget\" data-widget_type=\"text-editor.default\">\n\t\t\t\t\t\t\t\t\t<ul><li><a href=\"\/retomada\/regional-3-reger\/\">Regional 3 &#8211; REGER<\/a><\/li><\/ul>\t\t\t\t\t\t\t\t<\/div>\n\t\t\t\t<\/div>\n\t\t<div class=\"elementor-element elementor-element-42803f3 e-con-full e-flex e-con e-child\" data-id=\"42803f3\" data-element_type=\"container\" data-e-type=\"container\">\n\t\t\t\t<div class=\"elementor-element elementor-element-865c848 elementor-widget elementor-widget-heading\" data-id=\"865c848\" data-element_type=\"widget\" data-e-type=\"widget\" data-widget_type=\"heading.default\">\n\t\t\t\t\t<h3 class=\"elementor-heading-title elementor-size-default\">CEGECON\n<\/h3>\t\t\t\t<\/div>\n\t\t\t\t<div class=\"elementor-element elementor-element-037a7f8 elementor-widget elementor-widget-text-editor\" data-id=\"037a7f8\" data-element_type=\"widget\" data-e-type=\"widget\" data-widget_type=\"text-editor.default\">\n\t\t\t\t\t\t\t\t\t<ul><li><a href=\"\/retomada\/regional-4-cegecon\/\">Regional 4 &#8211; CEGECON<\/a><\/li><\/ul>\t\t\t\t\t\t\t\t<\/div>\n\t\t\t\t<\/div>\n\t\t\t\t\t<\/div>\n\t\t\t\t<\/div>\n\t\t<div class=\"elementor-element elementor-element-7808545 e-flex e-con-boxed e-con e-parent\" data-id=\"7808545\" data-element_type=\"container\" data-e-type=\"container\">\n\t\t\t\t\t<div class=\"e-con-inner\">\n\t\t<div class=\"elementor-element elementor-element-c8fecdc e-con-full e-flex e-con e-child\" data-id=\"c8fecdc\" data-element_type=\"container\" data-e-type=\"container\">\n\t\t\t\t<div class=\"elementor-element elementor-element-b378a00 elementor-widget elementor-widget-heading\" data-id=\"b378a00\" data-element_type=\"widget\" data-e-type=\"widget\" data-widget_type=\"heading.default\">\n\t\t\t\t\t<h3 class=\"elementor-heading-title elementor-size-default\">CENTEDUC<\/h3>\t\t\t\t<\/div>\n\t\t\t\t<div class=\"elementor-element elementor-element-b09e339 elementor-widget elementor-widget-text-editor\" data-id=\"b09e339\" data-element_type=\"widget\" data-e-type=\"widget\" data-widget_type=\"text-editor.default\">\n\t\t\t\t\t\t\t\t\t<ul><li><a href=\"\/retomada\/regional-5-centeduc\/\">Regional 5 &#8211; CENTEDUC<\/a><\/li><\/ul>\t\t\t\t\t\t\t\t<\/div>\n\t\t\t\t<\/div>\n\t\t\t\t\t<\/div>\n\t\t\t\t<\/div>\n\t\t\t\t<\/div>\n\t\t","protected":false},"excerpt":{"rendered":"<p>Acesso \u00e0s Informa\u00e7\u00f5es das Organiza\u00e7\u00f5es Sociais CONTRATOS\u00a0CELEBRADOSN\u00e3o mais vigentes desde 31 de julho de 2021. IBRACEDS Regional 1 &#8211; IBRACEDS \u00a0 ANTARES Regional 2 &#8211; FUNDA\u00c7\u00c3O ANTARES REGER Regional 3 &#8211; REGER CEGECON Regional 4 &#8211; CEGECON CENTEDUC Regional 5 &#8211; CENTEDUC<\/p>\n","protected":false},"author":7,"featured_media":0,"parent":0,"menu_order":0,"comment_status":"closed","ping_status":"closed","template":"","meta":{"footnotes":""},"class_list":["post-2254","page","type-page","status-publish","hentry"],"rttpg_featured_image_url":null,"rttpg_author":{"display_name":"gustavogoncalves","author_link":"https:\/\/goias.gov.br\/retomada\/author\/gustavogoncalves\/"},"rttpg_comment":0,"rttpg_category":null,"rttpg_excerpt":"Acesso \u00e0s Informa\u00e7\u00f5es das Organiza\u00e7\u00f5es Sociais CONTRATOS\u00a0CELEBRADOSN\u00e3o mais vigentes desde 31 de julho de 2021. IBRACEDS Regional 1 &#8211; IBRACEDS \u00a0 ANTARES Regional 2 &#8211; FUNDA\u00c7\u00c3O ANTARES REGER Regional 3 &#8211; REGER CEGECON Regional 4 &#8211; CEGECON CENTEDUC Regional 5 &#8211; CENTEDUC","_links":{"self":[{"href":"https:\/\/goias.gov.br\/retomada\/wp-json\/wp\/v2\/pages\/2254","targetHints":{"allow":["GET"]}}],"collection":[{"href":"https:\/\/goias.gov.br\/retomada\/wp-json\/wp\/v2\/pages"}],"about":[{"href":"https:\/\/goias.gov.br\/retomada\/wp-json\/wp\/v2\/types\/page"}],"author":[{"embeddable":true,"href":"https:\/\/goias.gov.br\/retomada\/wp-json\/wp\/v2\/users\/7"}],"replies":[{"embeddable":true,"href":"https:\/\/goias.gov.br\/retomada\/wp-json\/wp\/v2\/comments?post=2254"}],"version-history":[{"count":2,"href":"https:\/\/goias.gov.br\/retomada\/wp-json\/wp\/v2\/pages\/2254\/revisions"}],"predecessor-version":[{"id":61052,"href":"https:\/\/goias.gov.br\/retomada\/wp-json\/wp\/v2\/pages\/2254\/revisions\/61052"}],"wp:attachment":[{"href":"https:\/\/goias.gov.br\/retomada\/wp-json\/wp\/v2\/media?parent=2254"}],"curies":[{"name":"wp","href":"https:\/\/api.w.org\/{rel}","templated":true}]}}