

{"id":2252,"date":"2023-10-02T11:01:45","date_gmt":"2023-10-02T14:01:45","guid":{"rendered":"https:\/\/siteshom.goias.gov.br\/retomada\/?page_id=2252"},"modified":"2025-12-01T15:03:42","modified_gmt":"2025-12-01T18:03:42","slug":"institucional","status":"publish","type":"page","link":"https:\/\/goias.gov.br\/retomada\/institucional\/","title":{"rendered":"Institucional"},"content":{"rendered":"\t\t<div data-elementor-type=\"wp-page\" data-elementor-id=\"2252\" class=\"elementor elementor-2252\">\n\t\t\t\t<div class=\"elementor-element elementor-element-dc67493 e-flex e-con-boxed e-con e-parent\" data-id=\"dc67493\" data-element_type=\"container\" data-e-type=\"container\">\n\t\t\t\t\t<div class=\"e-con-inner\">\n\t\t<div class=\"elementor-element elementor-element-1b87a84 e-con-full e-flex e-con e-child\" data-id=\"1b87a84\" data-element_type=\"container\" data-e-type=\"container\">\n\t\t\t\t<div class=\"elementor-element elementor-element-b0af82e elementor-widget elementor-widget-shortcode\" data-id=\"b0af82e\" data-element_type=\"widget\" data-e-type=\"widget\" data-widget_type=\"shortcode.default\">\n\t\t\t\t\t\t\t<div class=\"elementor-shortcode\"><div data-post-id=\"7\" class=\"insert-page insert-page-7 \"><h1 class='insert-page-title'>A Secretaria<\/h1><p>A Secretaria de Estado da Retomada (SER) foi criada pela <a href=\"https:\/\/legisla.casacivil.go.gov.br\/pesquisa_legislacao\/103300\" target=\"_blank\" rel=\"noopener\">Lei n\u00ba 20.820\/20<\/a>, de 4 de agosto de 2020, que alterou a <a href=\"https:\/\/legisla.casacivil.go.gov.br\/pesquisa_legislacao\/100701\" target=\"_blank\" rel=\"noopener\">Lei n\u00ba 20.491<\/a>, artigo 43-A, de 2019.<\/p>\n<ul class='post-meta'>\n<li><span class='post-meta-key'>author_alias:<\/span> Joomla<\/li>\n<li><span class='post-meta-key'>tpg-post-view-count:<\/span> 626<\/li>\n<li><span class='post-meta-key'>footnotes:<\/span> <\/li>\n<li><span class='post-meta-key'>rank_math_internal_links_processed:<\/span> 1<\/li>\n<\/ul>\n<\/div><\/div>\n\t\t\t\t\t\t<\/div>\n\t\t\t\t<\/div>\n\t\t\t\t\t<\/div>\n\t\t\t\t<\/div>\n\t\t<div class=\"elementor-element elementor-element-a16f412 e-flex e-con-boxed e-con e-parent\" data-id=\"a16f412\" data-element_type=\"container\" data-e-type=\"container\">\n\t\t\t\t\t<div class=\"e-con-inner\">\n\t\t<div class=\"elementor-element elementor-element-1060aa6 e-con-full e-flex e-con e-child\" data-id=\"1060aa6\" data-element_type=\"container\" data-e-type=\"container\">\n\t\t\t\t<div class=\"elementor-element elementor-element-7ddd0b9 elementor-widget elementor-widget-shortcode\" data-id=\"7ddd0b9\" data-element_type=\"widget\" data-e-type=\"widget\" data-widget_type=\"shortcode.default\">\n\t\t\t\t\t\t\t<div class=\"elementor-shortcode\"><div data-post-id=\"27\" class=\"insert-page insert-page-27 \"><h1 class='insert-page-title'>Compet\u00eancias<\/h1><p>Segundo o estabelecido na\u00a0<a href=\"https:\/\/legisla.casacivil.go.gov.br\/pesquisa_legislacao\/106749\/lei-21792\" target=\"_blank\" rel=\"noopener\">Lei n\u00ba 21.792, de 16 de fevereiro de 2023,<\/a>\u00a0e seus incisos:<\/p>\n<h4 class=\"artigo\"><span style=\"color: #008000;\">Art. 31. \u00c0 RETOMADA competem:<\/span><\/h4>\n<p class=\"inciso\">I \u2013 a formula\u00e7\u00e3o e a execu\u00e7\u00e3o das pol\u00edticas p\u00fablicas estaduais de:<\/p>\n<p class=\"alinea\">a) mobiliza\u00e7\u00e3o social em prol da gera\u00e7\u00e3o de emprego, do empreendedorismo, da escolaridade e de investimentos;<\/p>\n<p class=\"alinea\">b) defesa e promo\u00e7\u00e3o do emprego e da renda;<\/p>\n<p class=\"alinea\">c) forma\u00e7\u00e3o, qualifica\u00e7\u00e3o e capacita\u00e7\u00e3o de pessoas para o emprego;<\/p>\n<p class=\"alinea\">d) atividades relacionadas com economia criativa, arranjos produtivos locais e cooperativismo; e<\/p>\n<p class=\"alinea\">e) fomento e fortalecimento ao micro e ao pequeno empreendedor e \u00e0s atividades artesanais;<\/p>\n<p class=\"inciso\">II \u2013 a supervis\u00e3o, a coordena\u00e7\u00e3o, o acompanhamento e o controle da implanta\u00e7\u00e3o de projetos de rela\u00e7\u00f5es do trabalho;<\/p>\n<p class=\"inciso\">III \u2013 a promo\u00e7\u00e3o da educa\u00e7\u00e3o profissionalizante, a gest\u00e3o e a organiza\u00e7\u00e3o metodol\u00f3gica dos col\u00e9gios tecnol\u00f3gicos;<\/p>\n<p class=\"inciso\">IV \u2013 o diagn\u00f3stico da demanda profissional dos setores produtivos do Estado e o mapeamento de \u00e1reas vulner\u00e1veis nas cidades goianas, com \u00eanfase no desenvolvimento econ\u00f4mico;<\/p>\n<p class=\"inciso\">V \u2013 o acompanhamento dos programas de financiamento com o setor produtivo da Regi\u00e3o Centro\u2013 Oeste;<\/p>\n<p class=\"inciso\">VI \u2013 a formula\u00e7\u00e3o e a execu\u00e7\u00e3o da pol\u00edtica estadual do microcr\u00e9dito; e<\/p>\n<p class=\"inciso\">VII \u2013 a formula\u00e7\u00e3o da pol\u00edtica de turismo do Estado.<\/p>\n<p class=\"artigo\">Art. 32. Integram a RETOMADA, como \u00f3rg\u00e3os colegiados:<\/p>\n<p class=\"inciso\">I \u2013 o Conselho Estadual do Trabalho, Emprego e Renda \u2013 CTER;<\/p>\n<p class=\"inciso\">II \u2013 o Conselho de Desenvolvimento do Estado \u2013 CDE\/FCO; e<\/p>\n<p class=\"inciso\">III \u2013 o Conselho Estadual de Turismo.<\/p>\n\n\n<p> <\/p>\n<ul class='post-meta'>\n<li><span class='post-meta-key'>tpg-post-view-count:<\/span> 565<\/li>\n<li><span class='post-meta-key'>footnotes:<\/span> <\/li>\n<li><span class='post-meta-key'>rank_math_internal_links_processed:<\/span> 1<\/li>\n<li><span class='post-meta-key'>rank_math_seo_score:<\/span> 12<\/li>\n<li><span class='post-meta-key'>rank_math_primary_category:<\/span> 2<\/li>\n<\/ul>\n<\/div>\n\n<div data-post-id=\"17\" class=\"insert-page insert-page-17 \"><h1 class='insert-page-title'>Endere\u00e7os, Telefones, E-mails e Hor\u00e1rios de Atendimento<\/h1><h4><span style=\"color: #008000;\">Pal\u00e1cio Pedro Ludovico Texeira<\/span><\/h4>\n<p>Rua 82, n\u00ba 400 Ed. Pal\u00e1cio Pedro Ludovico Teixeira, 2\u00ba andar<br \/>\nSetor Central, Goi\u00e2nia\/GO \u2013 CEP: 74.015-908<br \/>\nAtendimento: 08h \u00e0s 12h e 14h \u00e0s 18h<\/p>\n<p><strong>Atendimento ao Cidad\u00e3o<\/strong><br \/>\nE-mail: <a href=\"mailto: protocolo.ser@goias.gov.br\">protocolo.ser@goias.gov.br<\/a><br \/>\nTelefone: (62) 3030-1480<\/p>\n<p><strong>Ouvidoria Setorial<\/strong><br \/>\nE-mail: <a href=\"mailto:ouvidoria.retomada@goias.gov.br\">ouvidoria.retomada@goias.gov.br<\/a><\/p>\n<p><strong>Imprensa<\/strong><br \/>\nE-mail:\u00a0<a href=\"mailto: comunicacao.retomada@goias.gov.br\">comunicacao.retomada@goias.gov.br<\/a><br \/>\nTelefone: (62) 3030-1480<\/p>\n<h4><span style=\"color: #339966;\">Gabinete da Secretaria de Estado da Retomada<\/span><\/h4>\n<p>Pra\u00e7a Dr. Pedro Ludovico Teixeira (pra\u00e7a c\u00edvica), Rua 82, N.\u00ba03, Setor Central<br \/>\nGoi\u00e2nia\u2013GO- CEP 73003-010<br \/>\nTelefone: (62) 3030-1590<br \/>\nE-mail: <a href=\"mailto:gabinete.retomada@goias.gov.br\">gabinete.retomada@goias.gov.br<\/a><br \/>\nAtendimento Presencial de segunda a sexta das 08h \u00e0s 12h e das 14h \u00e0s 18h<\/p>\n<h4><span class=\"ui-provider eb blk aux bvr bvs bvt bvu bvv bvw bvx bvy bvz bwa bwb bwc bwd bwe bwf bwg bwh bwi bwj bwk bwl bwm bwn bwo bwp bwq bwr bws bwt bwu bwv bww\" dir=\"ltr\" style=\"color: #008000;\">Centro de Refer\u00eancia do Artesanato de Goi\u00e1s (Gabinete da Secretaria)<\/span><\/h4>\n<p>Pra\u00e7a Dr. Pedro Ludovico Teixeira (Pra\u00e7a C\u00edvica), n\u00ba 26<br \/>\nSetor Central, Goi\u00e2nia\/GO \u2013 CEP: 74.015-908<br \/>\nAtendimento: 08h \u00e0s 12h e 14h \u00e0s 18h<\/p>\n<h4><span class=\"ui-provider eb blk aux bvr bvs bvt bvu bvv bvw bvx bvy bvz bwa bwb bwc bwd bwe bwf bwg bwh bwi bwj bwk bwl bwm bwn bwo bwp bwq bwr bws bwt bwu bwv bww\" dir=\"ltr\" style=\"color: #008000;\">Central Mais Empregos<\/span><\/h4>\n<p>Avenida Araguaia, esquina com a Rua 15,<br \/>\nSetor Central, Goi\u00e2nia\/GO \u2013 CEP: 74.110-130<br \/>\nWthasApp: (62) 98231-0070<br \/>\nAtendimento: 08h \u00e0s 18h<\/p>\n<h4><span style=\"color: #008000;\">Centro de Conven\u00e7\u00f5es Oscar Niemeyer \u2013 CCON<\/span><\/h4>\n<p>Avenida Araguaia, esquina com a Rua 15,<br \/>\nAv. Dep. Jamel Cec\u00edlio, Km 01<br \/>\nCh\u00e1caras Alto da Gl\u00f3ria, Goi\u00e2nia\/GO \u2013 CEP: 74891-135<br \/>\nTelefone: (62) 3030-1488<br \/>\nAtendimento: 08h \u00e0s 12h e 14h \u00e0s 17h<\/p>\n<h4><span style=\"color: #008000;\">Centro de conven\u00e7\u00f5es de An\u00e1polis \u2013 CCA<\/span><\/h4>\n<p>Avenida Araguaia, esquina com a Rua 15, n\u00ba 208<br \/>\nRodovia Transbrasiliana, Viviam Parque 2\u00aa Etapa<br \/>\nAn\u00e1polis-GO \u2013 CEP: 75001-970<br \/>\nTelefone: (62) 3771-0898<br \/>\nAtendimento: 08h \u00e0s 12h e 14h \u00e0s 17h<\/p>\n<ul class='post-meta'>\n<li><span class='post-meta-key'>tpg-post-view-count:<\/span> 302<\/li>\n<li><span class='post-meta-key'>rank_math_internal_links_processed:<\/span> 1<\/li>\n<li><span class='post-meta-key'>footnotes:<\/span> <\/li>\n<li><span class='post-meta-key'>ao_post_optimize:<\/span> a:6:{s:16:\"ao_post_optimize\";s:2:\"on\";s:19:\"ao_post_js_optimize\";s:2:\"on\";s:20:\"ao_post_css_optimize\";s:2:\"on\";s:12:\"ao_post_ccss\";s:2:\"on\";s:16:\"ao_post_lazyload\";s:2:\"on\";s:15:\"ao_post_preload\";s:0:\"\";}<\/li>\n<li><span class='post-meta-key'>rank_math_primary_category:<\/span> 2<\/li>\n<li><span class='post-meta-key'>rank_math_seo_score:<\/span> 7<\/li>\n<\/ul>\n<\/div><\/div>\n\t\t\t\t\t\t<\/div>\n\t\t\t\t<\/div>\n\t\t<div class=\"elementor-element elementor-element-7b86462 e-con-full e-flex e-con e-child\" data-id=\"7b86462\" data-element_type=\"container\" data-e-type=\"container\">\n\t\t\t\t<div class=\"elementor-element elementor-element-55308ea elementor-widget elementor-widget-shortcode\" data-id=\"55308ea\" data-element_type=\"widget\" data-e-type=\"widget\" data-widget_type=\"shortcode.default\">\n\t\t\t\t\t\t\t<div class=\"elementor-shortcode\"><div data-post-id=\"24\" class=\"insert-page insert-page-24 \"><h1 class='insert-page-title'>Secret\u00e1rio<\/h1><h3><img fetchpriority=\"high\" fetchpriority=\"high\" decoding=\"async\" id=\"\" class=\" size-full wp-image-23\" title=\"\" src=\"https:\/\/goias.gov.br\/retomada\/wp-content\/uploads\/sites\/22\/2018\/07\/WhatsAppImage2020-08-18at09.52.19-1-aca.jpeg\" alt=\"\" width=\"388\" height=\"538\" srcset=\"https:\/\/goias.gov.br\/retomada\/wp-content\/uploads\/sites\/22\/2018\/07\/WhatsAppImage2020-08-18at09.52.19-1-aca.jpeg 766w, https:\/\/goias.gov.br\/retomada\/wp-content\/uploads\/sites\/22\/2018\/07\/WhatsAppImage2020-08-18at09.52.19-1-aca-216x300.jpeg 216w, https:\/\/goias.gov.br\/retomada\/wp-content\/uploads\/sites\/22\/2018\/07\/WhatsAppImage2020-08-18at09.52.19-1-aca-739x1024.jpeg 739w\" sizes=\"(max-width: 388px) 100vw, 388px\" \/><br \/>\n<strong><span style=\"color: #008000;\">C\u00e9sar\u00a0Augusto Sotkeviciene<\/span><\/strong><br \/>\n<span style=\"color: #808080;\">Secret\u00e1rio de Estado da Retomada<\/span><\/h3>\n<p style=\"text-align: left;\">\n<p style=\"text-align: justify;\">C\u00e9sar Augusto de Sotkeviciene Moura ocupa o cargo de Secret\u00e1rio de Estado da Retomada desde a cria\u00e7\u00e3o da secretaria em agosto de 2020. Sua miss\u00e3o inicial foi liderar a retomada econ\u00f4mica de Goi\u00e1s ap\u00f3s a Covid-19, com foco especial na gera\u00e7\u00e3o de emprego e renda, bem como no apoio \u00e0s micro e pequenas empresas. Atualmente, seu trabalho est\u00e1 voltado para o desenvolvimento regional, por meio de pol\u00edticas p\u00fablicas que promovem empregabilidade, profissionaliza\u00e7\u00e3o e empreendedorismo. Ele preside o Conselho de Desenvolvimento do Estado de Goi\u00e1s (CDE), com o objetivo de democratizar o acesso aos recursos que financiam e impulsionam a economia do estado, como \u00e9 o caso do Fundo Constitucional do Centro-Oeste (FCO). \u00c9 conselheiro da Saneago, da Goi\u00e1s Fomento e da OVG.<\/p>\n<p style=\"text-align: justify;\">Sua carreira na gest\u00e3o p\u00fablica come\u00e7ou em 2019, atuando primeiro como superintendente e, posteriormente, como subsecret\u00e1rio da Secretaria de Estado da Ind\u00fastria e Com\u00e9rcio. Exerceu o cargo de Secret\u00e1rio de Estado da Cultura interinamente de janeiro de 2021 a maio de 2022. Formado em Ci\u00eancias Econ\u00f4micas pela Uniana (hoje Universidade Estadual de Goi\u00e1s &#8211; UEG) em 1999, C\u00e9sar Moura trabalhou na elabora\u00e7\u00e3o de projetos de viabilidade econ\u00f4mico-financeira para o FCO, o Banco Nacional de Desenvolvimento Econ\u00f4mico e Social (BNDES) e os programas Produzir e Fomentar. Atuou como consultor para fundos de investimento, especializando-se em processos de habilita\u00e7\u00e3o junto \u00e0 Comiss\u00e3o de Valores Imobili\u00e1rios (CVM), e tamb\u00e9m como consultor do Sebrae. \u00c9 refer\u00eancia em gerenciamento de crises em empresas dos setores industrial, comercial e de servi\u00e7os.<\/p>\n<ul class='post-meta'>\n<li><span class='post-meta-key'>tpg-post-view-count:<\/span> 623<\/li>\n<li><span class='post-meta-key'>rank_math_internal_links_processed:<\/span> 1<\/li>\n<li><span class='post-meta-key'>rank_math_seo_score:<\/span> 6<\/li>\n<\/ul>\n<\/div><\/div>\n\t\t\t\t\t\t<\/div>\n\t\t\t\t<\/div>\n\t\t\t\t\t<\/div>\n\t\t\t\t<\/div>\n\t\t<div class=\"elementor-element elementor-element-52c56e5 e-flex e-con-boxed e-con e-parent\" data-id=\"52c56e5\" data-element_type=\"container\" data-e-type=\"container\">\n\t\t\t\t\t<div class=\"e-con-inner\">\n\t\t<div class=\"elementor-element elementor-element-7f963a0 e-con-full e-flex e-con e-child\" data-id=\"7f963a0\" data-element_type=\"container\" data-e-type=\"container\">\n\t\t\t\t<div class=\"elementor-element elementor-element-3c444a2 elementor-widget elementor-widget-heading\" data-id=\"3c444a2\" data-element_type=\"widget\" data-e-type=\"widget\" data-widget_type=\"heading.default\">\n\t\t\t\t\t<h2 class=\"elementor-heading-title elementor-size-default\">Estrutura Organizacional<\/h2>\t\t\t\t<\/div>\n\t\t\t\t<div class=\"elementor-element elementor-element-2701a4c elementor-widget elementor-widget-text-editor\" data-id=\"2701a4c\" data-element_type=\"widget\" data-e-type=\"widget\" data-widget_type=\"text-editor.default\">\n\t\t\t\t\t\t\t\t\t<p>Estrutura organizacional segundo A <a href=\"https:\/\/legisla.casacivil.go.gov.br\/pesquisa_legislacao\/106749\/lei-21792\"> <b>Lei n\u00ba 21.792 <\/b><\/a>, de 16 de fevereiro de 2023 estabelece a organiza\u00e7\u00e3o administrativa b\u00e1sica do Poder Executivo e d\u00e1 outras provid\u00eancias.<\/p>\t\t\t\t\t\t\t\t<\/div>\n\t\t\t\t<\/div>\n\t\t\t\t\t<\/div>\n\t\t\t\t<\/div>\n\t\t<div class=\"elementor-element elementor-element-298ae81 e-flex e-con-boxed e-con e-parent\" data-id=\"298ae81\" data-element_type=\"container\" data-e-type=\"container\">\n\t\t\t\t\t<div class=\"e-con-inner\">\n\t\t<div class=\"elementor-element elementor-element-a3d08f1 e-con-full e-flex e-con e-child\" data-id=\"a3d08f1\" data-element_type=\"container\" data-e-type=\"container\">\n\t\t\t\t<div class=\"elementor-element elementor-element-ba395c6 elementor-widget elementor-widget-image\" data-id=\"ba395c6\" data-element_type=\"widget\" data-e-type=\"widget\" data-widget_type=\"image.default\">\n\t\t\t\t\t\t\t\t\t\t\t\t\t\t\t<img decoding=\"async\" src=\"https:\/\/goias.gov.br\/retomada\/wp-content\/uploads\/sites\/22\/elementor\/thumbs\/Organograma_page-0001-scaled-qsxva3yo30s0nhw0js38cgtqzqw0kek4yqghcutnh2.jpg\" title=\"Organograma_page-0001\" alt=\"Organograma_page-0001\" loading=\"lazy\" \/>\t\t\t\t\t\t\t\t\t\t\t\t\t\t\t<\/div>\n\t\t\t\t<\/div>\n\t\t\t\t\t<\/div>\n\t\t\t\t<\/div>\n\t\t<div class=\"elementor-element elementor-element-ea125ea e-flex e-con-boxed e-con e-parent\" data-id=\"ea125ea\" data-element_type=\"container\" data-e-type=\"container\">\n\t\t\t\t\t<div class=\"e-con-inner\">\n\t\t<div class=\"elementor-element elementor-element-b7bcb8b e-con-full e-flex e-con e-child\" data-id=\"b7bcb8b\" data-element_type=\"container\" data-e-type=\"container\">\n\t\t\t\t<div class=\"elementor-element elementor-element-e8432b6 elementor-widget elementor-widget-text-editor\" data-id=\"e8432b6\" data-element_type=\"widget\" data-e-type=\"widget\" data-widget_type=\"text-editor.default\">\n\t\t\t\t\t\t\t\t\t<ul><li><a href=\"https:\/\/legisla.casacivil.go.gov.br\/pesquisa_legislacao\/103300\/lei-20820\" target=\"_blank\" rel=\"noopener\"><strong>LEI N\u00ba 20.820, DE 04 DE AGOSTO DE 2020<\/strong><\/a><\/li><li><a href=\"https:\/\/legisla.casacivil.go.gov.br\/pesquisa_legislacao\/106749\/lei-21792\" target=\"_blank\" rel=\"noopener\"><strong>LEI N\u00ba 21.792, DE 16\u00a0DE FEVEREIRO DE 2023<\/strong><\/a><\/li><li><a href=\"https:\/\/legisla.casacivil.go.gov.br\/pesquisa_legislacao\/106766\/decreto-10224\" target=\"_blank\" rel=\"noopener\"><strong>Decreto n\u00b0 10.224, DE 28 FEVEREIRO 2023<\/strong><\/a><\/li><li><a href=\"https:\/\/goias.gov.br\/retomada\/wp-content\/uploads\/sites\/22\/2024\/08\/DECRETO-N\u00b010.515-DE-31-DE-JULHO-DE-2024.pdf\" target=\"_blank\" rel=\"noopener\"><strong>Decreto n\u00b0 10.515, DE 31 JULHO 2024<\/strong><\/a><\/li><\/ul>\t\t\t\t\t\t\t\t<\/div>\n\t\t\t\t<\/div>\n\t\t\t\t\t<\/div>\n\t\t\t\t<\/div>\n\t\t\t\t<\/div>\n\t\t","protected":false},"excerpt":{"rendered":"<p>Estrutura Organizacional Estrutura organizacional segundo A Lei n\u00ba 21.792 , de 16 de fevereiro de 2023 estabelece a organiza\u00e7\u00e3o administrativa b\u00e1sica do Poder Executivo e d\u00e1 outras provid\u00eancias. LEI N\u00ba 20.820, DE 04 DE AGOSTO DE 2020 LEI N\u00ba 21.792, DE 16\u00a0DE FEVEREIRO DE 2023 Decreto n\u00b0 10.224, DE 28 FEVEREIRO 2023 Decreto n\u00b0 10.515, [&hellip;]<\/p>\n","protected":false},"author":7,"featured_media":0,"parent":0,"menu_order":0,"comment_status":"closed","ping_status":"closed","template":"elementor_header_footer","meta":{"footnotes":""},"class_list":["post-2252","page","type-page","status-publish","hentry"],"rttpg_featured_image_url":null,"rttpg_author":{"display_name":"gustavogoncalves","author_link":"https:\/\/goias.gov.br\/retomada\/author\/gustavogoncalves\/"},"rttpg_comment":0,"rttpg_category":"","rttpg_excerpt":"Estrutura Organizacional Estrutura organizacional segundo A Lei n\u00ba 21.792 , de 16 de fevereiro de 2023 estabelece a organiza\u00e7\u00e3o administrativa b\u00e1sica do Poder Executivo e d\u00e1 outras provid\u00eancias. LEI N\u00ba 20.820, DE 04 DE AGOSTO DE 2020 LEI N\u00ba 21.792, DE 16\u00a0DE FEVEREIRO DE 2023 Decreto n\u00b0 10.224, DE 28 FEVEREIRO 2023 Decreto n\u00b0 10.515,&hellip;","_links":{"self":[{"href":"https:\/\/goias.gov.br\/retomada\/wp-json\/wp\/v2\/pages\/2252","targetHints":{"allow":["GET"]}}],"collection":[{"href":"https:\/\/goias.gov.br\/retomada\/wp-json\/wp\/v2\/pages"}],"about":[{"href":"https:\/\/goias.gov.br\/retomada\/wp-json\/wp\/v2\/types\/page"}],"author":[{"embeddable":true,"href":"https:\/\/goias.gov.br\/retomada\/wp-json\/wp\/v2\/users\/7"}],"replies":[{"embeddable":true,"href":"https:\/\/goias.gov.br\/retomada\/wp-json\/wp\/v2\/comments?post=2252"}],"version-history":[{"count":2,"href":"https:\/\/goias.gov.br\/retomada\/wp-json\/wp\/v2\/pages\/2252\/revisions"}],"predecessor-version":[{"id":60988,"href":"https:\/\/goias.gov.br\/retomada\/wp-json\/wp\/v2\/pages\/2252\/revisions\/60988"}],"wp:attachment":[{"href":"https:\/\/goias.gov.br\/retomada\/wp-json\/wp\/v2\/media?parent=2252"}],"curies":[{"name":"wp","href":"https:\/\/api.w.org\/{rel}","templated":true}]}}