

{"id":2250,"date":"2023-10-02T10:56:24","date_gmt":"2023-10-02T13:56:24","guid":{"rendered":"https:\/\/siteshom.goias.gov.br\/retomada\/?page_id=2250"},"modified":"2025-12-01T15:00:56","modified_gmt":"2025-12-01T18:00:56","slug":"inscricao-online","status":"publish","type":"page","link":"https:\/\/goias.gov.br\/retomada\/inscricao-online\/","title":{"rendered":"Inscri\u00e7\u00e3o Online"},"content":{"rendered":"\t\t<div data-elementor-type=\"wp-page\" data-elementor-id=\"2250\" class=\"elementor elementor-2250\">\n\t\t\t\t<div class=\"elementor-element elementor-element-be975d4 e-flex e-con-boxed e-con e-parent\" data-id=\"be975d4\" data-element_type=\"container\" data-e-type=\"container\">\n\t\t\t\t\t<div class=\"e-con-inner\">\n\t\t<div class=\"elementor-element elementor-element-8befd19 e-con-full e-flex e-con e-child\" data-id=\"8befd19\" data-element_type=\"container\" data-e-type=\"container\">\n\t\t\t\t<div class=\"elementor-element elementor-element-b23f5d0 elementor-widget elementor-widget-heading\" data-id=\"b23f5d0\" data-element_type=\"widget\" data-e-type=\"widget\" data-widget_type=\"heading.default\">\n\t\t\t\t\t<h2 class=\"elementor-heading-title elementor-size-default\">Como posso fazer minha inscri\u00e7\u00e3o?<\/h2>\t\t\t\t<\/div>\n\t\t\t\t<div class=\"elementor-element elementor-element-7809228 elementor-widget elementor-widget-html\" data-id=\"7809228\" data-element_type=\"widget\" data-e-type=\"widget\" data-widget_type=\"html.default\">\n\t\t\t\t\t<p style=\"text-align: center;\"><b>&lt;Inserir o conteudo de como fazer a inscri\u00e7\u00e3o&gt;<\/b><\/p>\n\t\t\t\t<\/div>\n\t\t\t\t<div class=\"elementor-element elementor-element-6f34a54 elementor-align-center elementor-widget elementor-widget-button\" data-id=\"6f34a54\" data-element_type=\"widget\" data-e-type=\"widget\" data-widget_type=\"button.default\">\n\t\t\t\t\t\t\t\t\t\t<a class=\"elementor-button elementor-button-link elementor-size-sm\" href=\"#\">\n\t\t\t\t\t\t<span class=\"elementor-button-content-wrapper\">\n\t\t\t\t\t\t\t\t\t<span class=\"elementor-button-text\">Inscreva-se<\/span>\n\t\t\t\t\t<\/span>\n\t\t\t\t\t<\/a>\n\t\t\t\t\t\t\t\t<\/div>\n\t\t\t\t<\/div>\n\t\t\t\t\t<\/div>\n\t\t\t\t<\/div>\n\t\t<div class=\"elementor-element elementor-element-5f2ada9 e-flex e-con-boxed e-con e-parent\" data-id=\"5f2ada9\" data-element_type=\"container\" data-e-type=\"container\">\n\t\t\t\t\t<div class=\"e-con-inner\">\n\t\t<div class=\"elementor-element elementor-element-7c60dcb e-con-full e-flex e-con e-child\" data-id=\"7c60dcb\" data-element_type=\"container\" data-e-type=\"container\">\n\t\t\t\t<div class=\"elementor-element elementor-element-4c358ad elementor-widget elementor-widget-heading\" data-id=\"4c358ad\" data-element_type=\"widget\" data-e-type=\"widget\" data-widget_type=\"heading.default\">\n\t\t\t\t\t<h2 class=\"elementor-heading-title elementor-size-default\">Editais \/ Resultados<\/h2>\t\t\t\t<\/div>\n\t\t\t\t<\/div>\n\t\t\t\t\t<\/div>\n\t\t\t\t<\/div>\n\t\t<div class=\"elementor-element elementor-element-b54646d e-flex e-con-boxed e-con e-parent\" data-id=\"b54646d\" data-element_type=\"container\" data-e-type=\"container\">\n\t\t\t\t\t<div class=\"e-con-inner\">\n\t\t<div class=\"elementor-element elementor-element-ab6d3f1 e-con-full e-flex e-con e-child\" data-id=\"ab6d3f1\" data-element_type=\"container\" data-e-type=\"container\" data-settings=\"{&quot;background_background&quot;:&quot;gradient&quot;}\">\n\t\t\t\t<div class=\"elementor-element elementor-element-154fe41 elementor-widget elementor-widget-text-editor\" data-id=\"154fe41\" data-element_type=\"widget\" data-e-type=\"widget\" data-widget_type=\"text-editor.default\">\n\t\t\t\t\t\t\t\t\t<div id=\"column-id-1621292926764\" class=\"sppb-column\"><div class=\"sppb-column-addons\"><div id=\"sppb-addon-1621040560512\" class=\"clearfix\"><div class=\"sppb-addon sppb-addon-module \"><div class=\"sppb-addon-content\"><div id=\"\" class=\"last-news-wrap last-news-feed\"><h3 class=\"g-title\"><span style=\"color: #0a4a22;\">Ibraceds Editais Abertos<\/span><\/h3><div class=\"body\"><h6 class=\"heading\"><span style=\"color: #339966;\"><a style=\"color: #339966;\" href=\"https:\/\/goias.gov.br\/retomada\/edital-010-2021-qualificacao-profissional-ead\/\">Edital 010\/2021 Ibraceds &#8211; Qualifica\u00e7\u00e3o Profissional EAD<\/a><\/span><\/h6><hr \/><h6 class=\"heading\"><a style=\"color: #339966;\" href=\"\/retomada\/edital-006-2021-resultado-i\/\">Edital 006\/2021 Ibraceds \u2013 Resultado I<\/a><\/h6><hr \/><h6 class=\"heading\"><span style=\"color: #339966;\"><a style=\"color: #339966;\" href=\"\/retomada\/edital-006-2021-capacitacao-profissional-ead\/\">Edital 006\/2021 Ibraceds \u2013 Capacita\u00e7\u00e3o Profissional EAD<\/a><\/span><\/h6><\/div><\/div><\/div><\/div><\/div><\/div><\/div>\t\t\t\t\t\t\t\t<\/div>\n\t\t\t\t<\/div>\n\t\t<div class=\"elementor-element elementor-element-5275a3d e-flex e-con-boxed e-con e-child\" data-id=\"5275a3d\" data-element_type=\"container\" data-e-type=\"container\">\n\t\t\t\t\t<div class=\"e-con-inner\">\n\t\t<div class=\"elementor-element elementor-element-31a174e e-con-full e-flex e-con e-child\" data-id=\"31a174e\" data-element_type=\"container\" data-e-type=\"container\" data-settings=\"{&quot;background_background&quot;:&quot;gradient&quot;}\">\n\t\t\t\t<div class=\"elementor-element elementor-element-83afcbc elementor-widget elementor-widget-text-editor\" data-id=\"83afcbc\" data-element_type=\"widget\" data-e-type=\"widget\" data-widget_type=\"text-editor.default\">\n\t\t\t\t\t\t\t\t\t<div class=\"body\"><h3><span style=\"color: #0a4a22;\">Ibraceds Editais Fechados<\/span><\/h3><div class=\"body\"><h6 class=\"heading\"><span style=\"color: #339966;\"><a style=\"color: #339966;\" href=\"\/retomada\/edital-no-23-2021-tecnico-em-danca-contemporanea\/\">Edital 010\/2021 Ibraceds &#8211; Qualifica\u00e7\u00e3o Proffisional EAD<\/a><\/span><\/h6><hr \/><\/div><div class=\"body\"><h6><span style=\"color: #339966;\"><a style=\"color: #339966;\" href=\"\/retomada\/edital-no-24-2021-tecnico-em-artes-visuais-desenho-e-pintura\/\">Edital 006\/2021 Ibraceds &#8211; Resultado I<\/a><\/span><\/h6><\/div><\/div>\t\t\t\t\t\t\t\t<\/div>\n\t\t\t\t<\/div>\n\t\t\t\t\t<\/div>\n\t\t\t\t<\/div>\n\t\t\t\t\t<\/div>\n\t\t\t\t<\/div>\n\t\t<div class=\"elementor-element elementor-element-96f7f71 e-flex e-con-boxed e-con e-parent\" data-id=\"96f7f71\" data-element_type=\"container\" data-e-type=\"container\">\n\t\t\t\t\t<div class=\"e-con-inner\">\n\t\t<div class=\"elementor-element elementor-element-64fa22d e-con-full e-flex e-con e-child\" data-id=\"64fa22d\" data-element_type=\"container\" data-e-type=\"container\">\n\t\t\t\t<\/div>\n\t\t<div class=\"elementor-element elementor-element-46d53f6 e-con-full e-flex e-con e-child\" data-id=\"46d53f6\" data-element_type=\"container\" data-e-type=\"container\" data-settings=\"{&quot;background_background&quot;:&quot;gradient&quot;}\">\n\t\t\t\t<div class=\"elementor-element elementor-element-444aa4c elementor-widget elementor-widget-text-editor\" data-id=\"444aa4c\" data-element_type=\"widget\" data-e-type=\"widget\" data-widget_type=\"text-editor.default\">\n\t\t\t\t\t\t\t\t\t<h3><span style=\"color: #0a4a22;\">Funda\u00e7\u00e3o Antares Editais Fechados<\/span><\/h3><div class=\"body\"><h6 class=\"heading\"><span style=\"color: #339966;\"><a style=\"color: #339966;\" href=\"\/retomada\/edital-no-23-2021-tecnico-em-danca-contemporanea\/\">Edital N\u00ba 004\/2021 Funda\u00e7\u00e3o Antares &#8211; EAD QUALIFICA\u00c7\u00c3O<\/a><\/span><\/h6><h3><span style=\"color: #0a4a22;\">Reger Editais Fechados<\/span><\/h3><div class=\"body\"><h6 class=\"heading\"><span style=\"color: #339966;\"><a style=\"color: #339966;\" href=\"\/retomada\/edital-no-23-2021-tecnico-em-danca-contemporanea\/\">Edital 001\/2019 Reger &#8211; EAD &#8211; ITEGOGOQ<\/a><\/span><\/h6><\/div><h3 class=\"g-title\"><span style=\"color: #0a4a22;\">Cegecon Editais Fechados<\/span><\/h3><div class=\"body\"><h6 class=\"heading\"><span style=\"color: #339966;\"><a style=\"color: #339966;\" href=\"\/retomada\/edital-no-23-2021-tecnico-em-danca-contemporanea\/\">Edital n\u00ba 23\/2021 Cegecon &#8211; T\u00e9cnico em Dan\u00e7a Contempor\u00e2nea<\/a><\/span>\u00a0 \u00a0 \u00a0 \u00a0 \u00a0 \u00a0 \u00a0 \u00a0 \u00a0 \u00a0 \u00a0 \u00a0 \u00a0 \u00a0 \u00a0 \u00a0 \u00a0 \u00a0 \u00a0\u00a0<\/h6><hr \/><h6 class=\"heading\"><span style=\"color: #339966;\"><a style=\"color: #339966;\" href=\"\/retomada\/edital-no-23-2021-tecnico-em-danca-contemporanea\/\">Edital n\u00ba 23\/2021 Cegecon &#8211; T\u00e9cnico em Artes Visuais (Desenho e Pintura)<\/a><\/span><\/h6><hr \/><h6><span style=\"color: #339966;\"><a style=\"color: #339966;\" href=\"\/retomada\/edital-no-24-2021-tecnico-em-artes-visuais-desenho-e-pintura\/\">Edi<\/a><\/span><span style=\"color: #339966;\"><a style=\"color: #339966;\" href=\"\/retomada\/edital-no-24-2021-tecnico-em-artes-visuais-desenho-e-pintura\/\">tal n\u00ba 25\/2021 Cegecon &#8211; T\u00e9cnico em M\u00fasica<\/a><\/span><\/h6><\/div><\/div>\t\t\t\t\t\t\t\t<\/div>\n\t\t\t\t<\/div>\n\t\t\t\t\t<\/div>\n\t\t\t\t<\/div>\n\t\t<div class=\"elementor-element elementor-element-05c307c e-flex e-con-boxed e-con e-parent\" data-id=\"05c307c\" data-element_type=\"container\" data-e-type=\"container\">\n\t\t\t\t\t<div class=\"e-con-inner\">\n\t\t\t\t<div class=\"elementor-element elementor-element-084eef5 elementor-widget elementor-widget-html\" data-id=\"084eef5\" data-element_type=\"widget\" data-e-type=\"widget\" data-widget_type=\"html.default\">\n\t\t\t\t\t<style>\r\n        #card {\r\n                h6 a {\r\n                        font-size: 0.9rem !important;\r\n                        line-height: 0.9rem !important;\r\n                        font-weight: 400 !important;\r\n                }\r\n\r\n                hr {\r\n                        display: block;\r\n                        width: 100%;\r\n                        height: 1px;\r\n                        border: 0;\r\n                        background-color: #34a15e;\r\n                        appearance: none;\r\n                        -webkit-appearance: none;\r\n                        box-shadow: none;\r\n                        opacity: 1;\r\n                        outline: none;\r\n                        background-clip: content-box;\r\n                }\r\n        }\r\n<\/style>\t\t\t\t<\/div>\n\t\t\t\t\t<\/div>\n\t\t\t\t<\/div>\n\t\t\t\t<\/div>\n\t\t","protected":false},"excerpt":{"rendered":"<p>Como posso fazer minha inscri\u00e7\u00e3o? &lt;Inserir o conteudo de como fazer a inscri\u00e7\u00e3o&gt; Inscreva-se Editais \/ Resultados Ibraceds Editais Abertos Edital 010\/2021 Ibraceds &#8211; Qualifica\u00e7\u00e3o Profissional EAD Edital 006\/2021 Ibraceds \u2013 Resultado I Edital 006\/2021 Ibraceds \u2013 Capacita\u00e7\u00e3o Profissional EAD Ibraceds Editais Fechados Edital 010\/2021 Ibraceds &#8211; Qualifica\u00e7\u00e3o Proffisional EAD Edital 006\/2021 Ibraceds &#8211; Resultado [&hellip;]<\/p>\n","protected":false},"author":7,"featured_media":0,"parent":0,"menu_order":0,"comment_status":"closed","ping_status":"closed","template":"","meta":{"footnotes":""},"class_list":["post-2250","page","type-page","status-publish","hentry"],"rttpg_featured_image_url":null,"rttpg_author":{"display_name":"gustavogoncalves","author_link":"https:\/\/goias.gov.br\/retomada\/author\/gustavogoncalves\/"},"rttpg_comment":0,"rttpg_category":null,"rttpg_excerpt":"Como posso fazer minha inscri\u00e7\u00e3o? &lt;Inserir o conteudo de como fazer a inscri\u00e7\u00e3o&gt; Inscreva-se Editais \/ Resultados Ibraceds Editais Abertos Edital 010\/2021 Ibraceds &#8211; Qualifica\u00e7\u00e3o Profissional EAD Edital 006\/2021 Ibraceds \u2013 Resultado I Edital 006\/2021 Ibraceds \u2013 Capacita\u00e7\u00e3o Profissional EAD Ibraceds Editais Fechados Edital 010\/2021 Ibraceds &#8211; Qualifica\u00e7\u00e3o Proffisional EAD Edital 006\/2021 Ibraceds &#8211; Resultado&hellip;","_links":{"self":[{"href":"https:\/\/goias.gov.br\/retomada\/wp-json\/wp\/v2\/pages\/2250","targetHints":{"allow":["GET"]}}],"collection":[{"href":"https:\/\/goias.gov.br\/retomada\/wp-json\/wp\/v2\/pages"}],"about":[{"href":"https:\/\/goias.gov.br\/retomada\/wp-json\/wp\/v2\/types\/page"}],"author":[{"embeddable":true,"href":"https:\/\/goias.gov.br\/retomada\/wp-json\/wp\/v2\/users\/7"}],"replies":[{"embeddable":true,"href":"https:\/\/goias.gov.br\/retomada\/wp-json\/wp\/v2\/comments?post=2250"}],"version-history":[{"count":2,"href":"https:\/\/goias.gov.br\/retomada\/wp-json\/wp\/v2\/pages\/2250\/revisions"}],"predecessor-version":[{"id":60965,"href":"https:\/\/goias.gov.br\/retomada\/wp-json\/wp\/v2\/pages\/2250\/revisions\/60965"}],"wp:attachment":[{"href":"https:\/\/goias.gov.br\/retomada\/wp-json\/wp\/v2\/media?parent=2250"}],"curies":[{"name":"wp","href":"https:\/\/api.w.org\/{rel}","templated":true}]}}