

{"id":2248,"date":"2023-10-02T10:52:21","date_gmt":"2023-10-02T13:52:21","guid":{"rendered":"https:\/\/siteshom.goias.gov.br\/retomada\/?page_id=2248"},"modified":"2025-12-01T14:57:53","modified_gmt":"2025-12-01T17:57:53","slug":"ibraceds","status":"publish","type":"page","link":"https:\/\/goias.gov.br\/retomada\/ibraceds\/","title":{"rendered":"Ibraceds"},"content":{"rendered":"\t\t<div data-elementor-type=\"wp-page\" data-elementor-id=\"2248\" class=\"elementor elementor-2248\">\n\t\t\t\t<div class=\"elementor-element elementor-element-37baf50 e-flex e-con-boxed e-con e-parent\" data-id=\"37baf50\" data-element_type=\"container\" data-e-type=\"container\">\n\t\t\t\t\t<div class=\"e-con-inner\">\n\t\t<div class=\"elementor-element elementor-element-38912dc e-con-full e-flex e-con e-child\" data-id=\"38912dc\" data-element_type=\"container\" data-e-type=\"container\">\n\t\t\t\t<div class=\"elementor-element elementor-element-f32957f elementor-widget elementor-widget-text-editor\" data-id=\"f32957f\" data-element_type=\"widget\" data-e-type=\"widget\" data-widget_type=\"text-editor.default\">\n\t\t\t\t\t\t\t\t\t<div style=\"text-align: justify;\"><p><strong>Lorem Ipsum<\/strong>\u00a0\u00e9 simplesmente uma simula\u00e7\u00e3o de texto da ind\u00fastria tipogr\u00e1fica e de impressos, e vem sendo utilizado desde o s\u00e9culo XVI, quando um impressor desconhecido pegou uma bandeja de tipos e os embaralhou para fazer um livro de modelos de tipos. Lorem Ipsum sobreviveu n\u00e3o s\u00f3 a cinco s\u00e9culos, como tamb\u00e9m ao salto para a editora\u00e7\u00e3o eletr\u00f4nica, permanecendo essencialmente inalterado. Se popularizou na d\u00e9cada de 60, quando a Letraset lan\u00e7ou decalques contendo passagens de Lorem Ipsum, e mais recentemente quando passou a ser integrado a softwares de editora\u00e7\u00e3o eletr\u00f4nica como Aldus PageMaker<\/p><\/div><div style=\"text-align: justify;\"><strong>Lorem Ipsum<\/strong>\u00a0\u00e9 simplesmente uma simula\u00e7\u00e3o de texto da ind\u00fastria tipogr\u00e1fica e de impressos, e vem sendo utilizado desde o s\u00e9culo XVI, quando um impressor desconhecido pegou uma bandeja de tipos e os embaralhou para fazer um livro de modelos de tipos. Lorem Ipsum sobreviveu n\u00e3o s\u00f3 a cinco s\u00e9culos, como tamb\u00e9m ao salto para a editora\u00e7\u00e3o eletr\u00f4nica, permanecendo essencialmente inalterado. Se popularizou na d\u00e9cada de 60, quando a Letraset lan\u00e7ou decalques contendo passagens de Lorem Ipsum, e mais recentemente quando passou a ser integrado a softwares de editora\u00e7\u00e3o eletr\u00f4nica como Aldus PageMaker<\/div>\t\t\t\t\t\t\t\t<\/div>\n\t\t\t\t<\/div>\n\t\t\t\t\t<\/div>\n\t\t\t\t<\/div>\n\t\t<div class=\"elementor-element elementor-element-5046bbf e-flex e-con-boxed e-con e-parent\" data-id=\"5046bbf\" data-element_type=\"container\" data-e-type=\"container\">\n\t\t\t\t\t<div class=\"e-con-inner\">\n\t\t<div class=\"elementor-element elementor-element-fef05fe e-con-full e-flex e-con e-child\" data-id=\"fef05fe\" data-element_type=\"container\" data-e-type=\"container\">\n\t\t\t\t<div class=\"elementor-element elementor-element-d637fef elementor-widget elementor-widget-heading\" data-id=\"d637fef\" data-element_type=\"widget\" data-e-type=\"widget\" data-widget_type=\"heading.default\">\n\t\t\t\t\t<h2 class=\"elementor-heading-title elementor-size-default\">Diretoria\n<\/h2>\t\t\t\t<\/div>\n\t\t\t\t<div class=\"elementor-element elementor-element-6727749 elementor-widget elementor-widget-text-editor\" data-id=\"6727749\" data-element_type=\"widget\" data-e-type=\"widget\" data-widget_type=\"text-editor.default\">\n\t\t\t\t\t\t\t\t\t<ul><li><strong>Diretor Geral:<\/strong>\u00a0Fulano de Tal<br \/>62 3333-0000 \/\u00a0fulano@goias.gov.br<\/li><li><strong>Diretora T\u00e9cnica:<\/strong>\u00a0Fulano de Tal<br \/>62 3333-0000 \/\u00a0fulano@goias.gov.br<\/li><\/ul>\t\t\t\t\t\t\t\t<\/div>\n\t\t\t\t<div class=\"elementor-element elementor-element-45b0cfe elementor-widget elementor-widget-heading\" data-id=\"45b0cfe\" data-element_type=\"widget\" data-e-type=\"widget\" data-widget_type=\"heading.default\">\n\t\t\t\t\t<h2 class=\"elementor-heading-title elementor-size-default\">Presta\u00e7\u00e3o de Contas<\/h2>\t\t\t\t<\/div>\n\t\t\t\t<div class=\"elementor-element elementor-element-81ac511 elementor-widget elementor-widget-text-editor\" data-id=\"81ac511\" data-element_type=\"widget\" data-e-type=\"widget\" data-widget_type=\"text-editor.default\">\n\t\t\t\t\t\t\t\t\t<p>Acesse \u00e0 p\u00e1gina de Acesso \u00e0 Informa\u00e7\u00e3o referente \u00e0 OS Ibraceds<\/p>\t\t\t\t\t\t\t\t<\/div>\n\t\t\t\t<div class=\"elementor-element elementor-element-8fda736 elementor-align-justify elementor-widget elementor-widget-button\" data-id=\"8fda736\" data-element_type=\"widget\" data-e-type=\"widget\" data-widget_type=\"button.default\">\n\t\t\t\t\t\t\t\t\t\t<a class=\"elementor-button elementor-button-link elementor-size-sm\" href=\"https:\/\/www.desenvolvimento.go.gov.br\/component\/content\/article\/133-institucional\/oss-transparencia-\/2268-regional-1-ibraceds.html?Itemid=101\" target=\"_blank\">\n\t\t\t\t\t\t<span class=\"elementor-button-content-wrapper\">\n\t\t\t\t\t\t\t\t\t<span class=\"elementor-button-text\">Acesso \u00e0 Informa\u00e7\u00e3o da OS<\/span>\n\t\t\t\t\t<\/span>\n\t\t\t\t\t<\/a>\n\t\t\t\t\t\t\t\t<\/div>\n\t\t\t\t<\/div>\n\t\t<div class=\"elementor-element elementor-element-7727ccf e-flex e-con-boxed e-con e-child\" data-id=\"7727ccf\" data-element_type=\"container\" data-e-type=\"container\">\n\t\t\t\t\t<div class=\"e-con-inner\">\n\t\t<div class=\"elementor-element elementor-element-0a16a1e e-con-full e-flex e-con e-child\" data-id=\"0a16a1e\" data-element_type=\"container\" data-e-type=\"container\" data-settings=\"{&quot;background_background&quot;:&quot;gradient&quot;}\">\n\t\t\t\t<div class=\"elementor-element elementor-element-ce532f6 elementor-widget elementor-widget-text-editor\" data-id=\"ce532f6\" data-element_type=\"widget\" data-e-type=\"widget\" data-widget_type=\"text-editor.default\">\n\t\t\t\t\t\t\t\t\t<h3><span style=\"color: #008000;\"><span style=\"color: #0a4a22;\">Ibraceds Editais Abertos<\/span><\/span><\/h3><div class=\"body\"><h6 class=\"heading\"><span style=\"color: #339966;\"><a style=\"color: #339966;\" href=\"\/retomada\/edital-no-23-2021-tecnico-em-danca-contemporanea\/\">\u00a0 \u00a0 \u00a0 \u00a0 \u00a0 \u00a0Edital 010\/2021 Ibraceds &#8211; Qualifica\u00e7\u00e3o Proffisional EAD<\/a><\/span>\u00a0 \u00a0 \u00a0 \u00a0 \u00a0 \u00a0 \u00a0 \u00a0 \u00a0 \u00a0 \u00a0 \u00a0 \u00a0 \u00a0 \u00a0 \u00a0 \u00a0 \u00a0 \u00a0\u00a0<\/h6><hr \/><h6><span style=\"color: #339966;\">\u00a0 \u00a0 \u00a0 \u00a0 \u00a0 \u00a0<a style=\"color: #339966;\" href=\"\/retomada\/edital-no-24-2021-tecnico-em-artes-visuais-desenho-e-pintura\/\">Edital 006\/2021 Ibraceds &#8211; Resultado I<\/a><\/span>\u00a0 \u00a0 \u00a0 \u00a0 \u00a0 \u00a0 \u00a0 \u00a0 \u00a0 \u00a0 \u00a0 \u00a0 \u00a0 \u00a0 \u00a0 \u00a0 \u00a0 \u00a0 \u00a0 \u00a0 \u00a0 \u00a0 \u00a0 \u00a0 \u00a0 \u00a0 \u00a0 \u00a0 \u00a0 \u00a0 \u00a0 \u00a0 \u00a0 \u00a0 \u00a0 \u00a0 \u00a0 \u00a0<\/h6><hr \/><h6 class=\"heading\"><span style=\"color: #339966;\">\u00a0 \u00a0 \u00a0 \u00a0 \u00a0 \u00a0<a style=\"color: #339966;\" href=\"\/retomada\/edital-no-25-2021-tecnico-em-musica\/\">Edital 006\/2021 Ibraceds &#8211; Capacita\u00e7\u00e3o Profissional EAD<\/a><\/span><\/h6><h3 class=\"g-title\"><span style=\"color: #008000;\"><span style=\"color: #0a4a22;\">Ibraceds Editais Fechados<\/span><\/span><\/h3><div class=\"body\"><h6 class=\"heading\"><span style=\"color: #339966;\"><a style=\"color: #339966;\" href=\"\/retomada\/edital-no-23-2021-tecnico-em-danca-contemporanea\/\">\u00a0 \u00a0 \u00a0 \u00a0 \u00a0 \u00a0Edital 010\/2021 Ibraceds &#8211; Qualifica\u00e7\u00e3o Proffisional EAD<\/a><\/span>\u00a0 \u00a0 \u00a0 \u00a0 \u00a0 \u00a0 \u00a0 \u00a0 \u00a0 \u00a0 \u00a0 \u00a0 \u00a0 \u00a0 \u00a0 \u00a0 \u00a0 \u00a0 \u00a0\u00a0<\/h6><hr \/><h6><span style=\"color: #339966;\">\u00a0 \u00a0 \u00a0 \u00a0 \u00a0 \u00a0<a style=\"color: #339966;\" href=\"\/retomada\/edital-no-24-2021-tecnico-em-artes-visuais-desenho-e-pintura\/\">Edital 006\/2021 Ibraceds &#8211; Resultado I<\/a><\/span><\/h6><\/div><\/div>\t\t\t\t\t\t\t\t<\/div>\n\t\t\t\t<\/div>\n\t\t\t\t\t<\/div>\n\t\t\t\t<\/div>\n\t\t\t\t\t<\/div>\n\t\t\t\t<\/div>\n\t\t<div class=\"elementor-element elementor-element-b0ca766 e-flex e-con-boxed e-con e-parent\" data-id=\"b0ca766\" data-element_type=\"container\" data-e-type=\"container\">\n\t\t\t\t\t<div class=\"e-con-inner\">\n\t\t\t\t<div class=\"elementor-element elementor-element-4f9a0b6 elementor-widget elementor-widget-html\" data-id=\"4f9a0b6\" data-element_type=\"widget\" data-e-type=\"widget\" data-widget_type=\"html.default\">\n\t\t\t\t\t<style>\r\n        #ibradecs {\r\n                h6 a {\r\n                        font-size: 0.9rem !important;\r\n                        line-height: 0.9rem !important;\r\n                        font-weight: 400 !important;\r\n                }\r\n\r\n                hr {\r\n                        display: block;\r\n                        width: 100%;\r\n                        height: 1.3px;\r\n                        border: 0;\r\n                        background-color: #34a15e;\r\n                        appearance: none;\r\n                        -webkit-appearance: none;\r\n                        box-shadow: none;\r\n                        opacity: 1;\r\n                        outline: none;\r\n                        background-clip: content-box;\r\n                }\r\n        }\r\n<\/style>\t\t\t\t<\/div>\n\t\t\t\t\t<\/div>\n\t\t\t\t<\/div>\n\t\t\t\t<\/div>\n\t\t","protected":false},"excerpt":{"rendered":"<p>Lorem Ipsum\u00a0\u00e9 simplesmente uma simula\u00e7\u00e3o de texto da ind\u00fastria tipogr\u00e1fica e de impressos, e vem sendo utilizado desde o s\u00e9culo XVI, quando um impressor desconhecido pegou uma bandeja de tipos e os embaralhou para fazer um livro de modelos de tipos. Lorem Ipsum sobreviveu n\u00e3o s\u00f3 a cinco s\u00e9culos, como tamb\u00e9m ao salto para a [&hellip;]<\/p>\n","protected":false},"author":7,"featured_media":0,"parent":0,"menu_order":0,"comment_status":"closed","ping_status":"closed","template":"","meta":{"footnotes":""},"class_list":["post-2248","page","type-page","status-publish","hentry"],"rttpg_featured_image_url":null,"rttpg_author":{"display_name":"gustavogoncalves","author_link":"https:\/\/goias.gov.br\/retomada\/author\/gustavogoncalves\/"},"rttpg_comment":0,"rttpg_category":null,"rttpg_excerpt":"Lorem Ipsum\u00a0\u00e9 simplesmente uma simula\u00e7\u00e3o de texto da ind\u00fastria tipogr\u00e1fica e de impressos, e vem sendo utilizado desde o s\u00e9culo XVI, quando um impressor desconhecido pegou uma bandeja de tipos e os embaralhou para fazer um livro de modelos de tipos. Lorem Ipsum sobreviveu n\u00e3o s\u00f3 a cinco s\u00e9culos, como tamb\u00e9m ao salto para a&hellip;","_links":{"self":[{"href":"https:\/\/goias.gov.br\/retomada\/wp-json\/wp\/v2\/pages\/2248","targetHints":{"allow":["GET"]}}],"collection":[{"href":"https:\/\/goias.gov.br\/retomada\/wp-json\/wp\/v2\/pages"}],"about":[{"href":"https:\/\/goias.gov.br\/retomada\/wp-json\/wp\/v2\/types\/page"}],"author":[{"embeddable":true,"href":"https:\/\/goias.gov.br\/retomada\/wp-json\/wp\/v2\/users\/7"}],"replies":[{"embeddable":true,"href":"https:\/\/goias.gov.br\/retomada\/wp-json\/wp\/v2\/comments?post=2248"}],"version-history":[{"count":2,"href":"https:\/\/goias.gov.br\/retomada\/wp-json\/wp\/v2\/pages\/2248\/revisions"}],"predecessor-version":[{"id":60944,"href":"https:\/\/goias.gov.br\/retomada\/wp-json\/wp\/v2\/pages\/2248\/revisions\/60944"}],"wp:attachment":[{"href":"https:\/\/goias.gov.br\/retomada\/wp-json\/wp\/v2\/media?parent=2248"}],"curies":[{"name":"wp","href":"https:\/\/api.w.org\/{rel}","templated":true}]}}