

{"id":2238,"date":"2023-10-02T10:44:05","date_gmt":"2023-10-02T13:44:05","guid":{"rendered":"https:\/\/siteshom.goias.gov.br\/retomada\/?page_id=2238"},"modified":"2024-07-08T21:43:25","modified_gmt":"2024-07-09T00:43:25","slug":"mapa-do-site","status":"publish","type":"page","link":"https:\/\/goias.gov.br\/retomada\/mapa-do-site\/","title":{"rendered":"Mapa do Site"},"content":{"rendered":"<div id=\"custom-sitemap\" class=\"sitemap-container\"><div class='sitemap-group'><h3>A<\/h3><ul><li><a href='https:\/\/goias.gov.br\/retomada\/saiba-o-que-e-o-apl-goiano\/' target='_blank'>APL GOIANO<\/a><\/li><li><a href='https:\/\/goias.gov.br\/retomada\/apresentacao-cca\/' target='_blank'>APRESENTA\u00c7\u00c3O<\/a><\/li><li><a href='https:\/\/goias.gov.br\/retomada\/artigos-da-retomada\/' target='_blank'>ARTIGOS DA RETOMADA<\/a><\/li><li><a href='https:\/\/goias.gov.br\/retomada\/audiencias-publicas\/' target='_blank'>AUDI\u00caNCIAS P\u00daBLICAS<\/a><\/li><li><a href='https:\/\/goias.gov.br\/retomada\/categoria\/acesso-a-informacao\/' target='_blank'>ACESSO \u00c0 INFORMA\u00c7\u00c3O<\/a><\/li><li><a href='https:\/\/goias.gov.br\/retomada\/acesso-a-informacao-cotec\/' target='_blank'>ACESSO A INFORMA\u00c7\u00c3O<\/a><\/li><li><a href='https:\/\/portal.al.go.leg.br\/' target='_blank'>ASSEMBLEIA LEGISLATIVA DO ESTADO DE GOI\u00c1S<\/a><\/li><li><a href='https:\/\/goias.gov.br\/retomada\/agenda-de-autoridades\/' target='_blank'>AGENDA DE AUTORIDADES<\/a><\/li><li><a href='https:\/\/goias.gov.br\/retomada\/acordos-sem-transferencia-de-recursos' target='_blank'>ACORDOS SEM TRANSFER\u00caNCIA DE RECURSOS<\/a><\/li><li><a href='https:\/\/goias.gov.br\/retomada\/autoridade-de-monitoramento-da-aplicacao-da-lei\/' target='_blank'>AUTORIDADE DE MONITORAMENTO DA APLICA\u00c7\u00c3O DA LEI<\/a><\/li><\/ul><\/div><div class='sitemap-group'><h3>B<\/h3><ul><li><a href='https:\/\/goias.gov.br\/retomada\/wp-content\/uploads\/sites\/22\/2025\/06\/RELATORIO-BEM-PERMANENTE.pdf' target='_blank'>BENS M\u00d3VEIS<\/a><\/li><li><a href='https:\/\/www.transparencia.go.gov.br\/wp-content\/uploads\/sites\/2\/painel\/lai.php?painel=bens_imoveis&orgao=ser' target='_blank'>BENS IM\u00d3VEIS<\/a><\/li><li><a href='https:\/\/goias.gov.br\/economia\/prestacao-de-contas-de-governo\/' target='_blank'>BALAN\u00c7OS GERAL DO ESTADO<\/a><\/li><\/ul><\/div><div class='sitemap-group'><h3>C<\/h3><ul><li><a href='https:\/\/goias.gov.br\/retomada\/cerveja-de-mandioca\/' target='_blank'>CERVEJA DE MANDIOCA<\/a><\/li><li><a href='https:\/\/goias.gov.br\/retomada\/coopera-goias\/' target='_blank'>COOPERA GOI\u00c1S<\/a><\/li><li><a href='https:\/\/goias.gov.br\/retomada\/caravana-da-retomada-2\/' target='_blank'>CARAVANA DA RETOMADA<\/a><\/li><li><a href='https:\/\/goias.gov.br\/retomada\/caminho-de-cora\/' target='_blank'>CAMINHO DE CORA<\/a><\/li><li><a href='https:\/\/goias.gov.br\/retomada\/contato-cca\/' target='_blank'>CONTATO E AGENDAMENTO<\/a><\/li><li><a href='https:\/\/goias.gov.br\/retomada\/cursos-customizados-para-empresas\/' target='_blank'>CURSOS CUSTOMIZADOS PARA EMPRESAS<\/a><\/li><li><a href='https:\/\/goias.gov.br\/retomada\/carteira-do-artesao\/' target='_blank'>CARTEIRA DO ARTES\u00c3O<\/a><\/li><li><a href='https:\/\/goias.gov.br\/retomada\/cursos-gratuitos\/' target='_blank'>CURSOS GRATUITOS<\/a><\/li><li><a href='https:\/\/goias.gov.br\/retomada\/chamamento-publico\/' target='_blank'>CHAMAMENTOS P\u00daBLICOS<\/a><\/li><li><a href='https:\/\/www.go.gov.br\/servicos\/servicos-por-orgao\/secretaria-de-estado-da-retomada' target='_blank'>CARTA DE SERVI\u00c7OS<\/a><\/li><li><a href='https:\/\/goias.gov.br\/retomada\/concorrencias\/' target='_blank'>CONCORR\u00caNCIAS<\/a><\/li><li><a href='https:\/\/goias.gov.br\/retomada\/consulta-audiencias-publicas\/' target='_blank'>CONSULTA\/AUDI\u00caNCIAS P\u00daBLICAS<\/a><\/li><li><a href='https:\/\/legisla.casacivil.go.gov.br\/pesquisa_legislacao\/103904\/decreto-9837' target='_blank'>C\u00d3DIGO DE \u00c9TICA<\/a><\/li><li><a href='https:\/\/goias.gov.br\/controladoria' target='_blank'>CONTROLADORIA-GERAL DO ESTADO DE GOI\u00c1S<\/a><\/li><li><a href='https:\/\/cotec.org.br\/' target='_blank'>COTEC<\/a><\/li><li><a href='https:\/\/goias.gov.br\/governo\/cadastro-de-autoridade\/' target='_blank'>CADASTRO DE AUTORIDADES<\/a><\/li><li><a href='https:\/\/goias.gov.br\/retomada\/competencias\/' target='_blank'>COMPET\u00caNCIAS<\/a><\/li><li><a href='https:\/\/goias.gov.br\/retomada\/cargos-e-seus-ocupantes\/' target='_blank'>CARGOS E SEUS OCUPANTES<\/a><\/li><li><a href='https:\/\/goias.gov.br\/retomada\/conselhos\/' target='_blank'>CONSELHOS<\/a><\/li><li><a href='https:\/\/goias.gov.br\/retomada\/convenios-recebidos' target='_blank'>CONV\u00caNIOS RECEBIDOS<\/a><\/li><li><a href='https:\/\/goias.gov.br\/retomada\/convenios-concedidos' target='_blank'>CONV\u00caNIOS CONCEDIDOS<\/a><\/li><li><a href='https:\/\/www.comprasnet.go.gov.br\/' target='_blank'>COMPRASNET<\/a><\/li><li><a href='http:\/\/www.transparencia.go.gov.br\/lai.php?painel=contratos_detalhamento&orgao=ser' target='_blank'>CONTRATOS<\/a><\/li><li><a href='https:\/\/goias.gov.br\/retomada\/contratos-emergenciais\/' target='_blank'>CONTRATOS EMERGENCIAIS<\/a><\/li><li><a href='https:\/\/goias.gov.br\/retomada\/contratos-de-locacoes-de-imoveis-2\/' target='_blank'>CONTRATOS DE LOCA\u00c7\u00c3O DE IMO\u0301VEIS<\/a><\/li><li><a href='https:\/\/goias.gov.br\/retomada\/classificacao-das-informacoes-sigilosas-2\/' target='_blank'>CLASSIFICA\u00c7\u00c3O DAS INFORMA\u00c7\u00d5ES SIGILOSAS<\/a><\/li><li><a href='https:\/\/goias.gov.br\/retomada\/audiencias-publicas\/' target='_blank'>CONSULTAS P\u00daBLICAS<\/a><\/li><\/ul><\/div><div class='sitemap-group'><h3>D<\/h3><ul><li><a href='https:\/\/goias.gov.br\/retomada\/processo-seletivo-simplificado-2\/' target='_blank'>DISPENSAS DE LICITA\u00c7\u00c3O<\/a><\/li><li><a href='https:\/\/goias.gov.br\/retomada\/direito-tributario\/' target='_blank'>DIREITO TRIBUT\u00c1RIO<\/a><\/li><li><a href='https:\/\/dadosabertos.go.gov.br\/' target='_blank'>DADOS ABERTOS<\/a><\/li><li><a href='https:\/\/www.go.gov.br\/servicos-digitais\/cge\/nova-ouvidoria\/nova-manifestacao\/tela-negativo?orgao=42' target='_blank'>DEN\u00daNCIAS CONTRA CORRUP\u00c7\u00c3O<\/a><\/li><li><a href='http:\/\/diariooficial.abc.go.gov.br\/' target='_blank'>DI\u00c1RIO OFICIAL<\/a><\/li><li><a href='https:\/\/dadosabertos.go.gov.br\/' target='_blank'>DADOS ABERTOS GOI\u00c1S<\/a><\/li><li><a href='https:\/\/goias.gov.br\/retomada\/doacoes\/' target='_blank'>DOA\u00c7\u00d5ES<\/a><\/li><li><a href='https:\/\/www.transparencia.go.gov.br\/wp-content\/uploads\/sites\/2\/painel\/lai.php?painel=diarias&orgao=ser' target='_blank'>DI\u00c1RIAS<\/a><\/li><\/ul><\/div><div class='sitemap-group'><h3>E<\/h3><ul><li><a href='https:\/\/goias.gov.br\/retomada\/categoria\/editais\/editais-abertos\/ibraceds-editais-abertos\/' target='_blank'>EDITAIS ABERTOS - IBRACEDS<\/a><\/li><li><a href='https:\/\/goias.gov.br\/retomada\/categoria\/editais\/editais-abertos\/fundacao-antares-editais-abertos\/' target='_blank'>EDITAIS ABERTOS - FUNDA\u00c7\u00c3O ANTARES<\/a><\/li><li><a href='https:\/\/goias.gov.br\/retomada\/categoria\/editais\/editais-abertos\/reger-editais-abertos\/' target='_blank'>EDITAIS ABERTOS - REGER<\/a><\/li><li><a href='https:\/\/goias.gov.br\/retomada\/categoria\/editais\/editais-abertos\/cegecom-editais-abertos\/' target='_blank'>EDITAIS ABERTOS - CEGECON<\/a><\/li><li><a href='https:\/\/goias.gov.br\/retomada\/categoria\/editais\/editais-abertos\/centeduc-editais-abertos\/' target='_blank'>EDITAIS ABERTOS - CENTEDUC<\/a><\/li><li><a href='https:\/\/goias.gov.br\/retomada\/categoria\/editais\/editais-fechados\/centeduc-editais-fechados\/' target='_blank'>EDITAIS FECHADOS - CENTEDUC<\/a><\/li><li><a href='https:\/\/goias.gov.br\/retomada\/categoria\/editais\/editais-fechados\/cegecom-editais-fechados\/' target='_blank'>EDITAIS FECHADOS - CEGECON<\/a><\/li><li><a href='https:\/\/goias.gov.br\/retomada\/categoria\/editais\/editais-fechados\/reger-editais-fechados\/' target='_blank'>EDITAIS FECHADOS - REGER<\/a><\/li><li><a href='https:\/\/goias.gov.br\/retomada\/categoria\/editais\/editais-fechados\/fundacao-antares-editais-fechados\/' target='_blank'>EDITAIS FECHADOS - FUNDA\u00c7\u00c3O ANTARES<\/a><\/li><li><a href='https:\/\/goias.gov.br\/retomada\/categoria\/editais\/editais-fechados\/ibraceds-editais-fechados\/' target='_blank'>EDITAIS FECHADOS - IBRACEDS<\/a><\/li><li><a href='https:\/\/goias.gov.br\/retomada\/editais\/' target='_blank'>EDITAIS<\/a><\/li><li><a href='https:\/\/www.go.gov.br\/servicos-digitais\/cge\/nova-ouvidoria\/pedido-informacao-publica?orgao=42&tipo_manifestacao=7' target='_blank'>E-SIC<\/a><\/li><li><a href='https:\/\/www.go.gov.br\/servicos-digitais\/cge\/nova-ouvidoria\/pedido-informacao-publica?orgao=42&tipo_manifestacao=7' target='_blank'>E-SIC - SERVI\u00c7O ELETR\u00d4NICO DE INFORMA\u00c7\u00c3O AO CIDAD\u00c3O<\/a><\/li><li><a href='https:\/\/www.go.gov.br\/' target='_blank'>EXPRESSO GOI\u00c1S<\/a><\/li><li><a href='https:\/\/portal.go.gov.br\/' target='_blank'>EXPRESSO APLICA\u00c7\u00d5ES<\/a><\/li><li><a href='https:\/\/www.go.gov.br\/' target='_blank'>EXPRESSO SERVIDOR<\/a><\/li><li><a href='https:\/\/goias.gov.br\/escoladegoverno\/' target='_blank'>ESCOLA DE GOVERNO<\/a><\/li><li><a href='https:\/\/mail.goias.gov.br\/' target='_blank'>E-MAIL CORPORATIVO (2)<\/a><\/li><li><a href='https:\/\/goias.gov.br\/retomada\/estrutura-organizacional\/' target='_blank'>ESTRUTURA ORGANIZACIONAL<\/a><\/li><li><a href='https:\/\/goias.gov.br\/retomada\/telefones-enderecos-e-horarios-de-atendimento-2\/' target='_blank'>ENDERE\u00c7OS, TELEFONES, E-MAILS E HOR\u00c1RIOS DE ATENDIMENTO<\/a><\/li><li><a href='https:\/\/www.transparencia.go.gov.br\/wp-content\/uploads\/sites\/2\/painel\/lai.php?painel=empenhos&orgao=ser' target='_blank'>EMPENHOS E PAGAMENTOS<\/a><\/li><li><a href='https:\/\/www.transparencia.go.gov.br\/lai.php?painel=execucao_orcamentaria_visao_geral&orgao=ser' target='_blank'>EXECU\u00c7\u00c3O OR\u00c7AMENT\u00c1RIA<\/a><\/li><li><a href='https:\/\/goias.gov.br\/retomada\/emendas-parlamentares-estaduais-2\/' target='_blank'>EMENDAS PARLAMENTARES ESTADUAIS<\/a><\/li><li><a href='https:\/\/app.powerbi.com\/view?r=eyJrIjoiMWFlODc2MDktMzZmNi00MzU3LTlhNjgtNTMyYjA2M2E4M2ZlIiwidCI6IjY3ZmQ0MzFjLWIyYWQtNDg2Ny04MWJjLWQ3NTYyMjBiNTZkNCJ9' target='_blank'>EMENDAS PARLAMENTARES FEDERAIS<\/a><\/li><li><a href='https:\/\/www.go.gov.br\/servicos-digitais\/cge\/nova-ouvidoria\/nova-manifestacao?orgao=42' target='_blank'>E-SIC ELETR\u00d4NICO<\/a><\/li><li><a href='https:\/\/goias.gov.br\/retomada\/lei-geral-de-protecao-de-dados\/' target='_blank'>ENCARREGADO PELO TRATAMENTO DOS DADOS PESSOAIS<\/a><\/li><\/ul><\/div><div class='sitemap-group'><h3>F<\/h3><ul><li><a href='https:\/\/goias.gov.br\/retomada\/fundo-constitucional-de-financiamento-do-centro-oeste-fco\/' target='_blank'>FCO<\/a><\/li><li><a href='https:\/\/goias.gov.br\/retomada\/resolucoes-fundeq\/' target='_blank'>FUNDEQ<\/a><\/li><li><a href='https:\/\/goias.gov.br\/retomada\/resolucoes-fundeq-2\/' target='_blank'>FET<\/a><\/li><li><a href='https:\/\/goias.gov.br\/retomada\/fale-conosco\/' target='_blank'>FALE CONOSCO<\/a><\/li><li><a href='http:\/\/www.transparencia.go.gov.br\/lai.php?painel=folha_de_pagamento_salarios_de_servidores_ativos&orgao=ser' target='_blank'>FOLHA DE PAGAMENTO<\/a><\/li><\/ul><\/div><div class='sitemap-group'><h3>G<\/h3><ul><li><a href='https:\/\/www.gov.br\/' target='_blank'>GOVERNO FEDERAL<\/a><\/li><li><a href='http:\/\/www.transparencia.go.gov.br\/portaldatransparencia\/' target='_blank'>GOI\u00c1S TRANSPAR\u00caNCIA<\/a><\/li><li><a href='https:\/\/www.transparencia.go.gov.br\/wp-content\/uploads\/sites\/2\/painel\/lai.php?painel=gastos_governamentais&orgao=ser' target='_blank'>GASTOS GOVERNAMENTAIS<\/a><\/li><li><a href='https:\/\/www.transparencia.go.gov.br\/lai.php?painel=publicidade_propaganda&orgao=ser' target='_blank'>GASTOS EM PUBLICIDADE E PROPAGANDA<\/a><\/li><\/ul><\/div><div class='sitemap-group'><h3>I<\/h3><ul><li><a href='https:\/\/goias.gov.br\/retomada\/incubacoop\/' target='_blank'>INCUBACOOP<\/a><\/li><li><a href='https:\/\/goias.gov.br\/retomada\/incubacoop-catadores\/' target='_blank'>INCUBACOOP CATADORES<\/a><\/li><li><a href='https:\/\/goias.gov.br\/retomada\/institucional\/' target='_blank'>INSTITUCIONAL<\/a><\/li><li><a href='https:\/\/goias.gov.br\/retomada\/incubacoop-catadores\/' target='_blank'>INCUBACOOP CATADORES<\/a><\/li><li><a href='https:\/\/www.instagram.com\/retomadagoias' target='_blank'>INSTAGRAM<\/a><\/li><li><a href='https:\/\/goias.gov.br\/retomada\/audiencias-publicas\/' target='_blank'>INVENT\u00c1RIO DE DADOS<\/a><\/li><\/ul><\/div><div class='sitemap-group'><h3>J<\/h3><ul><li><a href='https:\/\/goias.gov.br\/retomada\/julgamento-das-contas-pelo-tce-go\/' target='_blank'>JULGAMENTO DAS CONTAS PELO TCE-GO<\/a><\/li><\/ul><\/div><div class='sitemap-group'><h3>L<\/h3><ul><li><a href='https:\/\/goias.gov.br\/retomada\/lei-geral-de-protecao-de-dados\/' target='_blank'>LGPD<\/a><\/li><li><a href='https:\/\/goias.gov.br\/retomada\/legislacao-aplicavel-6\/' target='_blank'>LEGISLA\u00c7\u00c3O APLIC\u00c1VEL<\/a><\/li><li><a href='https:\/\/www.transparencia.go.gov.br\/wp-content\/uploads\/sites\/2\/painel\/lai.php?painel=folha_de_pagamento_salarios_de_estagiarios_ativos&orgao=ser' target='_blank'>LISTA DE ESTAGI\u00c1RIOS<\/a><\/li><li><a href='https:\/\/www.transparencia.go.gov.br\/wp-content\/uploads\/sites\/2\/painel\/lai.php?painel=licitacoes_licitacoes_concluidas&orgao=ser' target='_blank'>LICITA\u00c7\u00d5ES - COMPRASNET<\/a><\/li><li><a href='https:\/\/www.transparencia.go.gov.br\/wp-content\/uploads\/sites\/2\/painel\/lai.php?painel=licitacoes_concluidas_sislog&orgao=SER' target='_blank'>LICITA\u00c7\u00d5ES - SISLOG<\/a><\/li><li><a href='https:\/\/transparencia.go.gov.br\/fornecedores-impedidos\/' target='_blank'>LICITANTES SANCIONADOS ADMINISTRATIVAMENTE<\/a><\/li><li><a href='https:\/\/www.transparencia.go.gov.br\/orcamento-e-planejamento-pecas\/' target='_blank'>LDO\/LOA<\/a><\/li><li><a href='https:\/\/legisla.casacivil.go.gov.br\/pesquisa_legislacao\/90142\/lei-18025' target='_blank'>LEI DE ACESSO \u00c0 INFORMA\u00c7\u00c3O ESTADUAL<\/a><\/li><\/ul><\/div><div class='sitemap-group'><h3>M<\/h3><ul><li><a href='https:\/\/goias.gov.br\/retomada\/conheca-o-programa-mais-empregos\/' target='_blank'>MAIS EMPREGOS<\/a><\/li><li><a href='https:\/\/goias.gov.br\/retomada\/conheca-o-programa-mais-credito\/' target='_blank'>MAIS CR\u00c9DITO<\/a><\/li><li><a href='https:\/\/goias.gov.br\/retomada\/marcas-da-retomada\/' target='_blank'>MARCAS DA RETOMADA<\/a><\/li><li><a href='https:\/\/www.mpgo.mp.br\/portal\/' target='_blank'>MINIST\u00c9RIO P\u00daBLICO DO ESTADO DE GOI\u00c1S<\/a><\/li><li><a href='https:\/\/goias.gov.br\/retomada\/monitoramento-de-programas-projetos-acoes-e-atividades\/' target='_blank'>MONITORAMENTO DE PROGRAMAS, PROJETOS, A\u00c7\u00d5ES E ATIVIDADES.<\/a><\/li><\/ul><\/div><div class='sitemap-group'><h3>O<\/h3><ul><li><a href='https:\/\/www.go.gov.br\/servicos-digitais\/cge\/nova-ouvidoria?orgao=42' target='_blank'>OUVIDORIA<\/a><\/li><li><a href='https:\/\/www.go.gov.br\/servicos-digitais\/cge\/nova-ouvidoria?orgao=42' target='_blank'>OUVIDORIA SETORIAL<\/a><\/li><li><a href='https:\/\/goias.gov.br\/retomada\/ouvidoria-setorial\/' target='_blank'>OUVIDORIA SETORIAL (PRESENCIAL)<\/a><\/li><li><a href='https:\/\/www.transparencia.go.gov.br\/wp-content\/uploads\/sites\/2\/painel\/lai.php?painel=ordem_cronologica_despesas&orgao=ser' target='_blank'>ORDEM CRONOL\u00d3GICA DE PAGAMENTOS<\/a><\/li><li><a href='https:\/\/app.powerbi.com\/view?r=eyJrIjoiZjdhNDMxYjQtNDg3ZC00NjQ1LWI5M2EtMGRhMzg2OTNmMWZhIiwidCI6IjY3ZmQ0MzFjLWIyYWQtNDg2Ny04MWJjLWQ3NTYyMjBiNTZkNCJ9&pageName=ReportSectiond755217298c2706b71dc' target='_blank'>OBRAS<\/a><\/li><li><a href='https:\/\/app.powerbi.com\/view?r=eyJrIjoiZjdhNDMxYjQtNDg3ZC00NjQ1LWI5M2EtMGRhMzg2OTNmMWZhIiwidCI6IjY3ZmQ0MzFjLWIyYWQtNDg2Ny04MWJjLWQ3NTYyMjBiNTZkNCJ9&pageName=ReportSection8f435ccde7de8820eb54' target='_blank'>OBRAS PARALISADAS<\/a><\/li><li><a href='https:\/\/goias.gov.br\/retomada\/obras-audiencias-consultas-publicas\/' target='_blank'>OBRAS - AUDI\u00caNCIAS\/CONSULTAS P\u00daBLICAS<\/a><\/li><li><a href='https:\/\/goias.gov.br\/retomada\/atendimento-presencial-ouvidoria\/' target='_blank'>OUVIDORIA OUVIDORIA<\/a><\/li><li><a href='https:\/\/goias.gov.br\/retomada\/atendimento-presencial-ouvidoria\/' target='_blank'>OUVIDORIA  - ATENDIMENTO PRESENCIAL<\/a><\/li><\/ul><\/div><div class='sitemap-group'><h3>P<\/h3><ul><li><a href='https:\/\/goias.gov.br\/retomada\/programa-de-compliance-publico\/' target='_blank'>PROGRAMA DE COMPLIANCE P\u00daBLICO<\/a><\/li><li><a href='https:\/\/goias.gov.br\/retomada\/processo-seletivo-simplificado\/' target='_blank'>PROCESSO SELETIVO SIMPLIFICADO<\/a><\/li><li><a href='https:\/\/www.comprasnet.go.gov.br\/editais\/PE001-2023_154_57530\/Preg%C3%A3o%20Eletr%C3%B4nico%20001-2023%20-%20RETOMADA.pdf' target='_blank'>PREG\u00c3O ELETR\u00d4NICO  - 001\/2023<\/a><\/li><li><a href='https:\/\/www.comprasnet.go.gov.br\/editais\/PE001-2023_154_57530\/Preg%C3%A3o%20Eletr%C3%B4nico%20001-2023%20-%20RETOMADA.pdf' target='_blank'>PREG\u00c3O ELETR\u00d4NICO - 001\/2023<\/a><\/li><li><a href='https:\/\/transparencia.go.gov.br\/' target='_blank'>PORTAL DA TRANSPAR\u00caNCIA<\/a><\/li><li><a href='https:\/\/goias.gov.br\/controladoria\/programa-de-compliance-publico-do-governo-de-goias\/' target='_blank'>PCP<\/a><\/li><li><a href='https:\/\/goias.gov.br\/procuradoria\/' target='_blank'>PROCURADORIA-GERAL DO ESTADO DE GOI\u00c1S<\/a><\/li><li><a href='https:\/\/goias.gov.br\/retomada\/programa-de-compliance-publico-pcp\/' target='_blank'>PROGRAMA DE COMPLIANCE P\u00daBLICO - PCP<\/a><\/li><li><a href='https:\/\/sislog.go.gov.br\/Pca' target='_blank'>PCA - PLANO DE CONTRATA\u00c7\u00d5ES ANUAL<\/a><\/li><li><a href='https:\/\/www.gov.br\/pncp\/pt-br\/acesso-a-informacao\/painel-pncp-em-numeros\/pncp-em-numeros-contratacoes\/pncp-em-numeros-municipio' target='_blank'>PNCP<\/a><\/li><li><a href='https:\/\/goias.gov.br\/retomada\/parcerias-com-oscs\/' target='_blank'>PARCERIA COM OSCS<\/a><\/li><li><a href='https:\/\/goias.gov.br\/retomada\/planejamento-estrategico-e-diversos\/' target='_blank'>PLANO ESTRAT\u00c9GICO INSTITUCIONAL<\/a><\/li><li><a href='https:\/\/ppa.go.gov.br\/' target='_blank'>PPA<\/a><\/li><li><a href='https:\/\/www.planalto.gov.br\/ccivil_03\/_ato2015-2018\/2018\/lei\/l13709.htm' target='_blank'>POL\u00cdTICA DE PRIVACIDADE E PROTE\u00c7\u00c3O DE DADOS<\/a><\/li><li><a href='https:\/\/app.powerbi.com\/view?r=eyJrIjoiNmRhN2MzZmYtMWZkMi00ODdmLWJhNGQtYTJkODcwNDJlMTU4IiwidCI6IjY3ZmQ0MzFjLWIyYWQtNDg2Ny04MWJjLWQ3NTYyMjBiNTZkNCJ9' target='_blank'>PESQUISA DE SATISFA\u00c7\u00c3O<\/a><\/li><li><a href='https:\/\/transparencia.go.gov.br\/' target='_blank'>PORTAL GOI\u00c1S TRANSPARENTE<\/a><\/li><li><a href='https:\/\/goias.gov.br\/retomada\/wp-content\/uploads\/sites\/22\/2025\/09\/SEI_GOVERNADORIA-78969364-Declaracao.pdf' target='_blank'>PROJETOS DE PARTICIPA\u00c7\u00c3O SOCIAL<\/a><\/li><li><a href='https:\/\/goias.gov.br\/retomada\/projetos-de-inovacao-no-servico-publico-4\/' target='_blank'>PROJETOS DE INOVA\u00c7\u00c3O NO SERVI\u00c7O P\u00daBLICO<\/a><\/li><\/ul><\/div><div class='sitemap-group'><h3>R<\/h3><ul><li><a href='https:\/\/goias.gov.br\/retomada\/programa-recicla-goias\/' target='_blank'>RECICLA GOI\u00c1S<\/a><\/li><li><a href='https:\/\/goias.gov.br\/retomada\/retomada-em-pauta\/' target='_blank'>RETOMADA EM PAUTA<\/a><\/li><li><a href='https:\/\/radardatransparencia.atricon.org.br\/' target='_blank'>RADAR DA TRANSPAR\u00caNCIA<\/a><\/li><li><a href='https:\/\/www.transparencia.go.gov.br\/wp-content\/uploads\/sites\/2\/painel\/lai.php?painel=receitas_estaduais&orgao=ser' target='_blank'>RECEITA ESTADUAL<\/a><\/li><li><a href='https:\/\/goias.gov.br\/retomada\/relacao-de-terceirizados-2\/' target='_blank'>RELA\u00c7\u00c3O DE TERCEIRIZADOS<\/a><\/li><li><a href='https:\/\/www.transparencia.go.gov.br\/wp-content\/uploads\/sites\/2\/painel\/lai.php?painel=contratos_fiscais_e_gestores&orgao=ser' target='_blank'>RELA\u00c7\u00c3O DOS FISCAIS DOS CONTRATOS<\/a><\/li><li><a href='https:\/\/goias.gov.br\/retomada\/wp-content\/uploads\/sites\/22\/2025\/06\/Planilha_frota_2025.pdf' target='_blank'>RELA\u00c7\u00c3O DE VE\u00cdCULOS<\/a><\/li><li><a href='https:\/\/goias.gov.br\/retomada\/relatorio-de-gestao-ou-atividades\/' target='_blank'>RELAT\u00d3RIO DE GEST\u00c3O OU ATIVIDADES<\/a><\/li><li><a href='https:\/\/transparencia.go.gov.br\/gestao-fiscal-e-governamental-rgf\/' target='_blank'>RGF<\/a><\/li><li><a href='https:\/\/transparencia.go.gov.br\/rreo\/' target='_blank'>RREO<\/a><\/li><li><a href='https:\/\/goias.gov.br\/retomada\/relatorios-de-gestao-de-ouvidoria\/' target='_blank'>RELAT\u00d3RIO DE GEST\u00c3O DE OUVIDORIA<\/a><\/li><\/ul><\/div><div class='sitemap-group'><h3>S<\/h3><ul><li><a href='https:\/\/goias.gov.br\/retomada\/sobre-o-artesanato\/' target='_blank'>SOBRE O ARTESANATO<\/a><\/li><li><a href='https:\/\/goias.gov.br\/retomada\/licitacoes-contratos-e-convenios\/solicitacao-de-convenio-retomada-ser\/' target='_blank'>SOLICITA\u00c7\u00c3O DE CONV\u00caNIO RETOMADA \u2013 SER<\/a><\/li><li><a href='https:\/\/goias.gov.br\/administracao\/siga-eng\/' target='_blank'>SIGA<\/a><\/li><li><a href='https:\/\/www.go.gov.br\/unidadesvaptvupt' target='_blank'>SIC - SERVI\u00c7O DE INFORMA\u00c7\u00c3O AO CIDAD\u00c3O<\/a><\/li><li><a href='https:\/\/sei.go.gov.br\/sei\/modulos\/goias\/login-sei\/MdGoiasLoginSEI.php?acao=md_goias_login_SEI&sigla_orgao_sistema=GOVERNADORIA&sigla_sistema=SEI&infra_url=L3NlaS8=' target='_blank'>SEI GOVERNADORIA<\/a><\/li><li><a href='https:\/\/goias.gov.br\/retomada\/perguntas-frequentes-sobre-o-programa-mais-empregos\/' target='_blank'>SOBRE O PROGRAMA MAIS EMPREGOS<\/a><\/li><li><a href='https:\/\/goias.gov.br\/retomada\/perguntas-frequentes-sobre-o-cursos-oferecidos-pelo-cotec\/' target='_blank'>SOBRE O CURSOS OFERECIDOS PELO COTEC<\/a><\/li><li><a href='https:\/\/goias.gov.br\/retomada\/perguntas-frequentes-sobre-a-cerveja-de-mandioca\/' target='_blank'>SOBRE A CERVEJA DE MANDIOCA\u00a0<\/a><\/li><li><a href='https:\/\/sislog.go.gov.br\/' target='_blank'>SISLOG<\/a><\/li><li><a href='https:\/\/www.go.gov.br\/servicos-digitais\/vapt-vupt\/unidades-e-filas\/unidades' target='_blank'>SIC F\u00cdSICO\u00a0- UNIDADES DO VAPT VUPT<\/a><\/li><\/ul><\/div><div class='sitemap-group'><h3>T<\/h3><ul><li><a href='https:\/\/goias.gov.br\/retomada\/os-transparencia\/' target='_blank'>TRANSPAR\u00caNCIA<\/a><\/li><li><a href='https:\/\/www.tjgo.jus.br\/' target='_blank'>TRIBUNAL DE JUSTI\u00c7A DO ESTADO DE GOI\u00c1S<\/a><\/li><\/ul><\/div><div class='sitemap-group'><h3>V<\/h3><ul><li><a href='https:\/\/goias.gov.br\/retomada\/vagas-disponiveis-do-programa-mais-empregos\/' target='_blank'>VAGAS DISPON\u00cdVEIS<\/a><\/li><\/ul><\/div><div class='sitemap-group'><h3>Y<\/h3><ul><li><a href='https:\/\/www.youtube.com\/c\/SecretariadaRetomada' target='_blank'>YOUTUBE<\/a><\/li><\/ul><\/div><\/div>\n","protected":false},"excerpt":{"rendered":"","protected":false},"author":7,"featured_media":0,"parent":0,"menu_order":0,"comment_status":"closed","ping_status":"closed","template":"","meta":{"footnotes":""},"class_list":["post-2238","page","type-page","status-publish","hentry"],"rttpg_featured_image_url":null,"rttpg_author":{"display_name":"gustavogoncalves","author_link":"https:\/\/goias.gov.br\/retomada\/author\/gustavogoncalves\/"},"rttpg_comment":0,"rttpg_category":null,"rttpg_excerpt":null,"_links":{"self":[{"href":"https:\/\/goias.gov.br\/retomada\/wp-json\/wp\/v2\/pages\/2238","targetHints":{"allow":["GET"]}}],"collection":[{"href":"https:\/\/goias.gov.br\/retomada\/wp-json\/wp\/v2\/pages"}],"about":[{"href":"https:\/\/goias.gov.br\/retomada\/wp-json\/wp\/v2\/types\/page"}],"author":[{"embeddable":true,"href":"https:\/\/goias.gov.br\/retomada\/wp-json\/wp\/v2\/users\/7"}],"replies":[{"embeddable":true,"href":"https:\/\/goias.gov.br\/retomada\/wp-json\/wp\/v2\/comments?post=2238"}],"version-history":[{"count":2,"href":"https:\/\/goias.gov.br\/retomada\/wp-json\/wp\/v2\/pages\/2238\/revisions"}],"predecessor-version":[{"id":9194,"href":"https:\/\/goias.gov.br\/retomada\/wp-json\/wp\/v2\/pages\/2238\/revisions\/9194"}],"wp:attachment":[{"href":"https:\/\/goias.gov.br\/retomada\/wp-json\/wp\/v2\/media?parent=2238"}],"curies":[{"name":"wp","href":"https:\/\/api.w.org\/{rel}","templated":true}]}}