

{"id":12585,"date":"2024-08-21T10:34:08","date_gmt":"2024-08-21T13:34:08","guid":{"rendered":"https:\/\/goias.gov.br\/retomada\/?page_id=12585"},"modified":"2025-12-09T12:18:56","modified_gmt":"2025-12-09T15:18:56","slug":"monitoramento-de-programas-projetos-acoes-e-atividades","status":"publish","type":"page","link":"https:\/\/goias.gov.br\/retomada\/monitoramento-de-programas-projetos-acoes-e-atividades\/","title":{"rendered":"Monitoramento de Programas, Projetos, A\u00e7\u00f5es e Atividades."},"content":{"rendered":"<div class=\"meta-date\"><i class=\"far fa-clock\" aria-hidden=\"true\"><\/i>\u00a0<span class=\"meta-prefix\">Publicado em\u00a0<\/span><a class=\"meta-date-link\" title=\"Monitoramento de Programas, Projetos, A\u00e7\u00f5es e Atividades.\" href=\"https:\/\/goias.gov.br\/retomada\/monitoramento-de-programas-projetos-acoes-e-atividades\/\"><span class=\"date\">21 de agosto de 2024<\/span><\/a><\/div>\n<div class=\"meta-date\">\u00a0<span class=\"meta-prefix\">\u00daltima Atualiza\u00e7\u00e3o em <\/span><a class=\"meta-date-link\" title=\"Monitoramento de Programas, Projetos, A\u00e7\u00f5es e Atividades.\" href=\"https:\/\/goias.gov.br\/retomada\/monitoramento-de-programas-projetos-acoes-e-atividades\/\">9 de dezembro de 2025<\/a><\/div>\n\n\n<p><\/p>\n\n\n\n<p>2024 <\/p>\n\n\n\n<p><a class=\"\" href=\"https:\/\/goias.gov.br\/retomada\/wp-content\/uploads\/sites\/22\/2025\/05\/RELATORIO_DE_GESTAO__2024.pdf\" target=\"_blank\" rel=\"noreferrer noopener\">Relat\u00f3rio de Monitoramento Retomada \u2013 2024<\/a><\/p>\n\n\n\n<p><a href=\"https:\/\/goias.gov.br\/retomada\/wp-content\/uploads\/sites\/22\/2025\/10\/Copia-de-Execucao_Fisico_Financeira_2024.pdf\">Demonstrativos de metas<\/a><\/p>\n\n\n\n<p><\/p>\n\n\n\n<p>2023<\/p>\n\n\n\n<p><a href=\"https:\/\/goias.gov.br\/retomada\/wp-content\/uploads\/sites\/22\/2024\/06\/Relatorio_de_Gestao_2023.pdf\" target=\"_blank\" rel=\"noreferrer noopener\">Relat\u00f3rio de Monitoramento Retomada \u2013 2023<\/a><\/p>\n\n\n\n<p><\/p>\n\n\n\n<p>2022<\/p>\n\n\n\n<p><a class=\"\" href=\"https:\/\/goias.gov.br\/retomada\/wp-content\/uploads\/sites\/22\/2024\/11\/1-Relatorio-de-Gestao-2022.pdf\" target=\"_blank\" rel=\"noreferrer noopener\">Relat\u00f3rio de Monitoramento Retomada \u2013 2022<\/a><\/p>\n\n\n\n<p><\/p>\n\n\n\n<p>2021<\/p>\n\n\n\n<p><a href=\"https:\/\/goias.gov.br\/retomada\/wp-content\/uploads\/sites\/22\/2021\/05\/Rel.AnualdeGestao2021-da1.pdf\" target=\"_blank\" rel=\"noreferrer noopener\"><\/a><a href=\"https:\/\/goias.gov.br\/retomada\/wp-content\/uploads\/sites\/22\/2021\/05\/Rel.AnualdeGestao2021-da1.pdf\" target=\"_blank\" rel=\"noreferrer noopener\">Relat\u00f3rio de Monitoramento Retomada \u2013 2021<\/a><\/p>\n\n\n\n<p><\/p>\n\n\n\n<p>2020<\/p>\n\n\n\n<p><a href=\"https:\/\/goias.gov.br\/retomada\/wp-content\/uploads\/sites\/22\/2023\/11\/Relatorio-de-Gestao-2020.pdf\" target=\"_blank\" rel=\"noreferrer noopener\"><\/a><a href=\"https:\/\/goias.gov.br\/retomada\/wp-content\/uploads\/sites\/22\/2023\/11\/Relatorio-de-Gestao-2020.pdf\" target=\"_blank\" rel=\"noreferrer noopener\">Relat\u00f3rio de Monitoramento Retomada \u2013 2020<\/a><\/p>\n\n\n\n<p><\/p>\n","protected":false},"excerpt":{"rendered":"<p>\u00a0Publicado em\u00a021 de agosto de 2024 \u00a0\u00daltima Atualiza\u00e7\u00e3o em 9 de dezembro de 2025 2024 Relat\u00f3rio de Monitoramento Retomada \u2013 2024 Demonstrativos de metas 2023 Relat\u00f3rio de Monitoramento Retomada \u2013 2023 2022 Relat\u00f3rio de Monitoramento Retomada \u2013 2022 2021 Relat\u00f3rio de Monitoramento Retomada \u2013 2021 2020 Relat\u00f3rio de Monitoramento Retomada \u2013 2020<\/p>\n","protected":false},"author":319,"featured_media":0,"parent":0,"menu_order":0,"comment_status":"closed","ping_status":"closed","template":"","meta":{"footnotes":""},"class_list":["post-12585","page","type-page","status-publish","hentry"],"rttpg_featured_image_url":null,"rttpg_author":{"display_name":"fransergiooliveira","author_link":"https:\/\/goias.gov.br\/retomada\/author\/fransergiooliveira\/"},"rttpg_comment":0,"rttpg_category":null,"rttpg_excerpt":"\u00a0Publicado em\u00a021 de agosto de 2024 \u00a0\u00daltima Atualiza\u00e7\u00e3o em 9 de dezembro de 2025 2024 Relat\u00f3rio de Monitoramento Retomada \u2013 2024 Demonstrativos de metas 2023 Relat\u00f3rio de Monitoramento Retomada \u2013 2023 2022 Relat\u00f3rio de Monitoramento Retomada \u2013 2022 2021 Relat\u00f3rio de Monitoramento Retomada \u2013 2021 2020 Relat\u00f3rio de Monitoramento Retomada \u2013 2020","_links":{"self":[{"href":"https:\/\/goias.gov.br\/retomada\/wp-json\/wp\/v2\/pages\/12585","targetHints":{"allow":["GET"]}}],"collection":[{"href":"https:\/\/goias.gov.br\/retomada\/wp-json\/wp\/v2\/pages"}],"about":[{"href":"https:\/\/goias.gov.br\/retomada\/wp-json\/wp\/v2\/types\/page"}],"author":[{"embeddable":true,"href":"https:\/\/goias.gov.br\/retomada\/wp-json\/wp\/v2\/users\/319"}],"replies":[{"embeddable":true,"href":"https:\/\/goias.gov.br\/retomada\/wp-json\/wp\/v2\/comments?post=12585"}],"version-history":[{"count":2,"href":"https:\/\/goias.gov.br\/retomada\/wp-json\/wp\/v2\/pages\/12585\/revisions"}],"predecessor-version":[{"id":62717,"href":"https:\/\/goias.gov.br\/retomada\/wp-json\/wp\/v2\/pages\/12585\/revisions\/62717"}],"wp:attachment":[{"href":"https:\/\/goias.gov.br\/retomada\/wp-json\/wp\/v2\/media?parent=12585"}],"curies":[{"name":"wp","href":"https:\/\/api.w.org\/{rel}","templated":true}]}}