

{"id":12241,"date":"2024-08-20T16:18:05","date_gmt":"2024-08-20T19:18:05","guid":{"rendered":"https:\/\/goias.gov.br\/retomada\/?page_id=12241"},"modified":"2025-12-09T08:37:43","modified_gmt":"2025-12-09T11:37:43","slug":"legislacao-aplicavel-6","status":"publish","type":"page","link":"https:\/\/goias.gov.br\/retomada\/legislacao-aplicavel-6\/","title":{"rendered":"Legisla\u00e7\u00e3o Aplic\u00e1vel"},"content":{"rendered":"\n<p>\u00daltima Atualiza\u00e7\u00e3o em <a href=\"https:\/\/goias.gov.br\/retomada\/legislacao-aplicavel-6\/\">09\/12\/2025<\/a> <br>Categoria <a href=\"https:\/\/goias.gov.br\/retomada\/legislacao-aplicavel-6\/\">Acesso \u00e0 Informa\u00e7\u00e3o<\/a><\/p>\n\n\n\n<table class=\"planilhaview display\" style=\"width:100%\"><thead><tr><th>ANO<\/th><th>TIPO<\/th><th>DOCUMENTO<\/th><th>ASSUNTO<\/th><th>INTEIRO TEOR<\/th><\/tr><tr><th><input type=\"text\" placeholder=\"Filtrar ANO\"><\/th><th><input type=\"text\" placeholder=\"Filtrar TIPO\"><\/th><th><input type=\"text\" placeholder=\"Filtrar DOCUMENTO\"><\/th><th><input type=\"text\" placeholder=\"Filtrar ASSUNTO\"><\/th><th><input type=\"text\" placeholder=\"Filtrar INTEIRO TEOR\"><\/th><\/tr><\/thead><tbody><tr><td style=\"color: #000000; background-color: #FFFFFF;\">2025<\/td><td style=\"color: #000000; background-color: #F9F9F9;\">Portaria<\/td><td style=\"color: #000000; background-color: #F9F9F9;\">Portaria 18\/2025<\/td><td style=\"color: #000000; background-color: #F9F9F9;\">Constitui a Comiss\u00e3o de Mapeamento de Processos, destinada a revisar os fluxogramas de processos das unidades desta Pasta, proporcionando uma vis\u00e3o clara e detalhada de\ncomo as tarefas s\u00e3o executadas, identificando pontos de melhoria, redund\u00e2ncias e\noportunidades para aumentar a efici\u00eancia e efic\u00e1cia.<\/td><td style=\"color: #0066CC; background-color: #FFFFFF;text-decoration: underline;\"><a href=\"https:\/\/goias.gov.br\/retomada\/wp-content\/uploads\/sites\/22\/2025\/08\/SEI_70380990_PORTARIA-No-18.pdf\" target=\"_blank\">ABRIR<\/a><\/td><\/tr><tr><td style=\"color: #000000; background-color: #FFFFFF;\">2025<\/td><td style=\"color: #000000; background-color: #F9F9F9;\">Portaria<\/td><td style=\"color: #000000; background-color: #F9F9F9;\">Portaria 41\/2025<\/td><td style=\"color: #000000; background-color: #F9F9F9;\">Reformula o Comit\u00ea Setorial do Programa de Compliance P\u00fablico na Secretaria de Estado da Retomada e d\u00e1 outras provid\u00eancias.<\/td><td style=\"color: #0066CC; background-color: #FFFFFF;text-decoration: underline;\"><a href=\"https:\/\/goias.gov.br\/retomada\/wp-content\/uploads\/sites\/22\/2025\/08\/SEI_71896405_PORTARIA-No-41.pdf\" target=\"_blank\">ABRIR<\/a><\/td><\/tr><tr><td style=\"color: #000000; background-color: #FFFFFF;\">2025<\/td><td style=\"color: #000000; background-color: #F9F9F9;\">Portaria<\/td><td style=\"color: #000000; background-color: #F9F9F9;\">Portaria 42\/2025<\/td><td style=\"color: #000000; background-color: #F9F9F9;\">Institui o Escrit\u00f3rio Compliance P\u00fablico na Secretaria de Estado da Retomada.<\/td><td style=\"color: #0066CC; background-color: #FFFFFF;text-decoration: underline;\"><a href=\"https:\/\/goias.gov.br\/retomada\/wp-content\/uploads\/sites\/22\/2025\/08\/SEI_71896693_PORTARIA-No-42.pdf\" target=\"_blank\">ABRIR<\/a><\/td><\/tr><tr><td style=\"color: #000000; background-color: #FFFFFF;\">2025<\/td><td style=\"color: #000000; background-color: #F9F9F9;\">Portaria<\/td><td style=\"color: #000000; background-color: #F9F9F9;\">Portaria 97\/2025<\/td><td style=\"color: #000000; background-color: #F9F9F9;\">Cria o Comit\u00ea de Governan\u00e7a de Projetos, que atuar\u00e1 para a entrega de valor estrat\u00e9gico da Secretaria de Estado da Retomada atrav\u00e9s da elabora\u00e7\u00e3o, aprova\u00e7\u00e3o e execu\u00e7\u00e3o dos Portf\u00f3lios, Programas e Projetos da Secretaria.<\/td><td style=\"color: #0066CC; background-color: #FFFFFF;text-decoration: underline;\"><a href=\"https:\/\/goias.gov.br\/retomada\/wp-content\/uploads\/sites\/22\/2025\/08\/SEI_74114196_PORTARIA-No-97.pdf\" target=\"_blank\">ABRIR<\/a><\/td><\/tr><tr><td style=\"color: #000000; background-color: #FFFFFF;\">2023<\/td><td style=\"color: #000000; background-color: #F9F9F9;\">Lei<\/td><td style=\"color: #000000; background-color: #F9F9F9;\">Lei 21.792\/2023<\/td><td style=\"color: #000000; background-color: #F9F9F9;\">Estabelece a organiza\u00e7\u00e3o administrativa b\u00e1sica do Poder Executivo e d\u00e1 outras provid\u00eancias.<\/td><td style=\"color: #0066CC; background-color: #FFFFFF;text-decoration: underline;\"><a href=\"https:\/\/goias.gov.br\/retomada\/wp-content\/uploads\/sites\/22\/2024\/08\/Lei-Ordinaria-21.792-de-2023-altera-a-estrutura-da-Secretaria.pdf\" target=\"_blank\">ABRIR<\/a><\/td><\/tr><tr><td style=\"color: #000000; background-color: #FFFFFF;\">2020<\/td><td style=\"color: #000000; background-color: #F9F9F9;\">Lei<\/td><td style=\"color: #000000; background-color: #F9F9F9;\">Lei 20.820\/2020<\/td><td style=\"color: #000000; background-color: #F9F9F9;\">Altera a Lei n\u00ba 20.491, de 25 de junho de 2019, que estabelece a organiza\u00e7\u00e3o\nadministrativa do Poder Executivo e d\u00e1 outras provid\u00eancias.<\/td><td style=\"color: #0066CC; background-color: #FFFFFF;text-decoration: underline;\"><a href=\"https:\/\/goias.gov.br\/retomada\/wp-content\/uploads\/sites\/22\/2024\/08\/Lei-Ordinaria-20.820-de-2020-Criacao-da-Secretaria.pdf\" target=\"_blank\">ABRIR<\/a><\/td><\/tr><tr><td style=\"color: #000000; background-color: #FFFFFF;\">2024<\/td><td style=\"color: #000000; background-color: #F9F9F9;\">Decreto<\/td><td style=\"color: #000000; background-color: #F9F9F9;\">Decreto 10.387\/2024<\/td><td style=\"color: #000000; background-color: #F9F9F9;\">Aprova o Regulamento da Secretaria de Estado da Retomada<\/td><td style=\"color: #0066CC; background-color: #FFFFFF;text-decoration: underline;\"><a href=\"https:\/\/goias.gov.br\/retomada\/wp-content\/uploads\/sites\/22\/2024\/08\/Decreto-Numerado-10.387-de-2024-Regulamento-da-Secretaria.pdf\" target=\"_blank\">ABRIR<\/a><\/td><\/tr><tr><td style=\"color: #000000; background-color: #FFFFFF;\">2023<\/td><td style=\"color: #000000; background-color: #F9F9F9;\">Decreto<\/td><td style=\"color: #000000; background-color: #F9F9F9;\">Decreto 10.218\/2023<\/td><td style=\"color: #000000; background-color: #F9F9F9;\">Regulamenta a Lei n\u00ba 21.792, de 16 de fevereiro de 2023, que estabelece a organiza\u00e7\u00e3o administrativa b\u00e1sica do Poder Executivo e d\u00e1 outras provid\u00eancias.<\/td><td style=\"color: #0066CC; background-color: #FFFFFF;text-decoration: underline;\"><a href=\"https:\/\/goias.gov.br\/retomada\/wp-content\/uploads\/sites\/22\/2024\/08\/Decreto-Numerado-10.218-de-2023-regulamenta-a-lei-21.792.pdf\" target=\"_blank\">ABRIR<\/a><\/td><\/tr><tr><td style=\"color: #000000; background-color: #FFFFFF;\">2023<\/td><td style=\"color: #000000; background-color: #F9F9F9;\">Decreto<\/td><td style=\"color: #000000; background-color: #F9F9F9;\">Decreto 10.224\/2023<\/td><td style=\"color: #000000; background-color: #F9F9F9;\">Altera o Decreto n\u00ba 10.218, de 16 de fevereiro de 2023, que regulamenta a Lei n\u00ba 21.792, de 16 de fevereiro de 2023, que estabelece a organiza\u00e7\u00e3o administrativa b\u00e1sica do Poder Executivo e d\u00e1 outras provid\u00eancias.\n<\/td><td style=\"color: #0066CC; background-color: #FFFFFF;text-decoration: underline;\"><a href=\"https:\/\/goias.gov.br\/retomada\/wp-content\/uploads\/sites\/22\/2024\/08\/Decreto-Numerado-10.224-de-2023-altera-o-descreto-10.218.pdf\" target=\"_blank\">ABRIR<\/a><\/td><\/tr><tr><td style=\"color: #000000; background-color: #FFFFFF;\">2024<\/td><td style=\"color: #000000; background-color: #F9F9F9;\">Portaria<\/td><td style=\"color: #000000; background-color: #F9F9F9;\">Portaria 31\/2024<\/td><td style=\"color: #000000; background-color: #F9F9F9;\">Reformular o Comit\u00ea Setorial de Compliance P\u00fablico que atuar\u00e1 no \u00e2mbito da Secretaria\nde Estado da Retomada \u2013 RETOMADA<\/td><td style=\"color: #0066CC; background-color: #FFFFFF;text-decoration: underline;\"><a href=\"https:\/\/goias.gov.br\/retomada\/wp-content\/uploads\/sites\/22\/2024\/08\/Portaria-31-de-2024-Comite-Setorial-PCP.pdf\" target=\"_blank\">ABRIR<\/a><\/td><\/tr><tr><td style=\"color: #000000; background-color: #FFFFFF;\">2024<\/td><td style=\"color: #000000; background-color: #F9F9F9;\">Portaria<\/td><td style=\"color: #000000; background-color: #F9F9F9;\">Portaria 32\/2024<\/td><td style=\"color: #000000; background-color: #F9F9F9;\">Introduz altera\u00e7\u00f5es nos Anexos I e II, da Portaria 69, de 13\/04\/2023, que estabelece as regras para o Ranking do Programa de Compliance P\u00fablico do Estado de Goi\u00e1s (PCP) para o exerc\u00edcio de 2023.<\/td><td style=\"color: #0066CC; background-color: #FFFFFF;text-decoration: underline;\"><a href=\"https:\/\/goias.gov.br\/retomada\/wp-content\/uploads\/sites\/22\/2024\/08\/Portaria-32-2024-Insitui-o-Escritorio-de-Compliance.pdf\" target=\"_blank\">ABRIR<\/a><\/td><\/tr><tr><td style=\"color: #000000; background-color: #FFFFFF;\">2024<\/td><td style=\"color: #000000; background-color: #F9F9F9;\">Portaria<\/td><td style=\"color: #000000; background-color: #F9F9F9;\">Portaria 35\/2024<\/td><td style=\"color: #000000; background-color: #F9F9F9;\">Alterar Designa\u00e7\u00e3o do membros do Conselho do Trabalho, Emprego e Renda do Estado de\nGoi\u00e1s - CTER, para exercerem as fun\u00e7\u00f5es de titular e suplente, respectivamente, sem preju\u00edzo das atribui\u00e7\u00f5es de\nseus cargos.<\/td><td style=\"color: #0066CC; background-color: #FFFFFF;text-decoration: underline;\"><a href=\"https:\/\/goias.gov.br\/retomada\/wp-content\/uploads\/sites\/22\/2024\/08\/Portaria-35-DE-2024-Conselho-CTER.pdf\" target=\"_blank\">ABRIR<\/a><\/td><\/tr><tr><td style=\"color: #000000; background-color: #FFFFFF;\">2024<\/td><td style=\"color: #000000; background-color: #F9F9F9;\">Portaria<\/td><td style=\"color: #000000; background-color: #F9F9F9;\">Portaria 39\/2024<\/td><td style=\"color: #000000; background-color: #F9F9F9;\">Instituir o Observat\u00f3rio do Trabalho no \u00e2mbito das a\u00e7\u00f5es inerentes ao Programa do SineSistema Nacional de Emprego - Bloco de Assessoramento Estat\u00edstico, sob a responsabilidade da Secretaria de Estado da Retomada.<\/td><td style=\"color: #0066CC; background-color: #FFFFFF;text-decoration: underline;\"><a href=\"https:\/\/goias.gov.br\/retomada\/wp-content\/uploads\/sites\/22\/2024\/08\/Portaria-no-39_25-de-marco-de-2024_Observatorio-do-Trabalho-no-ambito-das-acoes-inerentes-ao-Programa-do-SineSistema-Nacional-de-Emprego-.pdf\" target=\"_blank\">ABRIR<\/a><\/td><\/tr><tr><td style=\"color: #000000; background-color: #FFFFFF;\">2024<\/td><td style=\"color: #000000; background-color: #F9F9F9;\">Portaria<\/td><td style=\"color: #000000; background-color: #F9F9F9;\">Portaria 64\/2024<\/td><td style=\"color: #000000; background-color: #F9F9F9;\">Instituir Comiss\u00e3o de Avalia\u00e7\u00e3o de Bens Intang\u00edveis nos termos que disp\u00f5e o Decreto n\u00ba\n9.279, de 30 de julho de 2018, e a Instru\u00e7\u00e3o Normativa n\u00ba 003 de 30 de mar\u00e7o de 2023.<\/td><td style=\"color: #0066CC; background-color: #FFFFFF;text-decoration: underline;\"><a href=\"https:\/\/goias.gov.br\/retomada\/wp-content\/uploads\/sites\/22\/2024\/08\/Portaria-64-_30-de-abril-de-2024_Comissao-de-Avaliacao-de-Bens-Intangiveis.pdf\" target=\"_blank\">ABRIR<\/a><\/td><\/tr><tr><td style=\"color: #000000; background-color: #FFFFFF;\">2024<\/td><td style=\"color: #000000; background-color: #F9F9F9;\">Portaria<\/td><td style=\"color: #000000; background-color: #F9F9F9;\">Portaria 78\/2024<\/td><td style=\"color: #000000; background-color: #F9F9F9;\">Instituir a Comiss\u00e3o Permanente de Gest\u00e3o Setorial do SIGMATE, da Secretaria de Estado\nda Retomada.<\/td><td style=\"color: #0066CC; background-color: #FFFFFF;text-decoration: underline;\"><a href=\"https:\/\/goias.gov.br\/retomada\/wp-content\/uploads\/sites\/22\/2024\/08\/Portaria-78_20-de-maio-de-2024_Comissao-permamente-de-Gestao-Setorial-SIGMATE.pdf\" target=\"_blank\">ABRIR<\/a><\/td><\/tr><tr><td style=\"color: #000000; background-color: #FFFFFF;\">2024<\/td><td style=\"color: #000000; background-color: #F9F9F9;\">Portaria<\/td><td style=\"color: #000000; background-color: #F9F9F9;\">Portaria 81\/2024<\/td><td style=\"color: #000000; background-color: #FFFFFF;\">Fica institu\u00eddo o Planejamento Estrat\u00e9gico da Secretaria de Estado da Retomada, que define as estrat\u00e9gias de atua\u00e7\u00e3o do \u00f3rg\u00e3o para o per\u00edodo de 2024 e 2025.<\/td><td style=\"color: #0066CC; background-color: #FFFFFF;text-decoration: underline;\"><a href=\"https:\/\/goias.gov.br\/retomada\/wp-content\/uploads\/sites\/22\/2024\/08\/Portaria-no-81_21-de-maio-de-2024_-Planejamento-estrategico.pdf\" target=\"_blank\">ABRIR<\/a><\/td><\/tr><tr><td style=\"color: #000000; background-color: #FFFFFF;\">2024<\/td><td style=\"color: #000000; background-color: #F9F9F9;\">Portaria<\/td><td style=\"color: #000000; background-color: #F9F9F9;\">Portaria 82\/2024<\/td><td style=\"color: #000000; background-color: #FFFFFF;\">Constituir a Comiss\u00e3o Permanente de Avalia\u00e7\u00e3o de Documentos Sigilosos - CPADS, no \u00e2mbito da Secretaria de Estado da Retomada, que tem por objetivo, estabelecer crit\u00e9rios para avalia\u00e7\u00e3o de documentos sigilosos<\/td><td style=\"color: #0066CC; background-color: #FFFFFF;text-decoration: underline;\"><a href=\"https:\/\/goias.gov.br\/retomada\/wp-content\/uploads\/sites\/22\/2024\/08\/Portaria-no-82_22-de-maio-de-2024_Comissao-Permanente-de-Avaliacao-de-Documentos-Sigilosos-CPADS.pdf\" target=\"_blank\">ABRIR<\/a><\/td><\/tr><tr><td style=\"color: #000000; background-color: #FFFFFF;\">2023<\/td><td style=\"color: #000000; background-color: #F9F9F9;\">Portaria<\/td><td style=\"color: #000000; background-color: #F9F9F9;\">Portaria 35\/2023<\/td><td style=\"color: #000000; background-color: #F9F9F9;\">Designar os membros do Conselho do Trabalho, Emprego e Renda do Estado de Goi\u00e1s -\nCTER abaixo nominados, para exercerem as fun\u00e7\u00f5es de titular e suplente, respectivamente, sem preju\u00edzo das atribui\u00e7\u00f5es de seus cargos.<\/td><td style=\"color: #0066CC; background-color: #FFFFFF;text-decoration: underline;\"><a href=\"https:\/\/goias.gov.br\/retomada\/wp-content\/uploads\/sites\/22\/2024\/08\/Portaria-35_05-de-abril-de-2023_Membros-Conselho-TR-CTER.pdf\" target=\"_blank\">ABRIR<\/a><\/td><\/tr><tr><td style=\"color: #000000; background-color: #FFFFFF;\">2023<\/td><td style=\"color: #000000; background-color: #F9F9F9;\">Portaria<\/td><td style=\"color: #000000; background-color: #F9F9F9;\">Portaria 43\/2023<\/td><td style=\"color: #000000; background-color: #F9F9F9;\">Constituir a Comiss\u00e3o Interna de Preven\u00e7\u00e3o de Acidentes \u2013 CIPA, da Secretaria de Estado\nda Retomada, que ser\u00e1 composta pelos servidores abaixo relacionados, sem preju\u00edzo das atribui\u00e7\u00f5es de seus cargos.<\/td><td style=\"color: #0066CC; background-color: #FFFFFF;text-decoration: underline;\"><a href=\"https:\/\/goias.gov.br\/retomada\/wp-content\/uploads\/sites\/22\/2024\/08\/Portaria-43_18-de-abril-de-2023_Comissao-interna-CIPA.pdf\" target=\"_blank\">ABRIR<\/a><\/td><\/tr><tr><td style=\"color: #000000; background-color: #FFFFFF;\">2023<\/td><td style=\"color: #000000; background-color: #F9F9F9;\">Portaria<\/td><td style=\"color: #000000; background-color: #F9F9F9;\">Portaria 44\/2023<\/td><td style=\"color: #000000; background-color: #F9F9F9;\">Instituir o Grupo de Trabalho, para elabora\u00e7\u00e3o de medidas de seguran\u00e7a no Sistema de\nProte\u00e7\u00e3o e Combate a Inc\u00eandio e P\u00e2nico indicadas no Termo de Ajustamento de Conduta \u2013 TAC\/2022 000037352709 para o regular funcionamento do Centro de Conven\u00e7\u00f5es de An\u00e1polis \u2013 CCA, em conjunto, dos atos instrut\u00f3rios para abertura do referido procedimento<\/td><td style=\"color: #0066CC; background-color: #FFFFFF;text-decoration: underline;\"><a href=\"https:\/\/goias.gov.br\/retomada\/wp-content\/uploads\/sites\/22\/2024\/08\/SEI_46849106_Portaria_44.pdf\" target=\"_blank\">ABRIR<\/a><\/td><\/tr><tr><td style=\"color: #000000; background-color: #FFFFFF;\">2023<\/td><td style=\"color: #000000; background-color: #F9F9F9;\">Portaria<\/td><td style=\"color: #000000; background-color: #F9F9F9;\">Portaria 242\/2023<\/td><td style=\"color: #000000; background-color: #FFFFFF;\">DESIGNAR a servidora ANA PAULA IN\u00c1CIO DE AZEREDO, CPF n\u00ba XXX.355.021-XX, detentora do cargo Gerente de Gest\u00e3o e Desenvolvimento de Pessoas, como Gestor respons\u00e1vel pela implanta\u00e7\u00e3o do PGR - Programa de Gerenciamento de Riscos no \u00e2mbito da Secretaria de Estado da Retomada.<\/td><td style=\"color: #0066CC; background-color: #FFFFFF;text-decoration: underline;\"><a href=\"https:\/\/goias.gov.br\/retomada\/wp-content\/uploads\/sites\/22\/2024\/08\/Portaria-242_20-de-dezembro-de-2023_Gestor-responsavel-pela-implantacao-do-PGR-Programa-de-Gerenciamento-de-Riscos-no-ambito-da-Secretaria-de-Estado-da-Retomada.pdf\" target=\"_blank\">ABRIR<\/a><\/td><\/tr><tr><td style=\"color: #000000; background-color: #FFFFFF;\">2022<\/td><td style=\"color: #000000; background-color: #F9F9F9;\">Portaria<\/td><td style=\"color: #000000; background-color: #F9F9F9;\">Portaria 67\/2022<\/td><td style=\"color: #000000; background-color: #FFFFFF;\">Instituir, no \u00e2mbito da Secretaria de Estado da Retomada, CNPJ n\u00ba 01.409.58\/00001-38, a Comiss\u00e3o Permanente de Processo Administrativo de Responsabiliza\u00e7\u00e3o de Fornecedores - PARF, que tem por compet\u00eancia promover a apura\u00e7\u00e3o de responsabilidade nas infra\u00e7\u00f5es \u00e0 legisla\u00e7\u00e3o de licita\u00e7\u00f5es e contratos administrativos, praticadas por fornecedores, pessoas f\u00edsicas ou jur\u00eddicas, na fase licitat\u00f3ria e\/ou contratual.<\/td><td style=\"color: #0066CC; background-color: #FFFFFF;text-decoration: underline;\"><a href=\"https:\/\/goias.gov.br\/retomada\/wp-content\/uploads\/sites\/22\/2024\/08\/pORTARIA-No-67-DE-2022-Comissao-Permanente-de-Processo-Administrativo-de-Responsabilizacao-de-Fornecedores-PARF.pdf\" target=\"_blank\">ABRIR<\/a><\/td><\/tr><tr><td style=\"color: #000000; background-color: #FFFFFF;\">2022<\/td><td style=\"color: #000000; background-color: #F9F9F9;\">Portaria<\/td><td style=\"color: #000000; background-color: #F9F9F9;\">Portaria 175\/2022<\/td><td style=\"color: #000000; background-color: #F9F9F9;\">Designar como respons\u00e1vel pela interlocu\u00e7\u00e3o com os profissionais da Universidade\nEstadual de Goi\u00e1s - UEG, o servidor WANRLEY DE CASTRO WALCZAK, CPF 950.500.861-91, no tocante ao Termo de Coopera\u00e7\u00e3o 004\/2022-SER, celebrado entre o Governo do Estado de Goi\u00e1s, por interm\u00e9dio desta Secretaria e a Universidade Estadual de Goi\u00e1s - UEG, cujo objeto \u00e9 a m\u00fatua coopera\u00e7\u00e3o entre os part\u00edcipes, por meio do compartilhamento dos equipamentos p\u00fablicos denominados Col\u00e9gio Tecnol\u00f3gico do Estado de Goi\u00e1s Luiz Humberto de Menezes e a UEG Unidade Universit\u00e1ria de Santa Helena<\/td><td style=\"color: #0066CC; background-color: #FFFFFF;text-decoration: underline;\"><a href=\"https:\/\/goias.gov.br\/retomada\/wp-content\/uploads\/sites\/22\/2024\/08\/Portaria-no-175_22-de-dezembro-de-2022_-interlocultor-COTEV-de-Santa-Helena.pdf\" target=\"_blank\">ABRIR<\/a><\/td><\/tr><tr><td style=\"color: #000000; background-color: #FFFFFF;\">2022<\/td><td style=\"color: #000000; background-color: #F9F9F9;\">Declara\u00e7\u00e3o<\/td><td style=\"color: #000000; background-color: #F9F9F9;\">Declara\u00e7\u00e3o 2\/2022<\/td><td style=\"color: #000000; background-color: #F9F9F9;\">DECLARA que a Secretaria de Estado da Retomada n\u00e3o possui, at\u00e9 a presente data, rol de informa\u00e7\u00f5es que tenham sido desclassificas nos \u00faltimos 12 meses.<\/td><td style=\"color: #0066CC; background-color: #FFFFFF;text-decoration: underline;\"><a href=\"https:\/\/goias.gov.br\/retomada\/wp-content\/uploads\/sites\/22\/2024\/08\/SEI_000029413793_Declaracao_2_2022.pdf\" target=\"_blank\">ABRIR<\/a><\/td><\/tr><tr><td style=\"color: #000000; background-color: #FFFFFF;\">2022<\/td><td style=\"color: #000000; background-color: #F9F9F9;\">Declara\u00e7\u00e3o<\/td><td style=\"color: #000000; background-color: #F9F9F9;\">Declara\u00e7\u00e3o 4\/2022<\/td><td style=\"color: #000000; background-color: #F9F9F9;\">Declaro para devidos fins que a Secretaria de Estado da Retomada, CNPJ 37.992.607\/0001-05, criada pela Lei n\u00ba 20.820, de 4 de agosto de 2020, n\u00e3o possui informa\u00e7\u00f5es classificadas como reservadas, secretas e\/ou ultrassecretas, e, ainda, que n\u00e3o foram desclassificadas informa\u00e7\u00f5es nos \u00faltimos doze meses, at\u00e9 1\u00b0 de junho de 2022, conforme disp\u00f5e o art. 33, incisos I e II da Lei Estadual n\u00b0 18.025\/2013.<\/td><td style=\"color: #0066CC; background-color: #FFFFFF;text-decoration: underline;\"><a href=\"https:\/\/goias.gov.br\/retomada\/wp-content\/uploads\/sites\/22\/2024\/08\/SEI_000031852110_Declaracao_4_2022.pdf\" target=\"_blank\">ABRIR<\/a><\/td><\/tr><tr><td style=\"color: #000000; background-color: #FFFFFF;\">2021<\/td><td style=\"color: #000000; background-color: #F9F9F9;\">Declara\u00e7\u00e3o<\/td><td style=\"color: #000000; background-color: #F9F9F9;\">Declara\u00e7\u00e3o 2\/2021<\/td><td style=\"color: #000000; background-color: #F9F9F9;\">DECLARA que a Secretaria de Estado da Retomada n\u00e3o possui, at\u00e9 a presente data, informa\u00e7\u00f5es classificadas como reservadas, secretas e\/ou ultrassecreta.<\/td><td style=\"color: #0066CC; background-color: #FFFFFF;text-decoration: underline;\"><a href=\"https:\/\/goias.gov.br\/retomada\/wp-content\/uploads\/sites\/22\/2024\/08\/SEI_000022669808_Declaracao_2_2021.pdf\" target=\"_blank\">ABRIR<\/a><\/td><\/tr><tr><td style=\"color: #000000; background-color: #FFFFFF;\">2021<\/td><td style=\"color: #000000; background-color: #F9F9F9;\">Declara\u00e7\u00e3o<\/td><td style=\"color: #000000; background-color: #FFFFFF;\">Declara\u00e7\u00e3o 4\/2021<\/td><td style=\"color: #000000; background-color: #F9F9F9;\">DECLARA que a Secretaria de Estado da Retomada n\u00e3o possui, at\u00e9 a presente data, rol de informa\u00e7\u00f5es que tenham sido desclassificas nos \u00faltimos 12 meses.<\/td><td style=\"color: #0066CC; background-color: #FFFFFF;text-decoration: underline;\"><a href=\"https:\/\/goias.gov.br\/retomada\/wp-content\/uploads\/sites\/22\/2024\/08\/SEI_000023264466_Declaracao_4_2021.pdf\" target=\"_blank\">ABRIR<\/a><\/td><\/tr><\/tbody><\/table><div class=\"wp-block-file\"><a href=\"https:\/\/goias.gov.br\/retomada\/wp-content\/uploads\/sites\/22\/2025\/08\/Legislacao-Aplicavel-27-08-2025.xlsx\">Legislacao-Aplicavel-27-08-2025.xlsx&nbsp; <span class=\"wp-block-file__button wp-element-button\">Baixar<\/span><\/a><\/div>\n\n\n\n<div class=\"wp-block-file\"><a id=\"wp-block-file--media-6b1a5756-e4c8-4497-8a35-9f1456d853d1\" href=\"https:\/\/goias.gov.br\/retomada\/wp-content\/uploads\/sites\/22\/2024\/08\/Legislacao-Aplicavel-2.xlsx\">Legisla\u00e7\u00e3o Aplic\u00e1vel<\/a><a href=\"https:\/\/goias.gov.br\/retomada\/wp-content\/uploads\/sites\/22\/2024\/08\/Legislacao-Aplicavel-2.xlsx\" class=\"wp-block-file__button wp-element-button\" download aria-describedby=\"wp-block-file--media-6b1a5756-e4c8-4497-8a35-9f1456d853d1\">Baixar<\/a><\/div>\n\n\n\n<p><\/p>\n","protected":false},"excerpt":{"rendered":"<p>\u00daltima Atualiza\u00e7\u00e3o em 09\/12\/2025 Categoria Acesso \u00e0 Informa\u00e7\u00e3o<\/p>\n","protected":false},"author":122,"featured_media":0,"parent":0,"menu_order":0,"comment_status":"closed","ping_status":"closed","template":"","meta":{"footnotes":""},"class_list":["post-12241","page","type-page","status-publish","hentry"],"rttpg_featured_image_url":null,"rttpg_author":{"display_name":"larizanogueira","author_link":"https:\/\/goias.gov.br\/retomada\/author\/larizanogueira\/"},"rttpg_comment":0,"rttpg_category":null,"rttpg_excerpt":"\u00daltima Atualiza\u00e7\u00e3o em 09\/12\/2025 Categoria Acesso \u00e0 Informa\u00e7\u00e3o","_links":{"self":[{"href":"https:\/\/goias.gov.br\/retomada\/wp-json\/wp\/v2\/pages\/12241","targetHints":{"allow":["GET"]}}],"collection":[{"href":"https:\/\/goias.gov.br\/retomada\/wp-json\/wp\/v2\/pages"}],"about":[{"href":"https:\/\/goias.gov.br\/retomada\/wp-json\/wp\/v2\/types\/page"}],"author":[{"embeddable":true,"href":"https:\/\/goias.gov.br\/retomada\/wp-json\/wp\/v2\/users\/122"}],"replies":[{"embeddable":true,"href":"https:\/\/goias.gov.br\/retomada\/wp-json\/wp\/v2\/comments?post=12241"}],"version-history":[{"count":2,"href":"https:\/\/goias.gov.br\/retomada\/wp-json\/wp\/v2\/pages\/12241\/revisions"}],"predecessor-version":[{"id":62548,"href":"https:\/\/goias.gov.br\/retomada\/wp-json\/wp\/v2\/pages\/12241\/revisions\/62548"}],"wp:attachment":[{"href":"https:\/\/goias.gov.br\/retomada\/wp-json\/wp\/v2\/media?parent=12241"}],"curies":[{"name":"wp","href":"https:\/\/api.w.org\/{rel}","templated":true}]}}