

{"id":12117,"date":"2024-08-20T15:53:52","date_gmt":"2024-08-20T18:53:52","guid":{"rendered":"https:\/\/goias.gov.br\/retomada\/?page_id=12117"},"modified":"2025-12-09T09:36:51","modified_gmt":"2025-12-09T12:36:51","slug":"contratos-de-locacoes-de-imoveis-2","status":"publish","type":"page","link":"https:\/\/goias.gov.br\/retomada\/contratos-de-locacoes-de-imoveis-2\/","title":{"rendered":"Contratos de Loca\u00e7\u00e3o de Im\u00f3veis"},"content":{"rendered":"\n<p>\u00daltima Atualiza\u00e7\u00e3o em\u00a0<a href=\"https:\/\/goias.gov.br\/retomada\/wp-content\/uploads\/sites\/22\/2024\/08\/Contratos-de-Locacao-de-Imoveis.xlsx\">9 de dezembro de 2025<\/a><br>Categoria <a href=\"https:\/\/goias.gov.br\/retomada\/acesso-a-informacao\/\">Acesso \u00e0 Informa\u00e7\u00e3o<\/a><\/p>\n\n\n\n<table class=\"planilhaview display\" style=\"width:100%\"><thead><tr><th>PROCESSO SEI<\/th><th>TERMO<\/th><th>LOCAT\u00c1RIO <\/th><th>CNPJ<\/th><th>ENDERE\u00c7O LOCAT\u00c1RIO<\/th><th>LOCADOR<\/th><th>CPF<\/th><th>OBJETO<\/th><th>ENDERE\u00c7O DO IM\u00d3VEL<\/th><th>DESCRI\u00c7\u00c3O DO IM\u00d3VEL<\/th><th>FINALIDADE<\/th><th>PRAZO<\/th><th>VALOR<\/th><th>REAJUSTE<\/th><\/tr><tr><th><input type=\"text\" placeholder=\"Filtrar PROCESSO SEI\"><\/th><th><input type=\"text\" placeholder=\"Filtrar TERMO\"><\/th><th><input type=\"text\" placeholder=\"Filtrar LOCAT\u00c1RIO \"><\/th><th><input type=\"text\" placeholder=\"Filtrar CNPJ\"><\/th><th><input type=\"text\" placeholder=\"Filtrar ENDERE\u00c7O LOCAT\u00c1RIO\"><\/th><th><input type=\"text\" placeholder=\"Filtrar LOCADOR\"><\/th><th><input type=\"text\" placeholder=\"Filtrar CPF\"><\/th><th><input type=\"text\" placeholder=\"Filtrar OBJETO\"><\/th><th><input type=\"text\" placeholder=\"Filtrar ENDERE\u00c7O DO IM\u00d3VEL\"><\/th><th><input type=\"text\" placeholder=\"Filtrar DESCRI\u00c7\u00c3O DO IM\u00d3VEL\"><\/th><th><input type=\"text\" placeholder=\"Filtrar FINALIDADE\"><\/th><th><input type=\"text\" placeholder=\"Filtrar PRAZO\"><\/th><th><input type=\"text\" placeholder=\"Filtrar VALOR\"><\/th><th><input type=\"text\" placeholder=\"Filtrar REAJUSTE\"><\/th><\/tr><\/thead><tbody><tr><td style=\"color: #000000; background-color: #FFFFFF;\">202119222000856<\/td><td style=\"color: #000000; background-color: #FFFFFF;\">CONTRATO  N\u00ba 04\/2021 - SER<\/td><td style=\"color: #000000; background-color: #FFFFFF;\">SECRETARIA DE ESTADO DA RETOMADA<\/td><td style=\"color: #000000; background-color: #FFFFFF;\">37.992.607\/0001-05<\/td><td style=\"color: #000000; background-color: #FFFFFF;\">Rua 82, n\u00ba 400, Pal\u00e1cio Pedro Ludovico Teixeira, 2\u00ba andar, Ala Oeste, Setor Central, Goi\u00e2nia - GO<\/td><td style=\"color: #000000; background-color: #FFFFFF;\">LARISSE ANDRADE MORAES<\/td><td style=\"color: #000000; background-color: #FFFFFF;\">XXX.494.911-XX<\/td><td style=\"color: #000000; background-color: #FFFFFF;\">Im\u00f3vel<\/td><td style=\"color: #000000; background-color: #FFFFFF;\">10\u00aa avenida, n. 505, quadra 63, lote 7, Setor Leste Vila Nova - Goi\u00e2nia - Goi\u00e1s\u00a0 (matr\u00edcula do im\u00f3vel n\u00ba 27.075)<\/td><td style=\"color: #000000; background-color: #FFFFFF;\">Im\u00f3vel tipo galp\u00e3o, situado na 10\u00aa avenida, n. 505, quadra 63, lote 7, Setor Leste Vila Nova - Goi\u00e2nia\/GO, \u00e1rea de 545,02 m\u00b2, registrado sob a matr\u00edcula n\u00ba 27.075, no Cart\u00f3rio de Registro de Im\u00f3veis da 3\u00aa Circunscri\u00e7\u00e3o de Goi\u00e2nia<\/td><td style=\"color: #000000; background-color: #FFFFFF;\">Visando atender as demandas\u00a0do almoxarifado do SINE\/GO e\u00a0da Secretaria de Estado da Retomada.<\/td><td style=\"color: #000000; background-color: #FFFFFF;\">15 de agosto de 2021 a 14 de agosto de 2022<\/td><td style=\"color: #000000; background-color: #FFFFFF;\">O valor do aluguel mensal  R$ 4.090,25 (quatro mil, noventa reais e vinte e cinco centavos)<\/td><td style=\"color: #000000; background-color: #FFFFFF;\">\u00cdndice Geral de Pre\u00e7os de Mercado \u2013 IGPM, ou na falta deste, ser\u00e1 aplicado o \u00cdndice de Pre\u00e7os ao Consumidor Amplo (IPC-A), do m\u00eas anterior ao da expira\u00e7\u00e3o da vig\u00eancia. Na aus\u00eancia destes, ser\u00e1 escolhido outro \u00edndice de comum acordo entre as partes, desde que reflita a infla\u00e7\u00e3o do per\u00edodo.<\/td><\/tr><tr><td style=\"color: #000000; background-color: #FFFFFF;\">202119222000856<\/td><td style=\"color: #000000; background-color: #FFFFFF;\">PRIMEIRO TERMO ADITIVO AO CONTRATO N\u00ba 04\/2021 - SER<\/td><td style=\"color: #000000; background-color: #FFFFFF;\">SECRETARIA DE ESTADO DA RETOMADA<\/td><td style=\"color: #000000; background-color: #FFFFFF;\">37.992.607\/0001-05<\/td><td style=\"color: #000000; background-color: #FFFFFF;\">Rua 82, n\u00ba 400, Pal\u00e1cio Pedro Ludovico Teixeira, 2\u00ba andar, Ala Oeste, Setor Central, Goi\u00e2nia - GO<\/td><td style=\"color: #000000; background-color: #FFFFFF;\">LARISSE ANDRADE MORAES<\/td><td style=\"color: #000000; background-color: #FFFFFF;\">XXX.494.911-XX<\/td><td style=\"color: #000000; background-color: #FFFFFF;\">Im\u00f3vel<\/td><td style=\"color: #000000; background-color: #FFFFFF;\">10\u00aa avenida, n. 505, quadra 63, lote 7, Setor Leste Vila Nova - Goi\u00e2nia - Goi\u00e1s\u00a0 (matr\u00edcula do im\u00f3vel n\u00ba 27.075)<\/td><td style=\"color: #000000; background-color: #FFFFFF;\">Im\u00f3vel tipo galp\u00e3o, situado na 10\u00aa avenida, n. 505, quadra 63, lote 7, Setor Leste Vila Nova - Goi\u00e2nia\/GO, \u00e1rea de 545,02 m\u00b2, registrado sob a matr\u00edcula n\u00ba 27.075, no Cart\u00f3rio de Registro de Im\u00f3veis da 3\u00aa Circunscri\u00e7\u00e3o de Goi\u00e2nia<\/td><td style=\"color: #000000; background-color: #FFFFFF;\">Visando atender as demandas\u00a0do almoxarifado do SINE\/GO e\u00a0da Secretaria de Estado da Retomada.<\/td><td style=\"color: #000000; background-color: #FFFFFF;\">15 de agosto de 2022 a 14 de agosto de 2023<\/td><td style=\"color: #000000; background-color: #FFFFFF;\">O valor do aluguel mensal  R$ 4.090,25 (quatro mil, noventa reais e vinte e cinco centavos)<\/td><td style=\"color: #000000; background-color: #FFFFFF;\">\u00cdndice Geral de Pre\u00e7os de Mercado \u2013 IGPM, ou na falta deste, ser\u00e1 aplicado o \u00cdndice de Pre\u00e7os ao Consumidor Amplo (IPC-A), do m\u00eas anterior ao da expira\u00e7\u00e3o da vig\u00eancia. Na aus\u00eancia destes, ser\u00e1 escolhido outro \u00edndice de comum acordo entre as partes, desde que reflita a infla\u00e7\u00e3o do per\u00edodo.<\/td><\/tr><tr><td style=\"color: #000000; background-color: #FFFFFF;\">202119222000856<\/td><td style=\"color: #000000; background-color: #FFFFFF;\">SEGUNDO TERMO ADITIVO AO CONTRATO N\u00ba 04\/2021 - SER<\/td><td style=\"color: #000000; background-color: #FFFFFF;\">SECRETARIA DE ESTADO DA RETOMADA<\/td><td style=\"color: #000000; background-color: #FFFFFF;\">37.992.607\/0001-05<\/td><td style=\"color: #000000; background-color: #FFFFFF;\">Rua 82, n\u00ba 400, Pal\u00e1cio Pedro Ludovico Teixeira, 2\u00ba andar, Ala Oeste, Setor Central, Goi\u00e2nia - GO<\/td><td style=\"color: #000000; background-color: #FFFFFF;\">LARISSE ANDRADE MORAES<\/td><td style=\"color: #000000; background-color: #FFFFFF;\">XXX.494.911-XX<\/td><td style=\"color: #000000; background-color: #FFFFFF;\">Im\u00f3vel<\/td><td style=\"color: #000000; background-color: #FFFFFF;\">10\u00aa avenida, n. 505, quadra 63, lote 7, Setor Leste Vila Nova - Goi\u00e2nia - Goi\u00e1s\u00a0 (matr\u00edcula do im\u00f3vel n\u00ba 27.075)<\/td><td style=\"color: #000000; background-color: #FFFFFF;\">Im\u00f3vel tipo galp\u00e3o, situado na 10\u00aa avenida, n. 505, quadra 63, lote 7, Setor Leste Vila Nova - Goi\u00e2nia\/GO, \u00e1rea de 545,02 m\u00b2, registrado sob a matr\u00edcula n\u00ba 27.075, no Cart\u00f3rio de Registro de Im\u00f3veis da 3\u00aa Circunscri\u00e7\u00e3o de Goi\u00e2nia<\/td><td style=\"color: #000000; background-color: #FFFFFF;\">Visando atender as demandas\u00a0do almoxarifado do SINE\/GO e\u00a0da Secretaria de Estado da Retomada.<\/td><td style=\"color: #000000; background-color: #FFFFFF;\">15 de agosto de 2023 a 14 de agosto de 2024<\/td><td style=\"color: #000000; background-color: #FFFFFF;\">O valor do aluguel mensal  R$ 4.090,25 (quatro mil, noventa reais e vinte e cinco centavos)<\/td><td style=\"color: #000000; background-color: #FFFFFF;\">\u00cdndice Geral de Pre\u00e7os de Mercado \u2013 IGPM, ou na falta deste, ser\u00e1 aplicado o \u00cdndice de Pre\u00e7os ao Consumidor Amplo (IPC-A), do m\u00eas anterior ao da expira\u00e7\u00e3o da vig\u00eancia. Na aus\u00eancia destes, ser\u00e1 escolhido outro \u00edndice de comum acordo entre as partes, desde que reflita a infla\u00e7\u00e3o do per\u00edodo.<\/td><\/tr><tr><td style=\"color: #000000; background-color: #FFFFFF;\">202119222000856<\/td><td style=\"color: #000000; background-color: #FFFFFF;\">TERCEIRO TERMO ADITIVO AO CONTRATO N\u00ba 04\/2021 - SER<\/td><td style=\"color: #000000; background-color: #FFFFFF;\">SECRETARIA DE ESTADO DA RETOMADA<\/td><td style=\"color: #000000; background-color: #FFFFFF;\">37.992.607\/0001-05<\/td><td style=\"color: #000000; background-color: #FFFFFF;\">Rua 82, n\u00ba 400, Pal\u00e1cio Pedro Ludovico Teixeira, 2\u00ba andar, Ala Oeste, Setor Central, Goi\u00e2nia - GO<\/td><td style=\"color: #000000; background-color: #FFFFFF;\">LARISSE ANDRADE MORAES<\/td><td style=\"color: #000000; background-color: #FFFFFF;\">XXX.494.911-XX<\/td><td style=\"color: #000000; background-color: #FFFFFF;\">Im\u00f3vel<\/td><td style=\"color: #000000; background-color: #FFFFFF;\">10\u00aa avenida, n. 505, quadra 63, lote 7, Setor Leste Vila Nova - Goi\u00e2nia - Goi\u00e1s\u00a0 (matr\u00edcula do im\u00f3vel n\u00ba 27.075)<\/td><td style=\"color: #000000; background-color: #FFFFFF;\">Im\u00f3vel tipo galp\u00e3o, situado na 10\u00aa avenida, n. 505, quadra 63, lote 7, Setor Leste Vila Nova - Goi\u00e2nia\/GO, \u00e1rea de 545,02 m\u00b2, registrado sob a matr\u00edcula n\u00ba 27.075, no Cart\u00f3rio de Registro de Im\u00f3veis da 3\u00aa Circunscri\u00e7\u00e3o de Goi\u00e2nia<\/td><td style=\"color: #000000; background-color: #FFFFFF;\">Visando atender as demandas\u00a0do almoxarifado do SINE\/GO e\u00a0da Secretaria de Estado da Retomada.<\/td><td style=\"color: #000000; background-color: #FFFFFF;\">15 de agosto de 2024 a 15 de agosto de 2025<\/td><td style=\"color: #000000; background-color: #FFFFFF;\">O valor do aluguel mensal  R$ 4.090,25 (quatro mil, noventa reais e vinte e cinco centavos)<\/td><td style=\"color: #000000; background-color: #FFFFFF;\">\u00cdndice Geral de Pre\u00e7os de Mercado \u2013 IGPM, ou na falta deste, ser\u00e1 aplicado o \u00cdndice de Pre\u00e7os ao Consumidor Amplo (IPC-A), do m\u00eas anterior ao da expira\u00e7\u00e3o da vig\u00eancia. Na aus\u00eancia destes, ser\u00e1 escolhido outro \u00edndice de comum acordo entre as partes, desde que reflita a infla\u00e7\u00e3o do per\u00edodo.<\/td><\/tr><\/tbody><\/table><div class=\"wp-block-file\"><a href=\"https:\/\/goias.gov.br\/retomada\/wp-content\/uploads\/sites\/22\/2024\/08\/LOCACAO-DE-IMOVEL-26.08.xlsx\">LOCACAO-DE-IMOVEL-26.08.xlsx&nbsp; <span class=\"wp-block-file__button wp-element-button\">Baixar<\/span><\/a><\/div>\n\n\n\n<div class=\"wp-block-file\"><a id=\"wp-block-file--media-ce286265-b0d9-41c4-ada7-3c59ab06e747\" href=\"https:\/\/goias.gov.br\/retomada\/wp-content\/uploads\/sites\/22\/2024\/08\/LOCACAO-DE-IMOVEL-26.08-1.xlsx\">Contratos de Loca\u00e7\u00e3o de Im\u00f3veis<\/a><a href=\"https:\/\/goias.gov.br\/retomada\/wp-content\/uploads\/sites\/22\/2024\/08\/LOCACAO-DE-IMOVEL-26.08-1.xlsx\" class=\"wp-block-file__button wp-element-button\" download aria-describedby=\"wp-block-file--media-ce286265-b0d9-41c4-ada7-3c59ab06e747\">Baixar<\/a><\/div>\n\n\n\n<p><\/p>\n","protected":false},"excerpt":{"rendered":"<p>\u00daltima Atualiza\u00e7\u00e3o em\u00a09 de dezembro de 2025Categoria Acesso \u00e0 Informa\u00e7\u00e3o<\/p>\n","protected":false},"author":319,"featured_media":0,"parent":0,"menu_order":0,"comment_status":"closed","ping_status":"closed","template":"","meta":{"footnotes":""},"class_list":["post-12117","page","type-page","status-publish","hentry"],"rttpg_featured_image_url":null,"rttpg_author":{"display_name":"fransergiooliveira","author_link":"https:\/\/goias.gov.br\/retomada\/author\/fransergiooliveira\/"},"rttpg_comment":0,"rttpg_category":null,"rttpg_excerpt":"\u00daltima Atualiza\u00e7\u00e3o em\u00a09 de dezembro de 2025Categoria Acesso \u00e0 Informa\u00e7\u00e3o","_links":{"self":[{"href":"https:\/\/goias.gov.br\/retomada\/wp-json\/wp\/v2\/pages\/12117","targetHints":{"allow":["GET"]}}],"collection":[{"href":"https:\/\/goias.gov.br\/retomada\/wp-json\/wp\/v2\/pages"}],"about":[{"href":"https:\/\/goias.gov.br\/retomada\/wp-json\/wp\/v2\/types\/page"}],"author":[{"embeddable":true,"href":"https:\/\/goias.gov.br\/retomada\/wp-json\/wp\/v2\/users\/319"}],"replies":[{"embeddable":true,"href":"https:\/\/goias.gov.br\/retomada\/wp-json\/wp\/v2\/comments?post=12117"}],"version-history":[{"count":2,"href":"https:\/\/goias.gov.br\/retomada\/wp-json\/wp\/v2\/pages\/12117\/revisions"}],"predecessor-version":[{"id":62670,"href":"https:\/\/goias.gov.br\/retomada\/wp-json\/wp\/v2\/pages\/12117\/revisions\/62670"}],"wp:attachment":[{"href":"https:\/\/goias.gov.br\/retomada\/wp-json\/wp\/v2\/media?parent=12117"}],"curies":[{"name":"wp","href":"https:\/\/api.w.org\/{rel}","templated":true}]}}