
{"id":66,"date":"2023-01-11T15:00:48","date_gmt":"2023-01-11T18:00:48","guid":{"rendered":"http:\/\/localhost\/multisites\/modelo\/?page_id=49"},"modified":"2026-03-10T08:57:11","modified_gmt":"2026-03-10T11:57:11","slug":"homepage","status":"publish","type":"page","link":"https:\/\/goias.gov.br\/progoias\/","title":{"rendered":"Homepage"},"content":{"rendered":"\t\t<div data-elementor-type=\"wp-page\" data-elementor-id=\"66\" class=\"elementor elementor-66\">\n\t\t\t\t<div class=\"elementor-element elementor-element-b74e03b e-flex e-con-boxed e-con e-parent\" data-id=\"b74e03b\" data-element_type=\"container\" data-e-type=\"container\">\n\t\t\t\t\t<div class=\"e-con-inner\">\n\t\t\t\t<div class=\"elementor-element elementor-element-bbc05db elementor-widget elementor-widget-image\" data-id=\"bbc05db\" data-element_type=\"widget\" data-e-type=\"widget\" data-widget_type=\"image.default\">\n\t\t\t\t\t\t\t\t\t\t\t\t\t\t\t<img decoding=\"async\" src=\"https:\/\/goias.gov.br\/progoias\/wp-content\/uploads\/sites\/35\/2023\/11\/06-banner-da-pgina-pr-gois-1150x400-1.jpg\" title=\"\" alt=\"\" loading=\"lazy\" \/>\t\t\t\t\t\t\t\t\t\t\t\t\t\t\t<\/div>\n\t\t\t\t\t<\/div>\n\t\t\t\t<\/div>\n\t\t<div class=\"elementor-element elementor-element-90f0595 e-flex e-con-boxed e-con e-parent\" data-id=\"90f0595\" data-element_type=\"container\" data-e-type=\"container\">\n\t\t\t\t\t<div class=\"e-con-inner\">\n\t\t<div class=\"elementor-element elementor-element-ba502d4 e-con-full e-flex e-con e-child\" data-id=\"ba502d4\" data-element_type=\"container\" data-e-type=\"container\" data-settings=\"{&quot;background_background&quot;:&quot;classic&quot;}\">\n\t\t\t\t<div class=\"elementor-element elementor-element-256c2de elementor-widget elementor-widget-heading\" data-id=\"256c2de\" data-element_type=\"widget\" data-e-type=\"widget\" data-widget_type=\"heading.default\">\n\t\t\t\t\t<h2 class=\"elementor-heading-title elementor-size-default\">O que \u00e9 ProGoi\u00e1s?<\/h2>\t\t\t\t<\/div>\n\t\t\t\t<\/div>\n\t\t<div class=\"elementor-element elementor-element-793a89d e-con-full e-flex e-con e-child\" data-id=\"793a89d\" data-element_type=\"container\" data-e-type=\"container\" data-settings=\"{&quot;background_background&quot;:&quot;classic&quot;}\">\n\t\t\t\t<div class=\"elementor-element elementor-element-04c1e2a elementor-widget elementor-widget-text-editor\" data-id=\"04c1e2a\" data-element_type=\"widget\" data-e-type=\"widget\" data-widget_type=\"text-editor.default\">\n\t\t\t\t\t\t\t\t\t<p>O novo modelo de incentivos fiscais do Governo do Estado, o ProGoi\u00e1s &#8211; Programa de Desenvolvimento Regional, tem como meta desburocratizar a concess\u00e3o de benef\u00edcios fiscais para o setor industrial e garantir seguran\u00e7a jur\u00eddica e impessoalidade. Com validade at\u00e9 2032, o programa substitui o Fomentar e o Produzir e\u00a0oferece redu\u00e7\u00e3o do percentual para o pagamento do Fundo de Prote\u00e7\u00e3o Social do Estado (Protege). A al\u00edquota inicial \u00e9\u00a0de 10%, decrescendo gradativamente at\u00e9 6%, a partir do 25\u00ba m\u00eas de enquadramento no ProGoi\u00e1s.<\/p>\t\t\t\t\t\t\t\t<\/div>\n\t\t\t\t<\/div>\n\t\t\t\t\t<\/div>\n\t\t\t\t<\/div>\n\t\t<div class=\"elementor-element elementor-element-3967223 e-flex e-con-boxed e-con e-parent\" data-id=\"3967223\" data-element_type=\"container\" data-e-type=\"container\">\n\t\t\t\t\t<div class=\"e-con-inner\">\n\t\t<div class=\"elementor-element elementor-element-b717879 e-con-full e-flex e-con e-child\" data-id=\"b717879\" data-element_type=\"container\" data-e-type=\"container\" data-settings=\"{&quot;background_background&quot;:&quot;classic&quot;}\">\n\t\t\t\t<div class=\"elementor-element elementor-element-de05083 elementor-widget elementor-widget-image\" data-id=\"de05083\" data-element_type=\"widget\" data-e-type=\"widget\" data-widget_type=\"image.default\">\n\t\t\t\t\t\t\t\t\t\t\t\t\t\t\t\t<a href=\"https:\/\/legisla.casacivil.go.gov.br\/pesquisa_legislacao\/103201\/lei-20787\" target=\"_blank\">\n\t\t\t\t\t\t\t<img decoding=\"async\" src=\"https:\/\/goias.gov.br\/progoias\/wp-content\/uploads\/sites\/35\/2023\/11\/04-banner-dos-cones-no-tamanho-205x320px.png\" title=\"\" alt=\"\" loading=\"lazy\" \/>\t\t\t\t\t\t\t\t<\/a>\n\t\t\t\t\t\t\t\t\t\t\t\t\t\t\t<\/div>\n\t\t\t\t<\/div>\n\t\t<div class=\"elementor-element elementor-element-51a920a e-con-full e-flex e-con e-child\" data-id=\"51a920a\" data-element_type=\"container\" data-e-type=\"container\" data-settings=\"{&quot;background_background&quot;:&quot;classic&quot;}\">\n\t\t\t\t<div class=\"elementor-element elementor-element-7fc88e1 elementor-widget elementor-widget-text-editor\" data-id=\"7fc88e1\" data-element_type=\"widget\" data-e-type=\"widget\" data-widget_type=\"text-editor.default\">\n\t\t\t\t\t\t\t\t\t<p>O ProGoi\u00e1s oferece cr\u00e9dito outorgado, sem financiamento. Os investimentos previstos no programa devem ser de valor correspondente, no m\u00ednimo, ao percentual de 15% do montante do cr\u00e9dito outorgado previsto no artigo 4\u00ba da Lei 20.787\/20, estimado para os primeiros 36 meses de frui\u00e7\u00e3o do benef\u00edcio. Podem ser benefici\u00e1rios os estabelecimentos que exer\u00e7am atividades industriais no Estado, interessados em realizar investimentos para implanta\u00e7\u00e3o, amplia\u00e7\u00e3o e revitaliza\u00e7\u00e3o de estabelecimento industrial, al\u00e9m dos atuais benefici\u00e1rios dos programas Fomentar, Produzir, \u00a0Micro\u00a0e Progredir.<\/p>\t\t\t\t\t\t\t\t<\/div>\n\t\t\t\t<\/div>\n\t\t\t\t\t<\/div>\n\t\t\t\t<\/div>\n\t\t<div class=\"elementor-element elementor-element-d8a8c38 e-flex e-con-boxed e-con e-parent\" data-id=\"d8a8c38\" data-element_type=\"container\" data-e-type=\"container\">\n\t\t\t\t\t<div class=\"e-con-inner\">\n\t\t\t\t<div class=\"elementor-element elementor-element-f0232a2 elementor-widget elementor-widget-image\" data-id=\"f0232a2\" data-element_type=\"widget\" data-e-type=\"widget\" data-widget_type=\"image.default\">\n\t\t\t\t\t\t\t\t\t\t\t\t\t\t\t<img decoding=\"async\" src=\"https:\/\/goias.gov.br\/progoias\/wp-content\/uploads\/sites\/35\/2023\/11\/banner-6.png\" title=\"\" alt=\"\" loading=\"lazy\" \/>\t\t\t\t\t\t\t\t\t\t\t\t\t\t\t<\/div>\n\t\t\t\t\t<\/div>\n\t\t\t\t<\/div>\n\t\t<div class=\"elementor-element elementor-element-81747bd e-flex e-con-boxed e-con e-parent\" data-id=\"81747bd\" data-element_type=\"container\" data-e-type=\"container\">\n\t\t\t\t\t<div class=\"e-con-inner\">\n\t\t<div class=\"elementor-element elementor-element-a0c04cf e-con-full e-flex e-con e-child\" data-id=\"a0c04cf\" data-element_type=\"container\" data-e-type=\"container\" data-settings=\"{&quot;background_background&quot;:&quot;classic&quot;}\">\n\t\t\t\t<div class=\"elementor-element elementor-element-ca26382 elementor-widget elementor-widget-heading\" data-id=\"ca26382\" data-element_type=\"widget\" data-e-type=\"widget\" data-widget_type=\"heading.default\">\n\t\t\t\t\t<h2 class=\"elementor-heading-title elementor-size-default\">Formas de enquadramento no ProGoi\u00e1s<\/h2>\t\t\t\t<\/div>\n\t\t\t\t<\/div>\n\t\t<div class=\"elementor-element elementor-element-e14e336 e-con-full e-flex e-con e-child\" data-id=\"e14e336\" data-element_type=\"container\" data-e-type=\"container\" data-settings=\"{&quot;background_background&quot;:&quot;classic&quot;}\">\n\t\t\t\t<div class=\"elementor-element elementor-element-5be1657 elementor-widget elementor-widget-image\" data-id=\"5be1657\" data-element_type=\"widget\" data-e-type=\"widget\" data-widget_type=\"image.default\">\n\t\t\t\t\t\t\t\t\t\t\t\t\t\t\t\t<a href=\"\/progoias\/implantacao\/\">\n\t\t\t\t\t\t\t<img decoding=\"async\" src=\"https:\/\/goias.gov.br\/progoias\/wp-content\/uploads\/sites\/35\/2023\/11\/site-progoias-1-o-programa-01-1.png\" title=\"\" alt=\"\" loading=\"lazy\" \/>\t\t\t\t\t\t\t\t<\/a>\n\t\t\t\t\t\t\t\t\t\t\t\t\t\t\t<\/div>\n\t\t\t\t<div class=\"elementor-element elementor-element-4934c66 elementor-widget elementor-widget-image\" data-id=\"4934c66\" data-element_type=\"widget\" data-e-type=\"widget\" data-widget_type=\"image.default\">\n\t\t\t\t\t\t\t\t\t\t\t\t\t\t\t\t<a href=\"\/progoias\/ampliacao\/\">\n\t\t\t\t\t\t\t<img decoding=\"async\" src=\"https:\/\/goias.gov.br\/progoias\/wp-content\/uploads\/sites\/35\/2023\/11\/site-progoias-1-o-programa-02-1.png\" title=\"\" alt=\"\" loading=\"lazy\" \/>\t\t\t\t\t\t\t\t<\/a>\n\t\t\t\t\t\t\t\t\t\t\t\t\t\t\t<\/div>\n\t\t\t\t<div class=\"elementor-element elementor-element-ca1aec3 elementor-widget elementor-widget-image\" data-id=\"ca1aec3\" data-element_type=\"widget\" data-e-type=\"widget\" data-widget_type=\"image.default\">\n\t\t\t\t\t\t\t\t\t\t\t\t\t\t\t\t<a href=\"\/progoias\/revitalizacao\/\">\n\t\t\t\t\t\t\t<img decoding=\"async\" src=\"https:\/\/goias.gov.br\/progoias\/wp-content\/uploads\/sites\/35\/2023\/11\/site-progoias-1-o-programa-03-1.png\" title=\"\" alt=\"\" loading=\"lazy\" \/>\t\t\t\t\t\t\t\t<\/a>\n\t\t\t\t\t\t\t\t\t\t\t\t\t\t\t<\/div>\n\t\t\t\t<div class=\"elementor-element elementor-element-f105cd6 elementor-widget elementor-widget-image\" data-id=\"f105cd6\" data-element_type=\"widget\" data-e-type=\"widget\" data-widget_type=\"image.default\">\n\t\t\t\t\t\t\t\t\t\t\t\t\t\t\t\t<a href=\"\/progoias\/migracao\/\">\n\t\t\t\t\t\t\t<img decoding=\"async\" src=\"https:\/\/goias.gov.br\/progoias\/wp-content\/uploads\/sites\/35\/2023\/11\/site-progoias-1-o-programa-04-1.png\" title=\"\" alt=\"\" loading=\"lazy\" \/>\t\t\t\t\t\t\t\t<\/a>\n\t\t\t\t\t\t\t\t\t\t\t\t\t\t\t<\/div>\n\t\t\t\t<\/div>\n\t\t\t\t\t<\/div>\n\t\t\t\t<\/div>\n\t\t<div class=\"elementor-element elementor-element-ed910f3 e-flex e-con-boxed e-con e-parent\" data-id=\"ed910f3\" data-element_type=\"container\" data-e-type=\"container\">\n\t\t\t\t\t<div class=\"e-con-inner\">\n\t\t\t\t<div class=\"elementor-element elementor-element-96911df elementor-widget elementor-widget-image\" data-id=\"96911df\" data-element_type=\"widget\" data-e-type=\"widget\" data-widget_type=\"image.default\">\n\t\t\t\t\t\t\t\t\t\t\t\t\t\t\t\t<a href=\"https:\/\/www.economia.go.gov.br\/component\/content\/article\/323-receita-estadual\/progoias\/6871-perguntas-e-respostas.html\" target=\"_blank\">\n\t\t\t\t\t\t\t<img decoding=\"async\" src=\"https:\/\/goias.gov.br\/progoias\/wp-content\/uploads\/sites\/35\/2023\/11\/07-banner-da-pgina-clique-aqui-para-solicitar-desktop-1150x400-1.jpg\" title=\"\" alt=\"\" loading=\"lazy\" \/>\t\t\t\t\t\t\t\t<\/a>\n\t\t\t\t\t\t\t\t\t\t\t\t\t\t\t<\/div>\n\t\t\t\t\t<\/div>\n\t\t\t\t<\/div>\n\t\t<div class=\"elementor-element elementor-element-2fbd3dc e-flex e-con-boxed e-con e-parent\" data-id=\"2fbd3dc\" data-element_type=\"container\" data-e-type=\"container\">\n\t\t\t\t\t<div class=\"e-con-inner\">\n\t\t\t\t<div class=\"elementor-element elementor-element-985cd4a elementor-widget elementor-widget-image\" data-id=\"985cd4a\" data-element_type=\"widget\" data-e-type=\"widget\" data-widget_type=\"image.default\">\n\t\t\t\t\t\t\t\t\t\t\t\t\t\t\t\t<a href=\"\/progoias\/perguntas-frequentes\/\" target=\"_blank\">\n\t\t\t\t\t\t\t<img decoding=\"async\" src=\"https:\/\/goias.gov.br\/progoias\/wp-content\/uploads\/sites\/35\/2023\/11\/perguntas2.png\" title=\"\" alt=\"\" loading=\"lazy\" \/>\t\t\t\t\t\t\t\t<\/a>\n\t\t\t\t\t\t\t\t\t\t\t\t\t\t\t<\/div>\n\t\t\t\t\t<\/div>\n\t\t\t\t<\/div>\n\t\t\t\t<\/div>\n\t\t","protected":false},"excerpt":{"rendered":"<p>O que \u00e9 ProGoi\u00e1s? O novo modelo de incentivos fiscais do Governo do Estado, o ProGoi\u00e1s &#8211; Programa de Desenvolvimento Regional, tem como meta desburocratizar a concess\u00e3o de benef\u00edcios fiscais para o setor industrial e garantir seguran\u00e7a jur\u00eddica e impessoalidade. Com validade at\u00e9 2032, o programa substitui o Fomentar e o Produzir e\u00a0oferece redu\u00e7\u00e3o do [&hellip;]<\/p>\n","protected":false},"author":1,"featured_media":0,"parent":0,"menu_order":0,"comment_status":"closed","ping_status":"closed","template":"elementor_header_footer","meta":{"footnotes":""},"class_list":["post-66","page","type-page","status-publish","hentry"],"rttpg_featured_image_url":null,"rttpg_author":{"display_name":"wagner.viana","author_link":"https:\/\/goias.gov.br\/progoias\/author\/wagner-viana\/"},"rttpg_comment":0,"rttpg_category":null,"rttpg_excerpt":"O que \u00e9 ProGoi\u00e1s? O novo modelo de incentivos fiscais do Governo do Estado, o ProGoi\u00e1s &#8211; Programa de Desenvolvimento Regional, tem como meta desburocratizar a concess\u00e3o de benef\u00edcios fiscais para o setor industrial e garantir seguran\u00e7a jur\u00eddica e impessoalidade. Com validade at\u00e9 2032, o programa substitui o Fomentar e o Produzir e\u00a0oferece redu\u00e7\u00e3o do&hellip;","_links":{"self":[{"href":"https:\/\/goias.gov.br\/progoias\/wp-json\/wp\/v2\/pages\/66","targetHints":{"allow":["GET"]}}],"collection":[{"href":"https:\/\/goias.gov.br\/progoias\/wp-json\/wp\/v2\/pages"}],"about":[{"href":"https:\/\/goias.gov.br\/progoias\/wp-json\/wp\/v2\/types\/page"}],"author":[{"embeddable":true,"href":"https:\/\/goias.gov.br\/progoias\/wp-json\/wp\/v2\/users\/1"}],"replies":[{"embeddable":true,"href":"https:\/\/goias.gov.br\/progoias\/wp-json\/wp\/v2\/comments?post=66"}],"version-history":[{"count":2,"href":"https:\/\/goias.gov.br\/progoias\/wp-json\/wp\/v2\/pages\/66\/revisions"}],"predecessor-version":[{"id":200451,"href":"https:\/\/goias.gov.br\/progoias\/wp-json\/wp\/v2\/pages\/66\/revisions\/200451"}],"wp:attachment":[{"href":"https:\/\/goias.gov.br\/progoias\/wp-json\/wp\/v2\/media?parent=66"}],"curies":[{"name":"wp","href":"https:\/\/api.w.org\/{rel}","templated":true}]}}