
{"id":200322,"date":"2023-11-23T14:54:56","date_gmt":"2023-11-23T17:54:56","guid":{"rendered":"https:\/\/siteshom.goias.gov.br\/progoias\/?page_id=200322"},"modified":"2026-03-10T09:04:22","modified_gmt":"2026-03-10T12:04:22","slug":"migracao","status":"publish","type":"page","link":"https:\/\/goias.gov.br\/progoias\/migracao\/","title":{"rendered":"Migra\u00e7\u00e3o"},"content":{"rendered":"\t\t<div data-elementor-type=\"wp-page\" data-elementor-id=\"200322\" class=\"elementor elementor-200322\">\n\t\t\t\t<div class=\"elementor-element elementor-element-81d462c e-flex e-con-boxed e-con e-parent\" data-id=\"81d462c\" data-element_type=\"container\" data-e-type=\"container\">\n\t\t\t\t\t<div class=\"e-con-inner\">\n\t\t\t\t<div class=\"elementor-element elementor-element-3b1eba4 elementor-widget elementor-widget-image\" data-id=\"3b1eba4\" data-element_type=\"widget\" data-e-type=\"widget\" data-widget_type=\"image.default\">\n\t\t\t\t\t\t\t\t\t\t\t\t\t\t\t<img decoding=\"async\" src=\"https:\/\/goias.gov.br\/progoias\/wp-content\/uploads\/sites\/35\/2023\/11\/migrao3.png\" title=\"\" alt=\"\" loading=\"lazy\" \/>\t\t\t\t\t\t\t\t\t\t\t\t\t\t\t<\/div>\n\t\t\t\t<div class=\"elementor-element elementor-element-e92b2be elementor-widget elementor-widget-text-editor\" data-id=\"e92b2be\" data-element_type=\"widget\" data-e-type=\"widget\" data-widget_type=\"text-editor.default\">\n\t\t\t\t\t\t\t\t\t<p style=\"text-align: center;\"><span style=\"font-size: 18pt;\"><strong>MIGRA\u00c7\u00c3O: atuais benefici\u00e1rios do FOMENTAR,<\/strong><\/span><br \/><span style=\"font-size: 18pt;\"><strong>PRODUZIR, MICROPRODUZIR e PROGREDIR.\u00a0<\/strong><\/span><\/p>\t\t\t\t\t\t\t\t<\/div>\n\t\t\t\t\t<\/div>\n\t\t\t\t<\/div>\n\t\t<div class=\"elementor-element elementor-element-563fe81 e-flex e-con-boxed e-con e-parent\" data-id=\"563fe81\" data-element_type=\"container\" data-e-type=\"container\">\n\t\t\t\t\t<div class=\"e-con-inner\">\n\t\t<div class=\"elementor-element elementor-element-2b59de1 e-con-full e-flex e-con e-child\" data-id=\"2b59de1\" data-element_type=\"container\" data-e-type=\"container\" data-settings=\"{&quot;background_background&quot;:&quot;classic&quot;}\">\n\t\t\t\t<div class=\"elementor-element elementor-element-0b53c43 elementor-widget elementor-widget-heading\" data-id=\"0b53c43\" data-element_type=\"widget\" data-e-type=\"widget\" data-widget_type=\"heading.default\">\n\t\t\t\t\t<h2 class=\"elementor-heading-title elementor-size-default\">Investimentos<\/h2>\t\t\t\t<\/div>\n\t\t\t\t<\/div>\n\t\t<div class=\"elementor-element elementor-element-bf1fe44 e-con-full e-flex e-con e-child\" data-id=\"bf1fe44\" data-element_type=\"container\" data-e-type=\"container\">\n\t\t\t\t<div class=\"elementor-element elementor-element-8105fd6 elementor-widget elementor-widget-image\" data-id=\"8105fd6\" data-element_type=\"widget\" data-e-type=\"widget\" data-widget_type=\"image.default\">\n\t\t\t\t\t\t\t\t\t\t\t\t\t\t\t<img decoding=\"async\" src=\"https:\/\/goias.gov.br\/progoias\/wp-content\/uploads\/sites\/35\/2023\/11\/13-banner-investimentos-5-migrao-1150x400-1.jpg\" title=\"\" alt=\"\" loading=\"lazy\" \/>\t\t\t\t\t\t\t\t\t\t\t\t\t\t\t<\/div>\n\t\t\t\t<\/div>\n\t\t\t\t\t<\/div>\n\t\t\t\t<\/div>\n\t\t<div class=\"elementor-element elementor-element-34ffa11 e-flex e-con-boxed e-con e-parent\" data-id=\"34ffa11\" data-element_type=\"container\" data-e-type=\"container\">\n\t\t\t\t\t<div class=\"e-con-inner\">\n\t\t<div class=\"elementor-element elementor-element-23fbcfa e-con-full e-flex e-con e-child\" data-id=\"23fbcfa\" data-element_type=\"container\" data-e-type=\"container\" data-settings=\"{&quot;background_background&quot;:&quot;classic&quot;}\">\n\t\t\t\t<div class=\"elementor-element elementor-element-ec2239f elementor-widget elementor-widget-heading\" data-id=\"ec2239f\" data-element_type=\"widget\" data-e-type=\"widget\" data-widget_type=\"heading.default\">\n\t\t\t\t\t<h2 class=\"elementor-heading-title elementor-size-default\">Cr\u00e9dito Outorgado ProGoi\u00e1s<\/h2>\t\t\t\t<\/div>\n\t\t\t\t<\/div>\n\t\t<div class=\"elementor-element elementor-element-b7218fd e-con-full e-flex e-con e-child\" data-id=\"b7218fd\" data-element_type=\"container\" data-e-type=\"container\">\n\t\t\t\t<div class=\"elementor-element elementor-element-6704cf4 elementor-widget elementor-widget-image\" data-id=\"6704cf4\" data-element_type=\"widget\" data-e-type=\"widget\" data-widget_type=\"image.default\">\n\t\t\t\t\t\t\t\t\t\t\t\t\t\t\t<img decoding=\"async\" src=\"https:\/\/goias.gov.br\/progoias\/wp-content\/uploads\/sites\/35\/2023\/11\/13-banner-investimentos-5-migrao-1150x400-1.jpg\" title=\"\" alt=\"\" loading=\"lazy\" \/>\t\t\t\t\t\t\t\t\t\t\t\t\t\t\t<\/div>\n\t\t\t\t<\/div>\n\t\t\t\t\t<\/div>\n\t\t\t\t<\/div>\n\t\t<div class=\"elementor-element elementor-element-bc816de e-flex e-con-boxed e-con e-parent\" data-id=\"bc816de\" data-element_type=\"container\" data-e-type=\"container\" data-settings=\"{&quot;background_background&quot;:&quot;classic&quot;}\">\n\t\t\t\t\t<div class=\"e-con-inner\">\n\t\t<div class=\"elementor-element elementor-element-c59b001 e-con-full e-flex e-con e-child\" data-id=\"c59b001\" data-element_type=\"container\" data-e-type=\"container\">\n\t\t\t\t<div class=\"elementor-element elementor-element-87e946f elementor-widget elementor-widget-text-editor\" data-id=\"87e946f\" data-element_type=\"widget\" data-e-type=\"widget\" data-widget_type=\"text-editor.default\">\n\t\t\t\t\t\t\t\t\t<p style=\"text-align: center;\"><span style=\"font-size: 14pt;\"><strong><span style=\"color: #ffffff;\">CR\u00c9DITO OUTORGADO de ICMS para o estabelecimento industrial enquadrado no PROGOI\u00c1S, aplic\u00e1vel sobre o valor positivo resultante do confronto entre os d\u00e9bitos e os cr\u00e9ditos do imposto, relacionados \u00e0s opera\u00e7\u00f5es com produtos de industrializa\u00e7\u00e3o pr\u00f3pria incentivadas pelo ProGoi\u00e1s<\/span><\/strong><\/span><\/p>\t\t\t\t\t\t\t\t<\/div>\n\t\t\t\t<div class=\"elementor-element elementor-element-9692529 elementor-widget elementor-widget-heading\" data-id=\"9692529\" data-element_type=\"widget\" data-e-type=\"widget\" data-widget_type=\"heading.default\">\n\t\t\t\t\t<h2 class=\"elementor-heading-title elementor-size-default\">Estabelecimentos Migrantes<\/h2>\t\t\t\t<\/div>\n\t\t<div class=\"elementor-element elementor-element-41000ba e-con-full e-flex e-con e-child\" data-id=\"41000ba\" data-element_type=\"container\" data-e-type=\"container\">\n\t\t<div class=\"elementor-element elementor-element-98da6a2 e-con-full e-flex e-con e-child\" data-id=\"98da6a2\" data-element_type=\"container\" data-e-type=\"container\">\n\t\t\t\t<div class=\"elementor-element elementor-element-4475b1c elementor-widget elementor-widget-text-editor\" data-id=\"4475b1c\" data-element_type=\"widget\" data-e-type=\"widget\" data-widget_type=\"text-editor.default\">\n\t\t\t\t\t\t\t\t\t<p style=\"text-align: center;\"><span style=\"color: #ffffff;\"><strong>67%<br \/>de Cr\u00e9dito<br \/>Outorgado<\/strong><\/span><\/p>\t\t\t\t\t\t\t\t<\/div>\n\t\t\t\t<\/div>\n\t\t<div class=\"elementor-element elementor-element-911dac2 e-con-full e-flex e-con e-child\" data-id=\"911dac2\" data-element_type=\"container\" data-e-type=\"container\">\n\t\t\t\t<div class=\"elementor-element elementor-element-4d98d9f elementor-widget elementor-widget-text-editor\" data-id=\"4d98d9f\" data-element_type=\"widget\" data-e-type=\"widget\" data-widget_type=\"text-editor.default\">\n\t\t\t\t\t\t\t\t\t<ul><li><span style=\"color: #ffffff;\">Estabelecimento localizado em munic\u00edpio priorit\u00e1rio<\/span><\/li><li><span style=\"color: #ffffff;\">Estabelecimento benefici\u00e1rio do MICROPRODUZIR ou do PRODUZIR cuja parcela mensal do financiamento seja, no per\u00edodo de apura\u00e7\u00e3o imediatamente anterior ao enquadramento no PROGOI\u00c1S, de 98% do ICMS a recolher<\/span><\/li><li><span style=\"color: #ffffff;\">Estabelecimento pertencente a empresa cuja receita bruta anual n\u00e3o ultrapasse o limite fixado para efeito de enquadramento no Simples Nacional<\/span><\/li><\/ul>\t\t\t\t\t\t\t\t<\/div>\n\t\t\t\t<\/div>\n\t\t\t\t<\/div>\n\t\t<div class=\"elementor-element elementor-element-684d5ce e-con-full e-flex e-con e-child\" data-id=\"684d5ce\" data-element_type=\"container\" data-e-type=\"container\">\n\t\t\t\t<div class=\"elementor-element elementor-element-ecfc2fa elementor-widget elementor-widget-text-editor\" data-id=\"ecfc2fa\" data-element_type=\"widget\" data-e-type=\"widget\" data-widget_type=\"text-editor.default\">\n\t\t\t\t\t\t\t\t\t<table style=\"width: 100%;\" border=\"1\" cellspacing=\"1\" cellpadding=\"1\"><tbody><tr><td style=\"text-align: center;\"><p><strong><span style=\"color: #ffffff; font-size: 14pt;\">DEMAIS ESTABELECIMENTOS<\/span><\/strong><\/p><table style=\"width: 100%;\" border=\"1\" cellspacing=\"1\" cellpadding=\"1\"><tbody><tr><td><strong><span style=\"color: #ffffff; font-size: 14pt;\">%CR\u00c9DITO OUTORGADO<\/span><\/strong><\/td><td><strong><span style=\"color: #ffffff; font-size: 14pt;\">TEMPO DE FRUI\u00c7\u00c3O<\/span><\/strong><\/td><\/tr><tr><td><strong><span style=\"color: #ffffff; font-size: 14pt;\">64%<\/span><\/strong><\/td><td><strong><span style=\"color: #ffffff; font-size: 14pt;\">At\u00e9 o 12\u00ba m\u00eas<\/span><\/strong><\/td><\/tr><tr><td><strong><span style=\"color: #ffffff; font-size: 14pt;\">65%<\/span><\/strong><\/td><td><strong><span style=\"color: #ffffff; font-size: 14pt;\">Do 13\u00ba ao 24\u00ba m\u00eas<\/span><\/strong><\/td><\/tr><tr><td><strong><span style=\"color: #ffffff; font-size: 14pt;\">66%<\/span><\/strong><\/td><td><strong><span style=\"color: #ffffff; font-size: 14pt;\">A partir do 25\u00ba m\u00eas<\/span><\/strong><\/td><\/tr><\/tbody><\/table><\/td><\/tr><\/tbody><\/table>\t\t\t\t\t\t\t\t<\/div>\n\t\t\t\t<\/div>\n\t\t\t\t<\/div>\n\t\t\t\t\t<\/div>\n\t\t\t\t<\/div>\n\t\t<div class=\"elementor-element elementor-element-a756603 e-flex e-con-boxed e-con e-parent\" data-id=\"a756603\" data-element_type=\"container\" data-e-type=\"container\">\n\t\t\t\t\t<div class=\"e-con-inner\">\n\t\t<div class=\"elementor-element elementor-element-d98b8b8 e-con-full e-flex e-con e-child\" data-id=\"d98b8b8\" data-element_type=\"container\" data-e-type=\"container\" data-settings=\"{&quot;background_background&quot;:&quot;classic&quot;}\">\n\t\t\t\t<div class=\"elementor-element elementor-element-b7c960c elementor-widget elementor-widget-heading\" data-id=\"b7c960c\" data-element_type=\"widget\" data-e-type=\"widget\" data-widget_type=\"heading.default\">\n\t\t\t\t\t<h2 class=\"elementor-heading-title elementor-size-default\">CONTRIBUI\u00c7\u00c3O PARA O PROTEGE GOI\u00c1S \n<\/h2>\t\t\t\t<\/div>\n\t\t\t\t<\/div>\n\t\t<div class=\"elementor-element elementor-element-86bd2d8 e-con-full e-flex e-con e-child\" data-id=\"86bd2d8\" data-element_type=\"container\" data-e-type=\"container\" data-settings=\"{&quot;background_background&quot;:&quot;classic&quot;}\">\n\t\t\t\t<div class=\"elementor-element elementor-element-f1bbc3b elementor-widget elementor-widget-text-editor\" data-id=\"f1bbc3b\" data-element_type=\"widget\" data-e-type=\"widget\" data-widget_type=\"text-editor.default\">\n\t\t\t\t\t\t\t\t\t<table><tbody><tr><td><p style=\"text-align: center;\"><span style=\"font-size: 14pt;\"><strong><span style=\"color: #ffffff;\">NOVOS ESTABELECIMENTOS<\/span><\/strong><\/span><\/p><table class=\" aligncenter\" style=\"width: 100%;\"><tbody><tr><td style=\"width: 46.6667%;\"><span style=\"font-size: 14pt;\"><strong><span style=\"color: #ffffff;\">% PROTEGE<\/span><\/strong><\/span><\/td><td style=\"width: 51.1111%;\"><span style=\"font-size: 14pt;\"><strong><span style=\"color: #ffffff;\">TEMPO DE FRUI\u00c7\u00c3O<\/span><\/strong><\/span><\/td><\/tr><tr><td style=\"width: 46.6667%;\"><span style=\"font-size: 14pt;\"><strong><span style=\"color: #ffffff;\">10%<\/span><\/strong><\/span><\/td><td style=\"width: 51.1111%;\"><span style=\"font-size: 14pt;\"><strong><span style=\"color: #ffffff;\">At\u00e9 o 12\u00ba m\u00eas<\/span><\/strong><\/span><\/td><\/tr><tr><td style=\"width: 46.6667%;\"><span style=\"font-size: 14pt;\"><strong><span style=\"color: #ffffff;\">8%<\/span><\/strong><\/span><\/td><td style=\"width: 51.1111%;\"><span style=\"font-size: 14pt;\"><strong><span style=\"color: #ffffff;\">Do 13\u00ba ao 24\u00ba m\u00eas<\/span><\/strong><\/span><\/td><\/tr><tr><td style=\"width: 46.6667%;\"><span style=\"font-size: 14pt;\"><strong><span style=\"color: #ffffff;\">6%<\/span><\/strong><\/span><\/td><td style=\"width: 51.1111%;\"><span style=\"font-size: 14pt;\"><strong><span style=\"color: #ffffff;\">A partir do 25\u00ba m\u00eas<\/span><\/strong><\/span><\/td><\/tr><tr><td style=\"width: 46.6667%;\"><span style=\"font-size: 14pt;\"><strong><span style=\"color: #ffffff;\">Sem contribui\u00e7\u00e3o<\/span><\/strong><\/span><\/td><td style=\"width: 51.1111%;\"><ul><li style=\"text-align: left;\"><span style=\"font-size: 14pt;\"><strong><span style=\"color: #ffffff;\">Estabelecimento localizado em\u00a0 munic\u00edpio priorit\u00e1rio<\/span><\/strong><\/span><\/li><li style=\"text-align: left;\"><span style=\"font-size: 14pt;\"><strong><span style=\"color: #ffffff;\">Estabelecimento pertencente a empresa cuja receita bruta anual n\u00e3o ultrapasse o limite do Simples Nacional<\/span><\/strong><\/span><\/li><li style=\"text-align: left;\"><span style=\"font-size: 14pt;\"><strong><span style=\"color: #ffffff;\">Migrante do MICROPRODUZIR e PRODUZIR 98% (per\u00edodo de apura\u00e7\u00e3o imediatamente anterior ao enquadramento)<\/span><\/strong><\/span><\/li><\/ul><\/td><\/tr><\/tbody><\/table><\/td><\/tr><\/tbody><\/table>\t\t\t\t\t\t\t\t<\/div>\n\t\t\t\t<\/div>\n\t\t\t\t\t<\/div>\n\t\t\t\t<\/div>\n\t\t<div class=\"elementor-element elementor-element-2784aca e-flex e-con-boxed e-con e-parent\" data-id=\"2784aca\" data-element_type=\"container\" data-e-type=\"container\">\n\t\t\t\t\t<div class=\"e-con-inner\">\n\t\t<div class=\"elementor-element elementor-element-9a7dc3e e-con-full e-flex e-con e-child\" data-id=\"9a7dc3e\" data-element_type=\"container\" data-e-type=\"container\" data-settings=\"{&quot;background_background&quot;:&quot;classic&quot;}\">\n\t\t\t\t<div class=\"elementor-element elementor-element-f22b326 elementor-widget elementor-widget-heading\" data-id=\"f22b326\" data-element_type=\"widget\" data-e-type=\"widget\" data-widget_type=\"heading.default\">\n\t\t\t\t\t<h2 class=\"elementor-heading-title elementor-size-default\">Suspen\u00e7\u00e3o do Termo de Enquadramento no ProGoi\u00e1s<\/h2>\t\t\t\t<\/div>\n\t\t\t\t<\/div>\n\t\t\t\t<div class=\"elementor-element elementor-element-139d291 elementor-widget elementor-widget-image\" data-id=\"139d291\" data-element_type=\"widget\" data-e-type=\"widget\" data-widget_type=\"image.default\">\n\t\t\t\t\t\t\t\t\t\t\t\t\t\t\t<img decoding=\"async\" src=\"https:\/\/goias.gov.br\/progoias\/wp-content\/uploads\/sites\/35\/2023\/11\/14-banner-suspensao-do-termo-de-enquadramento-no-porgois-1150x400-1.jpg\" title=\"\" alt=\"\" loading=\"lazy\" \/>\t\t\t\t\t\t\t\t\t\t\t\t\t\t\t<\/div>\n\t\t\t\t\t<\/div>\n\t\t\t\t<\/div>\n\t\t<div class=\"elementor-element elementor-element-528b5ff e-flex e-con-boxed e-con e-parent\" data-id=\"528b5ff\" data-element_type=\"container\" data-e-type=\"container\">\n\t\t\t\t\t<div class=\"e-con-inner\">\n\t\t<div class=\"elementor-element elementor-element-dd3edbc e-con-full e-flex e-con e-child\" data-id=\"dd3edbc\" data-element_type=\"container\" data-e-type=\"container\" data-settings=\"{&quot;background_background&quot;:&quot;classic&quot;}\">\n\t\t\t\t<div class=\"elementor-element elementor-element-35dbd59 elementor-widget elementor-widget-heading\" data-id=\"35dbd59\" data-element_type=\"widget\" data-e-type=\"widget\" data-widget_type=\"heading.default\">\n\t\t\t\t\t<h2 class=\"elementor-heading-title elementor-size-default\">Revoga\u00e7\u00e3o do Termo de Enquadramento no ProGoi\u00e1s<\/h2>\t\t\t\t<\/div>\n\t\t\t\t<\/div>\n\t\t\t\t<div class=\"elementor-element elementor-element-702051a elementor-widget elementor-widget-image\" data-id=\"702051a\" data-element_type=\"widget\" data-e-type=\"widget\" data-widget_type=\"image.default\">\n\t\t\t\t\t\t\t\t\t\t\t\t\t\t\t<img decoding=\"async\" src=\"https:\/\/goias.gov.br\/progoias\/wp-content\/uploads\/sites\/35\/2023\/11\/15-banner-revogacao-do-termo-de-enquadramento-no-progoias-1150x695-1.jpg\" title=\"\" alt=\"\" loading=\"lazy\" \/>\t\t\t\t\t\t\t\t\t\t\t\t\t\t\t<\/div>\n\t\t\t\t\t<\/div>\n\t\t\t\t<\/div>\n\t\t<div class=\"elementor-element elementor-element-5519fcb e-flex e-con-boxed e-con e-parent\" data-id=\"5519fcb\" data-element_type=\"container\" data-e-type=\"container\">\n\t\t\t\t\t<div class=\"e-con-inner\">\n\t\t\t\t<div class=\"elementor-element elementor-element-a64a281 elementor-widget elementor-widget-image\" data-id=\"a64a281\" data-element_type=\"widget\" data-e-type=\"widget\" data-widget_type=\"image.default\">\n\t\t\t\t\t\t\t\t\t\t\t\t\t\t\t\t<a href=\"\/progoias\/perguntas-frequentes\/\">\n\t\t\t\t\t\t\t<img decoding=\"async\" src=\"https:\/\/goias.gov.br\/progoias\/wp-content\/uploads\/sites\/35\/2023\/11\/perguntas2.png\" title=\"\" alt=\"\" loading=\"lazy\" \/>\t\t\t\t\t\t\t\t<\/a>\n\t\t\t\t\t\t\t\t\t\t\t\t\t\t\t<\/div>\n\t\t\t\t\t<\/div>\n\t\t\t\t<\/div>\n\t\t\t\t<\/div>\n\t\t","protected":false},"excerpt":{"rendered":"<p>MIGRA\u00c7\u00c3O: atuais benefici\u00e1rios do FOMENTAR,PRODUZIR, MICROPRODUZIR e PROGREDIR.\u00a0 Investimentos Cr\u00e9dito Outorgado ProGoi\u00e1s CR\u00c9DITO OUTORGADO de ICMS para o estabelecimento industrial enquadrado no PROGOI\u00c1S, aplic\u00e1vel sobre o valor positivo resultante do confronto entre os d\u00e9bitos e os cr\u00e9ditos do imposto, relacionados \u00e0s opera\u00e7\u00f5es com produtos de industrializa\u00e7\u00e3o pr\u00f3pria incentivadas pelo ProGoi\u00e1s Estabelecimentos Migrantes 67%de Cr\u00e9ditoOutorgado Estabelecimento [&hellip;]<\/p>\n","protected":false},"author":1,"featured_media":0,"parent":0,"menu_order":0,"comment_status":"closed","ping_status":"closed","template":"elementor_header_footer","meta":{"footnotes":""},"class_list":["post-200322","page","type-page","status-publish","hentry"],"rttpg_featured_image_url":null,"rttpg_author":{"display_name":"wagner.viana","author_link":"https:\/\/goias.gov.br\/progoias\/author\/wagner-viana\/"},"rttpg_comment":0,"rttpg_category":null,"rttpg_excerpt":"MIGRA\u00c7\u00c3O: atuais benefici\u00e1rios do FOMENTAR,PRODUZIR, MICROPRODUZIR e PROGREDIR.\u00a0 Investimentos Cr\u00e9dito Outorgado ProGoi\u00e1s CR\u00c9DITO OUTORGADO de ICMS para o estabelecimento industrial enquadrado no PROGOI\u00c1S, aplic\u00e1vel sobre o valor positivo resultante do confronto entre os d\u00e9bitos e os cr\u00e9ditos do imposto, relacionados \u00e0s opera\u00e7\u00f5es com produtos de industrializa\u00e7\u00e3o pr\u00f3pria incentivadas pelo ProGoi\u00e1s Estabelecimentos Migrantes 67%de Cr\u00e9ditoOutorgado Estabelecimento&hellip;","_links":{"self":[{"href":"https:\/\/goias.gov.br\/progoias\/wp-json\/wp\/v2\/pages\/200322","targetHints":{"allow":["GET"]}}],"collection":[{"href":"https:\/\/goias.gov.br\/progoias\/wp-json\/wp\/v2\/pages"}],"about":[{"href":"https:\/\/goias.gov.br\/progoias\/wp-json\/wp\/v2\/types\/page"}],"author":[{"embeddable":true,"href":"https:\/\/goias.gov.br\/progoias\/wp-json\/wp\/v2\/users\/1"}],"replies":[{"embeddable":true,"href":"https:\/\/goias.gov.br\/progoias\/wp-json\/wp\/v2\/comments?post=200322"}],"version-history":[{"count":2,"href":"https:\/\/goias.gov.br\/progoias\/wp-json\/wp\/v2\/pages\/200322\/revisions"}],"predecessor-version":[{"id":200463,"href":"https:\/\/goias.gov.br\/progoias\/wp-json\/wp\/v2\/pages\/200322\/revisions\/200463"}],"wp:attachment":[{"href":"https:\/\/goias.gov.br\/progoias\/wp-json\/wp\/v2\/media?parent=200322"}],"curies":[{"name":"wp","href":"https:\/\/api.w.org\/{rel}","templated":true}]}}